{"id":97451,"date":"2021-01-04T13:53:17","date_gmt":"2021-01-04T12:53:17","guid":{"rendered":"https:\/\/faktumonline.com\/product\/cerniere-per-collegare-due-ante-ad-angolo-a-90\/"},"modified":"2021-01-04T13:53:17","modified_gmt":"2021-01-04T12:53:17","slug":"cerniere-per-collegare-due-ante-ad-angolo-a-90","status":"publish","type":"product","link":"https:\/\/faktumonline.com\/it\/prodotto\/cerniere-per-collegare-due-ante-ad-angolo-a-90\/","title":{"rendered":"Cerniere per collegare due ante ad angolo a 90\u00b0"},"content":{"rendered":"","protected":false},"excerpt":{"rendered":"<p>Questa \u00e8 una cerniera per una cucina IKEA Faktum\/Rationell che collega le due ante angulare tra loro. Tipicamente 2 ante 30&#215;70 (A + B) montate su un mobile ad angolo con base a 90\u00b0. Venduti uno ad uno come pezzo di ricambio. Molto spesso sono necessarie 2 cerniere in totale.<\/p>\n<p>Utilizzare <strong>Cerniera con angolo di apertura extra ampio di 155\u00b0<\/strong> per collegare la prima porta (la 30&#215;70 A) all&#8217;armadio.<\/p>\n<p>\u00c8 necessaria una piastra di montaggio per cerniera. Una piastra di montaggio \u00e8 la parte montata sull&#8217;altra porta e alla quale \u00e8 collegata la cerniera Bi-fold. Se ne hai uno prima, puoi riutilizzarlo. In caso contrario, seleziona la casella sottostante per aggiungerne una per cerniera al carrello.<\/p>\n","protected":false},"featured_media":50530,"template":"","meta":[],"product_brand":[],"product_cat":[1535],"product_tag":[],"class_list":{"0":"post-97451","1":"product","2":"type-product","3":"status-publish","4":"has-post-thumbnail","6":"product_cat-cerniere-faktum-per-usi-speciali","7":"product_shipping_class-spedizione-e-gestione","8":"sales-flash-overlay","9":"woocommerce-text-align-center","10":"woocommerce-image-align-center","11":"wc-has-gallery","13":"first","14":"instock","15":"taxable","16":"shipping-taxable","17":"purchasable","18":"product-type-simple"},"exclude_global_add_ons":true,"addons":[{"name":"Accessorio","type":"checkbox","position":0,"required":false,"title_format":"hide","default":"","description_enable":false,"description":"","placeholder_enable":false,"placeholder":"","display":"select","restrictions_type":"any_text","adjust_price":false,"price":"","price_type":"flat_fee","restrictions":false,"min":"0","max":"0","options":[{"label":"Base di montaggio per cerniere","price":"4.50","price_type":"quantity_based","image":0}],"id":1669049298}],"yoast_head":"<!-- This site is optimized with the Yoast SEO Premium plugin v27.4 (Yoast SEO v27.4) - https:\/\/yoast.com\/product\/yoast-seo-premium-wordpress\/ -->\n<title>Cerniera per porta bifold di collegamento per un mobile ad angolo IKEA Faktum e IKEA Rational<\/title>\n<meta name=\"description\" content=\"Cerniera per porta bifold di collegamento per un mobile ad angolo IKEA Faktum e IKEA Rational\" \/>\n<meta name=\"robots\" content=\"index, follow, max-snippet:-1, max-image-preview:large, max-video-preview:-1\" \/>\n<link rel=\"canonical\" href=\"https:\/\/faktumonline.com\/it\/prodotto\/cerniere-per-collegare-due-ante-ad-angolo-a-90\/\" \/>\n<meta property=\"og:locale\" content=\"it_IT\" \/>\n<meta property=\"og:type\" content=\"article\" \/>\n<meta property=\"og:title\" content=\"Cerniere per collegare due ante ad angolo a 90\u00b0\" \/>\n<meta property=\"og:description\" content=\"Cerniera per porta bifold di collegamento per un mobile ad angolo IKEA Faktum e IKEA Rational\" \/>\n<meta property=\"og:url\" content=\"https:\/\/faktumonline.com\/it\/prodotto\/cerniere-per-collegare-due-ante-ad-angolo-a-90\/\" \/>\n<meta property=\"og:site_name\" content=\"Faktum Online Store\" \/>\n<meta property=\"og:image\" content=\"https:\/\/faktumonline.com\/wp-content\/uploads\/2021\/01\/Ho\u0308rnga\u030angja\u0308rn-90\u00b0-fo\u0308r-do\u0308rrar-30x70-IKEA-Faktum.jpg\" \/>\n\t<meta property=\"og:image:width\" content=\"1758\" \/>\n\t<meta property=\"og:image:height\" content=\"989\" \/>\n\t<meta property=\"og:image:type\" content=\"image\/jpeg\" \/>\n<meta name=\"twitter:card\" content=\"summary_large_image\" \/>\n<script type=\"application\/ld+json\" class=\"yoast-schema-graph\">{\"@context\":\"https:\\\/\\\/schema.org\",\"@graph\":[{\"@type\":\"WebPage\",\"@id\":\"https:\\\/\\\/faktumonline.com\\\/it\\\/prodotto\\\/cerniere-per-collegare-due-ante-ad-angolo-a-90\\\/\",\"url\":\"https:\\\/\\\/faktumonline.com\\\/it\\\/prodotto\\\/cerniere-per-collegare-due-ante-ad-angolo-a-90\\\/\",\"name\":\"Cerniera per porta bifold di collegamento per un mobile ad angolo IKEA Faktum e IKEA Rational\",\"isPartOf\":{\"@id\":\"https:\\\/\\\/faktumonline.com\\\/da\\\/#website\"},\"primaryImageOfPage\":{\"@id\":\"https:\\\/\\\/faktumonline.com\\\/it\\\/prodotto\\\/cerniere-per-collegare-due-ante-ad-angolo-a-90\\\/#primaryimage\"},\"image\":{\"@id\":\"https:\\\/\\\/faktumonline.com\\\/it\\\/prodotto\\\/cerniere-per-collegare-due-ante-ad-angolo-a-90\\\/#primaryimage\"},\"thumbnailUrl\":\"https:\\\/\\\/faktumonline.com\\\/wp-content\\\/uploads\\\/2021\\\/01\\\/Ho\u0308rnga\u030angja\u0308rn-90\u00b0-fo\u0308r-do\u0308rrar-30x70-IKEA-Faktum.jpg\",\"datePublished\":\"2021-01-04T12:53:17+00:00\",\"description\":\"Cerniera per porta bifold di collegamento per un mobile ad angolo IKEA Faktum e IKEA Rational\",\"breadcrumb\":{\"@id\":\"https:\\\/\\\/faktumonline.com\\\/it\\\/prodotto\\\/cerniere-per-collegare-due-ante-ad-angolo-a-90\\\/#breadcrumb\"},\"inLanguage\":\"it-IT\",\"potentialAction\":[{\"@type\":\"ReadAction\",\"target\":[\"https:\\\/\\\/faktumonline.com\\\/it\\\/prodotto\\\/cerniere-per-collegare-due-ante-ad-angolo-a-90\\\/\"]}]},{\"@type\":\"ImageObject\",\"inLanguage\":\"it-IT\",\"@id\":\"https:\\\/\\\/faktumonline.com\\\/it\\\/prodotto\\\/cerniere-per-collegare-due-ante-ad-angolo-a-90\\\/#primaryimage\",\"url\":\"https:\\\/\\\/faktumonline.com\\\/wp-content\\\/uploads\\\/2021\\\/01\\\/Ho\u0308rnga\u030angja\u0308rn-90\u00b0-fo\u0308r-do\u0308rrar-30x70-IKEA-Faktum.jpg\",\"contentUrl\":\"https:\\\/\\\/faktumonline.com\\\/wp-content\\\/uploads\\\/2021\\\/01\\\/Ho\u0308rnga\u030angja\u0308rn-90\u00b0-fo\u0308r-do\u0308rrar-30x70-IKEA-Faktum.jpg\",\"width\":1758,\"height\":989,\"caption\":\"Hinges for an IKEA Faktum base corner cabinet + bifold doors.\"},{\"@type\":\"BreadcrumbList\",\"@id\":\"https:\\\/\\\/faktumonline.com\\\/it\\\/prodotto\\\/cerniere-per-collegare-due-ante-ad-angolo-a-90\\\/#breadcrumb\",\"itemListElement\":[{\"@type\":\"ListItem\",\"position\":1,\"name\":\"Hem\",\"item\":\"https:\\\/\\\/faktumonline.com\\\/it\\\/\"},{\"@type\":\"ListItem\",\"position\":2,\"name\":\"Webshop\",\"item\":\"https:\\\/\\\/faktumonline.com\\\/it\\\/webshop\\\/\"},{\"@type\":\"ListItem\",\"position\":3,\"name\":\"Cerniere per collegare due ante ad angolo a 90\u00b0\"}]},{\"@type\":\"WebSite\",\"@id\":\"https:\\\/\\\/faktumonline.com\\\/da\\\/#website\",\"url\":\"https:\\\/\\\/faktumonline.com\\\/da\\\/\",\"name\":\"Faktum Online Store\",\"description\":\"Premium doors for IKEA kitchens\",\"potentialAction\":[{\"@type\":\"SearchAction\",\"target\":{\"@type\":\"EntryPoint\",\"urlTemplate\":\"https:\\\/\\\/faktumonline.com\\\/da\\\/?s={search_term_string}\"},\"query-input\":{\"@type\":\"PropertyValueSpecification\",\"valueRequired\":true,\"valueName\":\"search_term_string\"}}],\"inLanguage\":\"it-IT\"}]}<\/script>\n<!-- \/ Yoast SEO Premium plugin. -->","yoast_head_json":{"title":"Cerniera per porta bifold di collegamento per un mobile ad angolo IKEA Faktum e IKEA Rational","description":"Cerniera per porta bifold di collegamento per un mobile ad angolo IKEA Faktum e IKEA Rational","robots":{"index":"index","follow":"follow","max-snippet":"max-snippet:-1","max-image-preview":"max-image-preview:large","max-video-preview":"max-video-preview:-1"},"canonical":"https:\/\/faktumonline.com\/it\/prodotto\/cerniere-per-collegare-due-ante-ad-angolo-a-90\/","og_locale":"it_IT","og_type":"article","og_title":"Cerniere per collegare due ante ad angolo a 90\u00b0","og_description":"Cerniera per porta bifold di collegamento per un mobile ad angolo IKEA Faktum e IKEA Rational","og_url":"https:\/\/faktumonline.com\/it\/prodotto\/cerniere-per-collegare-due-ante-ad-angolo-a-90\/","og_site_name":"Faktum Online Store","og_image":[{"width":1758,"height":989,"url":"https:\/\/faktumonline.com\/wp-content\/uploads\/2021\/01\/Ho\u0308rnga\u030angja\u0308rn-90\u00b0-fo\u0308r-do\u0308rrar-30x70-IKEA-Faktum.jpg","type":"image\/jpeg"}],"twitter_card":"summary_large_image","schema":{"@context":"https:\/\/schema.org","@graph":[{"@type":"WebPage","@id":"https:\/\/faktumonline.com\/it\/prodotto\/cerniere-per-collegare-due-ante-ad-angolo-a-90\/","url":"https:\/\/faktumonline.com\/it\/prodotto\/cerniere-per-collegare-due-ante-ad-angolo-a-90\/","name":"Cerniera per porta bifold di collegamento per un mobile ad angolo IKEA Faktum e IKEA Rational","isPartOf":{"@id":"https:\/\/faktumonline.com\/da\/#website"},"primaryImageOfPage":{"@id":"https:\/\/faktumonline.com\/it\/prodotto\/cerniere-per-collegare-due-ante-ad-angolo-a-90\/#primaryimage"},"image":{"@id":"https:\/\/faktumonline.com\/it\/prodotto\/cerniere-per-collegare-due-ante-ad-angolo-a-90\/#primaryimage"},"thumbnailUrl":"https:\/\/faktumonline.com\/wp-content\/uploads\/2021\/01\/Ho\u0308rnga\u030angja\u0308rn-90\u00b0-fo\u0308r-do\u0308rrar-30x70-IKEA-Faktum.jpg","datePublished":"2021-01-04T12:53:17+00:00","description":"Cerniera per porta bifold di collegamento per un mobile ad angolo IKEA Faktum e IKEA Rational","breadcrumb":{"@id":"https:\/\/faktumonline.com\/it\/prodotto\/cerniere-per-collegare-due-ante-ad-angolo-a-90\/#breadcrumb"},"inLanguage":"it-IT","potentialAction":[{"@type":"ReadAction","target":["https:\/\/faktumonline.com\/it\/prodotto\/cerniere-per-collegare-due-ante-ad-angolo-a-90\/"]}]},{"@type":"ImageObject","inLanguage":"it-IT","@id":"https:\/\/faktumonline.com\/it\/prodotto\/cerniere-per-collegare-due-ante-ad-angolo-a-90\/#primaryimage","url":"https:\/\/faktumonline.com\/wp-content\/uploads\/2021\/01\/Ho\u0308rnga\u030angja\u0308rn-90\u00b0-fo\u0308r-do\u0308rrar-30x70-IKEA-Faktum.jpg","contentUrl":"https:\/\/faktumonline.com\/wp-content\/uploads\/2021\/01\/Ho\u0308rnga\u030angja\u0308rn-90\u00b0-fo\u0308r-do\u0308rrar-30x70-IKEA-Faktum.jpg","width":1758,"height":989,"caption":"Hinges for an IKEA Faktum base corner cabinet + bifold doors."},{"@type":"BreadcrumbList","@id":"https:\/\/faktumonline.com\/it\/prodotto\/cerniere-per-collegare-due-ante-ad-angolo-a-90\/#breadcrumb","itemListElement":[{"@type":"ListItem","position":1,"name":"Hem","item":"https:\/\/faktumonline.com\/it\/"},{"@type":"ListItem","position":2,"name":"Webshop","item":"https:\/\/faktumonline.com\/it\/webshop\/"},{"@type":"ListItem","position":3,"name":"Cerniere per collegare due ante ad angolo a 90\u00b0"}]},{"@type":"WebSite","@id":"https:\/\/faktumonline.com\/da\/#website","url":"https:\/\/faktumonline.com\/da\/","name":"Faktum Online Store","description":"Premium doors for IKEA kitchens","potentialAction":[{"@type":"SearchAction","target":{"@type":"EntryPoint","urlTemplate":"https:\/\/faktumonline.com\/da\/?s={search_term_string}"},"query-input":{"@type":"PropertyValueSpecification","valueRequired":true,"valueName":"search_term_string"}}],"inLanguage":"it-IT"}]}},"_links":{"self":[{"href":"https:\/\/faktumonline.com\/it\/wp-json\/wp\/v2\/product\/97451","targetHints":{"allow":["GET"]}}],"collection":[{"href":"https:\/\/faktumonline.com\/it\/wp-json\/wp\/v2\/product"}],"about":[{"href":"https:\/\/faktumonline.com\/it\/wp-json\/wp\/v2\/types\/product"}],"version-history":[{"count":0,"href":"https:\/\/faktumonline.com\/it\/wp-json\/wp\/v2\/product\/97451\/revisions"}],"wp:featuredmedia":[{"embeddable":true,"href":"https:\/\/faktumonline.com\/it\/wp-json\/wp\/v2\/media\/50530"}],"wp:attachment":[{"href":"https:\/\/faktumonline.com\/it\/wp-json\/wp\/v2\/media?parent=97451"}],"wp:term":[{"taxonomy":"product_brand","embeddable":true,"href":"https:\/\/faktumonline.com\/it\/wp-json\/wp\/v2\/product_brand?post=97451"},{"taxonomy":"product_cat","embeddable":true,"href":"https:\/\/faktumonline.com\/it\/wp-json\/wp\/v2\/product_cat?post=97451"},{"taxonomy":"product_tag","embeddable":true,"href":"https:\/\/faktumonline.com\/it\/wp-json\/wp\/v2\/product_tag?post=97451"}],"curies":[{"name":"wp","href":"https:\/\/api.w.org\/{rel}","templated":true}]}}