{"id":95087,"date":"2023-08-19T12:23:19","date_gmt":"2023-08-19T11:23:20","guid":{"rendered":"https:\/\/faktumonline.com\/?post_type=product&#038;p=95087"},"modified":"2024-01-29T11:45:08","modified_gmt":"2024-01-29T10:45:08","slug":"set-di-10-cerniere-softclose-selfclose","status":"publish","type":"product","link":"https:\/\/faktumonline.com\/it\/prodotto\/set-di-10-cerniere-softclose-selfclose\/","title":{"rendered":"Set di cerniere (SoftClose + SelfClose), Multipack"},"content":{"rendered":"<p>SoftClose + SelfClose<\/p>\n","protected":false},"excerpt":{"rendered":"<p>Questo \u00e8 Multipack, un set di cerniere per una cucina IKEA Faktum \/ Rationell con tecnologia integrata SoftClose + SelfClose. Quantit\u00e0 minima di ordine \u00e8 10 pz.<\/p>\n<p><strong>SelfClose:<\/strong> basta dare alla porta una piccola spinta con il gomito o il ginocchio e la porta si porter\u00e0 automaticamente nella posizione di chiusura. Perfetto se hai le mani gi\u00e0 occupate o se hai le dita un po\u2019 sporche a causa della cucina.<\/p>\n<p><strong>SoftClose:<\/strong> la cerniera rallenta il processo di chiusura negli ultimi centimetri finch\u00e9 la porta non si ferma completamente e silenziosamente. Amerai questa funzionalit\u00e0 ogni volta. Soprattutto se hai bambini o adolescenti in giro. O se desideri semplicemente regalarti un\u2019esperienza premium.<\/p>\n<p>La tecnologia softclosing e selfclosing \u00e8 integrata nella cerniera stessa e non occuper\u00e0 spazio aggiuntivo all\u2019interno del tuo armadio. Per funzionare correttamente TUTTE le cerniere della stessa porta devono essere con SoftClose + SelfClose.<\/p>\n","protected":false},"featured_media":95095,"template":"","meta":[],"product_brand":[],"product_cat":[600],"product_tag":[],"class_list":{"0":"post-95087","1":"product","2":"type-product","3":"status-publish","4":"has-post-thumbnail","6":"product_cat-cerniere-per-ikea-faktum","7":"product_shipping_class-spedizione-e-gestione","8":"sales-flash-overlay","9":"woocommerce-text-align-center","10":"woocommerce-image-align-center","12":"first","13":"instock","14":"sale","15":"taxable","16":"shipping-taxable","17":"purchasable","18":"product-type-simple"},"exclude_global_add_ons":true,"addons":[{"name":"Accessori","type":"checkbox","position":0,"required":false,"title_format":"label","default":"","description_enable":true,"description":"Se stai aggiornando le cerniere esistenti, forse sarai in grado di riutilizzare le base di montaggio esistenti. Una basa di montaggio \u00e8 la parte montata all'interno del mobile e alla quale \u00e8 fissata la cerniera. In caso di dubbi o se le cerniere e le base di montaggio esistenti sono precedenti al 2008, ti suggeriamo di acquistare anche nuove base di montaggio. Seleziona la casella sottostante per aggiungere al carrello la stessa quantit\u00e0 di base di montaggio pari alla quantit\u00e0 di nuove cerniere da questa finestra di dialogo.","placeholder_enable":false,"placeholder":"","display":"select","restrictions_type":"any_text","adjust_price":false,"price":"","price_type":"flat_fee","restrictions":false,"min":"0","max":"0","options":[{"label":"Base di montaggio per le cerniere","price":"4.50","price_type":"quantity_based","image":0}],"id":1706528709}],"yoast_head":"<!-- This site is optimized with the Yoast SEO Premium plugin v27.0 (Yoast SEO v27.0) - https:\/\/yoast.com\/product\/yoast-seo-premium-wordpress\/ -->\n<title>Set di cerniere per cucine IKEA Faktum con chiusura ammortizzata, Multipack<\/title>\n<meta name=\"robots\" content=\"index, follow, max-snippet:-1, max-image-preview:large, max-video-preview:-1\" \/>\n<link rel=\"canonical\" href=\"https:\/\/faktumonline.com\/it\/prodotto\/set-di-10-cerniere-softclose-selfclose\/\" \/>\n<meta property=\"og:locale\" content=\"it_IT\" \/>\n<meta property=\"og:type\" content=\"article\" \/>\n<meta property=\"og:title\" content=\"Set di cerniere (SoftClose + SelfClose), Multipack\" \/>\n<meta property=\"og:description\" content=\"Questo \u00e8 Multipack, un set di cerniere per una cucina IKEA Faktum \/ Rationell con tecnologia integrata SoftClose + SelfClose. Quantit\u00e0 minima di ordine \u00e8 10 pz.  SelfClose: basta dare alla porta una piccola spinta con il gomito o il ginocchio e la porta si porter\u00e0 automaticamente nella posizione di chiusura. Perfetto se hai le mani gi\u00e0 occupate o se hai le dita un po\u2019 sporche a causa della cucina.  SoftClose: la cerniera rallenta il processo di chiusura negli ultimi centimetri finch\u00e9 la porta non si ferma completamente e silenziosamente. Amerai questa funzionalit\u00e0 ogni volta. Soprattutto se hai bambini o adolescenti in giro. O se desideri semplicemente regalarti un\u2019esperienza premium.  La tecnologia softclosing e selfclosing \u00e8 integrata nella cerniera stessa e non occuper\u00e0 spazio aggiuntivo all\u2019interno del tuo armadio. Per funzionare correttamente TUTTE le cerniere della stessa porta devono essere con SoftClose + SelfClose.\" \/>\n<meta property=\"og:url\" content=\"https:\/\/faktumonline.com\/it\/prodotto\/set-di-10-cerniere-softclose-selfclose\/\" \/>\n<meta property=\"og:site_name\" content=\"Faktum Online Store\" \/>\n<meta property=\"article:modified_time\" content=\"2024-01-29T10:45:08+00:00\" \/>\n<meta property=\"og:image\" content=\"https:\/\/faktumonline.com\/wp-content\/uploads\/2023\/08\/Faktum-hinge-10x.jpg\" \/>\n\t<meta property=\"og:image:width\" content=\"1162\" \/>\n\t<meta property=\"og:image:height\" content=\"676\" \/>\n\t<meta property=\"og:image:type\" content=\"image\/jpeg\" \/>\n<meta name=\"twitter:card\" content=\"summary_large_image\" \/>\n<meta name=\"twitter:label1\" content=\"Tempo di lettura stimato\" \/>\n\t<meta name=\"twitter:data1\" content=\"1 minuto\" \/>\n<script type=\"application\/ld+json\" class=\"yoast-schema-graph\">{\"@context\":\"https:\/\/schema.org\",\"@graph\":[{\"@type\":\"WebPage\",\"@id\":\"https:\/\/faktumonline.com\/it\/prodotto\/set-di-10-cerniere-softclose-selfclose\/\",\"url\":\"https:\/\/faktumonline.com\/it\/prodotto\/set-di-10-cerniere-softclose-selfclose\/\",\"name\":\"Set di cerniere per cucine IKEA Faktum con chiusura ammortizzata, Multipack\",\"isPartOf\":{\"@id\":\"https:\/\/faktumonline.com\/da\/#website\"},\"primaryImageOfPage\":{\"@id\":\"https:\/\/faktumonline.com\/it\/prodotto\/set-di-10-cerniere-softclose-selfclose\/#primaryimage\"},\"image\":{\"@id\":\"https:\/\/faktumonline.com\/it\/prodotto\/set-di-10-cerniere-softclose-selfclose\/#primaryimage\"},\"thumbnailUrl\":\"https:\/\/faktumonline.com\/wp-content\/uploads\/2023\/08\/Faktum-hinge-10x.webp\",\"datePublished\":\"2023-08-19T11:23:20+00:00\",\"dateModified\":\"2024-01-29T10:45:08+00:00\",\"breadcrumb\":{\"@id\":\"https:\/\/faktumonline.com\/it\/prodotto\/set-di-10-cerniere-softclose-selfclose\/#breadcrumb\"},\"inLanguage\":\"it-IT\",\"potentialAction\":[{\"@type\":\"ReadAction\",\"target\":[\"https:\/\/faktumonline.com\/it\/prodotto\/set-di-10-cerniere-softclose-selfclose\/\"]}]},{\"@type\":\"ImageObject\",\"inLanguage\":\"it-IT\",\"@id\":\"https:\/\/faktumonline.com\/it\/prodotto\/set-di-10-cerniere-softclose-selfclose\/#primaryimage\",\"url\":\"https:\/\/faktumonline.com\/wp-content\/uploads\/2023\/08\/Faktum-hinge-10x.webp\",\"contentUrl\":\"https:\/\/faktumonline.com\/wp-content\/uploads\/2023\/08\/Faktum-hinge-10x.webp\",\"width\":1162,\"height\":676},{\"@type\":\"BreadcrumbList\",\"@id\":\"https:\/\/faktumonline.com\/it\/prodotto\/set-di-10-cerniere-softclose-selfclose\/#breadcrumb\",\"itemListElement\":[{\"@type\":\"ListItem\",\"position\":1,\"name\":\"Hem\",\"item\":\"https:\/\/faktumonline.com\/it\/\"},{\"@type\":\"ListItem\",\"position\":2,\"name\":\"Webshop\",\"item\":\"https:\/\/faktumonline.com\/it\/webshop\/\"},{\"@type\":\"ListItem\",\"position\":3,\"name\":\"Set di cerniere (SoftClose + SelfClose), Multipack\"}]},{\"@type\":\"WebSite\",\"@id\":\"https:\/\/faktumonline.com\/da\/#website\",\"url\":\"https:\/\/faktumonline.com\/da\/\",\"name\":\"Faktum Online Store\",\"description\":\"Premium doors for IKEA kitchens\",\"potentialAction\":[{\"@type\":\"SearchAction\",\"target\":{\"@type\":\"EntryPoint\",\"urlTemplate\":\"https:\/\/faktumonline.com\/da\/?s={search_term_string}\"},\"query-input\":{\"@type\":\"PropertyValueSpecification\",\"valueRequired\":true,\"valueName\":\"search_term_string\"}}],\"inLanguage\":\"it-IT\"}]}<\/script>\n<!-- \/ Yoast SEO Premium plugin. -->","yoast_head_json":{"title":"Set di cerniere per cucine IKEA Faktum con chiusura ammortizzata, Multipack","robots":{"index":"index","follow":"follow","max-snippet":"max-snippet:-1","max-image-preview":"max-image-preview:large","max-video-preview":"max-video-preview:-1"},"canonical":"https:\/\/faktumonline.com\/it\/prodotto\/set-di-10-cerniere-softclose-selfclose\/","og_locale":"it_IT","og_type":"article","og_title":"Set di cerniere (SoftClose + SelfClose), Multipack","og_description":"Questo \u00e8 Multipack, un set di cerniere per una cucina IKEA Faktum \/ Rationell con tecnologia integrata SoftClose + SelfClose. Quantit\u00e0 minima di ordine \u00e8 10 pz.  SelfClose: basta dare alla porta una piccola spinta con il gomito o il ginocchio e la porta si porter\u00e0 automaticamente nella posizione di chiusura. Perfetto se hai le mani gi\u00e0 occupate o se hai le dita un po\u2019 sporche a causa della cucina.  SoftClose: la cerniera rallenta il processo di chiusura negli ultimi centimetri finch\u00e9 la porta non si ferma completamente e silenziosamente. Amerai questa funzionalit\u00e0 ogni volta. Soprattutto se hai bambini o adolescenti in giro. O se desideri semplicemente regalarti un\u2019esperienza premium.  La tecnologia softclosing e selfclosing \u00e8 integrata nella cerniera stessa e non occuper\u00e0 spazio aggiuntivo all\u2019interno del tuo armadio. Per funzionare correttamente TUTTE le cerniere della stessa porta devono essere con SoftClose + SelfClose.","og_url":"https:\/\/faktumonline.com\/it\/prodotto\/set-di-10-cerniere-softclose-selfclose\/","og_site_name":"Faktum Online Store","article_modified_time":"2024-01-29T10:45:08+00:00","og_image":[{"width":1162,"height":676,"url":"https:\/\/faktumonline.com\/wp-content\/uploads\/2023\/08\/Faktum-hinge-10x.jpg","type":"image\/jpeg"}],"twitter_card":"summary_large_image","twitter_misc":{"Tempo di lettura stimato":"1 minuto"},"schema":{"@context":"https:\/\/schema.org","@graph":[{"@type":"WebPage","@id":"https:\/\/faktumonline.com\/it\/prodotto\/set-di-10-cerniere-softclose-selfclose\/","url":"https:\/\/faktumonline.com\/it\/prodotto\/set-di-10-cerniere-softclose-selfclose\/","name":"Set di cerniere per cucine IKEA Faktum con chiusura ammortizzata, Multipack","isPartOf":{"@id":"https:\/\/faktumonline.com\/da\/#website"},"primaryImageOfPage":{"@id":"https:\/\/faktumonline.com\/it\/prodotto\/set-di-10-cerniere-softclose-selfclose\/#primaryimage"},"image":{"@id":"https:\/\/faktumonline.com\/it\/prodotto\/set-di-10-cerniere-softclose-selfclose\/#primaryimage"},"thumbnailUrl":"https:\/\/faktumonline.com\/wp-content\/uploads\/2023\/08\/Faktum-hinge-10x.webp","datePublished":"2023-08-19T11:23:20+00:00","dateModified":"2024-01-29T10:45:08+00:00","breadcrumb":{"@id":"https:\/\/faktumonline.com\/it\/prodotto\/set-di-10-cerniere-softclose-selfclose\/#breadcrumb"},"inLanguage":"it-IT","potentialAction":[{"@type":"ReadAction","target":["https:\/\/faktumonline.com\/it\/prodotto\/set-di-10-cerniere-softclose-selfclose\/"]}]},{"@type":"ImageObject","inLanguage":"it-IT","@id":"https:\/\/faktumonline.com\/it\/prodotto\/set-di-10-cerniere-softclose-selfclose\/#primaryimage","url":"https:\/\/faktumonline.com\/wp-content\/uploads\/2023\/08\/Faktum-hinge-10x.webp","contentUrl":"https:\/\/faktumonline.com\/wp-content\/uploads\/2023\/08\/Faktum-hinge-10x.webp","width":1162,"height":676},{"@type":"BreadcrumbList","@id":"https:\/\/faktumonline.com\/it\/prodotto\/set-di-10-cerniere-softclose-selfclose\/#breadcrumb","itemListElement":[{"@type":"ListItem","position":1,"name":"Hem","item":"https:\/\/faktumonline.com\/it\/"},{"@type":"ListItem","position":2,"name":"Webshop","item":"https:\/\/faktumonline.com\/it\/webshop\/"},{"@type":"ListItem","position":3,"name":"Set di cerniere (SoftClose + SelfClose), Multipack"}]},{"@type":"WebSite","@id":"https:\/\/faktumonline.com\/da\/#website","url":"https:\/\/faktumonline.com\/da\/","name":"Faktum Online Store","description":"Premium doors for IKEA kitchens","potentialAction":[{"@type":"SearchAction","target":{"@type":"EntryPoint","urlTemplate":"https:\/\/faktumonline.com\/da\/?s={search_term_string}"},"query-input":{"@type":"PropertyValueSpecification","valueRequired":true,"valueName":"search_term_string"}}],"inLanguage":"it-IT"}]}},"_links":{"self":[{"href":"https:\/\/faktumonline.com\/it\/wp-json\/wp\/v2\/product\/95087","targetHints":{"allow":["GET"]}}],"collection":[{"href":"https:\/\/faktumonline.com\/it\/wp-json\/wp\/v2\/product"}],"about":[{"href":"https:\/\/faktumonline.com\/it\/wp-json\/wp\/v2\/types\/product"}],"version-history":[{"count":3,"href":"https:\/\/faktumonline.com\/it\/wp-json\/wp\/v2\/product\/95087\/revisions"}],"predecessor-version":[{"id":109152,"href":"https:\/\/faktumonline.com\/it\/wp-json\/wp\/v2\/product\/95087\/revisions\/109152"}],"wp:featuredmedia":[{"embeddable":true,"href":"https:\/\/faktumonline.com\/it\/wp-json\/wp\/v2\/media\/95095"}],"wp:attachment":[{"href":"https:\/\/faktumonline.com\/it\/wp-json\/wp\/v2\/media?parent=95087"}],"wp:term":[{"taxonomy":"product_brand","embeddable":true,"href":"https:\/\/faktumonline.com\/it\/wp-json\/wp\/v2\/product_brand?post=95087"},{"taxonomy":"product_cat","embeddable":true,"href":"https:\/\/faktumonline.com\/it\/wp-json\/wp\/v2\/product_cat?post=95087"},{"taxonomy":"product_tag","embeddable":true,"href":"https:\/\/faktumonline.com\/it\/wp-json\/wp\/v2\/product_tag?post=95087"}],"curies":[{"name":"wp","href":"https:\/\/api.w.org\/{rel}","templated":true}]}}