{"id":92139,"date":"2021-01-01T12:22:11","date_gmt":"2021-01-01T11:22:11","guid":{"rendered":"https:\/\/faktumonline.com\/product\/mobile-alto-40x217\/"},"modified":"2025-05-30T16:53:55","modified_gmt":"2025-05-30T15:53:55","slug":"mobile-alto-40x217","status":"publish","type":"product","link":"https:\/\/faktumonline.com\/it\/prodotto\/mobile-alto-40x217\/","title":{"rendered":"Mobile alto 40\u00d7217"},"content":{"rendered":"<p>40 x 217 x 58 cm<\/p>\n","protected":false},"excerpt":{"rendered":"<p>Questa \u00e8 una struttura per mobile alto per le cucine IKEA Faktum. Larghezza 40 cm, altezza 217 cm e profondit\u00e0 58 cm. Verr\u00e0 realizzato \u201cbianco standard\u201d\u201d indipendentemente dal colore scelto per i frontali. Il mobile alto pu\u00f2 essere ordinato separatamente o insieme ad alcuni dei seguenti accessori:<\/p>\n","protected":false},"featured_media":154146,"template":"","meta":[],"product_brand":[],"product_cat":[1517],"product_tag":[],"class_list":{"0":"post-92139","1":"product","2":"type-product","3":"status-publish","4":"has-post-thumbnail","6":"product_cat-alti-40","7":"product_shipping_class-lang-it","8":"sales-flash-overlay","9":"woocommerce-text-align-center","10":"woocommerce-image-align-center","12":"first","13":"instock","14":"taxable","15":"shipping-taxable","16":"purchasable","17":"product-type-simple"},"exclude_global_add_ons":false,"addons":[{"name":"Door configuration","type":"checkbox","position":0,"required":false,"title_format":"heading","default":"","description_enable":false,"description":"","placeholder_enable":false,"placeholder":"","display":"select","restrictions_type":"any_text","adjust_price":false,"price":"","price_type":"flat_fee","restrictions":false,"min":"0","max":"0","options":[{"label":"Door 15x70","price":"69","price_type":"quantity_based","image":0},{"label":"Set of 2 hinges","price":"19","price_type":"quantity_based","image":0},{"label":"Set of 2 mounting plates","price":"9","price_type":"quantity_based","image":0}],"id":1738948690},{"name":"Pull Out Config","type":"checkbox","position":1,"required":false,"title_format":"heading","default":"","description_enable":false,"description":"","placeholder_enable":false,"placeholder":"","display":"select","restrictions_type":"any_text","adjust_price":false,"price":"","price_type":"flat_fee","restrictions":false,"min":"0","max":"0","options":[{"label":"Pull Out Draw Set","price":"159","price_type":"quantity_based","image":0},{"label":"Draw Front","price":"69","price_type":"quantity_based","image":0}],"id":1738948691},{"name":"Legs","type":"checkbox","position":2,"required":false,"title_format":"heading","default":"","description_enable":false,"description":"","placeholder_enable":false,"placeholder":"","display":"select","restrictions_type":"any_text","adjust_price":false,"price":"","price_type":"flat_fee","restrictions":false,"min":"0","max":"0","options":[{"label":"Set of 4 legs. 16 cm (14,5 - 17 cm)","price":"3.95","price_type":"quantity_based","image":0},{"label":"Set of 4 legs. 12 cm (11,5 - 14.4 cm)","price":"3.95","price_type":"quantity_based","image":0},{"label":"No legs","price":"","price_type":"quantity_based","image":0}],"id":1738948692}],"yoast_head":"<!-- This site is optimized with the Yoast SEO Premium plugin v27.0 (Yoast SEO v27.0) - https:\/\/yoast.com\/product\/yoast-seo-premium-wordpress\/ -->\n<title>Mobile alto 40\u00d7217 - Faktum Online Store<\/title>\n<meta name=\"robots\" content=\"index, follow, max-snippet:-1, max-image-preview:large, max-video-preview:-1\" \/>\n<link rel=\"canonical\" href=\"https:\/\/faktumonline.com\/it\/prodotto\/mobile-alto-40x217\/\" \/>\n<meta property=\"og:locale\" content=\"it_IT\" \/>\n<meta property=\"og:type\" content=\"article\" \/>\n<meta property=\"og:title\" content=\"Mobile alto 40\u00d7217\" \/>\n<meta property=\"og:description\" content=\"Questa \u00e8 una struttura per mobile alto per le cucine IKEA Faktum. Larghezza 40 cm, altezza 217 cm e profondit\u00e0 58 cm. Verr\u00e0 realizzato \u201cbianco standard\u201d\u201d indipendentemente dal colore scelto per i frontali. Il mobile alto pu\u00f2 essere ordinato separatamente o insieme ad alcuni dei seguenti accessori:\" \/>\n<meta property=\"og:url\" content=\"https:\/\/faktumonline.com\/it\/prodotto\/mobile-alto-40x217\/\" \/>\n<meta property=\"og:site_name\" content=\"Faktum Online Store\" \/>\n<meta property=\"article:modified_time\" content=\"2025-05-30T15:53:55+00:00\" \/>\n<meta property=\"og:image\" content=\"https:\/\/faktumonline.com\/wp-content\/uploads\/2025\/12\/Hogskap.png\" \/>\n\t<meta property=\"og:image:width\" content=\"510\" \/>\n\t<meta property=\"og:image:height\" content=\"825\" \/>\n\t<meta property=\"og:image:type\" content=\"image\/png\" \/>\n<meta name=\"twitter:card\" content=\"summary_large_image\" \/>\n<script type=\"application\/ld+json\" class=\"yoast-schema-graph\">{\"@context\":\"https:\/\/schema.org\",\"@graph\":[{\"@type\":\"WebPage\",\"@id\":\"https:\/\/faktumonline.com\/it\/prodotto\/mobile-alto-40x217\/\",\"url\":\"https:\/\/faktumonline.com\/it\/prodotto\/mobile-alto-40x217\/\",\"name\":\"Mobile alto 40\u00d7217 - Faktum Online Store\",\"isPartOf\":{\"@id\":\"https:\/\/faktumonline.com\/da\/#website\"},\"primaryImageOfPage\":{\"@id\":\"https:\/\/faktumonline.com\/it\/prodotto\/mobile-alto-40x217\/#primaryimage\"},\"image\":{\"@id\":\"https:\/\/faktumonline.com\/it\/prodotto\/mobile-alto-40x217\/#primaryimage\"},\"thumbnailUrl\":\"https:\/\/faktumonline.com\/wp-content\/uploads\/2025\/12\/Hogskap.png\",\"datePublished\":\"2021-01-01T11:22:11+00:00\",\"dateModified\":\"2025-05-30T15:53:55+00:00\",\"breadcrumb\":{\"@id\":\"https:\/\/faktumonline.com\/it\/prodotto\/mobile-alto-40x217\/#breadcrumb\"},\"inLanguage\":\"it-IT\",\"potentialAction\":[{\"@type\":\"ReadAction\",\"target\":[\"https:\/\/faktumonline.com\/it\/prodotto\/mobile-alto-40x217\/\"]}]},{\"@type\":\"ImageObject\",\"inLanguage\":\"it-IT\",\"@id\":\"https:\/\/faktumonline.com\/it\/prodotto\/mobile-alto-40x217\/#primaryimage\",\"url\":\"https:\/\/faktumonline.com\/wp-content\/uploads\/2025\/12\/Hogskap.png\",\"contentUrl\":\"https:\/\/faktumonline.com\/wp-content\/uploads\/2025\/12\/Hogskap.png\",\"width\":510,\"height\":825,\"caption\":\"Hochschrank f\u00fcr IKEA Faktum K\u00fcchen\"},{\"@type\":\"BreadcrumbList\",\"@id\":\"https:\/\/faktumonline.com\/it\/prodotto\/mobile-alto-40x217\/#breadcrumb\",\"itemListElement\":[{\"@type\":\"ListItem\",\"position\":1,\"name\":\"Hem\",\"item\":\"https:\/\/faktumonline.com\/it\/\"},{\"@type\":\"ListItem\",\"position\":2,\"name\":\"Webshop\",\"item\":\"https:\/\/faktumonline.com\/it\/webshop\/\"},{\"@type\":\"ListItem\",\"position\":3,\"name\":\"Mobile alto 40\u00d7217\"}]},{\"@type\":\"WebSite\",\"@id\":\"https:\/\/faktumonline.com\/da\/#website\",\"url\":\"https:\/\/faktumonline.com\/da\/\",\"name\":\"Faktum Online Store\",\"description\":\"Premium doors for IKEA kitchens\",\"potentialAction\":[{\"@type\":\"SearchAction\",\"target\":{\"@type\":\"EntryPoint\",\"urlTemplate\":\"https:\/\/faktumonline.com\/da\/?s={search_term_string}\"},\"query-input\":{\"@type\":\"PropertyValueSpecification\",\"valueRequired\":true,\"valueName\":\"search_term_string\"}}],\"inLanguage\":\"it-IT\"}]}<\/script>\n<!-- \/ Yoast SEO Premium plugin. -->","yoast_head_json":{"title":"Mobile alto 40\u00d7217 - Faktum Online Store","robots":{"index":"index","follow":"follow","max-snippet":"max-snippet:-1","max-image-preview":"max-image-preview:large","max-video-preview":"max-video-preview:-1"},"canonical":"https:\/\/faktumonline.com\/it\/prodotto\/mobile-alto-40x217\/","og_locale":"it_IT","og_type":"article","og_title":"Mobile alto 40\u00d7217","og_description":"Questa \u00e8 una struttura per mobile alto per le cucine IKEA Faktum. Larghezza 40 cm, altezza 217 cm e profondit\u00e0 58 cm. Verr\u00e0 realizzato \u201cbianco standard\u201d\u201d indipendentemente dal colore scelto per i frontali. Il mobile alto pu\u00f2 essere ordinato separatamente o insieme ad alcuni dei seguenti accessori:","og_url":"https:\/\/faktumonline.com\/it\/prodotto\/mobile-alto-40x217\/","og_site_name":"Faktum Online Store","article_modified_time":"2025-05-30T15:53:55+00:00","og_image":[{"width":510,"height":825,"url":"https:\/\/faktumonline.com\/wp-content\/uploads\/2025\/12\/Hogskap.png","type":"image\/png"}],"twitter_card":"summary_large_image","schema":{"@context":"https:\/\/schema.org","@graph":[{"@type":"WebPage","@id":"https:\/\/faktumonline.com\/it\/prodotto\/mobile-alto-40x217\/","url":"https:\/\/faktumonline.com\/it\/prodotto\/mobile-alto-40x217\/","name":"Mobile alto 40\u00d7217 - Faktum Online Store","isPartOf":{"@id":"https:\/\/faktumonline.com\/da\/#website"},"primaryImageOfPage":{"@id":"https:\/\/faktumonline.com\/it\/prodotto\/mobile-alto-40x217\/#primaryimage"},"image":{"@id":"https:\/\/faktumonline.com\/it\/prodotto\/mobile-alto-40x217\/#primaryimage"},"thumbnailUrl":"https:\/\/faktumonline.com\/wp-content\/uploads\/2025\/12\/Hogskap.png","datePublished":"2021-01-01T11:22:11+00:00","dateModified":"2025-05-30T15:53:55+00:00","breadcrumb":{"@id":"https:\/\/faktumonline.com\/it\/prodotto\/mobile-alto-40x217\/#breadcrumb"},"inLanguage":"it-IT","potentialAction":[{"@type":"ReadAction","target":["https:\/\/faktumonline.com\/it\/prodotto\/mobile-alto-40x217\/"]}]},{"@type":"ImageObject","inLanguage":"it-IT","@id":"https:\/\/faktumonline.com\/it\/prodotto\/mobile-alto-40x217\/#primaryimage","url":"https:\/\/faktumonline.com\/wp-content\/uploads\/2025\/12\/Hogskap.png","contentUrl":"https:\/\/faktumonline.com\/wp-content\/uploads\/2025\/12\/Hogskap.png","width":510,"height":825,"caption":"Hochschrank f\u00fcr IKEA Faktum K\u00fcchen"},{"@type":"BreadcrumbList","@id":"https:\/\/faktumonline.com\/it\/prodotto\/mobile-alto-40x217\/#breadcrumb","itemListElement":[{"@type":"ListItem","position":1,"name":"Hem","item":"https:\/\/faktumonline.com\/it\/"},{"@type":"ListItem","position":2,"name":"Webshop","item":"https:\/\/faktumonline.com\/it\/webshop\/"},{"@type":"ListItem","position":3,"name":"Mobile alto 40\u00d7217"}]},{"@type":"WebSite","@id":"https:\/\/faktumonline.com\/da\/#website","url":"https:\/\/faktumonline.com\/da\/","name":"Faktum Online Store","description":"Premium doors for IKEA kitchens","potentialAction":[{"@type":"SearchAction","target":{"@type":"EntryPoint","urlTemplate":"https:\/\/faktumonline.com\/da\/?s={search_term_string}"},"query-input":{"@type":"PropertyValueSpecification","valueRequired":true,"valueName":"search_term_string"}}],"inLanguage":"it-IT"}]}},"_links":{"self":[{"href":"https:\/\/faktumonline.com\/it\/wp-json\/wp\/v2\/product\/92139","targetHints":{"allow":["GET"]}}],"collection":[{"href":"https:\/\/faktumonline.com\/it\/wp-json\/wp\/v2\/product"}],"about":[{"href":"https:\/\/faktumonline.com\/it\/wp-json\/wp\/v2\/types\/product"}],"version-history":[{"count":1,"href":"https:\/\/faktumonline.com\/it\/wp-json\/wp\/v2\/product\/92139\/revisions"}],"predecessor-version":[{"id":145385,"href":"https:\/\/faktumonline.com\/it\/wp-json\/wp\/v2\/product\/92139\/revisions\/145385"}],"wp:featuredmedia":[{"embeddable":true,"href":"https:\/\/faktumonline.com\/it\/wp-json\/wp\/v2\/media\/154146"}],"wp:attachment":[{"href":"https:\/\/faktumonline.com\/it\/wp-json\/wp\/v2\/media?parent=92139"}],"wp:term":[{"taxonomy":"product_brand","embeddable":true,"href":"https:\/\/faktumonline.com\/it\/wp-json\/wp\/v2\/product_brand?post=92139"},{"taxonomy":"product_cat","embeddable":true,"href":"https:\/\/faktumonline.com\/it\/wp-json\/wp\/v2\/product_cat?post=92139"},{"taxonomy":"product_tag","embeddable":true,"href":"https:\/\/faktumonline.com\/it\/wp-json\/wp\/v2\/product_tag?post=92139"}],"curies":[{"name":"wp","href":"https:\/\/api.w.org\/{rel}","templated":true}]}}