{"id":124471,"date":"2024-09-28T18:00:54","date_gmt":"2024-09-28T17:00:54","guid":{"rendered":"https:\/\/faktumonline.com\/product\/pannelli-laterali-su-misura-2\/"},"modified":"2024-10-03T21:43:38","modified_gmt":"2024-10-03T20:43:38","slug":"pannello-laterale-su-misura","status":"publish","type":"product","link":"https:\/\/faktumonline.com\/it\/prodotto\/pannello-laterale-su-misura\/","title":{"rendered":"Pannello laterale su misura"},"content":{"rendered":"","protected":false},"excerpt":{"rendered":"<p style=\"font-weight: 400;\">Un pannello laterale pu\u00f2 essere montato per coprire il lato di un mobile per fare la tua cucina pi\u00f9 elegante e integrata. Il pannello sar\u00e0 realizzato nello stesso materiale, colore e finitura di prima qualit\u00e0 come le nuove ante dello stesso carrello. Ia superfice anteriore dello pannello sar\u00e0 piatto e i lati arrotondati di appena 1 mm di raggio (come nel nostro modello W28). Ia superfice posteriore che \u00e8 destinato a essere rivolto verso il mobile sar\u00e0 sempre bianco. Lo spessore standard \u00e8 di 18 mm per imitare il lato dei mobili, ma abbiamo anche altri spessori di pannelli.<\/p>\n<p style=\"font-weight: 400;\">IKEA fornisce solamente alcune dimensioni fisse di pannelli laterali che dopo devono essere tagliate su misura sul posto. Questo perch\u00e9 ogni cucina \u00e8 diversa l&#8217;una dall&#8217;altra. E il taglio o la segatura lasceranno alcuni bordi senza il colore che devono essere nascosti. Offriamo pannelli laterali al millimetro, su misura, il che \u00e8 possibile poich\u00e9 produciamo su ordinazione. Applicheremo il colore in fabbrica una volta che il pannello \u00e8 gi\u00e0 tagliato alla misura corretta. In quell modo, la tua cucin avr\u00e0 molto professionale.<\/p>\n<p style=\"font-weight: 400;\"><strong>Spessore:<\/strong> 10, 12, 16 e 18 mm<br \/>\n<strong>Larghezza:<\/strong> 100 -750 mm<br \/>\n<strong>Altezza:<\/strong> 100 -2300 mm<\/p>\n<p style=\"font-weight: 400;\"><strong>Suggerimento:<\/strong> se la tua misura preferita non rientra nelle restrizioni sopra, prova a invertire la larghezza e l\u2019altezza. Funziona con tutte le finiture tranne quelle con una direzione delle venature (ad es. California Oak, ecc.).<\/p>\n<p>&nbsp;<\/p>\n","protected":false},"featured_media":125299,"template":"","meta":[],"product_brand":[],"product_cat":[710],"product_tag":[],"class_list":{"0":"post-124471","1":"product","2":"type-product","3":"status-publish","4":"has-post-thumbnail","6":"product_cat-config-it","7":"sales-flash-overlay","8":"woocommerce-text-align-center","9":"woocommerce-image-align-center","11":"first","12":"instock","13":"taxable","14":"shipping-taxable","15":"purchasable","16":"product-type-simple"},"exclude_global_add_ons":[],"addons":[],"yoast_head":"<!-- This site is optimized with the Yoast SEO Premium plugin v27.0 (Yoast SEO v27.0) - https:\/\/yoast.com\/product\/yoast-seo-premium-wordpress\/ -->\n<title>Pannello laterale su misura - Faktum Online Store<\/title>\n<meta name=\"robots\" content=\"index, follow, max-snippet:-1, max-image-preview:large, max-video-preview:-1\" \/>\n<link rel=\"canonical\" href=\"https:\/\/faktumonline.com\/it\/prodotto\/pannello-laterale-su-misura\/\" \/>\n<meta property=\"og:locale\" content=\"it_IT\" \/>\n<meta property=\"og:type\" content=\"article\" \/>\n<meta property=\"og:title\" content=\"Pannello laterale su misura\" \/>\n<meta property=\"og:description\" content=\"Un pannello laterale pu\u00f2 essere montato per coprire il lato di un mobile per fare la tua cucina pi\u00f9 elegante e integrata. Il pannello sar\u00e0 realizzato nello stesso materiale, colore e finitura di prima qualit\u00e0 come le nuove ante dello stesso carrello. Ia superfice anteriore dello pannello sar\u00e0 piatto e i lati arrotondati di appena 1 mm di raggio (come nel nostro modello W28). Ia superfice posteriore che \u00e8 destinato a essere rivolto verso il mobile sar\u00e0 sempre bianco. Lo spessore standard \u00e8 di 18 mm per imitare il lato dei mobili, ma abbiamo anche altri spessori di pannelli. IKEA fornisce solamente alcune dimensioni fisse di pannelli laterali che dopo devono essere tagliate su misura sul posto. Questo perch\u00e9 ogni cucina \u00e8 diversa l&#039;una dall&#039;altra. E il taglio o la segatura lasceranno alcuni bordi senza il colore che devono essere nascosti. Offriamo pannelli laterali al millimetro, su misura, il che \u00e8 possibile poich\u00e9 produciamo su ordinazione. Applicheremo il colore in fabbrica una volta che il pannello \u00e8 gi\u00e0 tagliato alla misura corretta. In quell modo, la tua cucin avr\u00e0 molto professionale. Spessore: 10, 12, 16 e 18 mm Larghezza: 100 -750 mm Altezza: 100 -2300 mm Suggerimento: se la tua misura preferita non rientra nelle restrizioni sopra, prova a invertire la larghezza e l\u2019altezza. Funziona con tutte le finiture tranne quelle con una direzione delle venature (ad es. California Oak, ecc.). &nbsp;\" \/>\n<meta property=\"og:url\" content=\"https:\/\/faktumonline.com\/it\/prodotto\/pannello-laterale-su-misura\/\" \/>\n<meta property=\"og:site_name\" content=\"Faktum Online Store\" \/>\n<meta property=\"article:modified_time\" content=\"2024-10-03T20:43:38+00:00\" \/>\n<meta property=\"og:image\" content=\"https:\/\/faktumonline.com\/wp-content\/uploads\/2024\/10\/Side-Panels.jpg\" \/>\n\t<meta property=\"og:image:width\" content=\"403\" \/>\n\t<meta property=\"og:image:height\" content=\"653\" \/>\n\t<meta property=\"og:image:type\" content=\"image\/jpeg\" \/>\n<meta name=\"twitter:card\" content=\"summary_large_image\" \/>\n<meta name=\"twitter:label1\" content=\"Tempo di lettura stimato\" \/>\n\t<meta name=\"twitter:data1\" content=\"1 minuto\" \/>\n<script type=\"application\/ld+json\" class=\"yoast-schema-graph\">{\"@context\":\"https:\/\/schema.org\",\"@graph\":[{\"@type\":\"WebPage\",\"@id\":\"https:\/\/faktumonline.com\/it\/prodotto\/pannello-laterale-su-misura\/\",\"url\":\"https:\/\/faktumonline.com\/it\/prodotto\/pannello-laterale-su-misura\/\",\"name\":\"Pannello laterale su misura - Faktum Online Store\",\"isPartOf\":{\"@id\":\"https:\/\/faktumonline.com\/da\/#website\"},\"primaryImageOfPage\":{\"@id\":\"https:\/\/faktumonline.com\/it\/prodotto\/pannello-laterale-su-misura\/#primaryimage\"},\"image\":{\"@id\":\"https:\/\/faktumonline.com\/it\/prodotto\/pannello-laterale-su-misura\/#primaryimage\"},\"thumbnailUrl\":\"https:\/\/faktumonline.com\/wp-content\/uploads\/2024\/10\/Side-Panels.jpg\",\"datePublished\":\"2024-09-28T17:00:54+00:00\",\"dateModified\":\"2024-10-03T20:43:38+00:00\",\"breadcrumb\":{\"@id\":\"https:\/\/faktumonline.com\/it\/prodotto\/pannello-laterale-su-misura\/#breadcrumb\"},\"inLanguage\":\"it-IT\",\"potentialAction\":[{\"@type\":\"ReadAction\",\"target\":[\"https:\/\/faktumonline.com\/it\/prodotto\/pannello-laterale-su-misura\/\"]}]},{\"@type\":\"ImageObject\",\"inLanguage\":\"it-IT\",\"@id\":\"https:\/\/faktumonline.com\/it\/prodotto\/pannello-laterale-su-misura\/#primaryimage\",\"url\":\"https:\/\/faktumonline.com\/wp-content\/uploads\/2024\/10\/Side-Panels.jpg\",\"contentUrl\":\"https:\/\/faktumonline.com\/wp-content\/uploads\/2024\/10\/Side-Panels.jpg\",\"width\":403,\"height\":653,\"caption\":\"Side Panels in an IKEA Kitchen\"},{\"@type\":\"BreadcrumbList\",\"@id\":\"https:\/\/faktumonline.com\/it\/prodotto\/pannello-laterale-su-misura\/#breadcrumb\",\"itemListElement\":[{\"@type\":\"ListItem\",\"position\":1,\"name\":\"Hem\",\"item\":\"https:\/\/faktumonline.com\/it\/\"},{\"@type\":\"ListItem\",\"position\":2,\"name\":\"Webshop\",\"item\":\"https:\/\/faktumonline.com\/it\/webshop\/\"},{\"@type\":\"ListItem\",\"position\":3,\"name\":\"Pannello laterale su misura\"}]},{\"@type\":\"WebSite\",\"@id\":\"https:\/\/faktumonline.com\/da\/#website\",\"url\":\"https:\/\/faktumonline.com\/da\/\",\"name\":\"Faktum Online Store\",\"description\":\"Premium doors for IKEA kitchens\",\"potentialAction\":[{\"@type\":\"SearchAction\",\"target\":{\"@type\":\"EntryPoint\",\"urlTemplate\":\"https:\/\/faktumonline.com\/da\/?s={search_term_string}\"},\"query-input\":{\"@type\":\"PropertyValueSpecification\",\"valueRequired\":true,\"valueName\":\"search_term_string\"}}],\"inLanguage\":\"it-IT\"}]}<\/script>\n<!-- \/ Yoast SEO Premium plugin. -->","yoast_head_json":{"title":"Pannello laterale su misura - Faktum Online Store","robots":{"index":"index","follow":"follow","max-snippet":"max-snippet:-1","max-image-preview":"max-image-preview:large","max-video-preview":"max-video-preview:-1"},"canonical":"https:\/\/faktumonline.com\/it\/prodotto\/pannello-laterale-su-misura\/","og_locale":"it_IT","og_type":"article","og_title":"Pannello laterale su misura","og_description":"Un pannello laterale pu\u00f2 essere montato per coprire il lato di un mobile per fare la tua cucina pi\u00f9 elegante e integrata. Il pannello sar\u00e0 realizzato nello stesso materiale, colore e finitura di prima qualit\u00e0 come le nuove ante dello stesso carrello. Ia superfice anteriore dello pannello sar\u00e0 piatto e i lati arrotondati di appena 1 mm di raggio (come nel nostro modello W28). Ia superfice posteriore che \u00e8 destinato a essere rivolto verso il mobile sar\u00e0 sempre bianco. Lo spessore standard \u00e8 di 18 mm per imitare il lato dei mobili, ma abbiamo anche altri spessori di pannelli. IKEA fornisce solamente alcune dimensioni fisse di pannelli laterali che dopo devono essere tagliate su misura sul posto. Questo perch\u00e9 ogni cucina \u00e8 diversa l'una dall'altra. E il taglio o la segatura lasceranno alcuni bordi senza il colore che devono essere nascosti. Offriamo pannelli laterali al millimetro, su misura, il che \u00e8 possibile poich\u00e9 produciamo su ordinazione. Applicheremo il colore in fabbrica una volta che il pannello \u00e8 gi\u00e0 tagliato alla misura corretta. In quell modo, la tua cucin avr\u00e0 molto professionale. Spessore: 10, 12, 16 e 18 mm Larghezza: 100 -750 mm Altezza: 100 -2300 mm Suggerimento: se la tua misura preferita non rientra nelle restrizioni sopra, prova a invertire la larghezza e l\u2019altezza. Funziona con tutte le finiture tranne quelle con una direzione delle venature (ad es. California Oak, ecc.). &nbsp;","og_url":"https:\/\/faktumonline.com\/it\/prodotto\/pannello-laterale-su-misura\/","og_site_name":"Faktum Online Store","article_modified_time":"2024-10-03T20:43:38+00:00","og_image":[{"width":403,"height":653,"url":"https:\/\/faktumonline.com\/wp-content\/uploads\/2024\/10\/Side-Panels.jpg","type":"image\/jpeg"}],"twitter_card":"summary_large_image","twitter_misc":{"Tempo di lettura stimato":"1 minuto"},"schema":{"@context":"https:\/\/schema.org","@graph":[{"@type":"WebPage","@id":"https:\/\/faktumonline.com\/it\/prodotto\/pannello-laterale-su-misura\/","url":"https:\/\/faktumonline.com\/it\/prodotto\/pannello-laterale-su-misura\/","name":"Pannello laterale su misura - Faktum Online Store","isPartOf":{"@id":"https:\/\/faktumonline.com\/da\/#website"},"primaryImageOfPage":{"@id":"https:\/\/faktumonline.com\/it\/prodotto\/pannello-laterale-su-misura\/#primaryimage"},"image":{"@id":"https:\/\/faktumonline.com\/it\/prodotto\/pannello-laterale-su-misura\/#primaryimage"},"thumbnailUrl":"https:\/\/faktumonline.com\/wp-content\/uploads\/2024\/10\/Side-Panels.jpg","datePublished":"2024-09-28T17:00:54+00:00","dateModified":"2024-10-03T20:43:38+00:00","breadcrumb":{"@id":"https:\/\/faktumonline.com\/it\/prodotto\/pannello-laterale-su-misura\/#breadcrumb"},"inLanguage":"it-IT","potentialAction":[{"@type":"ReadAction","target":["https:\/\/faktumonline.com\/it\/prodotto\/pannello-laterale-su-misura\/"]}]},{"@type":"ImageObject","inLanguage":"it-IT","@id":"https:\/\/faktumonline.com\/it\/prodotto\/pannello-laterale-su-misura\/#primaryimage","url":"https:\/\/faktumonline.com\/wp-content\/uploads\/2024\/10\/Side-Panels.jpg","contentUrl":"https:\/\/faktumonline.com\/wp-content\/uploads\/2024\/10\/Side-Panels.jpg","width":403,"height":653,"caption":"Side Panels in an IKEA Kitchen"},{"@type":"BreadcrumbList","@id":"https:\/\/faktumonline.com\/it\/prodotto\/pannello-laterale-su-misura\/#breadcrumb","itemListElement":[{"@type":"ListItem","position":1,"name":"Hem","item":"https:\/\/faktumonline.com\/it\/"},{"@type":"ListItem","position":2,"name":"Webshop","item":"https:\/\/faktumonline.com\/it\/webshop\/"},{"@type":"ListItem","position":3,"name":"Pannello laterale su misura"}]},{"@type":"WebSite","@id":"https:\/\/faktumonline.com\/da\/#website","url":"https:\/\/faktumonline.com\/da\/","name":"Faktum Online Store","description":"Premium doors for IKEA kitchens","potentialAction":[{"@type":"SearchAction","target":{"@type":"EntryPoint","urlTemplate":"https:\/\/faktumonline.com\/da\/?s={search_term_string}"},"query-input":{"@type":"PropertyValueSpecification","valueRequired":true,"valueName":"search_term_string"}}],"inLanguage":"it-IT"}]}},"_links":{"self":[{"href":"https:\/\/faktumonline.com\/it\/wp-json\/wp\/v2\/product\/124471","targetHints":{"allow":["GET"]}}],"collection":[{"href":"https:\/\/faktumonline.com\/it\/wp-json\/wp\/v2\/product"}],"about":[{"href":"https:\/\/faktumonline.com\/it\/wp-json\/wp\/v2\/types\/product"}],"version-history":[{"count":1,"href":"https:\/\/faktumonline.com\/it\/wp-json\/wp\/v2\/product\/124471\/revisions"}],"predecessor-version":[{"id":124795,"href":"https:\/\/faktumonline.com\/it\/wp-json\/wp\/v2\/product\/124471\/revisions\/124795"}],"wp:featuredmedia":[{"embeddable":true,"href":"https:\/\/faktumonline.com\/it\/wp-json\/wp\/v2\/media\/125299"}],"wp:attachment":[{"href":"https:\/\/faktumonline.com\/it\/wp-json\/wp\/v2\/media?parent=124471"}],"wp:term":[{"taxonomy":"product_brand","embeddable":true,"href":"https:\/\/faktumonline.com\/it\/wp-json\/wp\/v2\/product_brand?post=124471"},{"taxonomy":"product_cat","embeddable":true,"href":"https:\/\/faktumonline.com\/it\/wp-json\/wp\/v2\/product_cat?post=124471"},{"taxonomy":"product_tag","embeddable":true,"href":"https:\/\/faktumonline.com\/it\/wp-json\/wp\/v2\/product_tag?post=124471"}],"curies":[{"name":"wp","href":"https:\/\/api.w.org\/{rel}","templated":true}]}}