{"id":124280,"date":"2024-09-28T11:48:41","date_gmt":"2024-09-28T10:48:41","guid":{"rendered":"https:\/\/faktumonline.com\/product\/zoccolo-al-mm\/"},"modified":"2024-09-28T13:27:17","modified_gmt":"2024-09-28T12:27:17","slug":"zoccolo-al-mm","status":"publish","type":"product","link":"https:\/\/faktumonline.com\/it\/prodotto\/zoccolo-al-mm\/","title":{"rendered":"Zoccolo al mm"},"content":{"rendered":"","protected":false},"excerpt":{"rendered":"<p>Gli zoccoli possono essere montati sotto i mobili base per nascondere i piedini e chiudere l&#8217;area sotto i mobili. Lo zoccolo sar\u00e0 realizzato nello stesso materiale, colore e finitura di prima qualit\u00e0 delle nuove ante dello stesso carrello. Il lato anteriore sar\u00e0 piatto e i lati arrotondati di appena 1 mm di raggio (come nel nostro modello W28). Il lato posteriore sar\u00e0 lasciato bianco semplice. Spessore 18 mm.<\/p>\n<p>IKEA ha appena offerto zoccoli in una lunghezza fissa e in un&#8217;altezza fissa che dovevano essere tagliati su misura in loco. Questo perch\u00e9 ogni cucina \u00e8 diversa l&#8217;una dall&#8217;altra. Tuttavia, tagliare o segare ti lascer\u00e0 con alcuni bordi grezzi senza il colore che deve essere nascosto o evocato in un modo o nell&#8217;altro. Offriamo zoccoli al millimetro, il che \u00e8 possibile poich\u00e9 produciamo comunque su ordinazione. Applicheremo il colore in fabbrica una volta che lo zoccolo \u00e8 gi\u00e0 tagliato alla misura corretta. Poich\u00e9 consegniamo un prodotto pronto all&#8217;uso, la tua cucina migliorata avr\u00e0 un aspetto molto professionale.<\/p>\n<p><strong>Spessore:<\/strong> 18 mm<br \/>\n<strong>Larghezze:<\/strong> 100 \u2013 2300 mm<br \/>\n<strong>Altezze:<\/strong> 130 \u2013 200 mm<\/p>\n","protected":false},"featured_media":125292,"template":"","meta":[],"product_brand":[],"product_cat":[710],"product_tag":[],"class_list":{"0":"post-124280","1":"product","2":"type-product","3":"status-publish","4":"has-post-thumbnail","6":"product_cat-config-it","7":"sales-flash-overlay","8":"woocommerce-text-align-center","9":"woocommerce-image-align-center","11":"first","12":"instock","13":"taxable","14":"shipping-taxable","15":"purchasable","16":"product-type-simple"},"exclude_global_add_ons":[],"addons":[],"yoast_head":"<!-- This site is optimized with the Yoast SEO Premium plugin v27.5 (Yoast SEO v27.5) - https:\/\/yoast.com\/product\/yoast-seo-premium-wordpress\/ -->\n<title>Zoccolo al mm - Faktum Online Store<\/title>\n<meta name=\"robots\" content=\"index, follow, max-snippet:-1, max-image-preview:large, max-video-preview:-1\" \/>\n<link rel=\"canonical\" href=\"https:\/\/faktumonline.com\/it\/prodotto\/zoccolo-al-mm\/\" \/>\n<meta property=\"og:locale\" content=\"it_IT\" \/>\n<meta property=\"og:type\" content=\"article\" \/>\n<meta property=\"og:title\" content=\"Zoccolo al mm\" \/>\n<meta property=\"og:description\" content=\"Gli zoccoli possono essere montati sotto i mobili base per nascondere i piedini e chiudere l&#039;area sotto i mobili. Lo zoccolo sar\u00e0 realizzato nello stesso materiale, colore e finitura di prima qualit\u00e0 delle nuove ante dello stesso carrello. Il lato anteriore sar\u00e0 piatto e i lati arrotondati di appena 1 mm di raggio (come nel nostro modello W28). Il lato posteriore sar\u00e0 lasciato bianco semplice. Spessore 18 mm.  IKEA ha appena offerto zoccoli in una lunghezza fissa e in un&#039;altezza fissa che dovevano essere tagliati su misura in loco. Questo perch\u00e9 ogni cucina \u00e8 diversa l&#039;una dall&#039;altra. Tuttavia, tagliare o segare ti lascer\u00e0 con alcuni bordi grezzi senza il colore che deve essere nascosto o evocato in un modo o nell&#039;altro. Offriamo zoccoli al millimetro, il che \u00e8 possibile poich\u00e9 produciamo comunque su ordinazione. Applicheremo il colore in fabbrica una volta che lo zoccolo \u00e8 gi\u00e0 tagliato alla misura corretta. Poich\u00e9 consegniamo un prodotto pronto all&#039;uso, la tua cucina migliorata avr\u00e0 un aspetto molto professionale.  Spessore: 18 mm Larghezze: 100 \u2013 2300 mm Altezze: 130 \u2013 200 mm\" \/>\n<meta property=\"og:url\" content=\"https:\/\/faktumonline.com\/it\/prodotto\/zoccolo-al-mm\/\" \/>\n<meta property=\"og:site_name\" content=\"Faktum Online Store\" \/>\n<meta property=\"article:modified_time\" content=\"2024-09-28T12:27:17+00:00\" \/>\n<meta property=\"og:image\" content=\"https:\/\/faktumonline.com\/wp-content\/uploads\/2024\/10\/Plinth-1.jpg\" \/>\n\t<meta property=\"og:image:width\" content=\"404\" \/>\n\t<meta property=\"og:image:height\" content=\"654\" \/>\n\t<meta property=\"og:image:type\" content=\"image\/jpeg\" \/>\n<meta name=\"twitter:card\" content=\"summary_large_image\" \/>\n<meta name=\"twitter:label1\" content=\"Tempo di lettura stimato\" \/>\n\t<meta name=\"twitter:data1\" content=\"1 minuto\" \/>\n<script type=\"application\/ld+json\" class=\"yoast-schema-graph\">{\"@context\":\"https:\\\/\\\/schema.org\",\"@graph\":[{\"@type\":\"WebPage\",\"@id\":\"https:\\\/\\\/faktumonline.com\\\/it\\\/prodotto\\\/zoccolo-al-mm\\\/\",\"url\":\"https:\\\/\\\/faktumonline.com\\\/it\\\/prodotto\\\/zoccolo-al-mm\\\/\",\"name\":\"Zoccolo al mm - Faktum Online Store\",\"isPartOf\":{\"@id\":\"https:\\\/\\\/faktumonline.com\\\/da\\\/#website\"},\"primaryImageOfPage\":{\"@id\":\"https:\\\/\\\/faktumonline.com\\\/it\\\/prodotto\\\/zoccolo-al-mm\\\/#primaryimage\"},\"image\":{\"@id\":\"https:\\\/\\\/faktumonline.com\\\/it\\\/prodotto\\\/zoccolo-al-mm\\\/#primaryimage\"},\"thumbnailUrl\":\"https:\\\/\\\/faktumonline.com\\\/wp-content\\\/uploads\\\/2024\\\/10\\\/Plinth-1.jpg\",\"datePublished\":\"2024-09-28T10:48:41+00:00\",\"dateModified\":\"2024-09-28T12:27:17+00:00\",\"breadcrumb\":{\"@id\":\"https:\\\/\\\/faktumonline.com\\\/it\\\/prodotto\\\/zoccolo-al-mm\\\/#breadcrumb\"},\"inLanguage\":\"it-IT\",\"potentialAction\":[{\"@type\":\"ReadAction\",\"target\":[\"https:\\\/\\\/faktumonline.com\\\/it\\\/prodotto\\\/zoccolo-al-mm\\\/\"]}]},{\"@type\":\"ImageObject\",\"inLanguage\":\"it-IT\",\"@id\":\"https:\\\/\\\/faktumonline.com\\\/it\\\/prodotto\\\/zoccolo-al-mm\\\/#primaryimage\",\"url\":\"https:\\\/\\\/faktumonline.com\\\/wp-content\\\/uploads\\\/2024\\\/10\\\/Plinth-1.jpg\",\"contentUrl\":\"https:\\\/\\\/faktumonline.com\\\/wp-content\\\/uploads\\\/2024\\\/10\\\/Plinth-1.jpg\",\"width\":404,\"height\":654,\"caption\":\"Zoccolo per una Cucina IKEA Faktum\"},{\"@type\":\"BreadcrumbList\",\"@id\":\"https:\\\/\\\/faktumonline.com\\\/it\\\/prodotto\\\/zoccolo-al-mm\\\/#breadcrumb\",\"itemListElement\":[{\"@type\":\"ListItem\",\"position\":1,\"name\":\"Hem\",\"item\":\"https:\\\/\\\/faktumonline.com\\\/it\\\/\"},{\"@type\":\"ListItem\",\"position\":2,\"name\":\"Webshop\",\"item\":\"https:\\\/\\\/faktumonline.com\\\/it\\\/webshop\\\/\"},{\"@type\":\"ListItem\",\"position\":3,\"name\":\"Zoccolo al mm\"}]},{\"@type\":\"WebSite\",\"@id\":\"https:\\\/\\\/faktumonline.com\\\/da\\\/#website\",\"url\":\"https:\\\/\\\/faktumonline.com\\\/da\\\/\",\"name\":\"Faktum Online Store\",\"description\":\"Premium doors for IKEA kitchens\",\"potentialAction\":[{\"@type\":\"SearchAction\",\"target\":{\"@type\":\"EntryPoint\",\"urlTemplate\":\"https:\\\/\\\/faktumonline.com\\\/da\\\/?s={search_term_string}\"},\"query-input\":{\"@type\":\"PropertyValueSpecification\",\"valueRequired\":true,\"valueName\":\"search_term_string\"}}],\"inLanguage\":\"it-IT\"}]}<\/script>\n<!-- \/ Yoast SEO Premium plugin. -->","yoast_head_json":{"title":"Zoccolo al mm - Faktum Online Store","robots":{"index":"index","follow":"follow","max-snippet":"max-snippet:-1","max-image-preview":"max-image-preview:large","max-video-preview":"max-video-preview:-1"},"canonical":"https:\/\/faktumonline.com\/it\/prodotto\/zoccolo-al-mm\/","og_locale":"it_IT","og_type":"article","og_title":"Zoccolo al mm","og_description":"Gli zoccoli possono essere montati sotto i mobili base per nascondere i piedini e chiudere l'area sotto i mobili. Lo zoccolo sar\u00e0 realizzato nello stesso materiale, colore e finitura di prima qualit\u00e0 delle nuove ante dello stesso carrello. Il lato anteriore sar\u00e0 piatto e i lati arrotondati di appena 1 mm di raggio (come nel nostro modello W28). Il lato posteriore sar\u00e0 lasciato bianco semplice. Spessore 18 mm.  IKEA ha appena offerto zoccoli in una lunghezza fissa e in un'altezza fissa che dovevano essere tagliati su misura in loco. Questo perch\u00e9 ogni cucina \u00e8 diversa l'una dall'altra. Tuttavia, tagliare o segare ti lascer\u00e0 con alcuni bordi grezzi senza il colore che deve essere nascosto o evocato in un modo o nell'altro. Offriamo zoccoli al millimetro, il che \u00e8 possibile poich\u00e9 produciamo comunque su ordinazione. Applicheremo il colore in fabbrica una volta che lo zoccolo \u00e8 gi\u00e0 tagliato alla misura corretta. Poich\u00e9 consegniamo un prodotto pronto all'uso, la tua cucina migliorata avr\u00e0 un aspetto molto professionale.  Spessore: 18 mm Larghezze: 100 \u2013 2300 mm Altezze: 130 \u2013 200 mm","og_url":"https:\/\/faktumonline.com\/it\/prodotto\/zoccolo-al-mm\/","og_site_name":"Faktum Online Store","article_modified_time":"2024-09-28T12:27:17+00:00","og_image":[{"width":404,"height":654,"url":"https:\/\/faktumonline.com\/wp-content\/uploads\/2024\/10\/Plinth-1.jpg","type":"image\/jpeg"}],"twitter_card":"summary_large_image","twitter_misc":{"Tempo di lettura stimato":"1 minuto"},"schema":{"@context":"https:\/\/schema.org","@graph":[{"@type":"WebPage","@id":"https:\/\/faktumonline.com\/it\/prodotto\/zoccolo-al-mm\/","url":"https:\/\/faktumonline.com\/it\/prodotto\/zoccolo-al-mm\/","name":"Zoccolo al mm - Faktum Online Store","isPartOf":{"@id":"https:\/\/faktumonline.com\/da\/#website"},"primaryImageOfPage":{"@id":"https:\/\/faktumonline.com\/it\/prodotto\/zoccolo-al-mm\/#primaryimage"},"image":{"@id":"https:\/\/faktumonline.com\/it\/prodotto\/zoccolo-al-mm\/#primaryimage"},"thumbnailUrl":"https:\/\/faktumonline.com\/wp-content\/uploads\/2024\/10\/Plinth-1.jpg","datePublished":"2024-09-28T10:48:41+00:00","dateModified":"2024-09-28T12:27:17+00:00","breadcrumb":{"@id":"https:\/\/faktumonline.com\/it\/prodotto\/zoccolo-al-mm\/#breadcrumb"},"inLanguage":"it-IT","potentialAction":[{"@type":"ReadAction","target":["https:\/\/faktumonline.com\/it\/prodotto\/zoccolo-al-mm\/"]}]},{"@type":"ImageObject","inLanguage":"it-IT","@id":"https:\/\/faktumonline.com\/it\/prodotto\/zoccolo-al-mm\/#primaryimage","url":"https:\/\/faktumonline.com\/wp-content\/uploads\/2024\/10\/Plinth-1.jpg","contentUrl":"https:\/\/faktumonline.com\/wp-content\/uploads\/2024\/10\/Plinth-1.jpg","width":404,"height":654,"caption":"Zoccolo per una Cucina IKEA Faktum"},{"@type":"BreadcrumbList","@id":"https:\/\/faktumonline.com\/it\/prodotto\/zoccolo-al-mm\/#breadcrumb","itemListElement":[{"@type":"ListItem","position":1,"name":"Hem","item":"https:\/\/faktumonline.com\/it\/"},{"@type":"ListItem","position":2,"name":"Webshop","item":"https:\/\/faktumonline.com\/it\/webshop\/"},{"@type":"ListItem","position":3,"name":"Zoccolo al mm"}]},{"@type":"WebSite","@id":"https:\/\/faktumonline.com\/da\/#website","url":"https:\/\/faktumonline.com\/da\/","name":"Faktum Online Store","description":"Premium doors for IKEA kitchens","potentialAction":[{"@type":"SearchAction","target":{"@type":"EntryPoint","urlTemplate":"https:\/\/faktumonline.com\/da\/?s={search_term_string}"},"query-input":{"@type":"PropertyValueSpecification","valueRequired":true,"valueName":"search_term_string"}}],"inLanguage":"it-IT"}]}},"_links":{"self":[{"href":"https:\/\/faktumonline.com\/it\/wp-json\/wp\/v2\/product\/124280","targetHints":{"allow":["GET"]}}],"collection":[{"href":"https:\/\/faktumonline.com\/it\/wp-json\/wp\/v2\/product"}],"about":[{"href":"https:\/\/faktumonline.com\/it\/wp-json\/wp\/v2\/types\/product"}],"version-history":[{"count":1,"href":"https:\/\/faktumonline.com\/it\/wp-json\/wp\/v2\/product\/124280\/revisions"}],"predecessor-version":[{"id":124301,"href":"https:\/\/faktumonline.com\/it\/wp-json\/wp\/v2\/product\/124280\/revisions\/124301"}],"wp:featuredmedia":[{"embeddable":true,"href":"https:\/\/faktumonline.com\/it\/wp-json\/wp\/v2\/media\/125292"}],"wp:attachment":[{"href":"https:\/\/faktumonline.com\/it\/wp-json\/wp\/v2\/media?parent=124280"}],"wp:term":[{"taxonomy":"product_brand","embeddable":true,"href":"https:\/\/faktumonline.com\/it\/wp-json\/wp\/v2\/product_brand?post=124280"},{"taxonomy":"product_cat","embeddable":true,"href":"https:\/\/faktumonline.com\/it\/wp-json\/wp\/v2\/product_cat?post=124280"},{"taxonomy":"product_tag","embeddable":true,"href":"https:\/\/faktumonline.com\/it\/wp-json\/wp\/v2\/product_tag?post=124280"}],"curies":[{"name":"wp","href":"https:\/\/api.w.org\/{rel}","templated":true}]}}