{"id":5717,"date":"2018-12-13T15:22:56","date_gmt":"2018-12-13T14:22:56","guid":{"rendered":"https:\/\/faktumonline.com\/chi-siamo"},"modified":"2019-01-20T14:35:33","modified_gmt":"2019-01-20T13:35:33","slug":"chi-siamo","status":"publish","type":"page","link":"https:\/\/faktumonline.com\/it\/chi-siamo\/","title":{"rendered":"Chi Siamo"},"content":{"rendered":"<p>[section bg_overlay=&#8221;rgba(255, 255, 255, 0.5)&#8221;]<\/p>\n<p>[row style=&#8221;collapse&#8221; col_bg=&#8221;rgb(255, 255, 255)&#8221; padding=&#8221;30px 30px 30px 30px&#8221;]<\/p>\n<p>[col span__sm=&#8221;12&#8243;]<\/p>\n<h4><strong>NUOVE ANTE PER LA TUA CUCINA IKEA FAKTUM<br \/>\nANTE PER CUCINA MISURATE SECONDO I DISEGNI ORIGINALI DI IKEA, CHE SI ADATTANO PERFETTAMENTE AGLI ARMADI FAKTUM ESISTENTI E ALLE CERNIERE FAKTUM<\/strong><\/h4>\n<h3><strong>CHI SIAMO<\/strong><\/h3>\n<p>Siamo EasyFront, una delle pi\u00f9 grandi aziende in Scandinavia che produce le ante di ricambio in particolare per i mobili da cucina IKEA Faktum. Da quando IKEA ha terminato la serie Faktum alcuni anni fa \u00e8 possibile ordinare direttamente da noi. La nostra produzione \u00e8 fatta per Faktum e basata sui disegni originali di IKEA, perfetta per i vostri armadi Faktum e le vostre cerniere Faktum. Consegniamo in pacchi piatti al vostro indirizzo in circa 4 settimane. Tutti i fronti sono preparati e pronti all&#8217;uso. Mantieni i tuoi armadi, cerniere e maniglie ecc. Basta cambiare le ante!<\/p>\n<p>Siamo esperti di rinnovo delle cucine IKEA e il nostro servizio clienti si trova a Stoccolma, in Svezia. Saremo felici di assistervi per qualsiasi domanda riguardante il vostro progetto di aggiornamento della cucina. Inviate una mail (in italiano o inglese) a hello@faktumonline.com<\/p>\n<h3><strong>I NOSTRI MERCATI<\/strong><\/h3>\n<p>Potete ordinare i nostri prodotti da 3 diverse pagine web. Faktum.co.uk \u00e8 per consegne nel Regno Unito e ordini in \u00a3. Per il resto dell&#8217;Europa e per la valuta in euro <a href=\"https:\/\/faktumonline.com\/\">faktumonline.com<\/a>. Nel nostro principale <a href=\"https:\/\/www.xn--smlandsluckan-qfb.se\/\" target=\"_blank\" rel=\"noopener\">sito scandinavo<\/a> troverate pi\u00f9 foto e informazioni. Anche se sia in lingua svedese e in SEK, potete trovare ispirazioni tra tutte le immagini presenti.<\/p>\n<h3><strong>FAKTUM vs METOD?\u00a0<\/strong><\/h3>\n<p>IKEA ha avuto &#8220;Sistema Faktum&#8221; fino a circa met\u00e0 2013 e quindi stato terminato. L&#8217;attuale gamma di cucine di IKEA \u00e8 denominata &#8220;System Metod&#8221; ed \u00e8 ancora disponibile presso i magazzini IKEA. Il nostro obiettivo principale sono le ante di ricambio per il vecchio sistema Faktum, ma i nostri design sono anche disponibili per Metod. Una combinazione perfetta se avete una cucina mista con armadi della gamma Faktum e Metod e desiderate che vengano sostituiti tutti con lo stesso design e lo stesso colore. Saremo felici di assistervi per qualsiasi domanda riguardante il vostro progetto di aggiornamento della cucina. Inviate una mail (in italiano o inglese) a hello@faktumonline.com<\/p>\n<p>[ux_image id=&#8221;3171&#8243;]<\/p>\n<p>Come posso sapere se le mie carcasse di IKEA sono nel Metod o nella gamma Faktum? Guardate i fori per le cerniere. Metod (a sinistra) = 2 colonne e Faktum (a destra) = 1 colonna nella parte anteriore dell&#8217;armadio.<\/p>\n<h2><strong>Come posso sapere se le mie carcasse di IKEA sono nel IKEA Faktum o IKEA Metod?<\/strong><\/h2>\n<div id=\"content\" class=\"site-content\">\n<div class=\"corp-container\">\n<div class=\"elementor elementor-742\">\n<div class=\"elementor-inner\">\n<div class=\"elementor-section-wrap\">\n<section class=\"elementor-element elementor-element-cd3a634 elementor-section-boxed elementor-section-height-default elementor-section-height-default elementor-section elementor-top-section\" data-id=\"cd3a634\" data-element_type=\"section\">\n<div class=\"elementor-container elementor-column-gap-default\">\n<div class=\"elementor-row\">\n<div class=\"elementor-element elementor-element-673132a elementor-column elementor-col-100 elementor-top-column\" data-id=\"673132a\" data-element_type=\"column\">\n<div class=\"elementor-column-wrap elementor-element-populated\">\n<div class=\"elementor-widget-wrap\">\n<div class=\"elementor-element elementor-element-2c04e42 elementor-widget elementor-widget-text-editor\" data-id=\"2c04e42\" data-element_type=\"text-editor.default\">\n<div class=\"elementor-widget-container\">\n<div class=\"elementor-text-editor elementor-clearfix\">\n<p>Se non siette sicuri del tipo di cucina IKEA che havete, potete vedere guardando i buchi all&#8217;interno degli armadi: gli armadi Faktum hanno una singola fila di fori lungo il bordo e gli armadi Metod hanno una doppia fila.<\/p>\n<\/div>\n<\/div>\n<\/div>\n<\/div>\n<\/div>\n<\/div>\n<\/div>\n<\/div>\n<\/section>\n<\/div>\n<\/div>\n<\/div>\n<\/div>\n<\/div>\n<footer id=\"colophon\" class=\"site-footer\">\n<div class=\"corp-container\">\n<div class=\"widgets widgets-1\" aria-label=\"Footer Widgets\"><\/div>\n<\/div>\n<\/footer>\n<p>[\/col]<\/p>\n<p>[\/row]<\/p>\n<p>[\/section]<\/p>\n","protected":false},"excerpt":{"rendered":"<p>[section bg_overlay=&#8221;rgba(255, 255, 255, 0.5)&#8221;] [row style=&#8221;collapse&#8221; col_bg=&#8221;rgb(255, 255, 255)&#8221; padding=&#8221;30px 30px 30px 30px&#8221;] [col span__sm=&#8221;12&#8243;] NUOVE ANTE PER LA TUA CUCINA IKEA FAKTUM ANTE PER CUCINA MISURATE SECONDO I DISEGNI ORIGINALI DI IKEA, CHE SI ADATTANO PERFETTAMENTE AGLI ARMADI FAKTUM ESISTENTI E ALLE CERNIERE FAKTUM CHI SIAMO Siamo EasyFront, una delle pi\u00f9 grandi aziende &#8230; <a title=\"Chi Siamo\" class=\"read-more\" href=\"https:\/\/faktumonline.com\/it\/chi-siamo\/\" aria-label=\"Per saperne di pi\u00f9 su Chi Siamo\">Leggi tutto<\/a><\/p>\n","protected":false},"author":2,"featured_media":0,"parent":0,"menu_order":0,"comment_status":"closed","ping_status":"closed","template":"elementor_header_footer","meta":{"footnotes":""},"class_list":["post-5717","page","type-page","status-publish"],"yoast_head":"<!-- This site is optimized with the Yoast SEO Premium plugin v27.5 (Yoast SEO v27.5) - https:\/\/yoast.com\/product\/yoast-seo-premium-wordpress\/ -->\n<title>Chi Siamo - Faktum Online Store<\/title>\n<meta name=\"robots\" content=\"index, follow, max-snippet:-1, max-image-preview:large, max-video-preview:-1\" \/>\n<link rel=\"canonical\" href=\"https:\/\/faktumonline.com\/it\/chi-siamo\/\" \/>\n<meta property=\"og:locale\" content=\"it_IT\" \/>\n<meta property=\"og:type\" content=\"article\" \/>\n<meta property=\"og:title\" content=\"Chi Siamo\" \/>\n<meta property=\"og:description\" content=\"[section bg_overlay=&#8221;rgba(255, 255, 255, 0.5)&#8221;] [row style=&#8221;collapse&#8221; col_bg=&#8221;rgb(255, 255, 255)&#8221; padding=&#8221;30px 30px 30px 30px&#8221;] [col span__sm=&#8221;12&#8243;] NUOVE ANTE PER LA TUA CUCINA IKEA FAKTUM ANTE PER CUCINA MISURATE SECONDO I DISEGNI ORIGINALI DI IKEA, CHE SI ADATTANO PERFETTAMENTE AGLI ARMADI FAKTUM ESISTENTI E ALLE CERNIERE FAKTUM CHI SIAMO Siamo EasyFront, una delle pi\u00f9 grandi aziende ... Leggi tutto\" \/>\n<meta property=\"og:url\" content=\"https:\/\/faktumonline.com\/it\/chi-siamo\/\" \/>\n<meta property=\"og:site_name\" content=\"Faktum Online Store\" \/>\n<meta property=\"article:modified_time\" content=\"2019-01-20T13:35:33+00:00\" \/>\n<meta name=\"twitter:card\" content=\"summary_large_image\" \/>\n<meta name=\"twitter:label1\" content=\"Tempo di lettura stimato\" \/>\n\t<meta name=\"twitter:data1\" content=\"2 minuti\" \/>\n<script type=\"application\/ld+json\" class=\"yoast-schema-graph\">{\"@context\":\"https:\\\/\\\/schema.org\",\"@graph\":[{\"@type\":\"WebPage\",\"@id\":\"https:\\\/\\\/faktumonline.com\\\/it\\\/chi-siamo\\\/\",\"url\":\"https:\\\/\\\/faktumonline.com\\\/it\\\/chi-siamo\\\/\",\"name\":\"Chi Siamo - Faktum Online Store\",\"isPartOf\":{\"@id\":\"https:\\\/\\\/faktumonline.com\\\/da\\\/#website\"},\"datePublished\":\"2018-12-13T14:22:56+00:00\",\"dateModified\":\"2019-01-20T13:35:33+00:00\",\"breadcrumb\":{\"@id\":\"https:\\\/\\\/faktumonline.com\\\/it\\\/chi-siamo\\\/#breadcrumb\"},\"inLanguage\":\"it-IT\",\"potentialAction\":[{\"@type\":\"ReadAction\",\"target\":[\"https:\\\/\\\/faktumonline.com\\\/it\\\/chi-siamo\\\/\"]}]},{\"@type\":\"BreadcrumbList\",\"@id\":\"https:\\\/\\\/faktumonline.com\\\/it\\\/chi-siamo\\\/#breadcrumb\",\"itemListElement\":[{\"@type\":\"ListItem\",\"position\":1,\"name\":\"Hem\",\"item\":\"https:\\\/\\\/faktumonline.com\\\/it\\\/\"},{\"@type\":\"ListItem\",\"position\":2,\"name\":\"Chi Siamo\"}]},{\"@type\":\"WebSite\",\"@id\":\"https:\\\/\\\/faktumonline.com\\\/da\\\/#website\",\"url\":\"https:\\\/\\\/faktumonline.com\\\/da\\\/\",\"name\":\"Faktum Online Store\",\"description\":\"Premium doors for IKEA kitchens\",\"potentialAction\":[{\"@type\":\"SearchAction\",\"target\":{\"@type\":\"EntryPoint\",\"urlTemplate\":\"https:\\\/\\\/faktumonline.com\\\/da\\\/?s={search_term_string}\"},\"query-input\":{\"@type\":\"PropertyValueSpecification\",\"valueRequired\":true,\"valueName\":\"search_term_string\"}}],\"inLanguage\":\"it-IT\"}]}<\/script>\n<!-- \/ Yoast SEO Premium plugin. -->","yoast_head_json":{"title":"Chi Siamo - Faktum Online Store","robots":{"index":"index","follow":"follow","max-snippet":"max-snippet:-1","max-image-preview":"max-image-preview:large","max-video-preview":"max-video-preview:-1"},"canonical":"https:\/\/faktumonline.com\/it\/chi-siamo\/","og_locale":"it_IT","og_type":"article","og_title":"Chi Siamo","og_description":"[section bg_overlay=&#8221;rgba(255, 255, 255, 0.5)&#8221;] [row style=&#8221;collapse&#8221; col_bg=&#8221;rgb(255, 255, 255)&#8221; padding=&#8221;30px 30px 30px 30px&#8221;] [col span__sm=&#8221;12&#8243;] NUOVE ANTE PER LA TUA CUCINA IKEA FAKTUM ANTE PER CUCINA MISURATE SECONDO I DISEGNI ORIGINALI DI IKEA, CHE SI ADATTANO PERFETTAMENTE AGLI ARMADI FAKTUM ESISTENTI E ALLE CERNIERE FAKTUM CHI SIAMO Siamo EasyFront, una delle pi\u00f9 grandi aziende ... Leggi tutto","og_url":"https:\/\/faktumonline.com\/it\/chi-siamo\/","og_site_name":"Faktum Online Store","article_modified_time":"2019-01-20T13:35:33+00:00","twitter_card":"summary_large_image","twitter_misc":{"Tempo di lettura stimato":"2 minuti"},"schema":{"@context":"https:\/\/schema.org","@graph":[{"@type":"WebPage","@id":"https:\/\/faktumonline.com\/it\/chi-siamo\/","url":"https:\/\/faktumonline.com\/it\/chi-siamo\/","name":"Chi Siamo - Faktum Online Store","isPartOf":{"@id":"https:\/\/faktumonline.com\/da\/#website"},"datePublished":"2018-12-13T14:22:56+00:00","dateModified":"2019-01-20T13:35:33+00:00","breadcrumb":{"@id":"https:\/\/faktumonline.com\/it\/chi-siamo\/#breadcrumb"},"inLanguage":"it-IT","potentialAction":[{"@type":"ReadAction","target":["https:\/\/faktumonline.com\/it\/chi-siamo\/"]}]},{"@type":"BreadcrumbList","@id":"https:\/\/faktumonline.com\/it\/chi-siamo\/#breadcrumb","itemListElement":[{"@type":"ListItem","position":1,"name":"Hem","item":"https:\/\/faktumonline.com\/it\/"},{"@type":"ListItem","position":2,"name":"Chi Siamo"}]},{"@type":"WebSite","@id":"https:\/\/faktumonline.com\/da\/#website","url":"https:\/\/faktumonline.com\/da\/","name":"Faktum Online Store","description":"Premium doors for IKEA kitchens","potentialAction":[{"@type":"SearchAction","target":{"@type":"EntryPoint","urlTemplate":"https:\/\/faktumonline.com\/da\/?s={search_term_string}"},"query-input":{"@type":"PropertyValueSpecification","valueRequired":true,"valueName":"search_term_string"}}],"inLanguage":"it-IT"}]}},"_links":{"self":[{"href":"https:\/\/faktumonline.com\/it\/wp-json\/wp\/v2\/pages\/5717","targetHints":{"allow":["GET"]}}],"collection":[{"href":"https:\/\/faktumonline.com\/it\/wp-json\/wp\/v2\/pages"}],"about":[{"href":"https:\/\/faktumonline.com\/it\/wp-json\/wp\/v2\/types\/page"}],"author":[{"embeddable":true,"href":"https:\/\/faktumonline.com\/it\/wp-json\/wp\/v2\/users\/2"}],"replies":[{"embeddable":true,"href":"https:\/\/faktumonline.com\/it\/wp-json\/wp\/v2\/comments?post=5717"}],"version-history":[{"count":0,"href":"https:\/\/faktumonline.com\/it\/wp-json\/wp\/v2\/pages\/5717\/revisions"}],"wp:attachment":[{"href":"https:\/\/faktumonline.com\/it\/wp-json\/wp\/v2\/media?parent=5717"}],"curies":[{"name":"wp","href":"https:\/\/api.w.org\/{rel}","templated":true}]}}