{"id":90867,"date":"2023-03-16T22:39:35","date_gmt":"2023-03-16T21:39:35","guid":{"rendered":"https:\/\/faktumonline.com\/product\/carrousel-demi-lune-pour-meuble-dangle-120x70-2-roues-pivotantes-en-acier\/"},"modified":"2023-05-08T18:16:35","modified_gmt":"2023-05-08T17:16:35","slug":"tourniquet-demi-lune-pour-meuble-bas-dangle-faktum-120x70","status":"publish","type":"product","link":"https:\/\/faktumonline.com\/fr\/produit\/tourniquet-demi-lune-pour-meuble-bas-dangle-faktum-120x70\/","title":{"rendered":"Tourniquet \u00ab demi-lune \u00bb pour meuble bas d\u2019angle Faktum 120&#215;70"},"content":{"rendered":"","protected":false},"excerpt":{"rendered":"<p>Tourniquet \u00ab demi-lune \u00bb pour meuble bas d\u2019angle Faktum 120&#215;70.<br \/>\n2 paniers pivotants en acier. Charge maximale 20 kg par \u00e9tag\u00e8re. Grace \u00e0 ces deux \u00e9tag\u00e8res pivotantes vous utiliserez au maximum l&rsquo;espace d&rsquo;angle de ce placard. Id\u00e9al pour ranger des casseroles, des plats, des aliments secs\u2026<\/p>\n","protected":false},"featured_media":86141,"template":"","meta":[],"product_brand":[],"product_cat":[1508],"product_tag":[],"class_list":{"0":"post-90867","1":"product","2":"type-product","3":"status-publish","4":"has-post-thumbnail","6":"product_cat-carrousels","7":"sales-flash-overlay","8":"woocommerce-text-align-center","9":"woocommerce-image-align-center","11":"first","12":"instock","13":"taxable","14":"shipping-taxable","15":"purchasable","16":"product-type-simple"},"exclude_global_add_ons":[],"addons":[],"yoast_head":"<!-- This site is optimized with the Yoast SEO Premium plugin v27.4 (Yoast SEO v27.4) - https:\/\/yoast.com\/product\/yoast-seo-premium-wordpress\/ -->\n<title>Carrousel pour meuble d&#039;angle IKEA Faktum 120x70<\/title>\n<meta name=\"robots\" content=\"index, follow, max-snippet:-1, max-image-preview:large, max-video-preview:-1\" \/>\n<link rel=\"canonical\" href=\"https:\/\/faktumonline.com\/fr\/produit\/tourniquet-demi-lune-pour-meuble-bas-dangle-faktum-120x70\/\" \/>\n<meta property=\"og:locale\" content=\"fr_FR\" \/>\n<meta property=\"og:type\" content=\"article\" \/>\n<meta property=\"og:title\" content=\"Tourniquet \u00ab demi-lune \u00bb pour meuble bas d\u2019angle Faktum 120x70\" \/>\n<meta property=\"og:description\" content=\"Tourniquet \u00ab demi-lune \u00bb pour meuble bas d\u2019angle Faktum 120x70. 2 paniers pivotants en acier. Charge maximale 20 kg par \u00e9tag\u00e8re. Grace \u00e0 ces deux \u00e9tag\u00e8res pivotantes vous utiliserez au maximum l&#039;espace d&#039;angle de ce placard. Id\u00e9al pour ranger des casseroles, des plats, des aliments secs\u2026\" \/>\n<meta property=\"og:url\" content=\"https:\/\/faktumonline.com\/fr\/produit\/tourniquet-demi-lune-pour-meuble-bas-dangle-faktum-120x70\/\" \/>\n<meta property=\"og:site_name\" content=\"Faktum online store\" \/>\n<meta property=\"article:modified_time\" content=\"2023-05-08T17:16:35+00:00\" \/>\n<meta property=\"og:image\" content=\"https:\/\/faktumonline.com\/wp-content\/uploads\/2019\/07\/Carousel-Chrome-for-120x70-IKEA-Faktum.jpg\" \/>\n\t<meta property=\"og:image:width\" content=\"900\" \/>\n\t<meta property=\"og:image:height\" content=\"1204\" \/>\n\t<meta property=\"og:image:type\" content=\"image\/jpeg\" \/>\n<meta name=\"twitter:card\" content=\"summary_large_image\" \/>\n<script type=\"application\/ld+json\" class=\"yoast-schema-graph\">{\"@context\":\"https:\\\/\\\/schema.org\",\"@graph\":[{\"@type\":\"WebPage\",\"@id\":\"https:\\\/\\\/faktumonline.com\\\/fr\\\/produit\\\/tourniquet-demi-lune-pour-meuble-bas-dangle-faktum-120x70\\\/\",\"url\":\"https:\\\/\\\/faktumonline.com\\\/fr\\\/produit\\\/tourniquet-demi-lune-pour-meuble-bas-dangle-faktum-120x70\\\/\",\"name\":\"Carrousel pour meuble d'angle IKEA Faktum 120x70\",\"isPartOf\":{\"@id\":\"https:\\\/\\\/faktumonline.com\\\/da\\\/#website\"},\"primaryImageOfPage\":{\"@id\":\"https:\\\/\\\/faktumonline.com\\\/fr\\\/produit\\\/tourniquet-demi-lune-pour-meuble-bas-dangle-faktum-120x70\\\/#primaryimage\"},\"image\":{\"@id\":\"https:\\\/\\\/faktumonline.com\\\/fr\\\/produit\\\/tourniquet-demi-lune-pour-meuble-bas-dangle-faktum-120x70\\\/#primaryimage\"},\"thumbnailUrl\":\"https:\\\/\\\/faktumonline.com\\\/wp-content\\\/uploads\\\/2019\\\/07\\\/Carousel-Chrome-for-120x70-IKEA-Faktum.jpg\",\"datePublished\":\"2023-03-16T21:39:35+00:00\",\"dateModified\":\"2023-05-08T17:16:35+00:00\",\"breadcrumb\":{\"@id\":\"https:\\\/\\\/faktumonline.com\\\/fr\\\/produit\\\/tourniquet-demi-lune-pour-meuble-bas-dangle-faktum-120x70\\\/#breadcrumb\"},\"inLanguage\":\"fr-FR\",\"potentialAction\":[{\"@type\":\"ReadAction\",\"target\":[\"https:\\\/\\\/faktumonline.com\\\/fr\\\/produit\\\/tourniquet-demi-lune-pour-meuble-bas-dangle-faktum-120x70\\\/\"]}]},{\"@type\":\"ImageObject\",\"inLanguage\":\"fr-FR\",\"@id\":\"https:\\\/\\\/faktumonline.com\\\/fr\\\/produit\\\/tourniquet-demi-lune-pour-meuble-bas-dangle-faktum-120x70\\\/#primaryimage\",\"url\":\"https:\\\/\\\/faktumonline.com\\\/wp-content\\\/uploads\\\/2019\\\/07\\\/Carousel-Chrome-for-120x70-IKEA-Faktum.jpg\",\"contentUrl\":\"https:\\\/\\\/faktumonline.com\\\/wp-content\\\/uploads\\\/2019\\\/07\\\/Carousel-Chrome-for-120x70-IKEA-Faktum.jpg\",\"width\":900,\"height\":1204},{\"@type\":\"BreadcrumbList\",\"@id\":\"https:\\\/\\\/faktumonline.com\\\/fr\\\/produit\\\/tourniquet-demi-lune-pour-meuble-bas-dangle-faktum-120x70\\\/#breadcrumb\",\"itemListElement\":[{\"@type\":\"ListItem\",\"position\":1,\"name\":\"Hem\",\"item\":\"https:\\\/\\\/faktumonline.com\\\/fr\\\/\"},{\"@type\":\"ListItem\",\"position\":2,\"name\":\"Webshop\",\"item\":\"https:\\\/\\\/faktumonline.com\\\/fr\\\/webshop\\\/\"},{\"@type\":\"ListItem\",\"position\":3,\"name\":\"Tourniquet \u00ab demi-lune \u00bb pour meuble bas d\u2019angle Faktum 120&#215;70\"}]},{\"@type\":\"WebSite\",\"@id\":\"https:\\\/\\\/faktumonline.com\\\/da\\\/#website\",\"url\":\"https:\\\/\\\/faktumonline.com\\\/da\\\/\",\"name\":\"Faktum Online Store\",\"description\":\"Premium doors for IKEA kitchens\",\"potentialAction\":[{\"@type\":\"SearchAction\",\"target\":{\"@type\":\"EntryPoint\",\"urlTemplate\":\"https:\\\/\\\/faktumonline.com\\\/da\\\/?s={search_term_string}\"},\"query-input\":{\"@type\":\"PropertyValueSpecification\",\"valueRequired\":true,\"valueName\":\"search_term_string\"}}],\"inLanguage\":\"fr-FR\"}]}<\/script>\n<!-- \/ Yoast SEO Premium plugin. -->","yoast_head_json":{"title":"Carrousel pour meuble d'angle IKEA Faktum 120x70","robots":{"index":"index","follow":"follow","max-snippet":"max-snippet:-1","max-image-preview":"max-image-preview:large","max-video-preview":"max-video-preview:-1"},"canonical":"https:\/\/faktumonline.com\/fr\/produit\/tourniquet-demi-lune-pour-meuble-bas-dangle-faktum-120x70\/","og_locale":"fr_FR","og_type":"article","og_title":"Tourniquet \u00ab demi-lune \u00bb pour meuble bas d\u2019angle Faktum 120x70","og_description":"Tourniquet \u00ab demi-lune \u00bb pour meuble bas d\u2019angle Faktum 120x70. 2 paniers pivotants en acier. Charge maximale 20 kg par \u00e9tag\u00e8re. Grace \u00e0 ces deux \u00e9tag\u00e8res pivotantes vous utiliserez au maximum l'espace d'angle de ce placard. Id\u00e9al pour ranger des casseroles, des plats, des aliments secs\u2026","og_url":"https:\/\/faktumonline.com\/fr\/produit\/tourniquet-demi-lune-pour-meuble-bas-dangle-faktum-120x70\/","og_site_name":"Faktum online store","article_modified_time":"2023-05-08T17:16:35+00:00","og_image":[{"width":900,"height":1204,"url":"https:\/\/faktumonline.com\/wp-content\/uploads\/2019\/07\/Carousel-Chrome-for-120x70-IKEA-Faktum.jpg","type":"image\/jpeg"}],"twitter_card":"summary_large_image","schema":{"@context":"https:\/\/schema.org","@graph":[{"@type":"WebPage","@id":"https:\/\/faktumonline.com\/fr\/produit\/tourniquet-demi-lune-pour-meuble-bas-dangle-faktum-120x70\/","url":"https:\/\/faktumonline.com\/fr\/produit\/tourniquet-demi-lune-pour-meuble-bas-dangle-faktum-120x70\/","name":"Carrousel pour meuble d'angle IKEA Faktum 120x70","isPartOf":{"@id":"https:\/\/faktumonline.com\/da\/#website"},"primaryImageOfPage":{"@id":"https:\/\/faktumonline.com\/fr\/produit\/tourniquet-demi-lune-pour-meuble-bas-dangle-faktum-120x70\/#primaryimage"},"image":{"@id":"https:\/\/faktumonline.com\/fr\/produit\/tourniquet-demi-lune-pour-meuble-bas-dangle-faktum-120x70\/#primaryimage"},"thumbnailUrl":"https:\/\/faktumonline.com\/wp-content\/uploads\/2019\/07\/Carousel-Chrome-for-120x70-IKEA-Faktum.jpg","datePublished":"2023-03-16T21:39:35+00:00","dateModified":"2023-05-08T17:16:35+00:00","breadcrumb":{"@id":"https:\/\/faktumonline.com\/fr\/produit\/tourniquet-demi-lune-pour-meuble-bas-dangle-faktum-120x70\/#breadcrumb"},"inLanguage":"fr-FR","potentialAction":[{"@type":"ReadAction","target":["https:\/\/faktumonline.com\/fr\/produit\/tourniquet-demi-lune-pour-meuble-bas-dangle-faktum-120x70\/"]}]},{"@type":"ImageObject","inLanguage":"fr-FR","@id":"https:\/\/faktumonline.com\/fr\/produit\/tourniquet-demi-lune-pour-meuble-bas-dangle-faktum-120x70\/#primaryimage","url":"https:\/\/faktumonline.com\/wp-content\/uploads\/2019\/07\/Carousel-Chrome-for-120x70-IKEA-Faktum.jpg","contentUrl":"https:\/\/faktumonline.com\/wp-content\/uploads\/2019\/07\/Carousel-Chrome-for-120x70-IKEA-Faktum.jpg","width":900,"height":1204},{"@type":"BreadcrumbList","@id":"https:\/\/faktumonline.com\/fr\/produit\/tourniquet-demi-lune-pour-meuble-bas-dangle-faktum-120x70\/#breadcrumb","itemListElement":[{"@type":"ListItem","position":1,"name":"Hem","item":"https:\/\/faktumonline.com\/fr\/"},{"@type":"ListItem","position":2,"name":"Webshop","item":"https:\/\/faktumonline.com\/fr\/webshop\/"},{"@type":"ListItem","position":3,"name":"Tourniquet \u00ab demi-lune \u00bb pour meuble bas d\u2019angle Faktum 120&#215;70"}]},{"@type":"WebSite","@id":"https:\/\/faktumonline.com\/da\/#website","url":"https:\/\/faktumonline.com\/da\/","name":"Faktum Online Store","description":"Premium doors for IKEA kitchens","potentialAction":[{"@type":"SearchAction","target":{"@type":"EntryPoint","urlTemplate":"https:\/\/faktumonline.com\/da\/?s={search_term_string}"},"query-input":{"@type":"PropertyValueSpecification","valueRequired":true,"valueName":"search_term_string"}}],"inLanguage":"fr-FR"}]}},"_links":{"self":[{"href":"https:\/\/faktumonline.com\/fr\/wp-json\/wp\/v2\/product\/90867","targetHints":{"allow":["GET"]}}],"collection":[{"href":"https:\/\/faktumonline.com\/fr\/wp-json\/wp\/v2\/product"}],"about":[{"href":"https:\/\/faktumonline.com\/fr\/wp-json\/wp\/v2\/types\/product"}],"version-history":[{"count":1,"href":"https:\/\/faktumonline.com\/fr\/wp-json\/wp\/v2\/product\/90867\/revisions"}],"predecessor-version":[{"id":90925,"href":"https:\/\/faktumonline.com\/fr\/wp-json\/wp\/v2\/product\/90867\/revisions\/90925"}],"wp:featuredmedia":[{"embeddable":true,"href":"https:\/\/faktumonline.com\/fr\/wp-json\/wp\/v2\/media\/86141"}],"wp:attachment":[{"href":"https:\/\/faktumonline.com\/fr\/wp-json\/wp\/v2\/media?parent=90867"}],"wp:term":[{"taxonomy":"product_brand","embeddable":true,"href":"https:\/\/faktumonline.com\/fr\/wp-json\/wp\/v2\/product_brand?post=90867"},{"taxonomy":"product_cat","embeddable":true,"href":"https:\/\/faktumonline.com\/fr\/wp-json\/wp\/v2\/product_cat?post=90867"},{"taxonomy":"product_tag","embeddable":true,"href":"https:\/\/faktumonline.com\/fr\/wp-json\/wp\/v2\/product_tag?post=90867"}],"curies":[{"name":"wp","href":"https:\/\/api.w.org\/{rel}","templated":true}]}}