{"id":85213,"date":"2023-02-05T17:43:34","date_gmt":"2023-02-05T16:43:35","guid":{"rendered":"https:\/\/faktumonline.com\/?post_type=product&#038;p=85213"},"modified":"2023-02-05T18:58:34","modified_gmt":"2023-02-05T17:58:34","slug":"specimen-w03","status":"publish","type":"product","link":"https:\/\/faktumonline.com\/fr\/produit\/specimen-w03\/","title":{"rendered":"Sp\u00e9cimen W03"},"content":{"rendered":"","protected":false},"excerpt":{"rendered":"<p>Sp\u00e9cimen du mod\u00e8le W03. Ce sp\u00e9cimen est une illustration de dimensions 30&#215;40 cm du dessin\/mod\u00e8le, identique au produit fini. Il est fabriqu\u00e9 dans la m\u00eame qualit\u00e9 de MDF premium que l\u2019ensemble de nos fa\u00e7ades. Il sera exp\u00e9di\u00e9 dans une couleur al\u00e9atoire de notre gamme de coloris.<\/p>\n<p>Images: En fonction des param\u00e8tres de r\u00e9glage de votre \u00e9cran (ordinateur, t\u00e9l\u00e9phone, tablette, etc.), la couleur, la brillance et l\u2019aspect peuvent \u00eatre diff\u00e9rents du rendu r\u00e9el dans les conditions d&rsquo;\u00e9clairage de votre cuisine. Veuillez consid\u00e9rer ces images comme un guide approximatif uniquement.<\/p>\n","protected":false},"featured_media":85196,"template":"","meta":[],"product_brand":[],"product_cat":[1409],"product_tag":[],"class_list":{"0":"post-85213","1":"product","2":"type-product","3":"status-publish","4":"has-post-thumbnail","6":"product_cat-specimen","7":"product_shipping_class-frakt35-fr","8":"sales-flash-overlay","9":"woocommerce-text-align-center","10":"woocommerce-image-align-center","11":"wc-has-gallery","13":"first","14":"instock","15":"sold-individually","16":"taxable","17":"shipping-taxable","18":"purchasable","19":"product-type-simple"},"exclude_global_add_ons":[],"addons":[],"yoast_head":"<!-- This site is optimized with the Yoast SEO Premium plugin v27.0 (Yoast SEO v27.0) - https:\/\/yoast.com\/product\/yoast-seo-premium-wordpress\/ -->\n<title>Sp\u00e9cimen W03 - Faktum online store<\/title>\n<meta name=\"robots\" content=\"index, follow, max-snippet:-1, max-image-preview:large, max-video-preview:-1\" \/>\n<link rel=\"canonical\" href=\"https:\/\/faktumonline.com\/fr\/produit\/specimen-w03\/\" \/>\n<meta property=\"og:locale\" content=\"fr_FR\" \/>\n<meta property=\"og:type\" content=\"article\" \/>\n<meta property=\"og:title\" content=\"Sp\u00e9cimen W03\" \/>\n<meta property=\"og:description\" content=\"Sp\u00e9cimen du mod\u00e8le W03. Ce sp\u00e9cimen est une illustration de dimensions 30x40 cm du dessin\/mod\u00e8le, identique au produit fini. Il est fabriqu\u00e9 dans la m\u00eame qualit\u00e9 de MDF premium que l\u2019ensemble de nos fa\u00e7ades. Il sera exp\u00e9di\u00e9 dans une couleur al\u00e9atoire de notre gamme de coloris.  Images: En fonction des param\u00e8tres de r\u00e9glage de votre \u00e9cran (ordinateur, t\u00e9l\u00e9phone, tablette, etc.), la couleur, la brillance et l\u2019aspect peuvent \u00eatre diff\u00e9rents du rendu r\u00e9el dans les conditions d&#039;\u00e9clairage de votre cuisine. Veuillez consid\u00e9rer ces images comme un guide approximatif uniquement.\" \/>\n<meta property=\"og:url\" content=\"https:\/\/faktumonline.com\/fr\/produit\/specimen-w03\/\" \/>\n<meta property=\"og:site_name\" content=\"Faktum online store\" \/>\n<meta property=\"article:modified_time\" content=\"2023-02-05T17:58:34+00:00\" \/>\n<meta property=\"og:image\" content=\"https:\/\/faktumonline.com\/wp-content\/uploads\/2023\/02\/W03-UN3503.jpg\" \/>\n\t<meta property=\"og:image:width\" content=\"354\" \/>\n\t<meta property=\"og:image:height\" content=\"510\" \/>\n\t<meta property=\"og:image:type\" content=\"image\/jpeg\" \/>\n<meta name=\"twitter:card\" content=\"summary_large_image\" \/>\n<script type=\"application\/ld+json\" class=\"yoast-schema-graph\">{\"@context\":\"https:\/\/schema.org\",\"@graph\":[{\"@type\":\"WebPage\",\"@id\":\"https:\/\/faktumonline.com\/fr\/produit\/specimen-w03\/\",\"url\":\"https:\/\/faktumonline.com\/fr\/produit\/specimen-w03\/\",\"name\":\"Sp\u00e9cimen W03 - Faktum online store\",\"isPartOf\":{\"@id\":\"https:\/\/faktumonline.com\/da\/#website\"},\"primaryImageOfPage\":{\"@id\":\"https:\/\/faktumonline.com\/fr\/produit\/specimen-w03\/#primaryimage\"},\"image\":{\"@id\":\"https:\/\/faktumonline.com\/fr\/produit\/specimen-w03\/#primaryimage\"},\"thumbnailUrl\":\"https:\/\/faktumonline.com\/wp-content\/uploads\/2023\/02\/W03-UN3503.jpg\",\"datePublished\":\"2023-02-05T16:43:35+00:00\",\"dateModified\":\"2023-02-05T17:58:34+00:00\",\"breadcrumb\":{\"@id\":\"https:\/\/faktumonline.com\/fr\/produit\/specimen-w03\/#breadcrumb\"},\"inLanguage\":\"fr-FR\",\"potentialAction\":[{\"@type\":\"ReadAction\",\"target\":[\"https:\/\/faktumonline.com\/fr\/produit\/specimen-w03\/\"]}]},{\"@type\":\"ImageObject\",\"inLanguage\":\"fr-FR\",\"@id\":\"https:\/\/faktumonline.com\/fr\/produit\/specimen-w03\/#primaryimage\",\"url\":\"https:\/\/faktumonline.com\/wp-content\/uploads\/2023\/02\/W03-UN3503.jpg\",\"contentUrl\":\"https:\/\/faktumonline.com\/wp-content\/uploads\/2023\/02\/W03-UN3503.jpg\",\"width\":354,\"height\":510,\"caption\":\"W03\"},{\"@type\":\"BreadcrumbList\",\"@id\":\"https:\/\/faktumonline.com\/fr\/produit\/specimen-w03\/#breadcrumb\",\"itemListElement\":[{\"@type\":\"ListItem\",\"position\":1,\"name\":\"Hem\",\"item\":\"https:\/\/faktumonline.com\/fr\/\"},{\"@type\":\"ListItem\",\"position\":2,\"name\":\"Webshop\",\"item\":\"https:\/\/faktumonline.com\/fr\/webshop\/\"},{\"@type\":\"ListItem\",\"position\":3,\"name\":\"Sp\u00e9cimen W03\"}]},{\"@type\":\"WebSite\",\"@id\":\"https:\/\/faktumonline.com\/da\/#website\",\"url\":\"https:\/\/faktumonline.com\/da\/\",\"name\":\"Faktum Online Store\",\"description\":\"Premium doors for IKEA kitchens\",\"potentialAction\":[{\"@type\":\"SearchAction\",\"target\":{\"@type\":\"EntryPoint\",\"urlTemplate\":\"https:\/\/faktumonline.com\/da\/?s={search_term_string}\"},\"query-input\":{\"@type\":\"PropertyValueSpecification\",\"valueRequired\":true,\"valueName\":\"search_term_string\"}}],\"inLanguage\":\"fr-FR\"}]}<\/script>\n<!-- \/ Yoast SEO Premium plugin. -->","yoast_head_json":{"title":"Sp\u00e9cimen W03 - Faktum online store","robots":{"index":"index","follow":"follow","max-snippet":"max-snippet:-1","max-image-preview":"max-image-preview:large","max-video-preview":"max-video-preview:-1"},"canonical":"https:\/\/faktumonline.com\/fr\/produit\/specimen-w03\/","og_locale":"fr_FR","og_type":"article","og_title":"Sp\u00e9cimen W03","og_description":"Sp\u00e9cimen du mod\u00e8le W03. Ce sp\u00e9cimen est une illustration de dimensions 30x40 cm du dessin\/mod\u00e8le, identique au produit fini. Il est fabriqu\u00e9 dans la m\u00eame qualit\u00e9 de MDF premium que l\u2019ensemble de nos fa\u00e7ades. Il sera exp\u00e9di\u00e9 dans une couleur al\u00e9atoire de notre gamme de coloris.  Images: En fonction des param\u00e8tres de r\u00e9glage de votre \u00e9cran (ordinateur, t\u00e9l\u00e9phone, tablette, etc.), la couleur, la brillance et l\u2019aspect peuvent \u00eatre diff\u00e9rents du rendu r\u00e9el dans les conditions d'\u00e9clairage de votre cuisine. Veuillez consid\u00e9rer ces images comme un guide approximatif uniquement.","og_url":"https:\/\/faktumonline.com\/fr\/produit\/specimen-w03\/","og_site_name":"Faktum online store","article_modified_time":"2023-02-05T17:58:34+00:00","og_image":[{"width":354,"height":510,"url":"https:\/\/faktumonline.com\/wp-content\/uploads\/2023\/02\/W03-UN3503.jpg","type":"image\/jpeg"}],"twitter_card":"summary_large_image","schema":{"@context":"https:\/\/schema.org","@graph":[{"@type":"WebPage","@id":"https:\/\/faktumonline.com\/fr\/produit\/specimen-w03\/","url":"https:\/\/faktumonline.com\/fr\/produit\/specimen-w03\/","name":"Sp\u00e9cimen W03 - Faktum online store","isPartOf":{"@id":"https:\/\/faktumonline.com\/da\/#website"},"primaryImageOfPage":{"@id":"https:\/\/faktumonline.com\/fr\/produit\/specimen-w03\/#primaryimage"},"image":{"@id":"https:\/\/faktumonline.com\/fr\/produit\/specimen-w03\/#primaryimage"},"thumbnailUrl":"https:\/\/faktumonline.com\/wp-content\/uploads\/2023\/02\/W03-UN3503.jpg","datePublished":"2023-02-05T16:43:35+00:00","dateModified":"2023-02-05T17:58:34+00:00","breadcrumb":{"@id":"https:\/\/faktumonline.com\/fr\/produit\/specimen-w03\/#breadcrumb"},"inLanguage":"fr-FR","potentialAction":[{"@type":"ReadAction","target":["https:\/\/faktumonline.com\/fr\/produit\/specimen-w03\/"]}]},{"@type":"ImageObject","inLanguage":"fr-FR","@id":"https:\/\/faktumonline.com\/fr\/produit\/specimen-w03\/#primaryimage","url":"https:\/\/faktumonline.com\/wp-content\/uploads\/2023\/02\/W03-UN3503.jpg","contentUrl":"https:\/\/faktumonline.com\/wp-content\/uploads\/2023\/02\/W03-UN3503.jpg","width":354,"height":510,"caption":"W03"},{"@type":"BreadcrumbList","@id":"https:\/\/faktumonline.com\/fr\/produit\/specimen-w03\/#breadcrumb","itemListElement":[{"@type":"ListItem","position":1,"name":"Hem","item":"https:\/\/faktumonline.com\/fr\/"},{"@type":"ListItem","position":2,"name":"Webshop","item":"https:\/\/faktumonline.com\/fr\/webshop\/"},{"@type":"ListItem","position":3,"name":"Sp\u00e9cimen W03"}]},{"@type":"WebSite","@id":"https:\/\/faktumonline.com\/da\/#website","url":"https:\/\/faktumonline.com\/da\/","name":"Faktum Online Store","description":"Premium doors for IKEA kitchens","potentialAction":[{"@type":"SearchAction","target":{"@type":"EntryPoint","urlTemplate":"https:\/\/faktumonline.com\/da\/?s={search_term_string}"},"query-input":{"@type":"PropertyValueSpecification","valueRequired":true,"valueName":"search_term_string"}}],"inLanguage":"fr-FR"}]}},"_links":{"self":[{"href":"https:\/\/faktumonline.com\/fr\/wp-json\/wp\/v2\/product\/85213","targetHints":{"allow":["GET"]}}],"collection":[{"href":"https:\/\/faktumonline.com\/fr\/wp-json\/wp\/v2\/product"}],"about":[{"href":"https:\/\/faktumonline.com\/fr\/wp-json\/wp\/v2\/types\/product"}],"version-history":[{"count":2,"href":"https:\/\/faktumonline.com\/fr\/wp-json\/wp\/v2\/product\/85213\/revisions"}],"predecessor-version":[{"id":85264,"href":"https:\/\/faktumonline.com\/fr\/wp-json\/wp\/v2\/product\/85213\/revisions\/85264"}],"wp:featuredmedia":[{"embeddable":true,"href":"https:\/\/faktumonline.com\/fr\/wp-json\/wp\/v2\/media\/85196"}],"wp:attachment":[{"href":"https:\/\/faktumonline.com\/fr\/wp-json\/wp\/v2\/media?parent=85213"}],"wp:term":[{"taxonomy":"product_brand","embeddable":true,"href":"https:\/\/faktumonline.com\/fr\/wp-json\/wp\/v2\/product_brand?post=85213"},{"taxonomy":"product_cat","embeddable":true,"href":"https:\/\/faktumonline.com\/fr\/wp-json\/wp\/v2\/product_cat?post=85213"},{"taxonomy":"product_tag","embeddable":true,"href":"https:\/\/faktumonline.com\/fr\/wp-json\/wp\/v2\/product_tag?post=85213"}],"curies":[{"name":"wp","href":"https:\/\/api.w.org\/{rel}","templated":true}]}}