{"id":68801,"date":"2022-02-12T14:44:37","date_gmt":"2022-02-12T13:44:37","guid":{"rendered":"https:\/\/faktumonline.com\/product\/1x-charniere-a-angle-douverture-large155\/"},"modified":"2022-03-08T22:46:54","modified_gmt":"2022-03-08T21:46:54","slug":"1x-charniere-a-angle-douverture-large155","status":"publish","type":"product","link":"https:\/\/faktumonline.com\/fr\/produit\/1x-charniere-a-angle-douverture-large155\/","title":{"rendered":"Charni\u00e8re \u00e0 angle d\u2019ouverture large155\u00b0 1pcs"},"content":{"rendered":"","protected":false},"excerpt":{"rendered":"<p>Charni\u00e8re pour cuisine Ikea Faktum \/Rationnel \u00e0 angle d\u2019ouverture large \u00e0 155\u00b0 avec amortisseur int\u00e9gr\u00e9 permettant une fermeture automatique et en douceur (syst\u00e8me SoftClose + SelfClose).<br \/>\nDeux utilisations possibles pour ces charni\u00e8res :<\/p>\n<p><strong>-Pour un meuble bas d\u2019angle \u00e0 90\u00b0:<\/strong> ces charni\u00e8res seront utilis\u00e9es pour connecter la porte d\u2019angle 30&#215;70 A au caisson. Deux charni\u00e8res et 2 pattes de montage sont n\u00e9cessaire.<br \/>\nPour connecter les deux portes d\u2019angle entre elles, vous devez commander des charni\u00e8res de connexion pour meuble d\u2019angle \u00e0 90\u00b0<br \/>\nCes charni\u00e8res peuvent \u00e9galement \u00eatre utilis\u00e9es pour un meuble bas d\u2019angle de 120&#215;70 afin de fixer une porte standard 60&#215;70 qui a besoin d\u2019une ouverture plus large que les portes standard.<\/p>\n<p><strong>-Pour un meuble avec tiroirs int\u00e9rieurs:<\/strong> ces charni\u00e8res sont id\u00e9ales pour des meubles qui poss\u00e8dent des tiroirs int\u00e9rieurs derri\u00e8re la porte. L\u2019importante amplitude d\u2019ouverture de la porte facilite la manipulation des tiroirs int\u00e9rieurs.<\/p>\n<p>Cette charni\u00e8re est vendue \u00e0 l\u2019unit\u00e9. Dans la plupart des cas, 2, 3 ou 4 charni\u00e8res sont n\u00e9cessaires par porte en fonction de la hauteur de celle-ci.<\/p>\n<p>Elle n\u00e9cessite une patte de montage pour \u00eatre fix\u00e9e au caisson. Vous pouvez r\u00e9utiliser vos anciennes pattes de montage Faktum. Dans le cas o\u00f9 vous n\u2019en poss\u00e9dez pas, veuillez cocher la case ci-dessous cela ajoutera la m\u00eame quantit\u00e9 de patte que votre quantit\u00e9 de charni\u00e8res.<\/p>\n","protected":false},"featured_media":68107,"template":"","meta":[],"product_brand":[],"product_cat":[1262],"product_tag":[],"class_list":{"0":"post-68801","1":"product","2":"type-product","3":"status-publish","4":"has-post-thumbnail","6":"product_cat-charnieres-speciales-faktum","7":"product_shipping_class-expedition-et-manutention","8":"sales-flash-overlay","9":"woocommerce-text-align-center","10":"woocommerce-image-align-center","11":"wc-has-gallery","13":"first","14":"instock","15":"taxable","16":"shipping-taxable","17":"purchasable","18":"product-type-simple"},"exclude_global_add_ons":true,"addons":[{"name":"Accessoires","type":"checkbox","position":0,"required":false,"title_format":"hide","default":"","description_enable":false,"description":"","placeholder_enable":false,"placeholder":"","display":"select","restrictions_type":"any_text","adjust_price":false,"price":"","price_type":"flat_fee","restrictions":false,"min":"0","max":"0","options":[{"label":"Patte de montage pour charni\u00e8re","price":"4.50","price_type":"quantity_based","image":0}]}],"yoast_head":"<!-- This site is optimized with the Yoast SEO Premium plugin v27.4 (Yoast SEO v27.4) - https:\/\/yoast.com\/product\/yoast-seo-premium-wordpress\/ -->\n<title>Charni\u00e8re \u00e0 angle d\u2019ouverture large155\u00b0 1pcs - Faktum online store<\/title>\n<meta name=\"robots\" content=\"index, follow, max-snippet:-1, max-image-preview:large, max-video-preview:-1\" \/>\n<link rel=\"canonical\" href=\"https:\/\/faktumonline.com\/fr\/produit\/1x-charniere-a-angle-douverture-large155\/\" \/>\n<meta property=\"og:locale\" content=\"fr_FR\" \/>\n<meta property=\"og:type\" content=\"article\" \/>\n<meta property=\"og:title\" content=\"Charni\u00e8re \u00e0 angle d\u2019ouverture large155\u00b0 1pcs\" \/>\n<meta property=\"og:description\" content=\"Charni\u00e8re pour cuisine Ikea Faktum \/Rationnel \u00e0 angle d\u2019ouverture large \u00e0 155\u00b0 avec amortisseur int\u00e9gr\u00e9 permettant une fermeture automatique et en douceur (syst\u00e8me SoftClose + SelfClose). Deux utilisations possibles pour ces charni\u00e8res :  -Pour un meuble bas d\u2019angle \u00e0 90\u00b0: ces charni\u00e8res seront utilis\u00e9es pour connecter la porte d\u2019angle 30x70 A au caisson. Deux charni\u00e8res et 2 pattes de montage sont n\u00e9cessaire. Pour connecter les deux portes d\u2019angle entre elles, vous devez commander des charni\u00e8res de connexion pour meuble d\u2019angle \u00e0 90\u00b0 Ces charni\u00e8res peuvent \u00e9galement \u00eatre utilis\u00e9es pour un meuble bas d\u2019angle de 120x70 afin de fixer une porte standard 60x70 qui a besoin d\u2019une ouverture plus large que les portes standard.  -Pour un meuble avec tiroirs int\u00e9rieurs: ces charni\u00e8res sont id\u00e9ales pour des meubles qui poss\u00e8dent des tiroirs int\u00e9rieurs derri\u00e8re la porte. L\u2019importante amplitude d\u2019ouverture de la porte facilite la manipulation des tiroirs int\u00e9rieurs.  Cette charni\u00e8re est vendue \u00e0 l\u2019unit\u00e9. Dans la plupart des cas, 2, 3 ou 4 charni\u00e8res sont n\u00e9cessaires par porte en fonction de la hauteur de celle-ci.  Elle n\u00e9cessite une patte de montage pour \u00eatre fix\u00e9e au caisson. Vous pouvez r\u00e9utiliser vos anciennes pattes de montage Faktum. Dans le cas o\u00f9 vous n\u2019en poss\u00e9dez pas, veuillez cocher la case ci-dessous cela ajoutera la m\u00eame quantit\u00e9 de patte que votre quantit\u00e9 de charni\u00e8res.\" \/>\n<meta property=\"og:url\" content=\"https:\/\/faktumonline.com\/fr\/produit\/1x-charniere-a-angle-douverture-large155\/\" \/>\n<meta property=\"og:site_name\" content=\"Faktum online store\" \/>\n<meta property=\"article:modified_time\" content=\"2022-03-08T21:46:54+00:00\" \/>\n<meta property=\"og:image\" content=\"https:\/\/faktumonline.com\/wp-content\/uploads\/2022\/02\/Ga\u030angja\u0308rn-fo\u0308r-IKEA-Faktum-med-extra-stor-o\u0308ppningsvinkel.jpg\" \/>\n\t<meta property=\"og:image:width\" content=\"1500\" \/>\n\t<meta property=\"og:image:height\" content=\"1037\" \/>\n\t<meta property=\"og:image:type\" content=\"image\/jpeg\" \/>\n<meta name=\"twitter:card\" content=\"summary_large_image\" \/>\n<script type=\"application\/ld+json\" class=\"yoast-schema-graph\">{\"@context\":\"https:\\\/\\\/schema.org\",\"@graph\":[{\"@type\":\"WebPage\",\"@id\":\"https:\\\/\\\/faktumonline.com\\\/fr\\\/produit\\\/1x-charniere-a-angle-douverture-large155\\\/\",\"url\":\"https:\\\/\\\/faktumonline.com\\\/fr\\\/produit\\\/1x-charniere-a-angle-douverture-large155\\\/\",\"name\":\"Charni\u00e8re \u00e0 angle d\u2019ouverture large155\u00b0 1pcs - Faktum online store\",\"isPartOf\":{\"@id\":\"https:\\\/\\\/faktumonline.com\\\/da\\\/#website\"},\"primaryImageOfPage\":{\"@id\":\"https:\\\/\\\/faktumonline.com\\\/fr\\\/produit\\\/1x-charniere-a-angle-douverture-large155\\\/#primaryimage\"},\"image\":{\"@id\":\"https:\\\/\\\/faktumonline.com\\\/fr\\\/produit\\\/1x-charniere-a-angle-douverture-large155\\\/#primaryimage\"},\"thumbnailUrl\":\"https:\\\/\\\/faktumonline.com\\\/wp-content\\\/uploads\\\/2022\\\/02\\\/Ga\u030angja\u0308rn-fo\u0308r-IKEA-Faktum-med-extra-stor-o\u0308ppningsvinkel.jpg\",\"datePublished\":\"2022-02-12T13:44:37+00:00\",\"dateModified\":\"2022-03-08T21:46:54+00:00\",\"breadcrumb\":{\"@id\":\"https:\\\/\\\/faktumonline.com\\\/fr\\\/produit\\\/1x-charniere-a-angle-douverture-large155\\\/#breadcrumb\"},\"inLanguage\":\"fr-FR\",\"potentialAction\":[{\"@type\":\"ReadAction\",\"target\":[\"https:\\\/\\\/faktumonline.com\\\/fr\\\/produit\\\/1x-charniere-a-angle-douverture-large155\\\/\"]}]},{\"@type\":\"ImageObject\",\"inLanguage\":\"fr-FR\",\"@id\":\"https:\\\/\\\/faktumonline.com\\\/fr\\\/produit\\\/1x-charniere-a-angle-douverture-large155\\\/#primaryimage\",\"url\":\"https:\\\/\\\/faktumonline.com\\\/wp-content\\\/uploads\\\/2022\\\/02\\\/Ga\u030angja\u0308rn-fo\u0308r-IKEA-Faktum-med-extra-stor-o\u0308ppningsvinkel.jpg\",\"contentUrl\":\"https:\\\/\\\/faktumonline.com\\\/wp-content\\\/uploads\\\/2022\\\/02\\\/Ga\u030angja\u0308rn-fo\u0308r-IKEA-Faktum-med-extra-stor-o\u0308ppningsvinkel.jpg\",\"width\":1500,\"height\":1037,\"caption\":\"Soft Close Hinge extra wide opening\"},{\"@type\":\"BreadcrumbList\",\"@id\":\"https:\\\/\\\/faktumonline.com\\\/fr\\\/produit\\\/1x-charniere-a-angle-douverture-large155\\\/#breadcrumb\",\"itemListElement\":[{\"@type\":\"ListItem\",\"position\":1,\"name\":\"Hem\",\"item\":\"https:\\\/\\\/faktumonline.com\\\/fr\\\/\"},{\"@type\":\"ListItem\",\"position\":2,\"name\":\"Webshop\",\"item\":\"https:\\\/\\\/faktumonline.com\\\/fr\\\/webshop\\\/\"},{\"@type\":\"ListItem\",\"position\":3,\"name\":\"Charni\u00e8re \u00e0 angle d\u2019ouverture large155\u00b0 1pcs\"}]},{\"@type\":\"WebSite\",\"@id\":\"https:\\\/\\\/faktumonline.com\\\/da\\\/#website\",\"url\":\"https:\\\/\\\/faktumonline.com\\\/da\\\/\",\"name\":\"Faktum Online Store\",\"description\":\"Premium doors for IKEA kitchens\",\"potentialAction\":[{\"@type\":\"SearchAction\",\"target\":{\"@type\":\"EntryPoint\",\"urlTemplate\":\"https:\\\/\\\/faktumonline.com\\\/da\\\/?s={search_term_string}\"},\"query-input\":{\"@type\":\"PropertyValueSpecification\",\"valueRequired\":true,\"valueName\":\"search_term_string\"}}],\"inLanguage\":\"fr-FR\"}]}<\/script>\n<!-- \/ Yoast SEO Premium plugin. -->","yoast_head_json":{"title":"Charni\u00e8re \u00e0 angle d\u2019ouverture large155\u00b0 1pcs - Faktum online store","robots":{"index":"index","follow":"follow","max-snippet":"max-snippet:-1","max-image-preview":"max-image-preview:large","max-video-preview":"max-video-preview:-1"},"canonical":"https:\/\/faktumonline.com\/fr\/produit\/1x-charniere-a-angle-douverture-large155\/","og_locale":"fr_FR","og_type":"article","og_title":"Charni\u00e8re \u00e0 angle d\u2019ouverture large155\u00b0 1pcs","og_description":"Charni\u00e8re pour cuisine Ikea Faktum \/Rationnel \u00e0 angle d\u2019ouverture large \u00e0 155\u00b0 avec amortisseur int\u00e9gr\u00e9 permettant une fermeture automatique et en douceur (syst\u00e8me SoftClose + SelfClose). Deux utilisations possibles pour ces charni\u00e8res :  -Pour un meuble bas d\u2019angle \u00e0 90\u00b0: ces charni\u00e8res seront utilis\u00e9es pour connecter la porte d\u2019angle 30x70 A au caisson. Deux charni\u00e8res et 2 pattes de montage sont n\u00e9cessaire. Pour connecter les deux portes d\u2019angle entre elles, vous devez commander des charni\u00e8res de connexion pour meuble d\u2019angle \u00e0 90\u00b0 Ces charni\u00e8res peuvent \u00e9galement \u00eatre utilis\u00e9es pour un meuble bas d\u2019angle de 120x70 afin de fixer une porte standard 60x70 qui a besoin d\u2019une ouverture plus large que les portes standard.  -Pour un meuble avec tiroirs int\u00e9rieurs: ces charni\u00e8res sont id\u00e9ales pour des meubles qui poss\u00e8dent des tiroirs int\u00e9rieurs derri\u00e8re la porte. L\u2019importante amplitude d\u2019ouverture de la porte facilite la manipulation des tiroirs int\u00e9rieurs.  Cette charni\u00e8re est vendue \u00e0 l\u2019unit\u00e9. Dans la plupart des cas, 2, 3 ou 4 charni\u00e8res sont n\u00e9cessaires par porte en fonction de la hauteur de celle-ci.  Elle n\u00e9cessite une patte de montage pour \u00eatre fix\u00e9e au caisson. Vous pouvez r\u00e9utiliser vos anciennes pattes de montage Faktum. Dans le cas o\u00f9 vous n\u2019en poss\u00e9dez pas, veuillez cocher la case ci-dessous cela ajoutera la m\u00eame quantit\u00e9 de patte que votre quantit\u00e9 de charni\u00e8res.","og_url":"https:\/\/faktumonline.com\/fr\/produit\/1x-charniere-a-angle-douverture-large155\/","og_site_name":"Faktum online store","article_modified_time":"2022-03-08T21:46:54+00:00","og_image":[{"width":1500,"height":1037,"url":"https:\/\/faktumonline.com\/wp-content\/uploads\/2022\/02\/Ga\u030angja\u0308rn-fo\u0308r-IKEA-Faktum-med-extra-stor-o\u0308ppningsvinkel.jpg","type":"image\/jpeg"}],"twitter_card":"summary_large_image","schema":{"@context":"https:\/\/schema.org","@graph":[{"@type":"WebPage","@id":"https:\/\/faktumonline.com\/fr\/produit\/1x-charniere-a-angle-douverture-large155\/","url":"https:\/\/faktumonline.com\/fr\/produit\/1x-charniere-a-angle-douverture-large155\/","name":"Charni\u00e8re \u00e0 angle d\u2019ouverture large155\u00b0 1pcs - Faktum online store","isPartOf":{"@id":"https:\/\/faktumonline.com\/da\/#website"},"primaryImageOfPage":{"@id":"https:\/\/faktumonline.com\/fr\/produit\/1x-charniere-a-angle-douverture-large155\/#primaryimage"},"image":{"@id":"https:\/\/faktumonline.com\/fr\/produit\/1x-charniere-a-angle-douverture-large155\/#primaryimage"},"thumbnailUrl":"https:\/\/faktumonline.com\/wp-content\/uploads\/2022\/02\/Ga\u030angja\u0308rn-fo\u0308r-IKEA-Faktum-med-extra-stor-o\u0308ppningsvinkel.jpg","datePublished":"2022-02-12T13:44:37+00:00","dateModified":"2022-03-08T21:46:54+00:00","breadcrumb":{"@id":"https:\/\/faktumonline.com\/fr\/produit\/1x-charniere-a-angle-douverture-large155\/#breadcrumb"},"inLanguage":"fr-FR","potentialAction":[{"@type":"ReadAction","target":["https:\/\/faktumonline.com\/fr\/produit\/1x-charniere-a-angle-douverture-large155\/"]}]},{"@type":"ImageObject","inLanguage":"fr-FR","@id":"https:\/\/faktumonline.com\/fr\/produit\/1x-charniere-a-angle-douverture-large155\/#primaryimage","url":"https:\/\/faktumonline.com\/wp-content\/uploads\/2022\/02\/Ga\u030angja\u0308rn-fo\u0308r-IKEA-Faktum-med-extra-stor-o\u0308ppningsvinkel.jpg","contentUrl":"https:\/\/faktumonline.com\/wp-content\/uploads\/2022\/02\/Ga\u030angja\u0308rn-fo\u0308r-IKEA-Faktum-med-extra-stor-o\u0308ppningsvinkel.jpg","width":1500,"height":1037,"caption":"Soft Close Hinge extra wide opening"},{"@type":"BreadcrumbList","@id":"https:\/\/faktumonline.com\/fr\/produit\/1x-charniere-a-angle-douverture-large155\/#breadcrumb","itemListElement":[{"@type":"ListItem","position":1,"name":"Hem","item":"https:\/\/faktumonline.com\/fr\/"},{"@type":"ListItem","position":2,"name":"Webshop","item":"https:\/\/faktumonline.com\/fr\/webshop\/"},{"@type":"ListItem","position":3,"name":"Charni\u00e8re \u00e0 angle d\u2019ouverture large155\u00b0 1pcs"}]},{"@type":"WebSite","@id":"https:\/\/faktumonline.com\/da\/#website","url":"https:\/\/faktumonline.com\/da\/","name":"Faktum Online Store","description":"Premium doors for IKEA kitchens","potentialAction":[{"@type":"SearchAction","target":{"@type":"EntryPoint","urlTemplate":"https:\/\/faktumonline.com\/da\/?s={search_term_string}"},"query-input":{"@type":"PropertyValueSpecification","valueRequired":true,"valueName":"search_term_string"}}],"inLanguage":"fr-FR"}]}},"_links":{"self":[{"href":"https:\/\/faktumonline.com\/fr\/wp-json\/wp\/v2\/product\/68801","targetHints":{"allow":["GET"]}}],"collection":[{"href":"https:\/\/faktumonline.com\/fr\/wp-json\/wp\/v2\/product"}],"about":[{"href":"https:\/\/faktumonline.com\/fr\/wp-json\/wp\/v2\/types\/product"}],"version-history":[{"count":1,"href":"https:\/\/faktumonline.com\/fr\/wp-json\/wp\/v2\/product\/68801\/revisions"}],"predecessor-version":[{"id":69164,"href":"https:\/\/faktumonline.com\/fr\/wp-json\/wp\/v2\/product\/68801\/revisions\/69164"}],"wp:featuredmedia":[{"embeddable":true,"href":"https:\/\/faktumonline.com\/fr\/wp-json\/wp\/v2\/media\/68107"}],"wp:attachment":[{"href":"https:\/\/faktumonline.com\/fr\/wp-json\/wp\/v2\/media?parent=68801"}],"wp:term":[{"taxonomy":"product_brand","embeddable":true,"href":"https:\/\/faktumonline.com\/fr\/wp-json\/wp\/v2\/product_brand?post=68801"},{"taxonomy":"product_cat","embeddable":true,"href":"https:\/\/faktumonline.com\/fr\/wp-json\/wp\/v2\/product_cat?post=68801"},{"taxonomy":"product_tag","embeddable":true,"href":"https:\/\/faktumonline.com\/fr\/wp-json\/wp\/v2\/product_tag?post=68801"}],"curies":[{"name":"wp","href":"https:\/\/api.w.org\/{rel}","templated":true}]}}