{"id":68800,"date":"2021-01-04T13:53:17","date_gmt":"2021-01-04T12:53:17","guid":{"rendered":"https:\/\/faktumonline.com\/product\/1x-charniere-de-connexion-pour-meuble-dangle-bas-a-90\/"},"modified":"2022-03-08T22:47:42","modified_gmt":"2022-03-08T21:47:42","slug":"1x-charniere-de-connexion-pour-meuble-dangle-bas-a-90","status":"publish","type":"product","link":"https:\/\/faktumonline.com\/fr\/produit\/1x-charniere-de-connexion-pour-meuble-dangle-bas-a-90\/","title":{"rendered":"Charni\u00e8re de connexion pour meuble d\u2019angle bas \u00e0 90\u00b0 1pcs"},"content":{"rendered":"","protected":false},"excerpt":{"rendered":"<p>Charni\u00e8re pour cuisine Ikea Faktum\/ Rationell. Elle est utilis\u00e9e pour connecter entre elles les deux portes d\u2019angle de 30&#215;70 (A+B). Elle est vendue \u00e0 l\u2019unit\u00e9. Dans la plupart des cas, deux charni\u00e8res sont n\u00e9cessaires.<br \/>\nIl vous faudra \u00e9galement commander une paire de charni\u00e8res \u00e0 angle d\u2019ouverture large 155\u00b0 de fa\u00e7on \u00e0 connecter la premi\u00e8re porte (30&#215;70 A) avec le caisson (\u00c0 commander s\u00e9par\u00e9ment).<\/p>\n<p>Une plaque de montage par charni\u00e8re est \u00e9galement n\u00e9cessaire. La patte de montage est la pi\u00e8ce fix\u00e9e sur l&rsquo;autre porte et \u00e0 laquelle la charni\u00e8re de connexion vient se clipser. Vous pouvez r\u00e9utiliser vos anciennes pattes de montage Faktum. Dans le cas o\u00f9 vous n\u2019en poss\u00e9dez pas, veuillez cocher la case ci-dessous cela ajoutera la m\u00eame quantit\u00e9 de patte que votre quantit\u00e9 de charni\u00e8res.<\/p>\n","protected":false},"featured_media":50528,"template":"","meta":[],"product_brand":[],"product_cat":[1262],"product_tag":[],"class_list":{"0":"post-68800","1":"product","2":"type-product","3":"status-publish","4":"has-post-thumbnail","6":"product_cat-charnieres-speciales-faktum","7":"product_shipping_class-expedition-et-manutention","8":"sales-flash-overlay","9":"woocommerce-text-align-center","10":"woocommerce-image-align-center","11":"wc-has-gallery","13":"first","14":"instock","15":"taxable","16":"shipping-taxable","17":"purchasable","18":"product-type-simple"},"exclude_global_add_ons":true,"addons":[{"name":"Accessoires","type":"checkbox","position":0,"required":false,"title_format":"hide","default":"","description_enable":false,"description":"","placeholder_enable":false,"placeholder":"","display":"select","restrictions_type":"any_text","adjust_price":false,"price":"","price_type":"flat_fee","restrictions":false,"min":"0","max":"0","options":[{"label":"Patte de montage pour charni\u00e8re","price":"4.50","price_type":"quantity_based","image":0}]}],"yoast_head":"<!-- This site is optimized with the Yoast SEO Premium plugin v27.4 (Yoast SEO v27.4) - https:\/\/yoast.com\/product\/yoast-seo-premium-wordpress\/ -->\n<title>Charni\u00e8re de connexion pour meuble d\u2019angle bas \u00e0 90\u00b0 1pcs - Faktum online store<\/title>\n<meta name=\"robots\" content=\"index, follow, max-snippet:-1, max-image-preview:large, max-video-preview:-1\" \/>\n<link rel=\"canonical\" href=\"https:\/\/faktumonline.com\/fr\/produit\/1x-charniere-de-connexion-pour-meuble-dangle-bas-a-90\/\" \/>\n<meta property=\"og:locale\" content=\"fr_FR\" \/>\n<meta property=\"og:type\" content=\"article\" \/>\n<meta property=\"og:title\" content=\"Charni\u00e8re de connexion pour meuble d\u2019angle bas \u00e0 90\u00b0 1pcs\" \/>\n<meta property=\"og:description\" content=\"Charni\u00e8re pour cuisine Ikea Faktum\/ Rationell. Elle est utilis\u00e9e pour connecter entre elles les deux portes d\u2019angle de 30x70 (A+B). Elle est vendue \u00e0 l\u2019unit\u00e9. Dans la plupart des cas, deux charni\u00e8res sont n\u00e9cessaires. Il vous faudra \u00e9galement commander une paire de charni\u00e8res \u00e0 angle d\u2019ouverture large 155\u00b0 de fa\u00e7on \u00e0 connecter la premi\u00e8re porte (30x70 A) avec le caisson (\u00c0 commander s\u00e9par\u00e9ment).  Une plaque de montage par charni\u00e8re est \u00e9galement n\u00e9cessaire. La patte de montage est la pi\u00e8ce fix\u00e9e sur l&#039;autre porte et \u00e0 laquelle la charni\u00e8re de connexion vient se clipser. Vous pouvez r\u00e9utiliser vos anciennes pattes de montage Faktum. Dans le cas o\u00f9 vous n\u2019en poss\u00e9dez pas, veuillez cocher la case ci-dessous cela ajoutera la m\u00eame quantit\u00e9 de patte que votre quantit\u00e9 de charni\u00e8res.\" \/>\n<meta property=\"og:url\" content=\"https:\/\/faktumonline.com\/fr\/produit\/1x-charniere-de-connexion-pour-meuble-dangle-bas-a-90\/\" \/>\n<meta property=\"og:site_name\" content=\"Faktum online store\" \/>\n<meta property=\"article:modified_time\" content=\"2022-03-08T21:47:42+00:00\" \/>\n<meta property=\"og:image\" content=\"https:\/\/faktumonline.com\/wp-content\/uploads\/2021\/01\/Ho\u0308rnga\u030angja\u0308rn-90\u00b0-fo\u0308r-do\u0308rrar-30x70-IKEA-Faktum.jpg\" \/>\n\t<meta property=\"og:image:width\" content=\"1758\" \/>\n\t<meta property=\"og:image:height\" content=\"989\" \/>\n\t<meta property=\"og:image:type\" content=\"image\/jpeg\" \/>\n<meta name=\"twitter:card\" content=\"summary_large_image\" \/>\n<script type=\"application\/ld+json\" class=\"yoast-schema-graph\">{\"@context\":\"https:\\\/\\\/schema.org\",\"@graph\":[{\"@type\":\"WebPage\",\"@id\":\"https:\\\/\\\/faktumonline.com\\\/fr\\\/produit\\\/1x-charniere-de-connexion-pour-meuble-dangle-bas-a-90\\\/\",\"url\":\"https:\\\/\\\/faktumonline.com\\\/fr\\\/produit\\\/1x-charniere-de-connexion-pour-meuble-dangle-bas-a-90\\\/\",\"name\":\"Charni\u00e8re de connexion pour meuble d\u2019angle bas \u00e0 90\u00b0 1pcs - Faktum online store\",\"isPartOf\":{\"@id\":\"https:\\\/\\\/faktumonline.com\\\/da\\\/#website\"},\"primaryImageOfPage\":{\"@id\":\"https:\\\/\\\/faktumonline.com\\\/fr\\\/produit\\\/1x-charniere-de-connexion-pour-meuble-dangle-bas-a-90\\\/#primaryimage\"},\"image\":{\"@id\":\"https:\\\/\\\/faktumonline.com\\\/fr\\\/produit\\\/1x-charniere-de-connexion-pour-meuble-dangle-bas-a-90\\\/#primaryimage\"},\"thumbnailUrl\":\"https:\\\/\\\/faktumonline.com\\\/wp-content\\\/uploads\\\/2021\\\/01\\\/Ho\u0308rnga\u030angja\u0308rn-90\u00b0-fo\u0308r-do\u0308rrar-30x70-IKEA-Faktum.jpg\",\"datePublished\":\"2021-01-04T12:53:17+00:00\",\"dateModified\":\"2022-03-08T21:47:42+00:00\",\"breadcrumb\":{\"@id\":\"https:\\\/\\\/faktumonline.com\\\/fr\\\/produit\\\/1x-charniere-de-connexion-pour-meuble-dangle-bas-a-90\\\/#breadcrumb\"},\"inLanguage\":\"fr-FR\",\"potentialAction\":[{\"@type\":\"ReadAction\",\"target\":[\"https:\\\/\\\/faktumonline.com\\\/fr\\\/produit\\\/1x-charniere-de-connexion-pour-meuble-dangle-bas-a-90\\\/\"]}]},{\"@type\":\"ImageObject\",\"inLanguage\":\"fr-FR\",\"@id\":\"https:\\\/\\\/faktumonline.com\\\/fr\\\/produit\\\/1x-charniere-de-connexion-pour-meuble-dangle-bas-a-90\\\/#primaryimage\",\"url\":\"https:\\\/\\\/faktumonline.com\\\/wp-content\\\/uploads\\\/2021\\\/01\\\/Ho\u0308rnga\u030angja\u0308rn-90\u00b0-fo\u0308r-do\u0308rrar-30x70-IKEA-Faktum.jpg\",\"contentUrl\":\"https:\\\/\\\/faktumonline.com\\\/wp-content\\\/uploads\\\/2021\\\/01\\\/Ho\u0308rnga\u030angja\u0308rn-90\u00b0-fo\u0308r-do\u0308rrar-30x70-IKEA-Faktum.jpg\",\"width\":1758,\"height\":989,\"caption\":\"Hinges for an IKEA Faktum base corner cabinet + bifold doors.\"},{\"@type\":\"BreadcrumbList\",\"@id\":\"https:\\\/\\\/faktumonline.com\\\/fr\\\/produit\\\/1x-charniere-de-connexion-pour-meuble-dangle-bas-a-90\\\/#breadcrumb\",\"itemListElement\":[{\"@type\":\"ListItem\",\"position\":1,\"name\":\"Hem\",\"item\":\"https:\\\/\\\/faktumonline.com\\\/fr\\\/\"},{\"@type\":\"ListItem\",\"position\":2,\"name\":\"Webshop\",\"item\":\"https:\\\/\\\/faktumonline.com\\\/fr\\\/webshop\\\/\"},{\"@type\":\"ListItem\",\"position\":3,\"name\":\"Charni\u00e8re de connexion pour meuble d\u2019angle bas \u00e0 90\u00b0 1pcs\"}]},{\"@type\":\"WebSite\",\"@id\":\"https:\\\/\\\/faktumonline.com\\\/da\\\/#website\",\"url\":\"https:\\\/\\\/faktumonline.com\\\/da\\\/\",\"name\":\"Faktum Online Store\",\"description\":\"Premium doors for IKEA kitchens\",\"potentialAction\":[{\"@type\":\"SearchAction\",\"target\":{\"@type\":\"EntryPoint\",\"urlTemplate\":\"https:\\\/\\\/faktumonline.com\\\/da\\\/?s={search_term_string}\"},\"query-input\":{\"@type\":\"PropertyValueSpecification\",\"valueRequired\":true,\"valueName\":\"search_term_string\"}}],\"inLanguage\":\"fr-FR\"}]}<\/script>\n<!-- \/ Yoast SEO Premium plugin. -->","yoast_head_json":{"title":"Charni\u00e8re de connexion pour meuble d\u2019angle bas \u00e0 90\u00b0 1pcs - Faktum online store","robots":{"index":"index","follow":"follow","max-snippet":"max-snippet:-1","max-image-preview":"max-image-preview:large","max-video-preview":"max-video-preview:-1"},"canonical":"https:\/\/faktumonline.com\/fr\/produit\/1x-charniere-de-connexion-pour-meuble-dangle-bas-a-90\/","og_locale":"fr_FR","og_type":"article","og_title":"Charni\u00e8re de connexion pour meuble d\u2019angle bas \u00e0 90\u00b0 1pcs","og_description":"Charni\u00e8re pour cuisine Ikea Faktum\/ Rationell. Elle est utilis\u00e9e pour connecter entre elles les deux portes d\u2019angle de 30x70 (A+B). Elle est vendue \u00e0 l\u2019unit\u00e9. Dans la plupart des cas, deux charni\u00e8res sont n\u00e9cessaires. Il vous faudra \u00e9galement commander une paire de charni\u00e8res \u00e0 angle d\u2019ouverture large 155\u00b0 de fa\u00e7on \u00e0 connecter la premi\u00e8re porte (30x70 A) avec le caisson (\u00c0 commander s\u00e9par\u00e9ment).  Une plaque de montage par charni\u00e8re est \u00e9galement n\u00e9cessaire. La patte de montage est la pi\u00e8ce fix\u00e9e sur l'autre porte et \u00e0 laquelle la charni\u00e8re de connexion vient se clipser. Vous pouvez r\u00e9utiliser vos anciennes pattes de montage Faktum. Dans le cas o\u00f9 vous n\u2019en poss\u00e9dez pas, veuillez cocher la case ci-dessous cela ajoutera la m\u00eame quantit\u00e9 de patte que votre quantit\u00e9 de charni\u00e8res.","og_url":"https:\/\/faktumonline.com\/fr\/produit\/1x-charniere-de-connexion-pour-meuble-dangle-bas-a-90\/","og_site_name":"Faktum online store","article_modified_time":"2022-03-08T21:47:42+00:00","og_image":[{"width":1758,"height":989,"url":"https:\/\/faktumonline.com\/wp-content\/uploads\/2021\/01\/Ho\u0308rnga\u030angja\u0308rn-90\u00b0-fo\u0308r-do\u0308rrar-30x70-IKEA-Faktum.jpg","type":"image\/jpeg"}],"twitter_card":"summary_large_image","schema":{"@context":"https:\/\/schema.org","@graph":[{"@type":"WebPage","@id":"https:\/\/faktumonline.com\/fr\/produit\/1x-charniere-de-connexion-pour-meuble-dangle-bas-a-90\/","url":"https:\/\/faktumonline.com\/fr\/produit\/1x-charniere-de-connexion-pour-meuble-dangle-bas-a-90\/","name":"Charni\u00e8re de connexion pour meuble d\u2019angle bas \u00e0 90\u00b0 1pcs - Faktum online store","isPartOf":{"@id":"https:\/\/faktumonline.com\/da\/#website"},"primaryImageOfPage":{"@id":"https:\/\/faktumonline.com\/fr\/produit\/1x-charniere-de-connexion-pour-meuble-dangle-bas-a-90\/#primaryimage"},"image":{"@id":"https:\/\/faktumonline.com\/fr\/produit\/1x-charniere-de-connexion-pour-meuble-dangle-bas-a-90\/#primaryimage"},"thumbnailUrl":"https:\/\/faktumonline.com\/wp-content\/uploads\/2021\/01\/Ho\u0308rnga\u030angja\u0308rn-90\u00b0-fo\u0308r-do\u0308rrar-30x70-IKEA-Faktum.jpg","datePublished":"2021-01-04T12:53:17+00:00","dateModified":"2022-03-08T21:47:42+00:00","breadcrumb":{"@id":"https:\/\/faktumonline.com\/fr\/produit\/1x-charniere-de-connexion-pour-meuble-dangle-bas-a-90\/#breadcrumb"},"inLanguage":"fr-FR","potentialAction":[{"@type":"ReadAction","target":["https:\/\/faktumonline.com\/fr\/produit\/1x-charniere-de-connexion-pour-meuble-dangle-bas-a-90\/"]}]},{"@type":"ImageObject","inLanguage":"fr-FR","@id":"https:\/\/faktumonline.com\/fr\/produit\/1x-charniere-de-connexion-pour-meuble-dangle-bas-a-90\/#primaryimage","url":"https:\/\/faktumonline.com\/wp-content\/uploads\/2021\/01\/Ho\u0308rnga\u030angja\u0308rn-90\u00b0-fo\u0308r-do\u0308rrar-30x70-IKEA-Faktum.jpg","contentUrl":"https:\/\/faktumonline.com\/wp-content\/uploads\/2021\/01\/Ho\u0308rnga\u030angja\u0308rn-90\u00b0-fo\u0308r-do\u0308rrar-30x70-IKEA-Faktum.jpg","width":1758,"height":989,"caption":"Hinges for an IKEA Faktum base corner cabinet + bifold doors."},{"@type":"BreadcrumbList","@id":"https:\/\/faktumonline.com\/fr\/produit\/1x-charniere-de-connexion-pour-meuble-dangle-bas-a-90\/#breadcrumb","itemListElement":[{"@type":"ListItem","position":1,"name":"Hem","item":"https:\/\/faktumonline.com\/fr\/"},{"@type":"ListItem","position":2,"name":"Webshop","item":"https:\/\/faktumonline.com\/fr\/webshop\/"},{"@type":"ListItem","position":3,"name":"Charni\u00e8re de connexion pour meuble d\u2019angle bas \u00e0 90\u00b0 1pcs"}]},{"@type":"WebSite","@id":"https:\/\/faktumonline.com\/da\/#website","url":"https:\/\/faktumonline.com\/da\/","name":"Faktum Online Store","description":"Premium doors for IKEA kitchens","potentialAction":[{"@type":"SearchAction","target":{"@type":"EntryPoint","urlTemplate":"https:\/\/faktumonline.com\/da\/?s={search_term_string}"},"query-input":{"@type":"PropertyValueSpecification","valueRequired":true,"valueName":"search_term_string"}}],"inLanguage":"fr-FR"}]}},"_links":{"self":[{"href":"https:\/\/faktumonline.com\/fr\/wp-json\/wp\/v2\/product\/68800","targetHints":{"allow":["GET"]}}],"collection":[{"href":"https:\/\/faktumonline.com\/fr\/wp-json\/wp\/v2\/product"}],"about":[{"href":"https:\/\/faktumonline.com\/fr\/wp-json\/wp\/v2\/types\/product"}],"version-history":[{"count":1,"href":"https:\/\/faktumonline.com\/fr\/wp-json\/wp\/v2\/product\/68800\/revisions"}],"predecessor-version":[{"id":69166,"href":"https:\/\/faktumonline.com\/fr\/wp-json\/wp\/v2\/product\/68800\/revisions\/69166"}],"wp:featuredmedia":[{"embeddable":true,"href":"https:\/\/faktumonline.com\/fr\/wp-json\/wp\/v2\/media\/50528"}],"wp:attachment":[{"href":"https:\/\/faktumonline.com\/fr\/wp-json\/wp\/v2\/media?parent=68800"}],"wp:term":[{"taxonomy":"product_brand","embeddable":true,"href":"https:\/\/faktumonline.com\/fr\/wp-json\/wp\/v2\/product_brand?post=68800"},{"taxonomy":"product_cat","embeddable":true,"href":"https:\/\/faktumonline.com\/fr\/wp-json\/wp\/v2\/product_cat?post=68800"},{"taxonomy":"product_tag","embeddable":true,"href":"https:\/\/faktumonline.com\/fr\/wp-json\/wp\/v2\/product_tag?post=68800"}],"curies":[{"name":"wp","href":"https:\/\/api.w.org\/{rel}","templated":true}]}}