{"id":67596,"date":"2021-12-11T16:49:55","date_gmt":"2021-12-11T15:49:55","guid":{"rendered":"https:\/\/faktumonline.com\/product\/facade-40x125-non-pre-percee\/"},"modified":"2022-11-23T22:32:46","modified_gmt":"2022-11-23T21:32:46","slug":"facade-40x195-non-pre-percee","status":"publish","type":"product","link":"https:\/\/faktumonline.com\/fr\/produit\/facade-40x195-non-pre-percee\/","title":{"rendered":"Fa\u00e7ade 40&#215;195 Non pr\u00e9-perc\u00e9e"},"content":{"rendered":"<p>395&#215;1942<\/p>\n","protected":false},"excerpt":{"rendered":"<p>IKEA n\u2019a jamais vendu cette fa\u00e7ade comme une fa\u00e7ade de tiroir mais seulement comme une porte. Si vous regardez au dos votre fa\u00e7ade, vous notez qu\u2019elle est pr\u00e9-perc\u00e9e pour recevoir des charni\u00e8res de porte. Nous savons par exp\u00e9rience que certains clients ont perc\u00e9s cette porte pour pouvoir la fixer sur un tiroir.<br \/>\n\u00c9tant donn\u00e9 que ces per\u00e7ages ne font pas parti des mesures des plans originaux d\u2019IKEA et qu\u2019ils peuvent \u00eatre diff\u00e9rents d\u2019un client \u00e0 l\u2019autre, nous ne pouvons pas effectuer de pr\u00e9-per\u00e7age en usine. Elle vous sera livr\u00e9e non perc\u00e9e et vous pourrez la percer localement.<\/p>\n<p><a href=\"\/?page_id=65091\" target=\"_blank\" rel=\"noopener\">Lien pour vous aider \u00e0 adapter cette fa\u00e7ade en fa\u00e7ade de tiroir.<\/a><\/p>\n<p>&nbsp;<\/p>\n","protected":false},"featured_media":0,"template":"","meta":[],"product_brand":[],"product_cat":[274],"product_tag":[],"class_list":{"0":"post-67596","1":"product","2":"type-product","3":"status-publish","5":"product_cat-tiroirs-largeur-40-cm","6":"product_shipping_class-lang-fr","7":"sales-flash-overlay","8":"woocommerce-text-align-center","9":"woocommerce-image-align-center","11":"first","12":"discontinued","13":"taxable","14":"shipping-taxable","15":"product-type-simple"},"exclude_global_add_ons":[],"addons":[],"yoast_head":"<!-- This site is optimized with the Yoast SEO Premium plugin v27.4 (Yoast SEO v27.4) - https:\/\/yoast.com\/product\/yoast-seo-premium-wordpress\/ -->\n<title>Fa\u00e7ade 40x195 Non pr\u00e9-perc\u00e9e - Faktum online store<\/title>\n<meta name=\"robots\" content=\"index, follow, max-snippet:-1, max-image-preview:large, max-video-preview:-1\" \/>\n<link rel=\"canonical\" href=\"https:\/\/faktumonline.com\/fr\/produit\/facade-40x195-non-pre-percee\/\" \/>\n<meta property=\"og:locale\" content=\"fr_FR\" \/>\n<meta property=\"og:type\" content=\"article\" \/>\n<meta property=\"og:title\" content=\"Fa\u00e7ade 40x195 Non pr\u00e9-perc\u00e9e\" \/>\n<meta property=\"og:description\" content=\"IKEA n\u2019a jamais vendu cette fa\u00e7ade comme une fa\u00e7ade de tiroir mais seulement comme une porte. Si vous regardez au dos votre fa\u00e7ade, vous notez qu\u2019elle est pr\u00e9-perc\u00e9e pour recevoir des charni\u00e8res de porte. Nous savons par exp\u00e9rience que certains clients ont perc\u00e9s cette porte pour pouvoir la fixer sur un tiroir. \u00c9tant donn\u00e9 que ces per\u00e7ages ne font pas parti des mesures des plans originaux d\u2019IKEA et qu\u2019ils peuvent \u00eatre diff\u00e9rents d\u2019un client \u00e0 l\u2019autre, nous ne pouvons pas effectuer de pr\u00e9-per\u00e7age en usine. Elle vous sera livr\u00e9e non perc\u00e9e et vous pourrez la percer localement.  Lien pour vous aider \u00e0 adapter cette fa\u00e7ade en fa\u00e7ade de tiroir.  &nbsp;\" \/>\n<meta property=\"og:url\" content=\"https:\/\/faktumonline.com\/fr\/produit\/facade-40x195-non-pre-percee\/\" \/>\n<meta property=\"og:site_name\" content=\"Faktum online store\" \/>\n<meta property=\"article:modified_time\" content=\"2022-11-23T21:32:46+00:00\" \/>\n<meta name=\"twitter:card\" content=\"summary_large_image\" \/>\n<script type=\"application\/ld+json\" class=\"yoast-schema-graph\">{\"@context\":\"https:\\\/\\\/schema.org\",\"@graph\":[{\"@type\":\"WebPage\",\"@id\":\"https:\\\/\\\/faktumonline.com\\\/fr\\\/produit\\\/facade-40x195-non-pre-percee\\\/\",\"url\":\"https:\\\/\\\/faktumonline.com\\\/fr\\\/produit\\\/facade-40x195-non-pre-percee\\\/\",\"name\":\"Fa\u00e7ade 40x195 Non pr\u00e9-perc\u00e9e - Faktum online store\",\"isPartOf\":{\"@id\":\"https:\\\/\\\/faktumonline.com\\\/da\\\/#website\"},\"datePublished\":\"2021-12-11T15:49:55+00:00\",\"dateModified\":\"2022-11-23T21:32:46+00:00\",\"breadcrumb\":{\"@id\":\"https:\\\/\\\/faktumonline.com\\\/fr\\\/produit\\\/facade-40x195-non-pre-percee\\\/#breadcrumb\"},\"inLanguage\":\"fr-FR\",\"potentialAction\":[{\"@type\":\"ReadAction\",\"target\":[\"https:\\\/\\\/faktumonline.com\\\/fr\\\/produit\\\/facade-40x195-non-pre-percee\\\/\"]}]},{\"@type\":\"BreadcrumbList\",\"@id\":\"https:\\\/\\\/faktumonline.com\\\/fr\\\/produit\\\/facade-40x195-non-pre-percee\\\/#breadcrumb\",\"itemListElement\":[{\"@type\":\"ListItem\",\"position\":1,\"name\":\"Hem\",\"item\":\"https:\\\/\\\/faktumonline.com\\\/fr\\\/\"},{\"@type\":\"ListItem\",\"position\":2,\"name\":\"Webshop\",\"item\":\"https:\\\/\\\/faktumonline.com\\\/fr\\\/webshop\\\/\"},{\"@type\":\"ListItem\",\"position\":3,\"name\":\"Fa\u00e7ade 40&#215;195 Non pr\u00e9-perc\u00e9e\"}]},{\"@type\":\"WebSite\",\"@id\":\"https:\\\/\\\/faktumonline.com\\\/da\\\/#website\",\"url\":\"https:\\\/\\\/faktumonline.com\\\/da\\\/\",\"name\":\"Faktum Online Store\",\"description\":\"Premium doors for IKEA kitchens\",\"potentialAction\":[{\"@type\":\"SearchAction\",\"target\":{\"@type\":\"EntryPoint\",\"urlTemplate\":\"https:\\\/\\\/faktumonline.com\\\/da\\\/?s={search_term_string}\"},\"query-input\":{\"@type\":\"PropertyValueSpecification\",\"valueRequired\":true,\"valueName\":\"search_term_string\"}}],\"inLanguage\":\"fr-FR\"}]}<\/script>\n<!-- \/ Yoast SEO Premium plugin. -->","yoast_head_json":{"title":"Fa\u00e7ade 40x195 Non pr\u00e9-perc\u00e9e - Faktum online store","robots":{"index":"index","follow":"follow","max-snippet":"max-snippet:-1","max-image-preview":"max-image-preview:large","max-video-preview":"max-video-preview:-1"},"canonical":"https:\/\/faktumonline.com\/fr\/produit\/facade-40x195-non-pre-percee\/","og_locale":"fr_FR","og_type":"article","og_title":"Fa\u00e7ade 40x195 Non pr\u00e9-perc\u00e9e","og_description":"IKEA n\u2019a jamais vendu cette fa\u00e7ade comme une fa\u00e7ade de tiroir mais seulement comme une porte. Si vous regardez au dos votre fa\u00e7ade, vous notez qu\u2019elle est pr\u00e9-perc\u00e9e pour recevoir des charni\u00e8res de porte. Nous savons par exp\u00e9rience que certains clients ont perc\u00e9s cette porte pour pouvoir la fixer sur un tiroir. \u00c9tant donn\u00e9 que ces per\u00e7ages ne font pas parti des mesures des plans originaux d\u2019IKEA et qu\u2019ils peuvent \u00eatre diff\u00e9rents d\u2019un client \u00e0 l\u2019autre, nous ne pouvons pas effectuer de pr\u00e9-per\u00e7age en usine. Elle vous sera livr\u00e9e non perc\u00e9e et vous pourrez la percer localement.  Lien pour vous aider \u00e0 adapter cette fa\u00e7ade en fa\u00e7ade de tiroir.  &nbsp;","og_url":"https:\/\/faktumonline.com\/fr\/produit\/facade-40x195-non-pre-percee\/","og_site_name":"Faktum online store","article_modified_time":"2022-11-23T21:32:46+00:00","twitter_card":"summary_large_image","schema":{"@context":"https:\/\/schema.org","@graph":[{"@type":"WebPage","@id":"https:\/\/faktumonline.com\/fr\/produit\/facade-40x195-non-pre-percee\/","url":"https:\/\/faktumonline.com\/fr\/produit\/facade-40x195-non-pre-percee\/","name":"Fa\u00e7ade 40x195 Non pr\u00e9-perc\u00e9e - Faktum online store","isPartOf":{"@id":"https:\/\/faktumonline.com\/da\/#website"},"datePublished":"2021-12-11T15:49:55+00:00","dateModified":"2022-11-23T21:32:46+00:00","breadcrumb":{"@id":"https:\/\/faktumonline.com\/fr\/produit\/facade-40x195-non-pre-percee\/#breadcrumb"},"inLanguage":"fr-FR","potentialAction":[{"@type":"ReadAction","target":["https:\/\/faktumonline.com\/fr\/produit\/facade-40x195-non-pre-percee\/"]}]},{"@type":"BreadcrumbList","@id":"https:\/\/faktumonline.com\/fr\/produit\/facade-40x195-non-pre-percee\/#breadcrumb","itemListElement":[{"@type":"ListItem","position":1,"name":"Hem","item":"https:\/\/faktumonline.com\/fr\/"},{"@type":"ListItem","position":2,"name":"Webshop","item":"https:\/\/faktumonline.com\/fr\/webshop\/"},{"@type":"ListItem","position":3,"name":"Fa\u00e7ade 40&#215;195 Non pr\u00e9-perc\u00e9e"}]},{"@type":"WebSite","@id":"https:\/\/faktumonline.com\/da\/#website","url":"https:\/\/faktumonline.com\/da\/","name":"Faktum Online Store","description":"Premium doors for IKEA kitchens","potentialAction":[{"@type":"SearchAction","target":{"@type":"EntryPoint","urlTemplate":"https:\/\/faktumonline.com\/da\/?s={search_term_string}"},"query-input":{"@type":"PropertyValueSpecification","valueRequired":true,"valueName":"search_term_string"}}],"inLanguage":"fr-FR"}]}},"_links":{"self":[{"href":"https:\/\/faktumonline.com\/fr\/wp-json\/wp\/v2\/product\/67596","targetHints":{"allow":["GET"]}}],"collection":[{"href":"https:\/\/faktumonline.com\/fr\/wp-json\/wp\/v2\/product"}],"about":[{"href":"https:\/\/faktumonline.com\/fr\/wp-json\/wp\/v2\/types\/product"}],"version-history":[{"count":3,"href":"https:\/\/faktumonline.com\/fr\/wp-json\/wp\/v2\/product\/67596\/revisions"}],"predecessor-version":[{"id":67640,"href":"https:\/\/faktumonline.com\/fr\/wp-json\/wp\/v2\/product\/67596\/revisions\/67640"}],"wp:attachment":[{"href":"https:\/\/faktumonline.com\/fr\/wp-json\/wp\/v2\/media?parent=67596"}],"wp:term":[{"taxonomy":"product_brand","embeddable":true,"href":"https:\/\/faktumonline.com\/fr\/wp-json\/wp\/v2\/product_brand?post=67596"},{"taxonomy":"product_cat","embeddable":true,"href":"https:\/\/faktumonline.com\/fr\/wp-json\/wp\/v2\/product_cat?post=67596"},{"taxonomy":"product_tag","embeddable":true,"href":"https:\/\/faktumonline.com\/fr\/wp-json\/wp\/v2\/product_tag?post=67596"}],"curies":[{"name":"wp","href":"https:\/\/api.w.org\/{rel}","templated":true}]}}