{"id":63998,"date":"2020-02-24T17:16:01","date_gmt":"2020-02-24T16:16:01","guid":{"rendered":"https:\/\/faktumonline.com\/product\/jeu-de-5-tiroirs-largeur30-ikea-faktum\/"},"modified":"2021-11-19T22:02:28","modified_gmt":"2021-11-19T21:02:28","slug":"jeu-de-5-tiroirs-largeur30-ikea-faktum","status":"publish","type":"product","link":"https:\/\/faktumonline.com\/fr\/produit\/jeu-de-5-tiroirs-largeur30-ikea-faktum\/","title":{"rendered":"Jeu de 5 tiroirs, Largeur=30 cm (sans les fa\u00e7ades)"},"content":{"rendered":"","protected":false},"excerpt":{"rendered":"<p>Jeu de 5 tiroirs pour \u00e9l\u00e9ment bas de 30 cm de largeur. (Largeur ext\u00e9rieure du caisson). Inclus dans l\u2019ensemble tiroirs :5x tiroir \u00e0 couverts et les glissi\u00e8res \u00e0 fermeture en douceur \u00abSoftClose\u00bb.<\/p>\n","protected":false},"featured_media":0,"template":"","meta":[],"product_brand":[],"product_cat":[1168],"product_tag":[],"class_list":{"0":"post-63998","1":"product","2":"type-product","3":"status-publish","5":"product_cat-franska-5-lador","6":"sales-flash-overlay","7":"woocommerce-text-align-center","8":"woocommerce-image-align-center","10":"first","11":"instock","12":"taxable","13":"shipping-taxable","14":"purchasable","15":"product-type-simple"},"exclude_global_add_ons":true,"addons":[{"name":"Fa\u00e7ades de tiroirs","type":"checkbox","position":0,"required":false,"title_format":"label","default":"","description_enable":true,"description":"Les fa\u00e7ades ne sont pas incluses dans l\u2019ensemble de tiroirs mais peuvent \u00eatre command\u00e9es dans la liste ci-dessous. Elles seront produites de la m\u00eame couleur que le reste des fa\u00e7ades de votre commande.","placeholder_enable":false,"placeholder":"","display":"radiobutton","restrictions_type":"any_text","adjust_price":true,"price":"36","price_type":"quantity_based","restrictions":false,"min":"0","max":"0","options":[{"label":"4x 30x13 + 1x 30x18","price":"186","price_type":"quantity_based","image":0}]}],"yoast_head":"<!-- This site is optimized with the Yoast SEO Premium plugin v27.0 (Yoast SEO v27.0) - https:\/\/yoast.com\/product\/yoast-seo-premium-wordpress\/ -->\n<title>Jeu de 5 tiroirs, Largeur=30 cm (sans les fa\u00e7ades) - Faktum online store<\/title>\n<meta name=\"robots\" content=\"index, follow, max-snippet:-1, max-image-preview:large, max-video-preview:-1\" \/>\n<link rel=\"canonical\" href=\"https:\/\/faktumonline.com\/fr\/produit\/jeu-de-5-tiroirs-largeur30-ikea-faktum\/\" \/>\n<meta property=\"og:locale\" content=\"fr_FR\" \/>\n<meta property=\"og:type\" content=\"article\" \/>\n<meta property=\"og:title\" content=\"Jeu de 5 tiroirs, Largeur=30 cm (sans les fa\u00e7ades)\" \/>\n<meta property=\"og:description\" content=\"Jeu de 5 tiroirs pour \u00e9l\u00e9ment bas de 30 cm de largeur. (Largeur ext\u00e9rieure du caisson). Inclus dans l\u2019ensemble tiroirs :5x tiroir \u00e0 couverts et les glissi\u00e8res \u00e0 fermeture en douceur \u00abSoftClose\u00bb.\" \/>\n<meta property=\"og:url\" content=\"https:\/\/faktumonline.com\/fr\/produit\/jeu-de-5-tiroirs-largeur30-ikea-faktum\/\" \/>\n<meta property=\"og:site_name\" content=\"Faktum online store\" \/>\n<meta property=\"article:modified_time\" content=\"2021-11-19T21:02:28+00:00\" \/>\n<meta name=\"twitter:card\" content=\"summary_large_image\" \/>\n<script type=\"application\/ld+json\" class=\"yoast-schema-graph\">{\"@context\":\"https:\/\/schema.org\",\"@graph\":[{\"@type\":\"WebPage\",\"@id\":\"https:\/\/faktumonline.com\/fr\/produit\/jeu-de-5-tiroirs-largeur30-ikea-faktum\/\",\"url\":\"https:\/\/faktumonline.com\/fr\/produit\/jeu-de-5-tiroirs-largeur30-ikea-faktum\/\",\"name\":\"Jeu de 5 tiroirs, Largeur=30 cm (sans les fa\u00e7ades) - Faktum online store\",\"isPartOf\":{\"@id\":\"https:\/\/faktumonline.com\/da\/#website\"},\"datePublished\":\"2020-02-24T16:16:01+00:00\",\"dateModified\":\"2021-11-19T21:02:28+00:00\",\"breadcrumb\":{\"@id\":\"https:\/\/faktumonline.com\/fr\/produit\/jeu-de-5-tiroirs-largeur30-ikea-faktum\/#breadcrumb\"},\"inLanguage\":\"fr-FR\",\"potentialAction\":[{\"@type\":\"ReadAction\",\"target\":[\"https:\/\/faktumonline.com\/fr\/produit\/jeu-de-5-tiroirs-largeur30-ikea-faktum\/\"]}]},{\"@type\":\"BreadcrumbList\",\"@id\":\"https:\/\/faktumonline.com\/fr\/produit\/jeu-de-5-tiroirs-largeur30-ikea-faktum\/#breadcrumb\",\"itemListElement\":[{\"@type\":\"ListItem\",\"position\":1,\"name\":\"Hem\",\"item\":\"https:\/\/faktumonline.com\/fr\/\"},{\"@type\":\"ListItem\",\"position\":2,\"name\":\"Webshop\",\"item\":\"https:\/\/faktumonline.com\/fr\/webshop\/\"},{\"@type\":\"ListItem\",\"position\":3,\"name\":\"Jeu de 5 tiroirs, Largeur=30 cm (sans les fa\u00e7ades)\"}]},{\"@type\":\"WebSite\",\"@id\":\"https:\/\/faktumonline.com\/da\/#website\",\"url\":\"https:\/\/faktumonline.com\/da\/\",\"name\":\"Faktum Online Store\",\"description\":\"Premium doors for IKEA kitchens\",\"potentialAction\":[{\"@type\":\"SearchAction\",\"target\":{\"@type\":\"EntryPoint\",\"urlTemplate\":\"https:\/\/faktumonline.com\/da\/?s={search_term_string}\"},\"query-input\":{\"@type\":\"PropertyValueSpecification\",\"valueRequired\":true,\"valueName\":\"search_term_string\"}}],\"inLanguage\":\"fr-FR\"}]}<\/script>\n<!-- \/ Yoast SEO Premium plugin. -->","yoast_head_json":{"title":"Jeu de 5 tiroirs, Largeur=30 cm (sans les fa\u00e7ades) - Faktum online store","robots":{"index":"index","follow":"follow","max-snippet":"max-snippet:-1","max-image-preview":"max-image-preview:large","max-video-preview":"max-video-preview:-1"},"canonical":"https:\/\/faktumonline.com\/fr\/produit\/jeu-de-5-tiroirs-largeur30-ikea-faktum\/","og_locale":"fr_FR","og_type":"article","og_title":"Jeu de 5 tiroirs, Largeur=30 cm (sans les fa\u00e7ades)","og_description":"Jeu de 5 tiroirs pour \u00e9l\u00e9ment bas de 30 cm de largeur. (Largeur ext\u00e9rieure du caisson). Inclus dans l\u2019ensemble tiroirs :5x tiroir \u00e0 couverts et les glissi\u00e8res \u00e0 fermeture en douceur \u00abSoftClose\u00bb.","og_url":"https:\/\/faktumonline.com\/fr\/produit\/jeu-de-5-tiroirs-largeur30-ikea-faktum\/","og_site_name":"Faktum online store","article_modified_time":"2021-11-19T21:02:28+00:00","twitter_card":"summary_large_image","schema":{"@context":"https:\/\/schema.org","@graph":[{"@type":"WebPage","@id":"https:\/\/faktumonline.com\/fr\/produit\/jeu-de-5-tiroirs-largeur30-ikea-faktum\/","url":"https:\/\/faktumonline.com\/fr\/produit\/jeu-de-5-tiroirs-largeur30-ikea-faktum\/","name":"Jeu de 5 tiroirs, Largeur=30 cm (sans les fa\u00e7ades) - Faktum online store","isPartOf":{"@id":"https:\/\/faktumonline.com\/da\/#website"},"datePublished":"2020-02-24T16:16:01+00:00","dateModified":"2021-11-19T21:02:28+00:00","breadcrumb":{"@id":"https:\/\/faktumonline.com\/fr\/produit\/jeu-de-5-tiroirs-largeur30-ikea-faktum\/#breadcrumb"},"inLanguage":"fr-FR","potentialAction":[{"@type":"ReadAction","target":["https:\/\/faktumonline.com\/fr\/produit\/jeu-de-5-tiroirs-largeur30-ikea-faktum\/"]}]},{"@type":"BreadcrumbList","@id":"https:\/\/faktumonline.com\/fr\/produit\/jeu-de-5-tiroirs-largeur30-ikea-faktum\/#breadcrumb","itemListElement":[{"@type":"ListItem","position":1,"name":"Hem","item":"https:\/\/faktumonline.com\/fr\/"},{"@type":"ListItem","position":2,"name":"Webshop","item":"https:\/\/faktumonline.com\/fr\/webshop\/"},{"@type":"ListItem","position":3,"name":"Jeu de 5 tiroirs, Largeur=30 cm (sans les fa\u00e7ades)"}]},{"@type":"WebSite","@id":"https:\/\/faktumonline.com\/da\/#website","url":"https:\/\/faktumonline.com\/da\/","name":"Faktum Online Store","description":"Premium doors for IKEA kitchens","potentialAction":[{"@type":"SearchAction","target":{"@type":"EntryPoint","urlTemplate":"https:\/\/faktumonline.com\/da\/?s={search_term_string}"},"query-input":{"@type":"PropertyValueSpecification","valueRequired":true,"valueName":"search_term_string"}}],"inLanguage":"fr-FR"}]}},"_links":{"self":[{"href":"https:\/\/faktumonline.com\/fr\/wp-json\/wp\/v2\/product\/63998","targetHints":{"allow":["GET"]}}],"collection":[{"href":"https:\/\/faktumonline.com\/fr\/wp-json\/wp\/v2\/product"}],"about":[{"href":"https:\/\/faktumonline.com\/fr\/wp-json\/wp\/v2\/types\/product"}],"version-history":[{"count":2,"href":"https:\/\/faktumonline.com\/fr\/wp-json\/wp\/v2\/product\/63998\/revisions"}],"predecessor-version":[{"id":64000,"href":"https:\/\/faktumonline.com\/fr\/wp-json\/wp\/v2\/product\/63998\/revisions\/64000"}],"wp:attachment":[{"href":"https:\/\/faktumonline.com\/fr\/wp-json\/wp\/v2\/media?parent=63998"}],"wp:term":[{"taxonomy":"product_brand","embeddable":true,"href":"https:\/\/faktumonline.com\/fr\/wp-json\/wp\/v2\/product_brand?post=63998"},{"taxonomy":"product_cat","embeddable":true,"href":"https:\/\/faktumonline.com\/fr\/wp-json\/wp\/v2\/product_cat?post=63998"},{"taxonomy":"product_tag","embeddable":true,"href":"https:\/\/faktumonline.com\/fr\/wp-json\/wp\/v2\/product_tag?post=63998"}],"curies":[{"name":"wp","href":"https:\/\/api.w.org\/{rel}","templated":true}]}}