{"id":63501,"date":"2021-09-18T14:14:45","date_gmt":"2021-09-18T13:14:45","guid":{"rendered":"https:\/\/faktumonline.com\/product\/surmeuble-pour-refrigerateur-60x35\/"},"modified":"2021-09-18T14:14:45","modified_gmt":"2021-09-18T13:14:45","slug":"surmeuble-pour-refrigerateur-60x35","status":"publish","type":"product","link":"https:\/\/faktumonline.com\/fr\/produit\/surmeuble-pour-refrigerateur-60x35\/","title":{"rendered":"Surmeuble pour r\u00e9frig\u00e9rateur 60&#215;35"},"content":{"rendered":"","protected":false},"excerpt":{"rendered":"","protected":false},"featured_media":29409,"template":"","meta":[],"product_brand":[],"product_cat":[718],"product_tag":[],"class_list":{"0":"post-63501","1":"product","2":"type-product","3":"status-publish","4":"has-post-thumbnail","6":"product_cat-armoires-au-dessus-du-refrigerateur","7":"sales-flash-overlay","8":"woocommerce-text-align-center","9":"woocommerce-image-align-center","10":"wc-has-gallery","12":"first","13":"instock","14":"taxable","15":"shipping-taxable","16":"purchasable","17":"product-type-simple"},"exclude_global_add_ons":true,"addons":[{"name":"Accessoires: Configuration de la porte:","type":"checkbox","position":0,"required":false,"title_format":"label","default":"","description_enable":true,"description":"Une porte est mont\u00e9e sur un jeu de charni\u00e8res et s\u2019ouvre sur le c\u00f4t\u00e9.","placeholder_enable":false,"placeholder":"","display":"select","restrictions_type":"any_text","adjust_price":false,"price":"","price_type":"flat_fee","restrictions":false,"min":"0","max":"0","options":[{"label":"2x Charni\u00e8res pour Faktum fermeture douce + fermeture automatique + 2x Plaques de montage pour les charni\u00e8res","price":"27","price_type":"quantity_based","image":0},{"label":"1x porte 60x35 (596x342 mm)","price":"63","price_type":"quantity_based","image":0}]},{"name":"Accessoires (pour une configuration de volets):","type":"checkbox","position":1,"required":false,"title_format":"label","default":"","description_enable":true,"description":"Un volet est mont\u00e9 sur un jeu de charni\u00e8res + un m\u00e9canisme de levage de s\u00e9jour et s\u2019ouvre vers le plafond","placeholder_enable":false,"placeholder":"","display":"select","restrictions_type":"any_text","adjust_price":false,"price":"","price_type":"flat_fee","restrictions":false,"min":"0","max":"0","options":[{"label":"2x charni\u00e8res + plaques de montage + 1x Syst\u00e8me \u00abStay-Lift\u00bb","price":"63","price_type":"quantity_based","image":0},{"label":"1x Porte Horizontale 60\u00d745 (596\u00d7442 mm)","price":"63","price_type":"quantity_based","image":0}]}],"yoast_head":"<!-- This site is optimized with the Yoast SEO Premium plugin v27.4 (Yoast SEO v27.4) - https:\/\/yoast.com\/product\/yoast-seo-premium-wordpress\/ -->\n<title>Surmeuble pour r\u00e9frig\u00e9rateur 60x35 - Faktum online store<\/title>\n<meta name=\"robots\" content=\"index, follow, max-snippet:-1, max-image-preview:large, max-video-preview:-1\" \/>\n<link rel=\"canonical\" href=\"https:\/\/faktumonline.com\/fr\/produit\/surmeuble-pour-refrigerateur-60x35\/\" \/>\n<meta property=\"og:locale\" content=\"fr_FR\" \/>\n<meta property=\"og:type\" content=\"article\" \/>\n<meta property=\"og:title\" content=\"Surmeuble pour r\u00e9frig\u00e9rateur 60x35\" \/>\n<meta property=\"og:url\" content=\"https:\/\/faktumonline.com\/fr\/produit\/surmeuble-pour-refrigerateur-60x35\/\" \/>\n<meta property=\"og:site_name\" content=\"Faktum online store\" \/>\n<meta property=\"og:image\" content=\"https:\/\/faktumonline.com\/wp-content\/uploads\/2019\/12\/Fridge-to-cab-35.jpg\" \/>\n\t<meta property=\"og:image:width\" content=\"968\" \/>\n\t<meta property=\"og:image:height\" content=\"540\" \/>\n\t<meta property=\"og:image:type\" content=\"image\/jpeg\" \/>\n<meta name=\"twitter:card\" content=\"summary_large_image\" \/>\n<script type=\"application\/ld+json\" class=\"yoast-schema-graph\">{\"@context\":\"https:\\\/\\\/schema.org\",\"@graph\":[{\"@type\":\"WebPage\",\"@id\":\"https:\\\/\\\/faktumonline.com\\\/fr\\\/produit\\\/surmeuble-pour-refrigerateur-60x35\\\/\",\"url\":\"https:\\\/\\\/faktumonline.com\\\/fr\\\/produit\\\/surmeuble-pour-refrigerateur-60x35\\\/\",\"name\":\"Surmeuble pour r\u00e9frig\u00e9rateur 60x35 - Faktum online store\",\"isPartOf\":{\"@id\":\"https:\\\/\\\/faktumonline.com\\\/da\\\/#website\"},\"primaryImageOfPage\":{\"@id\":\"https:\\\/\\\/faktumonline.com\\\/fr\\\/produit\\\/surmeuble-pour-refrigerateur-60x35\\\/#primaryimage\"},\"image\":{\"@id\":\"https:\\\/\\\/faktumonline.com\\\/fr\\\/produit\\\/surmeuble-pour-refrigerateur-60x35\\\/#primaryimage\"},\"thumbnailUrl\":\"https:\\\/\\\/faktumonline.com\\\/wp-content\\\/uploads\\\/2019\\\/12\\\/Fridge-to-cab-35.jpg\",\"datePublished\":\"2021-09-18T13:14:45+00:00\",\"breadcrumb\":{\"@id\":\"https:\\\/\\\/faktumonline.com\\\/fr\\\/produit\\\/surmeuble-pour-refrigerateur-60x35\\\/#breadcrumb\"},\"inLanguage\":\"fr-FR\",\"potentialAction\":[{\"@type\":\"ReadAction\",\"target\":[\"https:\\\/\\\/faktumonline.com\\\/fr\\\/produit\\\/surmeuble-pour-refrigerateur-60x35\\\/\"]}]},{\"@type\":\"ImageObject\",\"inLanguage\":\"fr-FR\",\"@id\":\"https:\\\/\\\/faktumonline.com\\\/fr\\\/produit\\\/surmeuble-pour-refrigerateur-60x35\\\/#primaryimage\",\"url\":\"https:\\\/\\\/faktumonline.com\\\/wp-content\\\/uploads\\\/2019\\\/12\\\/Fridge-to-cab-35.jpg\",\"contentUrl\":\"https:\\\/\\\/faktumonline.com\\\/wp-content\\\/uploads\\\/2019\\\/12\\\/Fridge-to-cab-35.jpg\",\"width\":968,\"height\":540,\"caption\":\"Surmeubles pour r\u00e9frig\u00e9rateurs pour les cuisines IKEA Faktum\"},{\"@type\":\"BreadcrumbList\",\"@id\":\"https:\\\/\\\/faktumonline.com\\\/fr\\\/produit\\\/surmeuble-pour-refrigerateur-60x35\\\/#breadcrumb\",\"itemListElement\":[{\"@type\":\"ListItem\",\"position\":1,\"name\":\"Hem\",\"item\":\"https:\\\/\\\/faktumonline.com\\\/fr\\\/\"},{\"@type\":\"ListItem\",\"position\":2,\"name\":\"Webshop\",\"item\":\"https:\\\/\\\/faktumonline.com\\\/fr\\\/webshop\\\/\"},{\"@type\":\"ListItem\",\"position\":3,\"name\":\"Surmeuble pour r\u00e9frig\u00e9rateur 60&#215;35\"}]},{\"@type\":\"WebSite\",\"@id\":\"https:\\\/\\\/faktumonline.com\\\/da\\\/#website\",\"url\":\"https:\\\/\\\/faktumonline.com\\\/da\\\/\",\"name\":\"Faktum Online Store\",\"description\":\"Premium doors for IKEA kitchens\",\"potentialAction\":[{\"@type\":\"SearchAction\",\"target\":{\"@type\":\"EntryPoint\",\"urlTemplate\":\"https:\\\/\\\/faktumonline.com\\\/da\\\/?s={search_term_string}\"},\"query-input\":{\"@type\":\"PropertyValueSpecification\",\"valueRequired\":true,\"valueName\":\"search_term_string\"}}],\"inLanguage\":\"fr-FR\"}]}<\/script>\n<!-- \/ Yoast SEO Premium plugin. -->","yoast_head_json":{"title":"Surmeuble pour r\u00e9frig\u00e9rateur 60x35 - Faktum online store","robots":{"index":"index","follow":"follow","max-snippet":"max-snippet:-1","max-image-preview":"max-image-preview:large","max-video-preview":"max-video-preview:-1"},"canonical":"https:\/\/faktumonline.com\/fr\/produit\/surmeuble-pour-refrigerateur-60x35\/","og_locale":"fr_FR","og_type":"article","og_title":"Surmeuble pour r\u00e9frig\u00e9rateur 60x35","og_url":"https:\/\/faktumonline.com\/fr\/produit\/surmeuble-pour-refrigerateur-60x35\/","og_site_name":"Faktum online store","og_image":[{"width":968,"height":540,"url":"https:\/\/faktumonline.com\/wp-content\/uploads\/2019\/12\/Fridge-to-cab-35.jpg","type":"image\/jpeg"}],"twitter_card":"summary_large_image","schema":{"@context":"https:\/\/schema.org","@graph":[{"@type":"WebPage","@id":"https:\/\/faktumonline.com\/fr\/produit\/surmeuble-pour-refrigerateur-60x35\/","url":"https:\/\/faktumonline.com\/fr\/produit\/surmeuble-pour-refrigerateur-60x35\/","name":"Surmeuble pour r\u00e9frig\u00e9rateur 60x35 - Faktum online store","isPartOf":{"@id":"https:\/\/faktumonline.com\/da\/#website"},"primaryImageOfPage":{"@id":"https:\/\/faktumonline.com\/fr\/produit\/surmeuble-pour-refrigerateur-60x35\/#primaryimage"},"image":{"@id":"https:\/\/faktumonline.com\/fr\/produit\/surmeuble-pour-refrigerateur-60x35\/#primaryimage"},"thumbnailUrl":"https:\/\/faktumonline.com\/wp-content\/uploads\/2019\/12\/Fridge-to-cab-35.jpg","datePublished":"2021-09-18T13:14:45+00:00","breadcrumb":{"@id":"https:\/\/faktumonline.com\/fr\/produit\/surmeuble-pour-refrigerateur-60x35\/#breadcrumb"},"inLanguage":"fr-FR","potentialAction":[{"@type":"ReadAction","target":["https:\/\/faktumonline.com\/fr\/produit\/surmeuble-pour-refrigerateur-60x35\/"]}]},{"@type":"ImageObject","inLanguage":"fr-FR","@id":"https:\/\/faktumonline.com\/fr\/produit\/surmeuble-pour-refrigerateur-60x35\/#primaryimage","url":"https:\/\/faktumonline.com\/wp-content\/uploads\/2019\/12\/Fridge-to-cab-35.jpg","contentUrl":"https:\/\/faktumonline.com\/wp-content\/uploads\/2019\/12\/Fridge-to-cab-35.jpg","width":968,"height":540,"caption":"Surmeubles pour r\u00e9frig\u00e9rateurs pour les cuisines IKEA Faktum"},{"@type":"BreadcrumbList","@id":"https:\/\/faktumonline.com\/fr\/produit\/surmeuble-pour-refrigerateur-60x35\/#breadcrumb","itemListElement":[{"@type":"ListItem","position":1,"name":"Hem","item":"https:\/\/faktumonline.com\/fr\/"},{"@type":"ListItem","position":2,"name":"Webshop","item":"https:\/\/faktumonline.com\/fr\/webshop\/"},{"@type":"ListItem","position":3,"name":"Surmeuble pour r\u00e9frig\u00e9rateur 60&#215;35"}]},{"@type":"WebSite","@id":"https:\/\/faktumonline.com\/da\/#website","url":"https:\/\/faktumonline.com\/da\/","name":"Faktum Online Store","description":"Premium doors for IKEA kitchens","potentialAction":[{"@type":"SearchAction","target":{"@type":"EntryPoint","urlTemplate":"https:\/\/faktumonline.com\/da\/?s={search_term_string}"},"query-input":{"@type":"PropertyValueSpecification","valueRequired":true,"valueName":"search_term_string"}}],"inLanguage":"fr-FR"}]}},"_links":{"self":[{"href":"https:\/\/faktumonline.com\/fr\/wp-json\/wp\/v2\/product\/63501","targetHints":{"allow":["GET"]}}],"collection":[{"href":"https:\/\/faktumonline.com\/fr\/wp-json\/wp\/v2\/product"}],"about":[{"href":"https:\/\/faktumonline.com\/fr\/wp-json\/wp\/v2\/types\/product"}],"version-history":[{"count":0,"href":"https:\/\/faktumonline.com\/fr\/wp-json\/wp\/v2\/product\/63501\/revisions"}],"wp:featuredmedia":[{"embeddable":true,"href":"https:\/\/faktumonline.com\/fr\/wp-json\/wp\/v2\/media\/29409"}],"wp:attachment":[{"href":"https:\/\/faktumonline.com\/fr\/wp-json\/wp\/v2\/media?parent=63501"}],"wp:term":[{"taxonomy":"product_brand","embeddable":true,"href":"https:\/\/faktumonline.com\/fr\/wp-json\/wp\/v2\/product_brand?post=63501"},{"taxonomy":"product_cat","embeddable":true,"href":"https:\/\/faktumonline.com\/fr\/wp-json\/wp\/v2\/product_cat?post=63501"},{"taxonomy":"product_tag","embeddable":true,"href":"https:\/\/faktumonline.com\/fr\/wp-json\/wp\/v2\/product_tag?post=63501"}],"curies":[{"name":"wp","href":"https:\/\/api.w.org\/{rel}","templated":true}]}}