{"id":61975,"date":"2019-07-06T19:12:08","date_gmt":"2019-07-06T18:12:08","guid":{"rendered":"https:\/\/faktumonline.com\/product\/meubles-dangle-mural-60x60-hauteur-70-cm\/"},"modified":"2021-09-16T23:29:29","modified_gmt":"2021-09-16T22:29:29","slug":"meubles-dangle-mural-60x60-hauteur-92-cm","status":"publish","type":"product","link":"https:\/\/faktumonline.com\/fr\/produit\/meubles-dangle-mural-60x60-hauteur-92-cm\/","title":{"rendered":"Meubles d\u2019angle mural 60&#215;60 Hauteur 92 cm"},"content":{"rendered":"","protected":false},"excerpt":{"rendered":"<p>Un meuble d&rsquo;angle mural 60&#215;60 cm pour les cuisines IKEA Faktum. Hauteur 92cm. N\u00e9cessite une porte 32&#215;92 qui est command\u00e9e s\u00e9par\u00e9ment.<\/p>\n","protected":false},"featured_media":64548,"template":"","meta":[],"product_brand":[],"product_cat":[798],"product_tag":[],"class_list":{"0":"post-61975","1":"product","2":"type-product","3":"status-publish","4":"has-post-thumbnail","6":"product_cat-armoires-dangle-murales","7":"sales-flash-overlay","8":"woocommerce-text-align-center","9":"woocommerce-image-align-center","10":"wc-has-gallery","12":"first","13":"instock","14":"taxable","15":"shipping-taxable","16":"purchasable","17":"product-type-simple"},"exclude_global_add_ons":true,"addons":[{"name":"Accessoires:","type":"checkbox","position":0,"required":false,"title_format":"label","default":"","description_enable":false,"description":"","placeholder_enable":false,"placeholder":"","display":"select","restrictions_type":"any_text","adjust_price":false,"price":"","price_type":"flat_fee","restrictions":false,"min":"0","max":"0","options":[{"label":"1x Porte 32x92 (317x918 mm)","price":"94","price_type":"quantity_based","image":0},{"label":"Ensemble de 3 \u00e9tag\u00e8res + 2 charni\u00e8res d'angle","price":"69","price_type":"quantity_based","image":0}]}],"yoast_head":"<!-- This site is optimized with the Yoast SEO Premium plugin v27.5 (Yoast SEO v27.5) - https:\/\/yoast.com\/product\/yoast-seo-premium-wordpress\/ -->\n<title>Meubles d\u2019angle mural 60x60 Hauteur 92 cm - Faktum online store<\/title>\n<meta name=\"robots\" content=\"index, follow, max-snippet:-1, max-image-preview:large, max-video-preview:-1\" \/>\n<link rel=\"canonical\" href=\"https:\/\/faktumonline.com\/fr\/produit\/meubles-dangle-mural-60x60-hauteur-92-cm\/\" \/>\n<meta property=\"og:locale\" content=\"fr_FR\" \/>\n<meta property=\"og:type\" content=\"article\" \/>\n<meta property=\"og:title\" content=\"Meubles d\u2019angle mural 60x60 Hauteur 92 cm\" \/>\n<meta property=\"og:description\" content=\"Un meuble d&#039;angle mural 60x60 cm pour les cuisines IKEA Faktum. Hauteur 92cm. N\u00e9cessite une porte 32x92 qui est command\u00e9e s\u00e9par\u00e9ment.\" \/>\n<meta property=\"og:url\" content=\"https:\/\/faktumonline.com\/fr\/produit\/meubles-dangle-mural-60x60-hauteur-92-cm\/\" \/>\n<meta property=\"og:site_name\" content=\"Faktum online store\" \/>\n<meta property=\"article:modified_time\" content=\"2021-09-16T22:29:29+00:00\" \/>\n<meta property=\"og:image\" content=\"https:\/\/faktumonline.com\/wp-content\/uploads\/2019\/07\/Wall-Corner-Cab.jpg\" \/>\n\t<meta property=\"og:image:width\" content=\"609\" \/>\n\t<meta property=\"og:image:height\" content=\"782\" \/>\n\t<meta property=\"og:image:type\" content=\"image\/jpeg\" \/>\n<meta name=\"twitter:card\" content=\"summary_large_image\" \/>\n<script type=\"application\/ld+json\" class=\"yoast-schema-graph\">{\"@context\":\"https:\\\/\\\/schema.org\",\"@graph\":[{\"@type\":\"WebPage\",\"@id\":\"https:\\\/\\\/faktumonline.com\\\/fr\\\/produit\\\/meubles-dangle-mural-60x60-hauteur-92-cm\\\/\",\"url\":\"https:\\\/\\\/faktumonline.com\\\/fr\\\/produit\\\/meubles-dangle-mural-60x60-hauteur-92-cm\\\/\",\"name\":\"Meubles d\u2019angle mural 60x60 Hauteur 92 cm - Faktum online store\",\"isPartOf\":{\"@id\":\"https:\\\/\\\/faktumonline.com\\\/da\\\/#website\"},\"primaryImageOfPage\":{\"@id\":\"https:\\\/\\\/faktumonline.com\\\/fr\\\/produit\\\/meubles-dangle-mural-60x60-hauteur-92-cm\\\/#primaryimage\"},\"image\":{\"@id\":\"https:\\\/\\\/faktumonline.com\\\/fr\\\/produit\\\/meubles-dangle-mural-60x60-hauteur-92-cm\\\/#primaryimage\"},\"thumbnailUrl\":\"https:\\\/\\\/faktumonline.com\\\/wp-content\\\/uploads\\\/2019\\\/07\\\/Wall-Corner-Cab.jpg\",\"datePublished\":\"2019-07-06T18:12:08+00:00\",\"dateModified\":\"2021-09-16T22:29:29+00:00\",\"breadcrumb\":{\"@id\":\"https:\\\/\\\/faktumonline.com\\\/fr\\\/produit\\\/meubles-dangle-mural-60x60-hauteur-92-cm\\\/#breadcrumb\"},\"inLanguage\":\"fr-FR\",\"potentialAction\":[{\"@type\":\"ReadAction\",\"target\":[\"https:\\\/\\\/faktumonline.com\\\/fr\\\/produit\\\/meubles-dangle-mural-60x60-hauteur-92-cm\\\/\"]}]},{\"@type\":\"ImageObject\",\"inLanguage\":\"fr-FR\",\"@id\":\"https:\\\/\\\/faktumonline.com\\\/fr\\\/produit\\\/meubles-dangle-mural-60x60-hauteur-92-cm\\\/#primaryimage\",\"url\":\"https:\\\/\\\/faktumonline.com\\\/wp-content\\\/uploads\\\/2019\\\/07\\\/Wall-Corner-Cab.jpg\",\"contentUrl\":\"https:\\\/\\\/faktumonline.com\\\/wp-content\\\/uploads\\\/2019\\\/07\\\/Wall-Corner-Cab.jpg\",\"width\":609,\"height\":782,\"caption\":\"Wall Corner Cupboard for IKEA Faktum Kitchens\"},{\"@type\":\"BreadcrumbList\",\"@id\":\"https:\\\/\\\/faktumonline.com\\\/fr\\\/produit\\\/meubles-dangle-mural-60x60-hauteur-92-cm\\\/#breadcrumb\",\"itemListElement\":[{\"@type\":\"ListItem\",\"position\":1,\"name\":\"Hem\",\"item\":\"https:\\\/\\\/faktumonline.com\\\/fr\\\/\"},{\"@type\":\"ListItem\",\"position\":2,\"name\":\"Webshop\",\"item\":\"https:\\\/\\\/faktumonline.com\\\/fr\\\/webshop\\\/\"},{\"@type\":\"ListItem\",\"position\":3,\"name\":\"Meubles d\u2019angle mural 60&#215;60 Hauteur 92 cm\"}]},{\"@type\":\"WebSite\",\"@id\":\"https:\\\/\\\/faktumonline.com\\\/da\\\/#website\",\"url\":\"https:\\\/\\\/faktumonline.com\\\/da\\\/\",\"name\":\"Faktum Online Store\",\"description\":\"Premium doors for IKEA kitchens\",\"potentialAction\":[{\"@type\":\"SearchAction\",\"target\":{\"@type\":\"EntryPoint\",\"urlTemplate\":\"https:\\\/\\\/faktumonline.com\\\/da\\\/?s={search_term_string}\"},\"query-input\":{\"@type\":\"PropertyValueSpecification\",\"valueRequired\":true,\"valueName\":\"search_term_string\"}}],\"inLanguage\":\"fr-FR\"}]}<\/script>\n<!-- \/ Yoast SEO Premium plugin. -->","yoast_head_json":{"title":"Meubles d\u2019angle mural 60x60 Hauteur 92 cm - Faktum online store","robots":{"index":"index","follow":"follow","max-snippet":"max-snippet:-1","max-image-preview":"max-image-preview:large","max-video-preview":"max-video-preview:-1"},"canonical":"https:\/\/faktumonline.com\/fr\/produit\/meubles-dangle-mural-60x60-hauteur-92-cm\/","og_locale":"fr_FR","og_type":"article","og_title":"Meubles d\u2019angle mural 60x60 Hauteur 92 cm","og_description":"Un meuble d'angle mural 60x60 cm pour les cuisines IKEA Faktum. Hauteur 92cm. N\u00e9cessite une porte 32x92 qui est command\u00e9e s\u00e9par\u00e9ment.","og_url":"https:\/\/faktumonline.com\/fr\/produit\/meubles-dangle-mural-60x60-hauteur-92-cm\/","og_site_name":"Faktum online store","article_modified_time":"2021-09-16T22:29:29+00:00","og_image":[{"width":609,"height":782,"url":"https:\/\/faktumonline.com\/wp-content\/uploads\/2019\/07\/Wall-Corner-Cab.jpg","type":"image\/jpeg"}],"twitter_card":"summary_large_image","schema":{"@context":"https:\/\/schema.org","@graph":[{"@type":"WebPage","@id":"https:\/\/faktumonline.com\/fr\/produit\/meubles-dangle-mural-60x60-hauteur-92-cm\/","url":"https:\/\/faktumonline.com\/fr\/produit\/meubles-dangle-mural-60x60-hauteur-92-cm\/","name":"Meubles d\u2019angle mural 60x60 Hauteur 92 cm - Faktum online store","isPartOf":{"@id":"https:\/\/faktumonline.com\/da\/#website"},"primaryImageOfPage":{"@id":"https:\/\/faktumonline.com\/fr\/produit\/meubles-dangle-mural-60x60-hauteur-92-cm\/#primaryimage"},"image":{"@id":"https:\/\/faktumonline.com\/fr\/produit\/meubles-dangle-mural-60x60-hauteur-92-cm\/#primaryimage"},"thumbnailUrl":"https:\/\/faktumonline.com\/wp-content\/uploads\/2019\/07\/Wall-Corner-Cab.jpg","datePublished":"2019-07-06T18:12:08+00:00","dateModified":"2021-09-16T22:29:29+00:00","breadcrumb":{"@id":"https:\/\/faktumonline.com\/fr\/produit\/meubles-dangle-mural-60x60-hauteur-92-cm\/#breadcrumb"},"inLanguage":"fr-FR","potentialAction":[{"@type":"ReadAction","target":["https:\/\/faktumonline.com\/fr\/produit\/meubles-dangle-mural-60x60-hauteur-92-cm\/"]}]},{"@type":"ImageObject","inLanguage":"fr-FR","@id":"https:\/\/faktumonline.com\/fr\/produit\/meubles-dangle-mural-60x60-hauteur-92-cm\/#primaryimage","url":"https:\/\/faktumonline.com\/wp-content\/uploads\/2019\/07\/Wall-Corner-Cab.jpg","contentUrl":"https:\/\/faktumonline.com\/wp-content\/uploads\/2019\/07\/Wall-Corner-Cab.jpg","width":609,"height":782,"caption":"Wall Corner Cupboard for IKEA Faktum Kitchens"},{"@type":"BreadcrumbList","@id":"https:\/\/faktumonline.com\/fr\/produit\/meubles-dangle-mural-60x60-hauteur-92-cm\/#breadcrumb","itemListElement":[{"@type":"ListItem","position":1,"name":"Hem","item":"https:\/\/faktumonline.com\/fr\/"},{"@type":"ListItem","position":2,"name":"Webshop","item":"https:\/\/faktumonline.com\/fr\/webshop\/"},{"@type":"ListItem","position":3,"name":"Meubles d\u2019angle mural 60&#215;60 Hauteur 92 cm"}]},{"@type":"WebSite","@id":"https:\/\/faktumonline.com\/da\/#website","url":"https:\/\/faktumonline.com\/da\/","name":"Faktum Online Store","description":"Premium doors for IKEA kitchens","potentialAction":[{"@type":"SearchAction","target":{"@type":"EntryPoint","urlTemplate":"https:\/\/faktumonline.com\/da\/?s={search_term_string}"},"query-input":{"@type":"PropertyValueSpecification","valueRequired":true,"valueName":"search_term_string"}}],"inLanguage":"fr-FR"}]}},"_links":{"self":[{"href":"https:\/\/faktumonline.com\/fr\/wp-json\/wp\/v2\/product\/61975","targetHints":{"allow":["GET"]}}],"collection":[{"href":"https:\/\/faktumonline.com\/fr\/wp-json\/wp\/v2\/product"}],"about":[{"href":"https:\/\/faktumonline.com\/fr\/wp-json\/wp\/v2\/types\/product"}],"version-history":[{"count":2,"href":"https:\/\/faktumonline.com\/fr\/wp-json\/wp\/v2\/product\/61975\/revisions"}],"predecessor-version":[{"id":61977,"href":"https:\/\/faktumonline.com\/fr\/wp-json\/wp\/v2\/product\/61975\/revisions\/61977"}],"wp:featuredmedia":[{"embeddable":true,"href":"https:\/\/faktumonline.com\/fr\/wp-json\/wp\/v2\/media\/64548"}],"wp:attachment":[{"href":"https:\/\/faktumonline.com\/fr\/wp-json\/wp\/v2\/media?parent=61975"}],"wp:term":[{"taxonomy":"product_brand","embeddable":true,"href":"https:\/\/faktumonline.com\/fr\/wp-json\/wp\/v2\/product_brand?post=61975"},{"taxonomy":"product_cat","embeddable":true,"href":"https:\/\/faktumonline.com\/fr\/wp-json\/wp\/v2\/product_cat?post=61975"},{"taxonomy":"product_tag","embeddable":true,"href":"https:\/\/faktumonline.com\/fr\/wp-json\/wp\/v2\/product_tag?post=61975"}],"curies":[{"name":"wp","href":"https:\/\/api.w.org\/{rel}","templated":true}]}}