{"id":50232,"date":"2019-12-10T18:21:59","date_gmt":"2019-12-10T17:21:59","guid":{"rendered":"https:\/\/faktumonline.com\/product\/caisson-arm-refrig-four-60x217\/"},"modified":"2026-04-17T15:51:56","modified_gmt":"2026-04-17T14:51:56","slug":"caisson-arm-refrig-four-60x217","status":"publish","type":"product","link":"https:\/\/faktumonline.com\/fr\/produit\/caisson-arm-refrig-four-60x217\/","title":{"rendered":"Armoire haute pour \u00e9lectrom\u00e9nager 60\u00d7217"},"content":{"rendered":"<p>60 x 217 x 58 cm<\/p>\n","protected":false},"excerpt":{"rendered":"<p>Armoire haute pour \u00e9lectrom\u00e9nager pour les cuisines IKEA Faktum. Elle sera fabriqu\u00e9e en \u201cblanc standard\u201d quelque soit la couleur choisie pour les fa\u00e7ades. Le panneau du dos de cette armoire est partiellement ouvert pour faciliter le passage des c\u00e2bles et pour la ventilation. Deux grilles de ventilation sont fournies. Elles doivent \u00eatre install\u00e9es dans le bas de l\u2019armoire et dans la plinthe.<br \/>\nLargeur : 60 cm \u2013 Hauteur : 217 cm \u2013 Profondeur : 58 cm.<br \/>\nCombin\u00e9 \u00e0 des am\u00e9nagements int\u00e9rieurs cet \u00e9l\u00e9ment haut offre un espace de rangement tr\u00e8s pratique. Notez que les portes ou fa\u00e7ades de tiroir doivent \u00eatre command\u00e9es s\u00e9par\u00e9ment.<\/p>\n","protected":false},"featured_media":154138,"template":"","meta":[],"product_brand":[],"product_cat":[716,2846],"product_tag":[],"class_list":{"0":"post-50232","1":"product","2":"type-product","3":"status-publish","4":"has-post-thumbnail","6":"product_cat-armoire-dappareil","7":"product_cat-tall-cabinets-217-fr","8":"product_shipping_class-lang-fr","9":"sales-flash-overlay","10":"woocommerce-text-align-center","11":"woocommerce-image-align-center","13":"first","14":"instock","15":"taxable","16":"shipping-taxable","17":"purchasable","18":"product-type-simple"},"exclude_global_add_ons":false,"addons":[{"name":"Door configuration","type":"checkbox","position":0,"required":false,"title_format":"heading","default":"","description_enable":false,"description":"","placeholder_enable":false,"placeholder":"","display":"select","restrictions_type":"any_text","adjust_price":false,"price":"","price_type":"flat_fee","restrictions":false,"min":"0","max":"0","options":[{"label":"Door 15x70","price":"69","price_type":"quantity_based","image":0},{"label":"Set of 2 hinges","price":"19","price_type":"quantity_based","image":0},{"label":"Set of 2 mounting plates","price":"9","price_type":"quantity_based","image":0}],"id":1738948690},{"name":"Pull Out Config","type":"checkbox","position":1,"required":false,"title_format":"heading","default":"","description_enable":false,"description":"","placeholder_enable":false,"placeholder":"","display":"select","restrictions_type":"any_text","adjust_price":false,"price":"","price_type":"flat_fee","restrictions":false,"min":"0","max":"0","options":[{"label":"Pull Out Draw Set","price":"159","price_type":"quantity_based","image":0},{"label":"Draw Front","price":"69","price_type":"quantity_based","image":0}],"id":1738948691},{"name":"Legs","type":"checkbox","position":2,"required":false,"title_format":"heading","default":"","description_enable":false,"description":"","placeholder_enable":false,"placeholder":"","display":"select","restrictions_type":"any_text","adjust_price":false,"price":"","price_type":"flat_fee","restrictions":false,"min":"0","max":"0","options":[{"label":"Set of 4 legs. 16 cm (14,5 - 17 cm)","price":"3.95","price_type":"quantity_based","image":0},{"label":"Set of 4 legs. 12 cm (11,5 - 14.4 cm)","price":"3.95","price_type":"quantity_based","image":0},{"label":"No legs","price":"","price_type":"quantity_based","image":0}],"id":1738948692}],"yoast_head":"<!-- This site is optimized with the Yoast SEO Premium plugin v27.4 (Yoast SEO v27.4) - https:\/\/yoast.com\/product\/yoast-seo-premium-wordpress\/ -->\n<title>Armoire haute pour \u00e9lectrom\u00e9nager 60\u00d7217<\/title>\n<meta name=\"description\" content=\"Colonnes pour appareils \u00e9lectrom\u00e9nagers pour cuisines IKEA Faktum\" \/>\n<meta name=\"robots\" content=\"index, follow, max-snippet:-1, max-image-preview:large, max-video-preview:-1\" \/>\n<link rel=\"canonical\" href=\"https:\/\/faktumonline.com\/fr\/produit\/caisson-arm-refrig-four-60x217\/\" \/>\n<meta property=\"og:locale\" content=\"fr_FR\" \/>\n<meta property=\"og:type\" content=\"article\" \/>\n<meta property=\"og:title\" content=\"Armoire haute pour \u00e9lectrom\u00e9nager 60\u00d7217\" \/>\n<meta property=\"og:description\" content=\"Colonnes pour appareils \u00e9lectrom\u00e9nagers pour cuisines IKEA Faktum\" \/>\n<meta property=\"og:url\" content=\"https:\/\/faktumonline.com\/fr\/produit\/caisson-arm-refrig-four-60x217\/\" \/>\n<meta property=\"og:site_name\" content=\"Faktum online store\" \/>\n<meta property=\"article:modified_time\" content=\"2026-04-17T14:51:56+00:00\" \/>\n<meta property=\"og:image\" content=\"https:\/\/faktumonline.com\/wp-content\/uploads\/2025\/12\/Inbyggnadsskap.png\" \/>\n\t<meta property=\"og:image:width\" content=\"510\" \/>\n\t<meta property=\"og:image:height\" content=\"825\" \/>\n\t<meta property=\"og:image:type\" content=\"image\/png\" \/>\n<meta name=\"twitter:card\" content=\"summary_large_image\" \/>\n<script type=\"application\/ld+json\" class=\"yoast-schema-graph\">{\"@context\":\"https:\\\/\\\/schema.org\",\"@graph\":[{\"@type\":\"WebPage\",\"@id\":\"https:\\\/\\\/faktumonline.com\\\/fr\\\/produit\\\/caisson-arm-refrig-four-60x217\\\/\",\"url\":\"https:\\\/\\\/faktumonline.com\\\/fr\\\/produit\\\/caisson-arm-refrig-four-60x217\\\/\",\"name\":\"Armoire haute pour \u00e9lectrom\u00e9nager 60\u00d7217\",\"isPartOf\":{\"@id\":\"https:\\\/\\\/faktumonline.com\\\/da\\\/#website\"},\"primaryImageOfPage\":{\"@id\":\"https:\\\/\\\/faktumonline.com\\\/fr\\\/produit\\\/caisson-arm-refrig-four-60x217\\\/#primaryimage\"},\"image\":{\"@id\":\"https:\\\/\\\/faktumonline.com\\\/fr\\\/produit\\\/caisson-arm-refrig-four-60x217\\\/#primaryimage\"},\"thumbnailUrl\":\"https:\\\/\\\/faktumonline.com\\\/wp-content\\\/uploads\\\/2025\\\/12\\\/Inbyggnadsskap.png\",\"datePublished\":\"2019-12-10T17:21:59+00:00\",\"dateModified\":\"2026-04-17T14:51:56+00:00\",\"description\":\"Colonnes pour appareils \u00e9lectrom\u00e9nagers pour cuisines IKEA Faktum\",\"breadcrumb\":{\"@id\":\"https:\\\/\\\/faktumonline.com\\\/fr\\\/produit\\\/caisson-arm-refrig-four-60x217\\\/#breadcrumb\"},\"inLanguage\":\"fr-FR\",\"potentialAction\":[{\"@type\":\"ReadAction\",\"target\":[\"https:\\\/\\\/faktumonline.com\\\/fr\\\/produit\\\/caisson-arm-refrig-four-60x217\\\/\"]}]},{\"@type\":\"ImageObject\",\"inLanguage\":\"fr-FR\",\"@id\":\"https:\\\/\\\/faktumonline.com\\\/fr\\\/produit\\\/caisson-arm-refrig-four-60x217\\\/#primaryimage\",\"url\":\"https:\\\/\\\/faktumonline.com\\\/wp-content\\\/uploads\\\/2025\\\/12\\\/Inbyggnadsskap.png\",\"contentUrl\":\"https:\\\/\\\/faktumonline.com\\\/wp-content\\\/uploads\\\/2025\\\/12\\\/Inbyggnadsskap.png\",\"width\":510,\"height\":825,\"caption\":\"Colonnes pour appareils \u00e9lectrom\u00e9nagers pour cuisines IKEA Faktum\"},{\"@type\":\"BreadcrumbList\",\"@id\":\"https:\\\/\\\/faktumonline.com\\\/fr\\\/produit\\\/caisson-arm-refrig-four-60x217\\\/#breadcrumb\",\"itemListElement\":[{\"@type\":\"ListItem\",\"position\":1,\"name\":\"Hem\",\"item\":\"https:\\\/\\\/faktumonline.com\\\/fr\\\/\"},{\"@type\":\"ListItem\",\"position\":2,\"name\":\"Webshop\",\"item\":\"https:\\\/\\\/faktumonline.com\\\/fr\\\/webshop\\\/\"},{\"@type\":\"ListItem\",\"position\":3,\"name\":\"Armoire haute pour \u00e9lectrom\u00e9nager 60\u00d7217\"}]},{\"@type\":\"WebSite\",\"@id\":\"https:\\\/\\\/faktumonline.com\\\/da\\\/#website\",\"url\":\"https:\\\/\\\/faktumonline.com\\\/da\\\/\",\"name\":\"Faktum Online Store\",\"description\":\"Premium doors for IKEA kitchens\",\"potentialAction\":[{\"@type\":\"SearchAction\",\"target\":{\"@type\":\"EntryPoint\",\"urlTemplate\":\"https:\\\/\\\/faktumonline.com\\\/da\\\/?s={search_term_string}\"},\"query-input\":{\"@type\":\"PropertyValueSpecification\",\"valueRequired\":true,\"valueName\":\"search_term_string\"}}],\"inLanguage\":\"fr-FR\"}]}<\/script>\n<!-- \/ Yoast SEO Premium plugin. -->","yoast_head_json":{"title":"Armoire haute pour \u00e9lectrom\u00e9nager 60\u00d7217","description":"Colonnes pour appareils \u00e9lectrom\u00e9nagers pour cuisines IKEA Faktum","robots":{"index":"index","follow":"follow","max-snippet":"max-snippet:-1","max-image-preview":"max-image-preview:large","max-video-preview":"max-video-preview:-1"},"canonical":"https:\/\/faktumonline.com\/fr\/produit\/caisson-arm-refrig-four-60x217\/","og_locale":"fr_FR","og_type":"article","og_title":"Armoire haute pour \u00e9lectrom\u00e9nager 60\u00d7217","og_description":"Colonnes pour appareils \u00e9lectrom\u00e9nagers pour cuisines IKEA Faktum","og_url":"https:\/\/faktumonline.com\/fr\/produit\/caisson-arm-refrig-four-60x217\/","og_site_name":"Faktum online store","article_modified_time":"2026-04-17T14:51:56+00:00","og_image":[{"width":510,"height":825,"url":"https:\/\/faktumonline.com\/wp-content\/uploads\/2025\/12\/Inbyggnadsskap.png","type":"image\/png"}],"twitter_card":"summary_large_image","schema":{"@context":"https:\/\/schema.org","@graph":[{"@type":"WebPage","@id":"https:\/\/faktumonline.com\/fr\/produit\/caisson-arm-refrig-four-60x217\/","url":"https:\/\/faktumonline.com\/fr\/produit\/caisson-arm-refrig-four-60x217\/","name":"Armoire haute pour \u00e9lectrom\u00e9nager 60\u00d7217","isPartOf":{"@id":"https:\/\/faktumonline.com\/da\/#website"},"primaryImageOfPage":{"@id":"https:\/\/faktumonline.com\/fr\/produit\/caisson-arm-refrig-four-60x217\/#primaryimage"},"image":{"@id":"https:\/\/faktumonline.com\/fr\/produit\/caisson-arm-refrig-four-60x217\/#primaryimage"},"thumbnailUrl":"https:\/\/faktumonline.com\/wp-content\/uploads\/2025\/12\/Inbyggnadsskap.png","datePublished":"2019-12-10T17:21:59+00:00","dateModified":"2026-04-17T14:51:56+00:00","description":"Colonnes pour appareils \u00e9lectrom\u00e9nagers pour cuisines IKEA Faktum","breadcrumb":{"@id":"https:\/\/faktumonline.com\/fr\/produit\/caisson-arm-refrig-four-60x217\/#breadcrumb"},"inLanguage":"fr-FR","potentialAction":[{"@type":"ReadAction","target":["https:\/\/faktumonline.com\/fr\/produit\/caisson-arm-refrig-four-60x217\/"]}]},{"@type":"ImageObject","inLanguage":"fr-FR","@id":"https:\/\/faktumonline.com\/fr\/produit\/caisson-arm-refrig-four-60x217\/#primaryimage","url":"https:\/\/faktumonline.com\/wp-content\/uploads\/2025\/12\/Inbyggnadsskap.png","contentUrl":"https:\/\/faktumonline.com\/wp-content\/uploads\/2025\/12\/Inbyggnadsskap.png","width":510,"height":825,"caption":"Colonnes pour appareils \u00e9lectrom\u00e9nagers pour cuisines IKEA Faktum"},{"@type":"BreadcrumbList","@id":"https:\/\/faktumonline.com\/fr\/produit\/caisson-arm-refrig-four-60x217\/#breadcrumb","itemListElement":[{"@type":"ListItem","position":1,"name":"Hem","item":"https:\/\/faktumonline.com\/fr\/"},{"@type":"ListItem","position":2,"name":"Webshop","item":"https:\/\/faktumonline.com\/fr\/webshop\/"},{"@type":"ListItem","position":3,"name":"Armoire haute pour \u00e9lectrom\u00e9nager 60\u00d7217"}]},{"@type":"WebSite","@id":"https:\/\/faktumonline.com\/da\/#website","url":"https:\/\/faktumonline.com\/da\/","name":"Faktum Online Store","description":"Premium doors for IKEA kitchens","potentialAction":[{"@type":"SearchAction","target":{"@type":"EntryPoint","urlTemplate":"https:\/\/faktumonline.com\/da\/?s={search_term_string}"},"query-input":{"@type":"PropertyValueSpecification","valueRequired":true,"valueName":"search_term_string"}}],"inLanguage":"fr-FR"}]}},"_links":{"self":[{"href":"https:\/\/faktumonline.com\/fr\/wp-json\/wp\/v2\/product\/50232","targetHints":{"allow":["GET"]}}],"collection":[{"href":"https:\/\/faktumonline.com\/fr\/wp-json\/wp\/v2\/product"}],"about":[{"href":"https:\/\/faktumonline.com\/fr\/wp-json\/wp\/v2\/types\/product"}],"version-history":[{"count":3,"href":"https:\/\/faktumonline.com\/fr\/wp-json\/wp\/v2\/product\/50232\/revisions"}],"predecessor-version":[{"id":81006,"href":"https:\/\/faktumonline.com\/fr\/wp-json\/wp\/v2\/product\/50232\/revisions\/81006"}],"wp:featuredmedia":[{"embeddable":true,"href":"https:\/\/faktumonline.com\/fr\/wp-json\/wp\/v2\/media\/154138"}],"wp:attachment":[{"href":"https:\/\/faktumonline.com\/fr\/wp-json\/wp\/v2\/media?parent=50232"}],"wp:term":[{"taxonomy":"product_brand","embeddable":true,"href":"https:\/\/faktumonline.com\/fr\/wp-json\/wp\/v2\/product_brand?post=50232"},{"taxonomy":"product_cat","embeddable":true,"href":"https:\/\/faktumonline.com\/fr\/wp-json\/wp\/v2\/product_cat?post=50232"},{"taxonomy":"product_tag","embeddable":true,"href":"https:\/\/faktumonline.com\/fr\/wp-json\/wp\/v2\/product_tag?post=50232"}],"curies":[{"name":"wp","href":"https:\/\/api.w.org\/{rel}","templated":true}]}}