{"id":50016,"date":"2021-01-01T12:19:21","date_gmt":"2021-01-01T11:19:21","guid":{"rendered":"https:\/\/faktumonline.com\/?post_type=product&#038;p=50016"},"modified":"2026-04-17T15:44:23","modified_gmt":"2026-04-17T14:44:23","slug":"armoire-haute-50x217","status":"publish","type":"product","link":"https:\/\/faktumonline.com\/fr\/produit\/armoire-haute-50x217\/","title":{"rendered":"Armoire haute 50\u00d7217"},"content":{"rendered":"<p>50 x 217 x 58 cm<\/p>\n","protected":false},"excerpt":{"rendered":"<p>Ceci est une armoire haute. Largeur = 50 cm x Hauteur 217 cm x Profondeur 58 cm. Sera fabriqu\u00e9 \u00ab\u00a0blanc standard\u00a0\u00bb quelle que soit la couleur choisie pour les fa\u00e7ades.<\/p>\n<p>Combin\u00e9 \u00e0 des am\u00e9nagements int\u00e9rieurs, cet \u00e9l\u00e9ment bas offre un espace de rangement tr\u00e8s pratique.<\/p>\n","protected":false},"featured_media":155347,"template":"","meta":[],"product_brand":[],"product_cat":[796,2846],"product_tag":[],"class_list":{"0":"post-50016","1":"product","2":"type-product","3":"status-publish","4":"has-post-thumbnail","6":"product_cat-armoires-hautes-l50","7":"product_cat-tall-cabinets-217-fr","8":"product_shipping_class-lang-fr","9":"sales-flash-overlay","10":"woocommerce-text-align-center","11":"woocommerce-image-align-center","13":"first","14":"instock","15":"taxable","16":"shipping-taxable","17":"purchasable","18":"product-type-simple"},"exclude_global_add_ons":[],"addons":[],"yoast_head":"<!-- This site is optimized with the Yoast SEO Premium plugin v27.0 (Yoast SEO v27.0) - https:\/\/yoast.com\/product\/yoast-seo-premium-wordpress\/ -->\n<title>Armoire haute 50\u00d7217 - Faktum online store<\/title>\n<meta name=\"robots\" content=\"index, follow, max-snippet:-1, max-image-preview:large, max-video-preview:-1\" \/>\n<link rel=\"canonical\" href=\"https:\/\/faktumonline.com\/fr\/produit\/armoire-haute-50x217\/\" \/>\n<meta property=\"og:locale\" content=\"fr_FR\" \/>\n<meta property=\"og:type\" content=\"article\" \/>\n<meta property=\"og:title\" content=\"Armoire haute 50\u00d7217\" \/>\n<meta property=\"og:description\" content=\"Ceci est une armoire haute. Largeur = 50 cm x Hauteur 217 cm x Profondeur 58 cm. Sera fabriqu\u00e9 &quot;blanc standard&quot; quelle que soit la couleur choisie pour les fa\u00e7ades.  Combin\u00e9 \u00e0 des am\u00e9nagements int\u00e9rieurs, cet \u00e9l\u00e9ment bas offre un espace de rangement tr\u00e8s pratique.\" \/>\n<meta property=\"og:url\" content=\"https:\/\/faktumonline.com\/fr\/produit\/armoire-haute-50x217\/\" \/>\n<meta property=\"og:site_name\" content=\"Faktum online store\" \/>\n<meta property=\"article:modified_time\" content=\"2026-04-17T14:44:23+00:00\" \/>\n<meta property=\"og:image\" content=\"https:\/\/faktumonline.com\/wp-content\/uploads\/2021\/01\/Hogskap.webp\" \/>\n\t<meta property=\"og:image:width\" content=\"510\" \/>\n\t<meta property=\"og:image:height\" content=\"825\" \/>\n\t<meta property=\"og:image:type\" content=\"image\/png\" \/>\n<meta name=\"twitter:card\" content=\"summary_large_image\" \/>\n<script type=\"application\/ld+json\" class=\"yoast-schema-graph\">{\"@context\":\"https:\/\/schema.org\",\"@graph\":[{\"@type\":\"WebPage\",\"@id\":\"https:\/\/faktumonline.com\/fr\/produit\/armoire-haute-50x217\/\",\"url\":\"https:\/\/faktumonline.com\/fr\/produit\/armoire-haute-50x217\/\",\"name\":\"Armoire haute 50\u00d7217 - Faktum online store\",\"isPartOf\":{\"@id\":\"https:\/\/faktumonline.com\/da\/#website\"},\"primaryImageOfPage\":{\"@id\":\"https:\/\/faktumonline.com\/fr\/produit\/armoire-haute-50x217\/#primaryimage\"},\"image\":{\"@id\":\"https:\/\/faktumonline.com\/fr\/produit\/armoire-haute-50x217\/#primaryimage\"},\"thumbnailUrl\":\"https:\/\/faktumonline.com\/wp-content\/uploads\/2021\/01\/Hogskap.webp\",\"datePublished\":\"2021-01-01T11:19:21+00:00\",\"dateModified\":\"2026-04-17T14:44:23+00:00\",\"breadcrumb\":{\"@id\":\"https:\/\/faktumonline.com\/fr\/produit\/armoire-haute-50x217\/#breadcrumb\"},\"inLanguage\":\"fr-FR\",\"potentialAction\":[{\"@type\":\"ReadAction\",\"target\":[\"https:\/\/faktumonline.com\/fr\/produit\/armoire-haute-50x217\/\"]}]},{\"@type\":\"ImageObject\",\"inLanguage\":\"fr-FR\",\"@id\":\"https:\/\/faktumonline.com\/fr\/produit\/armoire-haute-50x217\/#primaryimage\",\"url\":\"https:\/\/faktumonline.com\/wp-content\/uploads\/2021\/01\/Hogskap.webp\",\"contentUrl\":\"https:\/\/faktumonline.com\/wp-content\/uploads\/2021\/01\/Hogskap.webp\",\"width\":510,\"height\":825,\"caption\":\"Armoire haute pour une cuisine IKEA Faktum\"},{\"@type\":\"BreadcrumbList\",\"@id\":\"https:\/\/faktumonline.com\/fr\/produit\/armoire-haute-50x217\/#breadcrumb\",\"itemListElement\":[{\"@type\":\"ListItem\",\"position\":1,\"name\":\"Hem\",\"item\":\"https:\/\/faktumonline.com\/fr\/\"},{\"@type\":\"ListItem\",\"position\":2,\"name\":\"Webshop\",\"item\":\"https:\/\/faktumonline.com\/fr\/webshop\/\"},{\"@type\":\"ListItem\",\"position\":3,\"name\":\"Armoire haute 50\u00d7217\"}]},{\"@type\":\"WebSite\",\"@id\":\"https:\/\/faktumonline.com\/da\/#website\",\"url\":\"https:\/\/faktumonline.com\/da\/\",\"name\":\"Faktum Online Store\",\"description\":\"Premium doors for IKEA kitchens\",\"potentialAction\":[{\"@type\":\"SearchAction\",\"target\":{\"@type\":\"EntryPoint\",\"urlTemplate\":\"https:\/\/faktumonline.com\/da\/?s={search_term_string}\"},\"query-input\":{\"@type\":\"PropertyValueSpecification\",\"valueRequired\":true,\"valueName\":\"search_term_string\"}}],\"inLanguage\":\"fr-FR\"}]}<\/script>\n<!-- \/ Yoast SEO Premium plugin. -->","yoast_head_json":{"title":"Armoire haute 50\u00d7217 - Faktum online store","robots":{"index":"index","follow":"follow","max-snippet":"max-snippet:-1","max-image-preview":"max-image-preview:large","max-video-preview":"max-video-preview:-1"},"canonical":"https:\/\/faktumonline.com\/fr\/produit\/armoire-haute-50x217\/","og_locale":"fr_FR","og_type":"article","og_title":"Armoire haute 50\u00d7217","og_description":"Ceci est une armoire haute. Largeur = 50 cm x Hauteur 217 cm x Profondeur 58 cm. Sera fabriqu\u00e9 \"blanc standard\" quelle que soit la couleur choisie pour les fa\u00e7ades.  Combin\u00e9 \u00e0 des am\u00e9nagements int\u00e9rieurs, cet \u00e9l\u00e9ment bas offre un espace de rangement tr\u00e8s pratique.","og_url":"https:\/\/faktumonline.com\/fr\/produit\/armoire-haute-50x217\/","og_site_name":"Faktum online store","article_modified_time":"2026-04-17T14:44:23+00:00","og_image":[{"width":510,"height":825,"url":"https:\/\/faktumonline.com\/wp-content\/uploads\/2021\/01\/Hogskap.webp","type":"image\/png"}],"twitter_card":"summary_large_image","schema":{"@context":"https:\/\/schema.org","@graph":[{"@type":"WebPage","@id":"https:\/\/faktumonline.com\/fr\/produit\/armoire-haute-50x217\/","url":"https:\/\/faktumonline.com\/fr\/produit\/armoire-haute-50x217\/","name":"Armoire haute 50\u00d7217 - Faktum online store","isPartOf":{"@id":"https:\/\/faktumonline.com\/da\/#website"},"primaryImageOfPage":{"@id":"https:\/\/faktumonline.com\/fr\/produit\/armoire-haute-50x217\/#primaryimage"},"image":{"@id":"https:\/\/faktumonline.com\/fr\/produit\/armoire-haute-50x217\/#primaryimage"},"thumbnailUrl":"https:\/\/faktumonline.com\/wp-content\/uploads\/2021\/01\/Hogskap.webp","datePublished":"2021-01-01T11:19:21+00:00","dateModified":"2026-04-17T14:44:23+00:00","breadcrumb":{"@id":"https:\/\/faktumonline.com\/fr\/produit\/armoire-haute-50x217\/#breadcrumb"},"inLanguage":"fr-FR","potentialAction":[{"@type":"ReadAction","target":["https:\/\/faktumonline.com\/fr\/produit\/armoire-haute-50x217\/"]}]},{"@type":"ImageObject","inLanguage":"fr-FR","@id":"https:\/\/faktumonline.com\/fr\/produit\/armoire-haute-50x217\/#primaryimage","url":"https:\/\/faktumonline.com\/wp-content\/uploads\/2021\/01\/Hogskap.webp","contentUrl":"https:\/\/faktumonline.com\/wp-content\/uploads\/2021\/01\/Hogskap.webp","width":510,"height":825,"caption":"Armoire haute pour une cuisine IKEA Faktum"},{"@type":"BreadcrumbList","@id":"https:\/\/faktumonline.com\/fr\/produit\/armoire-haute-50x217\/#breadcrumb","itemListElement":[{"@type":"ListItem","position":1,"name":"Hem","item":"https:\/\/faktumonline.com\/fr\/"},{"@type":"ListItem","position":2,"name":"Webshop","item":"https:\/\/faktumonline.com\/fr\/webshop\/"},{"@type":"ListItem","position":3,"name":"Armoire haute 50\u00d7217"}]},{"@type":"WebSite","@id":"https:\/\/faktumonline.com\/da\/#website","url":"https:\/\/faktumonline.com\/da\/","name":"Faktum Online Store","description":"Premium doors for IKEA kitchens","potentialAction":[{"@type":"SearchAction","target":{"@type":"EntryPoint","urlTemplate":"https:\/\/faktumonline.com\/da\/?s={search_term_string}"},"query-input":{"@type":"PropertyValueSpecification","valueRequired":true,"valueName":"search_term_string"}}],"inLanguage":"fr-FR"}]}},"_links":{"self":[{"href":"https:\/\/faktumonline.com\/fr\/wp-json\/wp\/v2\/product\/50016","targetHints":{"allow":["GET"]}}],"collection":[{"href":"https:\/\/faktumonline.com\/fr\/wp-json\/wp\/v2\/product"}],"about":[{"href":"https:\/\/faktumonline.com\/fr\/wp-json\/wp\/v2\/types\/product"}],"version-history":[{"count":1,"href":"https:\/\/faktumonline.com\/fr\/wp-json\/wp\/v2\/product\/50016\/revisions"}],"predecessor-version":[{"id":50221,"href":"https:\/\/faktumonline.com\/fr\/wp-json\/wp\/v2\/product\/50016\/revisions\/50221"}],"wp:featuredmedia":[{"embeddable":true,"href":"https:\/\/faktumonline.com\/fr\/wp-json\/wp\/v2\/media\/155347"}],"wp:attachment":[{"href":"https:\/\/faktumonline.com\/fr\/wp-json\/wp\/v2\/media?parent=50016"}],"wp:term":[{"taxonomy":"product_brand","embeddable":true,"href":"https:\/\/faktumonline.com\/fr\/wp-json\/wp\/v2\/product_brand?post=50016"},{"taxonomy":"product_cat","embeddable":true,"href":"https:\/\/faktumonline.com\/fr\/wp-json\/wp\/v2\/product_cat?post=50016"},{"taxonomy":"product_tag","embeddable":true,"href":"https:\/\/faktumonline.com\/fr\/wp-json\/wp\/v2\/product_tag?post=50016"}],"curies":[{"name":"wp","href":"https:\/\/api.w.org\/{rel}","templated":true}]}}