{"id":43932,"date":"2020-08-21T17:03:16","date_gmt":"2020-08-21T16:03:16","guid":{"rendered":"https:\/\/faktumonline.com\/?post_type=product&#038;p=43932"},"modified":"2024-10-01T19:03:23","modified_gmt":"2024-10-01T18:03:23","slug":"plinthes-sur-mesure","status":"publish","type":"product","link":"https:\/\/faktumonline.com\/fr\/produit\/plinthes-sur-mesure\/","title":{"rendered":"Plinthes sur mesure.."},"content":{"rendered":"","protected":false},"excerpt":{"rendered":"<p>La plinthe est un \u00e9l\u00e9ment de finition servant \u00e0 cacher les pieds des meubles du bas. Elles sont fabriqu\u00e9es dans la m\u00eame couleur et la m\u00eame finition que vos nouvelles fa\u00e7ades mais avec une surface lisse -sans structure.<\/p>\n<p>\u00c9paisseur 18 mm<\/p>\n","protected":false},"featured_media":43763,"template":"","meta":[],"product_brand":[],"product_cat":[777],"product_tag":[],"class_list":{"0":"post-43932","1":"product","2":"type-product","3":"status-publish","4":"has-post-thumbnail","6":"product_cat-sur-mesure","7":"sales-flash-overlay","8":"woocommerce-text-align-center","9":"woocommerce-image-align-center","11":"first","12":"instock","13":"taxable","14":"shipping-taxable","15":"purchasable","16":"product-type-simple"},"exclude_global_add_ons":[],"addons":[],"yoast_head":"<!-- This site is optimized with the Yoast SEO Premium plugin v27.4 (Yoast SEO v27.4) - https:\/\/yoast.com\/product\/yoast-seo-premium-wordpress\/ -->\n<title>Plinthes sur mesure.. - Faktum online store<\/title>\n<meta name=\"robots\" content=\"index, follow, max-snippet:-1, max-image-preview:large, max-video-preview:-1\" \/>\n<link rel=\"canonical\" href=\"https:\/\/faktumonline.com\/fr\/produit\/plinthes-sur-mesure\/\" \/>\n<meta property=\"og:locale\" content=\"fr_FR\" \/>\n<meta property=\"og:type\" content=\"article\" \/>\n<meta property=\"og:title\" content=\"Plinthes sur mesure..\" \/>\n<meta property=\"og:description\" content=\"La plinthe est un \u00e9l\u00e9ment de finition servant \u00e0 cacher les pieds des meubles du bas. Elles sont fabriqu\u00e9es dans la m\u00eame couleur et la m\u00eame finition que vos nouvelles fa\u00e7ades mais avec une surface lisse -sans structure.  \u00c9paisseur 18 mm\" \/>\n<meta property=\"og:url\" content=\"https:\/\/faktumonline.com\/fr\/produit\/plinthes-sur-mesure\/\" \/>\n<meta property=\"og:site_name\" content=\"Faktum online store\" \/>\n<meta property=\"article:modified_time\" content=\"2024-10-01T18:03:23+00:00\" \/>\n<meta property=\"og:image\" content=\"https:\/\/faktumonline.com\/wp-content\/uploads\/2020\/08\/Plinthe-pour-cuisines-IKEA-Faktum.jpg\" \/>\n\t<meta property=\"og:image:width\" content=\"459\" \/>\n\t<meta property=\"og:image:height\" content=\"643\" \/>\n\t<meta property=\"og:image:type\" content=\"image\/jpeg\" \/>\n<meta name=\"twitter:card\" content=\"summary_large_image\" \/>\n<meta name=\"twitter:label1\" content=\"Dur\u00e9e de lecture estim\u00e9e\" \/>\n\t<meta name=\"twitter:data1\" content=\"1 minute\" \/>\n<script type=\"application\/ld+json\" class=\"yoast-schema-graph\">{\"@context\":\"https:\\\/\\\/schema.org\",\"@graph\":[{\"@type\":\"WebPage\",\"@id\":\"https:\\\/\\\/faktumonline.com\\\/fr\\\/produit\\\/plinthes-sur-mesure\\\/\",\"url\":\"https:\\\/\\\/faktumonline.com\\\/fr\\\/produit\\\/plinthes-sur-mesure\\\/\",\"name\":\"Plinthes sur mesure.. - Faktum online store\",\"isPartOf\":{\"@id\":\"https:\\\/\\\/faktumonline.com\\\/da\\\/#website\"},\"primaryImageOfPage\":{\"@id\":\"https:\\\/\\\/faktumonline.com\\\/fr\\\/produit\\\/plinthes-sur-mesure\\\/#primaryimage\"},\"image\":{\"@id\":\"https:\\\/\\\/faktumonline.com\\\/fr\\\/produit\\\/plinthes-sur-mesure\\\/#primaryimage\"},\"thumbnailUrl\":\"https:\\\/\\\/faktumonline.com\\\/wp-content\\\/uploads\\\/2020\\\/08\\\/Plinthe-pour-cuisines-IKEA-Faktum.jpg\",\"datePublished\":\"2020-08-21T16:03:16+00:00\",\"dateModified\":\"2024-10-01T18:03:23+00:00\",\"breadcrumb\":{\"@id\":\"https:\\\/\\\/faktumonline.com\\\/fr\\\/produit\\\/plinthes-sur-mesure\\\/#breadcrumb\"},\"inLanguage\":\"fr-FR\",\"potentialAction\":[{\"@type\":\"ReadAction\",\"target\":[\"https:\\\/\\\/faktumonline.com\\\/fr\\\/produit\\\/plinthes-sur-mesure\\\/\"]}]},{\"@type\":\"ImageObject\",\"inLanguage\":\"fr-FR\",\"@id\":\"https:\\\/\\\/faktumonline.com\\\/fr\\\/produit\\\/plinthes-sur-mesure\\\/#primaryimage\",\"url\":\"https:\\\/\\\/faktumonline.com\\\/wp-content\\\/uploads\\\/2020\\\/08\\\/Plinthe-pour-cuisines-IKEA-Faktum.jpg\",\"contentUrl\":\"https:\\\/\\\/faktumonline.com\\\/wp-content\\\/uploads\\\/2020\\\/08\\\/Plinthe-pour-cuisines-IKEA-Faktum.jpg\",\"width\":459,\"height\":643,\"caption\":\"Plinthe pour cuisines IKEA Faktum\"},{\"@type\":\"BreadcrumbList\",\"@id\":\"https:\\\/\\\/faktumonline.com\\\/fr\\\/produit\\\/plinthes-sur-mesure\\\/#breadcrumb\",\"itemListElement\":[{\"@type\":\"ListItem\",\"position\":1,\"name\":\"Hem\",\"item\":\"https:\\\/\\\/faktumonline.com\\\/fr\\\/\"},{\"@type\":\"ListItem\",\"position\":2,\"name\":\"Webshop\",\"item\":\"https:\\\/\\\/faktumonline.com\\\/fr\\\/webshop\\\/\"},{\"@type\":\"ListItem\",\"position\":3,\"name\":\"Plinthes sur mesure..\"}]},{\"@type\":\"WebSite\",\"@id\":\"https:\\\/\\\/faktumonline.com\\\/da\\\/#website\",\"url\":\"https:\\\/\\\/faktumonline.com\\\/da\\\/\",\"name\":\"Faktum Online Store\",\"description\":\"Premium doors for IKEA kitchens\",\"potentialAction\":[{\"@type\":\"SearchAction\",\"target\":{\"@type\":\"EntryPoint\",\"urlTemplate\":\"https:\\\/\\\/faktumonline.com\\\/da\\\/?s={search_term_string}\"},\"query-input\":{\"@type\":\"PropertyValueSpecification\",\"valueRequired\":true,\"valueName\":\"search_term_string\"}}],\"inLanguage\":\"fr-FR\"}]}<\/script>\n<!-- \/ Yoast SEO Premium plugin. -->","yoast_head_json":{"title":"Plinthes sur mesure.. - Faktum online store","robots":{"index":"index","follow":"follow","max-snippet":"max-snippet:-1","max-image-preview":"max-image-preview:large","max-video-preview":"max-video-preview:-1"},"canonical":"https:\/\/faktumonline.com\/fr\/produit\/plinthes-sur-mesure\/","og_locale":"fr_FR","og_type":"article","og_title":"Plinthes sur mesure..","og_description":"La plinthe est un \u00e9l\u00e9ment de finition servant \u00e0 cacher les pieds des meubles du bas. Elles sont fabriqu\u00e9es dans la m\u00eame couleur et la m\u00eame finition que vos nouvelles fa\u00e7ades mais avec une surface lisse -sans structure.  \u00c9paisseur 18 mm","og_url":"https:\/\/faktumonline.com\/fr\/produit\/plinthes-sur-mesure\/","og_site_name":"Faktum online store","article_modified_time":"2024-10-01T18:03:23+00:00","og_image":[{"width":459,"height":643,"url":"https:\/\/faktumonline.com\/wp-content\/uploads\/2020\/08\/Plinthe-pour-cuisines-IKEA-Faktum.jpg","type":"image\/jpeg"}],"twitter_card":"summary_large_image","twitter_misc":{"Dur\u00e9e de lecture estim\u00e9e":"1 minute"},"schema":{"@context":"https:\/\/schema.org","@graph":[{"@type":"WebPage","@id":"https:\/\/faktumonline.com\/fr\/produit\/plinthes-sur-mesure\/","url":"https:\/\/faktumonline.com\/fr\/produit\/plinthes-sur-mesure\/","name":"Plinthes sur mesure.. - Faktum online store","isPartOf":{"@id":"https:\/\/faktumonline.com\/da\/#website"},"primaryImageOfPage":{"@id":"https:\/\/faktumonline.com\/fr\/produit\/plinthes-sur-mesure\/#primaryimage"},"image":{"@id":"https:\/\/faktumonline.com\/fr\/produit\/plinthes-sur-mesure\/#primaryimage"},"thumbnailUrl":"https:\/\/faktumonline.com\/wp-content\/uploads\/2020\/08\/Plinthe-pour-cuisines-IKEA-Faktum.jpg","datePublished":"2020-08-21T16:03:16+00:00","dateModified":"2024-10-01T18:03:23+00:00","breadcrumb":{"@id":"https:\/\/faktumonline.com\/fr\/produit\/plinthes-sur-mesure\/#breadcrumb"},"inLanguage":"fr-FR","potentialAction":[{"@type":"ReadAction","target":["https:\/\/faktumonline.com\/fr\/produit\/plinthes-sur-mesure\/"]}]},{"@type":"ImageObject","inLanguage":"fr-FR","@id":"https:\/\/faktumonline.com\/fr\/produit\/plinthes-sur-mesure\/#primaryimage","url":"https:\/\/faktumonline.com\/wp-content\/uploads\/2020\/08\/Plinthe-pour-cuisines-IKEA-Faktum.jpg","contentUrl":"https:\/\/faktumonline.com\/wp-content\/uploads\/2020\/08\/Plinthe-pour-cuisines-IKEA-Faktum.jpg","width":459,"height":643,"caption":"Plinthe pour cuisines IKEA Faktum"},{"@type":"BreadcrumbList","@id":"https:\/\/faktumonline.com\/fr\/produit\/plinthes-sur-mesure\/#breadcrumb","itemListElement":[{"@type":"ListItem","position":1,"name":"Hem","item":"https:\/\/faktumonline.com\/fr\/"},{"@type":"ListItem","position":2,"name":"Webshop","item":"https:\/\/faktumonline.com\/fr\/webshop\/"},{"@type":"ListItem","position":3,"name":"Plinthes sur mesure.."}]},{"@type":"WebSite","@id":"https:\/\/faktumonline.com\/da\/#website","url":"https:\/\/faktumonline.com\/da\/","name":"Faktum Online Store","description":"Premium doors for IKEA kitchens","potentialAction":[{"@type":"SearchAction","target":{"@type":"EntryPoint","urlTemplate":"https:\/\/faktumonline.com\/da\/?s={search_term_string}"},"query-input":{"@type":"PropertyValueSpecification","valueRequired":true,"valueName":"search_term_string"}}],"inLanguage":"fr-FR"}]}},"_links":{"self":[{"href":"https:\/\/faktumonline.com\/fr\/wp-json\/wp\/v2\/product\/43932","targetHints":{"allow":["GET"]}}],"collection":[{"href":"https:\/\/faktumonline.com\/fr\/wp-json\/wp\/v2\/product"}],"about":[{"href":"https:\/\/faktumonline.com\/fr\/wp-json\/wp\/v2\/types\/product"}],"version-history":[{"count":3,"href":"https:\/\/faktumonline.com\/fr\/wp-json\/wp\/v2\/product\/43932\/revisions"}],"predecessor-version":[{"id":124623,"href":"https:\/\/faktumonline.com\/fr\/wp-json\/wp\/v2\/product\/43932\/revisions\/124623"}],"wp:featuredmedia":[{"embeddable":true,"href":"https:\/\/faktumonline.com\/fr\/wp-json\/wp\/v2\/media\/43763"}],"wp:attachment":[{"href":"https:\/\/faktumonline.com\/fr\/wp-json\/wp\/v2\/media?parent=43932"}],"wp:term":[{"taxonomy":"product_brand","embeddable":true,"href":"https:\/\/faktumonline.com\/fr\/wp-json\/wp\/v2\/product_brand?post=43932"},{"taxonomy":"product_cat","embeddable":true,"href":"https:\/\/faktumonline.com\/fr\/wp-json\/wp\/v2\/product_cat?post=43932"},{"taxonomy":"product_tag","embeddable":true,"href":"https:\/\/faktumonline.com\/fr\/wp-json\/wp\/v2\/product_tag?post=43932"}],"curies":[{"name":"wp","href":"https:\/\/api.w.org\/{rel}","templated":true}]}}