{"id":43928,"date":"2020-08-21T16:52:06","date_gmt":"2020-08-21T15:52:06","guid":{"rendered":"https:\/\/faktumonline.com\/?post_type=product&#038;p=43928"},"modified":"2021-05-25T14:25:27","modified_gmt":"2021-05-25T13:25:27","slug":"bandeau-decor-sur-mesure-hauteur-6-cm","status":"publish","type":"product","link":"https:\/\/faktumonline.com\/fr\/produit\/bandeau-decor-sur-mesure-hauteur-6-cm\/","title":{"rendered":"Bandeaux de d\u00e9cors sur mesure. Hauteur 60 mm"},"content":{"rendered":"","protected":false},"excerpt":{"rendered":"<p>Le bandeau de d\u00e9cor est install\u00e9 sous les meubles hauts afin de cacher les sources d\u2019\u00e9clairage du plan de travail. Ils sont fabriqu\u00e9s dans la m\u00eame couleur et la m\u00eame finition que vos nouvelles fa\u00e7ades mais avec une surface lisse -sans structure.<\/p>\n<p>\u00c9paisseur 18 mm<\/p>\n<p>La hauteur standard est de 60 mm. Entrez simplement la longueur d\u00e9sir\u00e9e.<\/p>\n","protected":false},"featured_media":43742,"template":"","meta":[],"product_brand":[],"product_cat":[15,777],"product_tag":[],"class_list":{"0":"post-43928","1":"product","2":"type-product","3":"status-publish","4":"has-post-thumbnail","6":"product_cat-okategoriserad","7":"product_cat-sur-mesure","8":"sales-flash-overlay","9":"woocommerce-text-align-center","10":"woocommerce-image-align-center","12":"first","13":"instock","14":"taxable","15":"shipping-taxable","16":"purchasable","17":"product-type-simple"},"exclude_global_add_ons":[],"addons":[],"yoast_head":"<!-- This site is optimized with the Yoast SEO Premium plugin v27.4 (Yoast SEO v27.4) - https:\/\/yoast.com\/product\/yoast-seo-premium-wordpress\/ -->\n<title>Bandeaux de d\u00e9cors sur mesure. Hauteur 60 mm - Faktum online store<\/title>\n<meta name=\"robots\" content=\"index, follow, max-snippet:-1, max-image-preview:large, max-video-preview:-1\" \/>\n<link rel=\"canonical\" href=\"https:\/\/faktumonline.com\/fr\/produit\/bandeau-decor-sur-mesure-hauteur-6-cm\/\" \/>\n<meta property=\"og:locale\" content=\"fr_FR\" \/>\n<meta property=\"og:type\" content=\"article\" \/>\n<meta property=\"og:title\" content=\"Bandeaux de d\u00e9cors sur mesure. Hauteur 60 mm\" \/>\n<meta property=\"og:description\" content=\"Le bandeau de d\u00e9cor est install\u00e9 sous les meubles hauts afin de cacher les sources d\u2019\u00e9clairage du plan de travail. Ils sont fabriqu\u00e9s dans la m\u00eame couleur et la m\u00eame finition que vos nouvelles fa\u00e7ades mais avec une surface lisse -sans structure.  \u00c9paisseur 18 mm  La hauteur standard est de 60 mm. Entrez simplement la longueur d\u00e9sir\u00e9e.\" \/>\n<meta property=\"og:url\" content=\"https:\/\/faktumonline.com\/fr\/produit\/bandeau-decor-sur-mesure-hauteur-6-cm\/\" \/>\n<meta property=\"og:site_name\" content=\"Faktum online store\" \/>\n<meta property=\"article:modified_time\" content=\"2021-05-25T13:25:27+00:00\" \/>\n<meta property=\"og:image\" content=\"https:\/\/faktumonline.com\/wp-content\/uploads\/2020\/08\/bandeau-de\u0301cor.jpg\" \/>\n\t<meta property=\"og:image:width\" content=\"486\" \/>\n\t<meta property=\"og:image:height\" content=\"681\" \/>\n\t<meta property=\"og:image:type\" content=\"image\/jpeg\" \/>\n<meta name=\"twitter:card\" content=\"summary_large_image\" \/>\n<script type=\"application\/ld+json\" class=\"yoast-schema-graph\">{\"@context\":\"https:\\\/\\\/schema.org\",\"@graph\":[{\"@type\":\"WebPage\",\"@id\":\"https:\\\/\\\/faktumonline.com\\\/fr\\\/produit\\\/bandeau-decor-sur-mesure-hauteur-6-cm\\\/\",\"url\":\"https:\\\/\\\/faktumonline.com\\\/fr\\\/produit\\\/bandeau-decor-sur-mesure-hauteur-6-cm\\\/\",\"name\":\"Bandeaux de d\u00e9cors sur mesure. Hauteur 60 mm - Faktum online store\",\"isPartOf\":{\"@id\":\"https:\\\/\\\/faktumonline.com\\\/da\\\/#website\"},\"primaryImageOfPage\":{\"@id\":\"https:\\\/\\\/faktumonline.com\\\/fr\\\/produit\\\/bandeau-decor-sur-mesure-hauteur-6-cm\\\/#primaryimage\"},\"image\":{\"@id\":\"https:\\\/\\\/faktumonline.com\\\/fr\\\/produit\\\/bandeau-decor-sur-mesure-hauteur-6-cm\\\/#primaryimage\"},\"thumbnailUrl\":\"https:\\\/\\\/faktumonline.com\\\/wp-content\\\/uploads\\\/2020\\\/08\\\/bandeau-de\u0301cor.jpg\",\"datePublished\":\"2020-08-21T15:52:06+00:00\",\"dateModified\":\"2021-05-25T13:25:27+00:00\",\"breadcrumb\":{\"@id\":\"https:\\\/\\\/faktumonline.com\\\/fr\\\/produit\\\/bandeau-decor-sur-mesure-hauteur-6-cm\\\/#breadcrumb\"},\"inLanguage\":\"fr-FR\",\"potentialAction\":[{\"@type\":\"ReadAction\",\"target\":[\"https:\\\/\\\/faktumonline.com\\\/fr\\\/produit\\\/bandeau-decor-sur-mesure-hauteur-6-cm\\\/\"]}]},{\"@type\":\"ImageObject\",\"inLanguage\":\"fr-FR\",\"@id\":\"https:\\\/\\\/faktumonline.com\\\/fr\\\/produit\\\/bandeau-decor-sur-mesure-hauteur-6-cm\\\/#primaryimage\",\"url\":\"https:\\\/\\\/faktumonline.com\\\/wp-content\\\/uploads\\\/2020\\\/08\\\/bandeau-de\u0301cor.jpg\",\"contentUrl\":\"https:\\\/\\\/faktumonline.com\\\/wp-content\\\/uploads\\\/2020\\\/08\\\/bandeau-de\u0301cor.jpg\",\"width\":486,\"height\":681,\"caption\":\"Bandeau d\u00e9cor sur mesure pour ikea faktum cuisine\"},{\"@type\":\"BreadcrumbList\",\"@id\":\"https:\\\/\\\/faktumonline.com\\\/fr\\\/produit\\\/bandeau-decor-sur-mesure-hauteur-6-cm\\\/#breadcrumb\",\"itemListElement\":[{\"@type\":\"ListItem\",\"position\":1,\"name\":\"Hem\",\"item\":\"https:\\\/\\\/faktumonline.com\\\/fr\\\/\"},{\"@type\":\"ListItem\",\"position\":2,\"name\":\"Webshop\",\"item\":\"https:\\\/\\\/faktumonline.com\\\/fr\\\/webshop\\\/\"},{\"@type\":\"ListItem\",\"position\":3,\"name\":\"Bandeaux de d\u00e9cors sur mesure. Hauteur 60 mm\"}]},{\"@type\":\"WebSite\",\"@id\":\"https:\\\/\\\/faktumonline.com\\\/da\\\/#website\",\"url\":\"https:\\\/\\\/faktumonline.com\\\/da\\\/\",\"name\":\"Faktum Online Store\",\"description\":\"Premium doors for IKEA kitchens\",\"potentialAction\":[{\"@type\":\"SearchAction\",\"target\":{\"@type\":\"EntryPoint\",\"urlTemplate\":\"https:\\\/\\\/faktumonline.com\\\/da\\\/?s={search_term_string}\"},\"query-input\":{\"@type\":\"PropertyValueSpecification\",\"valueRequired\":true,\"valueName\":\"search_term_string\"}}],\"inLanguage\":\"fr-FR\"}]}<\/script>\n<!-- \/ Yoast SEO Premium plugin. -->","yoast_head_json":{"title":"Bandeaux de d\u00e9cors sur mesure. Hauteur 60 mm - Faktum online store","robots":{"index":"index","follow":"follow","max-snippet":"max-snippet:-1","max-image-preview":"max-image-preview:large","max-video-preview":"max-video-preview:-1"},"canonical":"https:\/\/faktumonline.com\/fr\/produit\/bandeau-decor-sur-mesure-hauteur-6-cm\/","og_locale":"fr_FR","og_type":"article","og_title":"Bandeaux de d\u00e9cors sur mesure. Hauteur 60 mm","og_description":"Le bandeau de d\u00e9cor est install\u00e9 sous les meubles hauts afin de cacher les sources d\u2019\u00e9clairage du plan de travail. Ils sont fabriqu\u00e9s dans la m\u00eame couleur et la m\u00eame finition que vos nouvelles fa\u00e7ades mais avec une surface lisse -sans structure.  \u00c9paisseur 18 mm  La hauteur standard est de 60 mm. Entrez simplement la longueur d\u00e9sir\u00e9e.","og_url":"https:\/\/faktumonline.com\/fr\/produit\/bandeau-decor-sur-mesure-hauteur-6-cm\/","og_site_name":"Faktum online store","article_modified_time":"2021-05-25T13:25:27+00:00","og_image":[{"width":486,"height":681,"url":"https:\/\/faktumonline.com\/wp-content\/uploads\/2020\/08\/bandeau-de\u0301cor.jpg","type":"image\/jpeg"}],"twitter_card":"summary_large_image","schema":{"@context":"https:\/\/schema.org","@graph":[{"@type":"WebPage","@id":"https:\/\/faktumonline.com\/fr\/produit\/bandeau-decor-sur-mesure-hauteur-6-cm\/","url":"https:\/\/faktumonline.com\/fr\/produit\/bandeau-decor-sur-mesure-hauteur-6-cm\/","name":"Bandeaux de d\u00e9cors sur mesure. Hauteur 60 mm - Faktum online store","isPartOf":{"@id":"https:\/\/faktumonline.com\/da\/#website"},"primaryImageOfPage":{"@id":"https:\/\/faktumonline.com\/fr\/produit\/bandeau-decor-sur-mesure-hauteur-6-cm\/#primaryimage"},"image":{"@id":"https:\/\/faktumonline.com\/fr\/produit\/bandeau-decor-sur-mesure-hauteur-6-cm\/#primaryimage"},"thumbnailUrl":"https:\/\/faktumonline.com\/wp-content\/uploads\/2020\/08\/bandeau-de\u0301cor.jpg","datePublished":"2020-08-21T15:52:06+00:00","dateModified":"2021-05-25T13:25:27+00:00","breadcrumb":{"@id":"https:\/\/faktumonline.com\/fr\/produit\/bandeau-decor-sur-mesure-hauteur-6-cm\/#breadcrumb"},"inLanguage":"fr-FR","potentialAction":[{"@type":"ReadAction","target":["https:\/\/faktumonline.com\/fr\/produit\/bandeau-decor-sur-mesure-hauteur-6-cm\/"]}]},{"@type":"ImageObject","inLanguage":"fr-FR","@id":"https:\/\/faktumonline.com\/fr\/produit\/bandeau-decor-sur-mesure-hauteur-6-cm\/#primaryimage","url":"https:\/\/faktumonline.com\/wp-content\/uploads\/2020\/08\/bandeau-de\u0301cor.jpg","contentUrl":"https:\/\/faktumonline.com\/wp-content\/uploads\/2020\/08\/bandeau-de\u0301cor.jpg","width":486,"height":681,"caption":"Bandeau d\u00e9cor sur mesure pour ikea faktum cuisine"},{"@type":"BreadcrumbList","@id":"https:\/\/faktumonline.com\/fr\/produit\/bandeau-decor-sur-mesure-hauteur-6-cm\/#breadcrumb","itemListElement":[{"@type":"ListItem","position":1,"name":"Hem","item":"https:\/\/faktumonline.com\/fr\/"},{"@type":"ListItem","position":2,"name":"Webshop","item":"https:\/\/faktumonline.com\/fr\/webshop\/"},{"@type":"ListItem","position":3,"name":"Bandeaux de d\u00e9cors sur mesure. Hauteur 60 mm"}]},{"@type":"WebSite","@id":"https:\/\/faktumonline.com\/da\/#website","url":"https:\/\/faktumonline.com\/da\/","name":"Faktum Online Store","description":"Premium doors for IKEA kitchens","potentialAction":[{"@type":"SearchAction","target":{"@type":"EntryPoint","urlTemplate":"https:\/\/faktumonline.com\/da\/?s={search_term_string}"},"query-input":{"@type":"PropertyValueSpecification","valueRequired":true,"valueName":"search_term_string"}}],"inLanguage":"fr-FR"}]}},"_links":{"self":[{"href":"https:\/\/faktumonline.com\/fr\/wp-json\/wp\/v2\/product\/43928","targetHints":{"allow":["GET"]}}],"collection":[{"href":"https:\/\/faktumonline.com\/fr\/wp-json\/wp\/v2\/product"}],"about":[{"href":"https:\/\/faktumonline.com\/fr\/wp-json\/wp\/v2\/types\/product"}],"version-history":[{"count":3,"href":"https:\/\/faktumonline.com\/fr\/wp-json\/wp\/v2\/product\/43928\/revisions"}],"predecessor-version":[{"id":56362,"href":"https:\/\/faktumonline.com\/fr\/wp-json\/wp\/v2\/product\/43928\/revisions\/56362"}],"wp:featuredmedia":[{"embeddable":true,"href":"https:\/\/faktumonline.com\/fr\/wp-json\/wp\/v2\/media\/43742"}],"wp:attachment":[{"href":"https:\/\/faktumonline.com\/fr\/wp-json\/wp\/v2\/media?parent=43928"}],"wp:term":[{"taxonomy":"product_brand","embeddable":true,"href":"https:\/\/faktumonline.com\/fr\/wp-json\/wp\/v2\/product_brand?post=43928"},{"taxonomy":"product_cat","embeddable":true,"href":"https:\/\/faktumonline.com\/fr\/wp-json\/wp\/v2\/product_cat?post=43928"},{"taxonomy":"product_tag","embeddable":true,"href":"https:\/\/faktumonline.com\/fr\/wp-json\/wp\/v2\/product_tag?post=43928"}],"curies":[{"name":"wp","href":"https:\/\/api.w.org\/{rel}","templated":true}]}}