{"id":4092,"date":"2018-10-09T18:27:24","date_gmt":"2018-10-09T17:27:24","guid":{"rendered":"https:\/\/faktumonline.com\/webshop\/non%20class\u00e9\/porte-40x195-l"},"modified":"2025-01-15T15:25:36","modified_gmt":"2025-01-15T14:25:36","slug":"porte-40x195","status":"publish","type":"product","link":"https:\/\/faktumonline.com\/fr\/produit\/porte-40x195\/","title":{"rendered":"Porte Faktum 40&#215;195"},"content":{"rendered":"<p>396&#215;1942<\/p>\n","protected":false},"excerpt":{"rendered":"<p>Cette porte se fixe au caisson gr\u00e2ce \u00e0 3 charni\u00e8res. La charni\u00e8re du milieu n\u2019est pas exactement au centre. Pour cette raison nous offrons le choix de cette porte avec charni\u00e8res \u00e0 gauche ou charni\u00e8res \u00e0 droite.<\/p>\n<p>Pour d\u00e9finir l\u2019emplacement des charni\u00e8res, vous devez vous positionner en face de la porte en position ferm\u00e9e. Si les charni\u00e8res se trouvent sur la gauche (au dos de la porte) alors la porte a des charni\u00e8res cot\u00e9es gauche. Si les charni\u00e8res se trouvent sur la droite alors la porte a des charni\u00e8res cot\u00e9es droit.<\/p>\n<p>Faites votre choix ci-dessous et ajouter au panier.<\/p>\n","protected":false},"featured_media":60633,"template":"","meta":[],"product_brand":[],"product_cat":[2184],"product_tag":[],"class_list":{"0":"post-4092","1":"product","2":"type-product","3":"status-publish","4":"has-post-thumbnail","6":"product_cat-tall-doors-width-40-cm-fr","7":"product_shipping_class-lang-fr","8":"sales-flash-overlay","9":"woocommerce-text-align-center","10":"woocommerce-image-align-center","12":"first","13":"instock","14":"taxable","15":"shipping-taxable","16":"purchasable","17":"product-type-variable"},"exclude_global_add_ons":[],"addons":[],"yoast_head":"<!-- This site is optimized with the Yoast SEO Premium plugin v27.4 (Yoast SEO v27.4) - https:\/\/yoast.com\/product\/yoast-seo-premium-wordpress\/ -->\n<title>Porte Faktum 40x195 - Faktum online store<\/title>\n<meta name=\"robots\" content=\"index, follow, max-snippet:-1, max-image-preview:large, max-video-preview:-1\" \/>\n<link rel=\"canonical\" href=\"https:\/\/faktumonline.com\/fr\/produit\/porte-40x195\/\" \/>\n<meta property=\"og:locale\" content=\"fr_FR\" \/>\n<meta property=\"og:type\" content=\"article\" \/>\n<meta property=\"og:title\" content=\"Porte Faktum 40x195\" \/>\n<meta property=\"og:description\" content=\"Cette porte se fixe au caisson gr\u00e2ce \u00e0 3 charni\u00e8res. La charni\u00e8re du milieu n\u2019est pas exactement au centre. Pour cette raison nous offrons le choix de cette porte avec charni\u00e8res \u00e0 gauche ou charni\u00e8res \u00e0 droite.  Pour d\u00e9finir l\u2019emplacement des charni\u00e8res, vous devez vous positionner en face de la porte en position ferm\u00e9e. Si les charni\u00e8res se trouvent sur la gauche (au dos de la porte) alors la porte a des charni\u00e8res cot\u00e9es gauche. Si les charni\u00e8res se trouvent sur la droite alors la porte a des charni\u00e8res cot\u00e9es droit.  Faites votre choix ci-dessous et ajouter au panier.\" \/>\n<meta property=\"og:url\" content=\"https:\/\/faktumonline.com\/fr\/produit\/porte-40x195\/\" \/>\n<meta property=\"og:site_name\" content=\"Faktum online store\" \/>\n<meta property=\"article:modified_time\" content=\"2025-01-15T14:25:36+00:00\" \/>\n<meta property=\"og:image\" content=\"https:\/\/faktumonline.com\/wp-content\/uploads\/2021\/08\/Charnie\u0300res-a\u0300-droite-gauche-1.jpg\" \/>\n\t<meta property=\"og:image:width\" content=\"652\" \/>\n\t<meta property=\"og:image:height\" content=\"458\" \/>\n\t<meta property=\"og:image:type\" content=\"image\/jpeg\" \/>\n<meta name=\"twitter:card\" content=\"summary_large_image\" \/>\n<script type=\"application\/ld+json\" class=\"yoast-schema-graph\">{\"@context\":\"https:\\\/\\\/schema.org\",\"@graph\":[{\"@type\":\"WebPage\",\"@id\":\"https:\\\/\\\/faktumonline.com\\\/fr\\\/produit\\\/porte-40x195\\\/\",\"url\":\"https:\\\/\\\/faktumonline.com\\\/fr\\\/produit\\\/porte-40x195\\\/\",\"name\":\"Porte Faktum 40x195 - Faktum online store\",\"isPartOf\":{\"@id\":\"https:\\\/\\\/faktumonline.com\\\/da\\\/#website\"},\"primaryImageOfPage\":{\"@id\":\"https:\\\/\\\/faktumonline.com\\\/fr\\\/produit\\\/porte-40x195\\\/#primaryimage\"},\"image\":{\"@id\":\"https:\\\/\\\/faktumonline.com\\\/fr\\\/produit\\\/porte-40x195\\\/#primaryimage\"},\"thumbnailUrl\":\"https:\\\/\\\/faktumonline.com\\\/wp-content\\\/uploads\\\/2021\\\/08\\\/Charnie\u0300res-a\u0300-droite-gauche-1.jpg\",\"datePublished\":\"2018-10-09T17:27:24+00:00\",\"dateModified\":\"2025-01-15T14:25:36+00:00\",\"breadcrumb\":{\"@id\":\"https:\\\/\\\/faktumonline.com\\\/fr\\\/produit\\\/porte-40x195\\\/#breadcrumb\"},\"inLanguage\":\"fr-FR\",\"potentialAction\":[{\"@type\":\"ReadAction\",\"target\":[\"https:\\\/\\\/faktumonline.com\\\/fr\\\/produit\\\/porte-40x195\\\/\"]}]},{\"@type\":\"ImageObject\",\"inLanguage\":\"fr-FR\",\"@id\":\"https:\\\/\\\/faktumonline.com\\\/fr\\\/produit\\\/porte-40x195\\\/#primaryimage\",\"url\":\"https:\\\/\\\/faktumonline.com\\\/wp-content\\\/uploads\\\/2021\\\/08\\\/Charnie\u0300res-a\u0300-droite-gauche-1.jpg\",\"contentUrl\":\"https:\\\/\\\/faktumonline.com\\\/wp-content\\\/uploads\\\/2021\\\/08\\\/Charnie\u0300res-a\u0300-droite-gauche-1.jpg\",\"width\":652,\"height\":458},{\"@type\":\"BreadcrumbList\",\"@id\":\"https:\\\/\\\/faktumonline.com\\\/fr\\\/produit\\\/porte-40x195\\\/#breadcrumb\",\"itemListElement\":[{\"@type\":\"ListItem\",\"position\":1,\"name\":\"Hem\",\"item\":\"https:\\\/\\\/faktumonline.com\\\/fr\\\/\"},{\"@type\":\"ListItem\",\"position\":2,\"name\":\"Webshop\",\"item\":\"https:\\\/\\\/faktumonline.com\\\/fr\\\/webshop\\\/\"},{\"@type\":\"ListItem\",\"position\":3,\"name\":\"Porte Faktum 40&#215;195\"}]},{\"@type\":\"WebSite\",\"@id\":\"https:\\\/\\\/faktumonline.com\\\/da\\\/#website\",\"url\":\"https:\\\/\\\/faktumonline.com\\\/da\\\/\",\"name\":\"Faktum Online Store\",\"description\":\"Premium doors for IKEA kitchens\",\"potentialAction\":[{\"@type\":\"SearchAction\",\"target\":{\"@type\":\"EntryPoint\",\"urlTemplate\":\"https:\\\/\\\/faktumonline.com\\\/da\\\/?s={search_term_string}\"},\"query-input\":{\"@type\":\"PropertyValueSpecification\",\"valueRequired\":true,\"valueName\":\"search_term_string\"}}],\"inLanguage\":\"fr-FR\"}]}<\/script>\n<!-- \/ Yoast SEO Premium plugin. -->","yoast_head_json":{"title":"Porte Faktum 40x195 - Faktum online store","robots":{"index":"index","follow":"follow","max-snippet":"max-snippet:-1","max-image-preview":"max-image-preview:large","max-video-preview":"max-video-preview:-1"},"canonical":"https:\/\/faktumonline.com\/fr\/produit\/porte-40x195\/","og_locale":"fr_FR","og_type":"article","og_title":"Porte Faktum 40x195","og_description":"Cette porte se fixe au caisson gr\u00e2ce \u00e0 3 charni\u00e8res. La charni\u00e8re du milieu n\u2019est pas exactement au centre. Pour cette raison nous offrons le choix de cette porte avec charni\u00e8res \u00e0 gauche ou charni\u00e8res \u00e0 droite.  Pour d\u00e9finir l\u2019emplacement des charni\u00e8res, vous devez vous positionner en face de la porte en position ferm\u00e9e. Si les charni\u00e8res se trouvent sur la gauche (au dos de la porte) alors la porte a des charni\u00e8res cot\u00e9es gauche. Si les charni\u00e8res se trouvent sur la droite alors la porte a des charni\u00e8res cot\u00e9es droit.  Faites votre choix ci-dessous et ajouter au panier.","og_url":"https:\/\/faktumonline.com\/fr\/produit\/porte-40x195\/","og_site_name":"Faktum online store","article_modified_time":"2025-01-15T14:25:36+00:00","og_image":[{"width":652,"height":458,"url":"https:\/\/faktumonline.com\/wp-content\/uploads\/2021\/08\/Charnie\u0300res-a\u0300-droite-gauche-1.jpg","type":"image\/jpeg"}],"twitter_card":"summary_large_image","schema":{"@context":"https:\/\/schema.org","@graph":[{"@type":"WebPage","@id":"https:\/\/faktumonline.com\/fr\/produit\/porte-40x195\/","url":"https:\/\/faktumonline.com\/fr\/produit\/porte-40x195\/","name":"Porte Faktum 40x195 - Faktum online store","isPartOf":{"@id":"https:\/\/faktumonline.com\/da\/#website"},"primaryImageOfPage":{"@id":"https:\/\/faktumonline.com\/fr\/produit\/porte-40x195\/#primaryimage"},"image":{"@id":"https:\/\/faktumonline.com\/fr\/produit\/porte-40x195\/#primaryimage"},"thumbnailUrl":"https:\/\/faktumonline.com\/wp-content\/uploads\/2021\/08\/Charnie\u0300res-a\u0300-droite-gauche-1.jpg","datePublished":"2018-10-09T17:27:24+00:00","dateModified":"2025-01-15T14:25:36+00:00","breadcrumb":{"@id":"https:\/\/faktumonline.com\/fr\/produit\/porte-40x195\/#breadcrumb"},"inLanguage":"fr-FR","potentialAction":[{"@type":"ReadAction","target":["https:\/\/faktumonline.com\/fr\/produit\/porte-40x195\/"]}]},{"@type":"ImageObject","inLanguage":"fr-FR","@id":"https:\/\/faktumonline.com\/fr\/produit\/porte-40x195\/#primaryimage","url":"https:\/\/faktumonline.com\/wp-content\/uploads\/2021\/08\/Charnie\u0300res-a\u0300-droite-gauche-1.jpg","contentUrl":"https:\/\/faktumonline.com\/wp-content\/uploads\/2021\/08\/Charnie\u0300res-a\u0300-droite-gauche-1.jpg","width":652,"height":458},{"@type":"BreadcrumbList","@id":"https:\/\/faktumonline.com\/fr\/produit\/porte-40x195\/#breadcrumb","itemListElement":[{"@type":"ListItem","position":1,"name":"Hem","item":"https:\/\/faktumonline.com\/fr\/"},{"@type":"ListItem","position":2,"name":"Webshop","item":"https:\/\/faktumonline.com\/fr\/webshop\/"},{"@type":"ListItem","position":3,"name":"Porte Faktum 40&#215;195"}]},{"@type":"WebSite","@id":"https:\/\/faktumonline.com\/da\/#website","url":"https:\/\/faktumonline.com\/da\/","name":"Faktum Online Store","description":"Premium doors for IKEA kitchens","potentialAction":[{"@type":"SearchAction","target":{"@type":"EntryPoint","urlTemplate":"https:\/\/faktumonline.com\/da\/?s={search_term_string}"},"query-input":{"@type":"PropertyValueSpecification","valueRequired":true,"valueName":"search_term_string"}}],"inLanguage":"fr-FR"}]}},"_links":{"self":[{"href":"https:\/\/faktumonline.com\/fr\/wp-json\/wp\/v2\/product\/4092","targetHints":{"allow":["GET"]}}],"collection":[{"href":"https:\/\/faktumonline.com\/fr\/wp-json\/wp\/v2\/product"}],"about":[{"href":"https:\/\/faktumonline.com\/fr\/wp-json\/wp\/v2\/types\/product"}],"version-history":[{"count":6,"href":"https:\/\/faktumonline.com\/fr\/wp-json\/wp\/v2\/product\/4092\/revisions"}],"predecessor-version":[{"id":133356,"href":"https:\/\/faktumonline.com\/fr\/wp-json\/wp\/v2\/product\/4092\/revisions\/133356"}],"wp:featuredmedia":[{"embeddable":true,"href":"https:\/\/faktumonline.com\/fr\/wp-json\/wp\/v2\/media\/60633"}],"wp:attachment":[{"href":"https:\/\/faktumonline.com\/fr\/wp-json\/wp\/v2\/media?parent=4092"}],"wp:term":[{"taxonomy":"product_brand","embeddable":true,"href":"https:\/\/faktumonline.com\/fr\/wp-json\/wp\/v2\/product_brand?post=4092"},{"taxonomy":"product_cat","embeddable":true,"href":"https:\/\/faktumonline.com\/fr\/wp-json\/wp\/v2\/product_cat?post=4092"},{"taxonomy":"product_tag","embeddable":true,"href":"https:\/\/faktumonline.com\/fr\/wp-json\/wp\/v2\/product_tag?post=4092"}],"curies":[{"name":"wp","href":"https:\/\/api.w.org\/{rel}","templated":true}]}}