{"id":37555,"date":"2020-04-18T21:03:48","date_gmt":"2020-04-18T20:03:48","guid":{"rendered":"https:\/\/faktumonline.com\/product\/reservoir-de-force\/"},"modified":"2022-03-08T22:48:30","modified_gmt":"2022-03-08T21:48:30","slug":"reservoir-de-force","status":"publish","type":"product","link":"https:\/\/faktumonline.com\/fr\/produit\/reservoir-de-force\/","title":{"rendered":"M\u00e9canisme \u00ab staylift \u00bb pour porte horizontale 1pcs"},"content":{"rendered":"","protected":false},"excerpt":{"rendered":"<p>Syst\u00e8me Stay-Lift pour battant\/porte horizontal<\/p>\n<p>Ce syst\u00e8me \u00ab stay-lift \u00bb permet \u00e0 votre battant ou votre porte horizontale de rester en position une fois ouvert. Les supports sont fournis. Normalement un syst\u00e8me \u00ab stay-lift \u00bb suffit par battant \/porte.<br \/>\nLes charni\u00e8res pour la porte sont vendues s\u00e9par\u00e9ment. Veuillez cocher la case ci-dessous pour ajouter 2 charni\u00e8res standards + 2 pattes de montage \u00e0 un prix r\u00e9duit par rapport \u00e0 une commande \u00e0 l\u2019unit\u00e9.<\/p>\n","protected":false},"featured_media":37550,"template":"","meta":[],"product_brand":[],"product_cat":[1262],"product_tag":[],"class_list":{"0":"post-37555","1":"product","2":"type-product","3":"status-publish","4":"has-post-thumbnail","6":"product_cat-charnieres-speciales-faktum","7":"product_shipping_class-expedition-et-manutention","8":"sales-flash-overlay","9":"woocommerce-text-align-center","10":"woocommerce-image-align-center","12":"first","13":"instock","14":"taxable","15":"shipping-taxable","16":"purchasable","17":"product-type-simple"},"exclude_global_add_ons":true,"addons":[{"name":"Accessoires","type":"checkbox","position":0,"required":false,"title_format":"hide","default":"","description_enable":true,"description":"","placeholder_enable":false,"placeholder":"","display":"select","restrictions_type":"any_text","adjust_price":false,"price":"","price_type":"flat_fee","restrictions":false,"min":"0","max":"0","options":[{"label":"2 charni\u00e8res standard + 2 pattes de montages","price":"21","price_type":"quantity_based","image":0}]}],"yoast_head":"<!-- This site is optimized with the Yoast SEO Premium plugin v27.4 (Yoast SEO v27.4) - https:\/\/yoast.com\/product\/yoast-seo-premium-wordpress\/ -->\n<title>M\u00e9canisme \u00ab staylift \u00bb pour porte horizontale 1pcs - Faktum online store<\/title>\n<meta name=\"robots\" content=\"index, follow, max-snippet:-1, max-image-preview:large, max-video-preview:-1\" \/>\n<link rel=\"canonical\" href=\"https:\/\/faktumonline.com\/fr\/produit\/reservoir-de-force\/\" \/>\n<meta property=\"og:locale\" content=\"fr_FR\" \/>\n<meta property=\"og:type\" content=\"article\" \/>\n<meta property=\"og:title\" content=\"M\u00e9canisme \u00ab staylift \u00bb pour porte horizontale 1pcs\" \/>\n<meta property=\"og:description\" content=\"Syst\u00e8me Stay-Lift pour battant\/porte horizontal  Ce syst\u00e8me \u00ab stay-lift \u00bb permet \u00e0 votre battant ou votre porte horizontale de rester en position une fois ouvert. Les supports sont fournis. Normalement un syst\u00e8me \u00ab stay-lift \u00bb suffit par battant \/porte. Les charni\u00e8res pour la porte sont vendues s\u00e9par\u00e9ment. Veuillez cocher la case ci-dessous pour ajouter 2 charni\u00e8res standards + 2 pattes de montage \u00e0 un prix r\u00e9duit par rapport \u00e0 une commande \u00e0 l\u2019unit\u00e9.\" \/>\n<meta property=\"og:url\" content=\"https:\/\/faktumonline.com\/fr\/produit\/reservoir-de-force\/\" \/>\n<meta property=\"og:site_name\" content=\"Faktum online store\" \/>\n<meta property=\"article:modified_time\" content=\"2022-03-08T21:48:30+00:00\" \/>\n<meta property=\"og:image\" content=\"https:\/\/faktumonline.com\/wp-content\/uploads\/2020\/04\/Steglo\u0308st-stag-fo\u0308r-o\u0308verha\u0308ngd-lucka_besk.jpg\" \/>\n\t<meta property=\"og:image:width\" content=\"1758\" \/>\n\t<meta property=\"og:image:height\" content=\"1810\" \/>\n\t<meta property=\"og:image:type\" content=\"image\/jpeg\" \/>\n<meta name=\"twitter:card\" content=\"summary_large_image\" \/>\n<script type=\"application\/ld+json\" class=\"yoast-schema-graph\">{\"@context\":\"https:\\\/\\\/schema.org\",\"@graph\":[{\"@type\":\"WebPage\",\"@id\":\"https:\\\/\\\/faktumonline.com\\\/fr\\\/produit\\\/reservoir-de-force\\\/\",\"url\":\"https:\\\/\\\/faktumonline.com\\\/fr\\\/produit\\\/reservoir-de-force\\\/\",\"name\":\"M\u00e9canisme \u00ab staylift \u00bb pour porte horizontale 1pcs - Faktum online store\",\"isPartOf\":{\"@id\":\"https:\\\/\\\/faktumonline.com\\\/da\\\/#website\"},\"primaryImageOfPage\":{\"@id\":\"https:\\\/\\\/faktumonline.com\\\/fr\\\/produit\\\/reservoir-de-force\\\/#primaryimage\"},\"image\":{\"@id\":\"https:\\\/\\\/faktumonline.com\\\/fr\\\/produit\\\/reservoir-de-force\\\/#primaryimage\"},\"thumbnailUrl\":\"https:\\\/\\\/faktumonline.com\\\/wp-content\\\/uploads\\\/2020\\\/04\\\/Steglo\u0308st-stag-fo\u0308r-o\u0308verha\u0308ngd-lucka_besk.jpg\",\"datePublished\":\"2020-04-18T20:03:48+00:00\",\"dateModified\":\"2022-03-08T21:48:30+00:00\",\"breadcrumb\":{\"@id\":\"https:\\\/\\\/faktumonline.com\\\/fr\\\/produit\\\/reservoir-de-force\\\/#breadcrumb\"},\"inLanguage\":\"fr-FR\",\"potentialAction\":[{\"@type\":\"ReadAction\",\"target\":[\"https:\\\/\\\/faktumonline.com\\\/fr\\\/produit\\\/reservoir-de-force\\\/\"]}]},{\"@type\":\"ImageObject\",\"inLanguage\":\"fr-FR\",\"@id\":\"https:\\\/\\\/faktumonline.com\\\/fr\\\/produit\\\/reservoir-de-force\\\/#primaryimage\",\"url\":\"https:\\\/\\\/faktumonline.com\\\/wp-content\\\/uploads\\\/2020\\\/04\\\/Steglo\u0308st-stag-fo\u0308r-o\u0308verha\u0308ngd-lucka_besk.jpg\",\"contentUrl\":\"https:\\\/\\\/faktumonline.com\\\/wp-content\\\/uploads\\\/2020\\\/04\\\/Steglo\u0308st-stag-fo\u0308r-o\u0308verha\u0308ngd-lucka_besk.jpg\",\"width\":1758,\"height\":1810,\"caption\":\"Stay Lift Mechanism for IKEA Faktum horizontal door and flaps\"},{\"@type\":\"BreadcrumbList\",\"@id\":\"https:\\\/\\\/faktumonline.com\\\/fr\\\/produit\\\/reservoir-de-force\\\/#breadcrumb\",\"itemListElement\":[{\"@type\":\"ListItem\",\"position\":1,\"name\":\"Hem\",\"item\":\"https:\\\/\\\/faktumonline.com\\\/fr\\\/\"},{\"@type\":\"ListItem\",\"position\":2,\"name\":\"Webshop\",\"item\":\"https:\\\/\\\/faktumonline.com\\\/fr\\\/webshop\\\/\"},{\"@type\":\"ListItem\",\"position\":3,\"name\":\"M\u00e9canisme \u00ab staylift \u00bb pour porte horizontale 1pcs\"}]},{\"@type\":\"WebSite\",\"@id\":\"https:\\\/\\\/faktumonline.com\\\/da\\\/#website\",\"url\":\"https:\\\/\\\/faktumonline.com\\\/da\\\/\",\"name\":\"Faktum Online Store\",\"description\":\"Premium doors for IKEA kitchens\",\"potentialAction\":[{\"@type\":\"SearchAction\",\"target\":{\"@type\":\"EntryPoint\",\"urlTemplate\":\"https:\\\/\\\/faktumonline.com\\\/da\\\/?s={search_term_string}\"},\"query-input\":{\"@type\":\"PropertyValueSpecification\",\"valueRequired\":true,\"valueName\":\"search_term_string\"}}],\"inLanguage\":\"fr-FR\"}]}<\/script>\n<!-- \/ Yoast SEO Premium plugin. -->","yoast_head_json":{"title":"M\u00e9canisme \u00ab staylift \u00bb pour porte horizontale 1pcs - Faktum online store","robots":{"index":"index","follow":"follow","max-snippet":"max-snippet:-1","max-image-preview":"max-image-preview:large","max-video-preview":"max-video-preview:-1"},"canonical":"https:\/\/faktumonline.com\/fr\/produit\/reservoir-de-force\/","og_locale":"fr_FR","og_type":"article","og_title":"M\u00e9canisme \u00ab staylift \u00bb pour porte horizontale 1pcs","og_description":"Syst\u00e8me Stay-Lift pour battant\/porte horizontal  Ce syst\u00e8me \u00ab stay-lift \u00bb permet \u00e0 votre battant ou votre porte horizontale de rester en position une fois ouvert. Les supports sont fournis. Normalement un syst\u00e8me \u00ab stay-lift \u00bb suffit par battant \/porte. Les charni\u00e8res pour la porte sont vendues s\u00e9par\u00e9ment. Veuillez cocher la case ci-dessous pour ajouter 2 charni\u00e8res standards + 2 pattes de montage \u00e0 un prix r\u00e9duit par rapport \u00e0 une commande \u00e0 l\u2019unit\u00e9.","og_url":"https:\/\/faktumonline.com\/fr\/produit\/reservoir-de-force\/","og_site_name":"Faktum online store","article_modified_time":"2022-03-08T21:48:30+00:00","og_image":[{"width":1758,"height":1810,"url":"https:\/\/faktumonline.com\/wp-content\/uploads\/2020\/04\/Steglo\u0308st-stag-fo\u0308r-o\u0308verha\u0308ngd-lucka_besk.jpg","type":"image\/jpeg"}],"twitter_card":"summary_large_image","schema":{"@context":"https:\/\/schema.org","@graph":[{"@type":"WebPage","@id":"https:\/\/faktumonline.com\/fr\/produit\/reservoir-de-force\/","url":"https:\/\/faktumonline.com\/fr\/produit\/reservoir-de-force\/","name":"M\u00e9canisme \u00ab staylift \u00bb pour porte horizontale 1pcs - Faktum online store","isPartOf":{"@id":"https:\/\/faktumonline.com\/da\/#website"},"primaryImageOfPage":{"@id":"https:\/\/faktumonline.com\/fr\/produit\/reservoir-de-force\/#primaryimage"},"image":{"@id":"https:\/\/faktumonline.com\/fr\/produit\/reservoir-de-force\/#primaryimage"},"thumbnailUrl":"https:\/\/faktumonline.com\/wp-content\/uploads\/2020\/04\/Steglo\u0308st-stag-fo\u0308r-o\u0308verha\u0308ngd-lucka_besk.jpg","datePublished":"2020-04-18T20:03:48+00:00","dateModified":"2022-03-08T21:48:30+00:00","breadcrumb":{"@id":"https:\/\/faktumonline.com\/fr\/produit\/reservoir-de-force\/#breadcrumb"},"inLanguage":"fr-FR","potentialAction":[{"@type":"ReadAction","target":["https:\/\/faktumonline.com\/fr\/produit\/reservoir-de-force\/"]}]},{"@type":"ImageObject","inLanguage":"fr-FR","@id":"https:\/\/faktumonline.com\/fr\/produit\/reservoir-de-force\/#primaryimage","url":"https:\/\/faktumonline.com\/wp-content\/uploads\/2020\/04\/Steglo\u0308st-stag-fo\u0308r-o\u0308verha\u0308ngd-lucka_besk.jpg","contentUrl":"https:\/\/faktumonline.com\/wp-content\/uploads\/2020\/04\/Steglo\u0308st-stag-fo\u0308r-o\u0308verha\u0308ngd-lucka_besk.jpg","width":1758,"height":1810,"caption":"Stay Lift Mechanism for IKEA Faktum horizontal door and flaps"},{"@type":"BreadcrumbList","@id":"https:\/\/faktumonline.com\/fr\/produit\/reservoir-de-force\/#breadcrumb","itemListElement":[{"@type":"ListItem","position":1,"name":"Hem","item":"https:\/\/faktumonline.com\/fr\/"},{"@type":"ListItem","position":2,"name":"Webshop","item":"https:\/\/faktumonline.com\/fr\/webshop\/"},{"@type":"ListItem","position":3,"name":"M\u00e9canisme \u00ab staylift \u00bb pour porte horizontale 1pcs"}]},{"@type":"WebSite","@id":"https:\/\/faktumonline.com\/da\/#website","url":"https:\/\/faktumonline.com\/da\/","name":"Faktum Online Store","description":"Premium doors for IKEA kitchens","potentialAction":[{"@type":"SearchAction","target":{"@type":"EntryPoint","urlTemplate":"https:\/\/faktumonline.com\/da\/?s={search_term_string}"},"query-input":{"@type":"PropertyValueSpecification","valueRequired":true,"valueName":"search_term_string"}}],"inLanguage":"fr-FR"}]}},"_links":{"self":[{"href":"https:\/\/faktumonline.com\/fr\/wp-json\/wp\/v2\/product\/37555","targetHints":{"allow":["GET"]}}],"collection":[{"href":"https:\/\/faktumonline.com\/fr\/wp-json\/wp\/v2\/product"}],"about":[{"href":"https:\/\/faktumonline.com\/fr\/wp-json\/wp\/v2\/types\/product"}],"version-history":[{"count":2,"href":"https:\/\/faktumonline.com\/fr\/wp-json\/wp\/v2\/product\/37555\/revisions"}],"predecessor-version":[{"id":69168,"href":"https:\/\/faktumonline.com\/fr\/wp-json\/wp\/v2\/product\/37555\/revisions\/69168"}],"wp:featuredmedia":[{"embeddable":true,"href":"https:\/\/faktumonline.com\/fr\/wp-json\/wp\/v2\/media\/37550"}],"wp:attachment":[{"href":"https:\/\/faktumonline.com\/fr\/wp-json\/wp\/v2\/media?parent=37555"}],"wp:term":[{"taxonomy":"product_brand","embeddable":true,"href":"https:\/\/faktumonline.com\/fr\/wp-json\/wp\/v2\/product_brand?post=37555"},{"taxonomy":"product_cat","embeddable":true,"href":"https:\/\/faktumonline.com\/fr\/wp-json\/wp\/v2\/product_cat?post=37555"},{"taxonomy":"product_tag","embeddable":true,"href":"https:\/\/faktumonline.com\/fr\/wp-json\/wp\/v2\/product_tag?post=37555"}],"curies":[{"name":"wp","href":"https:\/\/api.w.org\/{rel}","templated":true}]}}