{"id":144416,"date":"2025-05-03T14:10:49","date_gmt":"2025-05-14T17:13:55","guid":{"rendered":"https:\/\/faktumonline.com\/product\/specimen-de-coloris-desert-rose\/"},"modified":"2025-05-14T18:13:55","modified_gmt":"2025-05-14T17:13:55","slug":"specimen-de-coloris-desert-rose","status":"publish","type":"product","link":"https:\/\/faktumonline.com\/fr\/produit\/specimen-de-coloris-desert-rose\/","title":{"rendered":"Sp\u00e9cimen de coloris Desert Rose*"},"content":{"rendered":"","protected":false},"excerpt":{"rendered":"<div class=\"woocommerce-product-details__short-description\">\n<p>Cet \u00e9chantillon de couleur illustre le produit fini avec la couleur appliqu\u00e9e sur un panneau MDF de qualit\u00e9 premium et sera tr\u00e8s fid\u00e8le au produit final.  <\/p>\n<p>Images: En fonction des param\u00e8tres de r\u00e9glage de votre \u00e9cran (ordinateur, t\u00e9l\u00e9phone, tablette, etc.), la couleur, la brillance et l\u2019aspect peuvent \u00eatre diff\u00e9rents du rendu r\u00e9el dans les conditions d\u2019\u00e9clairage de votre cuisine. Veuillez consid\u00e9rer ces images comme un guide approximatif uniquement. <\/p>\n<p>* Ce coloris n\u2019est pas r\u00e9alisable dans le mod\u00e8le U12 \u00e0 poign\u00e9e int\u00e9gr\u00e9e.<\/p>\n<\/div>\n","protected":false},"featured_media":140246,"template":"","meta":[],"product_brand":[],"product_cat":[1413],"product_tag":[],"class_list":{"0":"post-144416","1":"product","2":"type-product","3":"status-publish","4":"has-post-thumbnail","6":"product_cat-specimen-de-coloris","7":"product_shipping_class-frakt35-fr","8":"sales-flash-overlay","9":"woocommerce-text-align-center","10":"woocommerce-image-align-center","12":"first","13":"instock","14":"sold-individually","15":"taxable","16":"shipping-taxable","17":"purchasable","18":"product-type-simple"},"exclude_global_add_ons":[],"addons":[],"yoast_head":"<!-- This site is optimized with the Yoast SEO Premium plugin v27.0 (Yoast SEO v27.0) - https:\/\/yoast.com\/product\/yoast-seo-premium-wordpress\/ -->\n<title>Sp\u00e9cimen de coloris Desert Rose* - Faktum online store<\/title>\n<meta name=\"robots\" content=\"index, follow, max-snippet:-1, max-image-preview:large, max-video-preview:-1\" \/>\n<link rel=\"canonical\" href=\"https:\/\/faktumonline.com\/fr\/produit\/specimen-de-coloris-desert-rose\/\" \/>\n<meta property=\"og:locale\" content=\"fr_FR\" \/>\n<meta property=\"og:type\" content=\"article\" \/>\n<meta property=\"og:title\" content=\"Sp\u00e9cimen de coloris Desert Rose*\" \/>\n<meta property=\"og:description\" content=\"Cet \u00e9chantillon de couleur illustre le produit fini avec la couleur appliqu\u00e9e sur un panneau MDF de qualit\u00e9 premium et sera tr\u00e8s fid\u00e8le au produit final.  Images: En fonction des param\u00e8tres de r\u00e9glage de votre \u00e9cran (ordinateur, t\u00e9l\u00e9phone, tablette, etc.), la couleur, la brillance et l\u2019aspect peuvent \u00eatre diff\u00e9rents du rendu r\u00e9el dans les conditions d\u2019\u00e9clairage de votre cuisine. Veuillez consid\u00e9rer ces images comme un guide approximatif uniquement.  * Ce coloris n\u2019est pas r\u00e9alisable dans le mod\u00e8le U12 \u00e0 poign\u00e9e int\u00e9gr\u00e9e.\" \/>\n<meta property=\"og:url\" content=\"https:\/\/faktumonline.com\/fr\/produit\/specimen-de-coloris-desert-rose\/\" \/>\n<meta property=\"og:site_name\" content=\"Faktum online store\" \/>\n<meta property=\"og:image\" content=\"https:\/\/faktumonline.com\/wp-content\/uploads\/2025\/04\/R34-Desert-Rose.jpg\" \/>\n\t<meta property=\"og:image:width\" content=\"354\" \/>\n\t<meta property=\"og:image:height\" content=\"510\" \/>\n\t<meta property=\"og:image:type\" content=\"image\/jpeg\" \/>\n<meta name=\"twitter:card\" content=\"summary_large_image\" \/>\n<script type=\"application\/ld+json\" class=\"yoast-schema-graph\">{\"@context\":\"https:\/\/schema.org\",\"@graph\":[{\"@type\":\"WebPage\",\"@id\":\"https:\/\/faktumonline.com\/fr\/produit\/specimen-de-coloris-desert-rose\/\",\"url\":\"https:\/\/faktumonline.com\/fr\/produit\/specimen-de-coloris-desert-rose\/\",\"name\":\"Sp\u00e9cimen de coloris Desert Rose* - Faktum online store\",\"isPartOf\":{\"@id\":\"https:\/\/faktumonline.com\/da\/#website\"},\"primaryImageOfPage\":{\"@id\":\"https:\/\/faktumonline.com\/fr\/produit\/specimen-de-coloris-desert-rose\/#primaryimage\"},\"image\":{\"@id\":\"https:\/\/faktumonline.com\/fr\/produit\/specimen-de-coloris-desert-rose\/#primaryimage\"},\"thumbnailUrl\":\"https:\/\/faktumonline.com\/wp-content\/uploads\/2025\/04\/R34-Desert-Rose.webp\",\"datePublished\":\"2025-05-14T17:13:55+00:00\",\"breadcrumb\":{\"@id\":\"https:\/\/faktumonline.com\/fr\/produit\/specimen-de-coloris-desert-rose\/#breadcrumb\"},\"inLanguage\":\"fr-FR\",\"potentialAction\":[{\"@type\":\"ReadAction\",\"target\":[\"https:\/\/faktumonline.com\/fr\/produit\/specimen-de-coloris-desert-rose\/\"]}]},{\"@type\":\"ImageObject\",\"inLanguage\":\"fr-FR\",\"@id\":\"https:\/\/faktumonline.com\/fr\/produit\/specimen-de-coloris-desert-rose\/#primaryimage\",\"url\":\"https:\/\/faktumonline.com\/wp-content\/uploads\/2025\/04\/R34-Desert-Rose.webp\",\"contentUrl\":\"https:\/\/faktumonline.com\/wp-content\/uploads\/2025\/04\/R34-Desert-Rose.webp\",\"width\":354,\"height\":510,\"caption\":\"Screenshot\"},{\"@type\":\"BreadcrumbList\",\"@id\":\"https:\/\/faktumonline.com\/fr\/produit\/specimen-de-coloris-desert-rose\/#breadcrumb\",\"itemListElement\":[{\"@type\":\"ListItem\",\"position\":1,\"name\":\"Hem\",\"item\":\"https:\/\/faktumonline.com\/fr\/\"},{\"@type\":\"ListItem\",\"position\":2,\"name\":\"Webshop\",\"item\":\"https:\/\/faktumonline.com\/fr\/webshop\/\"},{\"@type\":\"ListItem\",\"position\":3,\"name\":\"Sp\u00e9cimen de coloris Desert Rose*\"}]},{\"@type\":\"WebSite\",\"@id\":\"https:\/\/faktumonline.com\/da\/#website\",\"url\":\"https:\/\/faktumonline.com\/da\/\",\"name\":\"Faktum Online Store\",\"description\":\"Premium doors for IKEA kitchens\",\"potentialAction\":[{\"@type\":\"SearchAction\",\"target\":{\"@type\":\"EntryPoint\",\"urlTemplate\":\"https:\/\/faktumonline.com\/da\/?s={search_term_string}\"},\"query-input\":{\"@type\":\"PropertyValueSpecification\",\"valueRequired\":true,\"valueName\":\"search_term_string\"}}],\"inLanguage\":\"fr-FR\"}]}<\/script>\n<!-- \/ Yoast SEO Premium plugin. -->","yoast_head_json":{"title":"Sp\u00e9cimen de coloris Desert Rose* - Faktum online store","robots":{"index":"index","follow":"follow","max-snippet":"max-snippet:-1","max-image-preview":"max-image-preview:large","max-video-preview":"max-video-preview:-1"},"canonical":"https:\/\/faktumonline.com\/fr\/produit\/specimen-de-coloris-desert-rose\/","og_locale":"fr_FR","og_type":"article","og_title":"Sp\u00e9cimen de coloris Desert Rose*","og_description":"Cet \u00e9chantillon de couleur illustre le produit fini avec la couleur appliqu\u00e9e sur un panneau MDF de qualit\u00e9 premium et sera tr\u00e8s fid\u00e8le au produit final.  Images: En fonction des param\u00e8tres de r\u00e9glage de votre \u00e9cran (ordinateur, t\u00e9l\u00e9phone, tablette, etc.), la couleur, la brillance et l\u2019aspect peuvent \u00eatre diff\u00e9rents du rendu r\u00e9el dans les conditions d\u2019\u00e9clairage de votre cuisine. Veuillez consid\u00e9rer ces images comme un guide approximatif uniquement.  * Ce coloris n\u2019est pas r\u00e9alisable dans le mod\u00e8le U12 \u00e0 poign\u00e9e int\u00e9gr\u00e9e.","og_url":"https:\/\/faktumonline.com\/fr\/produit\/specimen-de-coloris-desert-rose\/","og_site_name":"Faktum online store","og_image":[{"width":354,"height":510,"url":"https:\/\/faktumonline.com\/wp-content\/uploads\/2025\/04\/R34-Desert-Rose.jpg","type":"image\/jpeg"}],"twitter_card":"summary_large_image","schema":{"@context":"https:\/\/schema.org","@graph":[{"@type":"WebPage","@id":"https:\/\/faktumonline.com\/fr\/produit\/specimen-de-coloris-desert-rose\/","url":"https:\/\/faktumonline.com\/fr\/produit\/specimen-de-coloris-desert-rose\/","name":"Sp\u00e9cimen de coloris Desert Rose* - Faktum online store","isPartOf":{"@id":"https:\/\/faktumonline.com\/da\/#website"},"primaryImageOfPage":{"@id":"https:\/\/faktumonline.com\/fr\/produit\/specimen-de-coloris-desert-rose\/#primaryimage"},"image":{"@id":"https:\/\/faktumonline.com\/fr\/produit\/specimen-de-coloris-desert-rose\/#primaryimage"},"thumbnailUrl":"https:\/\/faktumonline.com\/wp-content\/uploads\/2025\/04\/R34-Desert-Rose.webp","datePublished":"2025-05-14T17:13:55+00:00","breadcrumb":{"@id":"https:\/\/faktumonline.com\/fr\/produit\/specimen-de-coloris-desert-rose\/#breadcrumb"},"inLanguage":"fr-FR","potentialAction":[{"@type":"ReadAction","target":["https:\/\/faktumonline.com\/fr\/produit\/specimen-de-coloris-desert-rose\/"]}]},{"@type":"ImageObject","inLanguage":"fr-FR","@id":"https:\/\/faktumonline.com\/fr\/produit\/specimen-de-coloris-desert-rose\/#primaryimage","url":"https:\/\/faktumonline.com\/wp-content\/uploads\/2025\/04\/R34-Desert-Rose.webp","contentUrl":"https:\/\/faktumonline.com\/wp-content\/uploads\/2025\/04\/R34-Desert-Rose.webp","width":354,"height":510,"caption":"Screenshot"},{"@type":"BreadcrumbList","@id":"https:\/\/faktumonline.com\/fr\/produit\/specimen-de-coloris-desert-rose\/#breadcrumb","itemListElement":[{"@type":"ListItem","position":1,"name":"Hem","item":"https:\/\/faktumonline.com\/fr\/"},{"@type":"ListItem","position":2,"name":"Webshop","item":"https:\/\/faktumonline.com\/fr\/webshop\/"},{"@type":"ListItem","position":3,"name":"Sp\u00e9cimen de coloris Desert Rose*"}]},{"@type":"WebSite","@id":"https:\/\/faktumonline.com\/da\/#website","url":"https:\/\/faktumonline.com\/da\/","name":"Faktum Online Store","description":"Premium doors for IKEA kitchens","potentialAction":[{"@type":"SearchAction","target":{"@type":"EntryPoint","urlTemplate":"https:\/\/faktumonline.com\/da\/?s={search_term_string}"},"query-input":{"@type":"PropertyValueSpecification","valueRequired":true,"valueName":"search_term_string"}}],"inLanguage":"fr-FR"}]}},"_links":{"self":[{"href":"https:\/\/faktumonline.com\/fr\/wp-json\/wp\/v2\/product\/144416","targetHints":{"allow":["GET"]}}],"collection":[{"href":"https:\/\/faktumonline.com\/fr\/wp-json\/wp\/v2\/product"}],"about":[{"href":"https:\/\/faktumonline.com\/fr\/wp-json\/wp\/v2\/types\/product"}],"version-history":[{"count":0,"href":"https:\/\/faktumonline.com\/fr\/wp-json\/wp\/v2\/product\/144416\/revisions"}],"wp:featuredmedia":[{"embeddable":true,"href":"https:\/\/faktumonline.com\/fr\/wp-json\/wp\/v2\/media\/140246"}],"wp:attachment":[{"href":"https:\/\/faktumonline.com\/fr\/wp-json\/wp\/v2\/media?parent=144416"}],"wp:term":[{"taxonomy":"product_brand","embeddable":true,"href":"https:\/\/faktumonline.com\/fr\/wp-json\/wp\/v2\/product_brand?post=144416"},{"taxonomy":"product_cat","embeddable":true,"href":"https:\/\/faktumonline.com\/fr\/wp-json\/wp\/v2\/product_cat?post=144416"},{"taxonomy":"product_tag","embeddable":true,"href":"https:\/\/faktumonline.com\/fr\/wp-json\/wp\/v2\/product_tag?post=144416"}],"curies":[{"name":"wp","href":"https:\/\/api.w.org\/{rel}","templated":true}]}}