{"id":135380,"date":"2025-01-31T19:32:59","date_gmt":"2025-01-31T18:33:00","guid":{"rendered":"https:\/\/faktumonline.com\/?post_type=product&#038;p=135380"},"modified":"2025-02-06T21:48:43","modified_gmt":"2025-02-06T20:48:43","slug":"specimen-de-coloris-white-high-gloss-copy-copy-copy-copy-copy-copy","status":"publish","type":"product","link":"https:\/\/faktumonline.com\/fr\/produit\/specimen-de-coloris-white-high-gloss-copy-copy-copy-copy-copy-copy\/","title":{"rendered":"Sp\u00e9cimen* Alvic Luxe coloris en haute brillance \u201dMagnolia\u201d"},"content":{"rendered":"","protected":false},"excerpt":{"rendered":"<p>Cet \u00e9chantillon de couleur illustre le produit fini avec la couleur appliqu\u00e9e sur un panneau MDF de qualit\u00e9 premium et sera tr\u00e8s fid\u00e8le au produit final.<\/p>\n<p>Nous sommes heureux de pouvoir proposer \u00e0 nos clients ayant une cuisine IKEA, la gamme de couleurs premium en haute brillance \u00ab Luxe \u00bb de la marque Alvic.<\/p>\n<p>Images: En fonction des param\u00e8tres de r\u00e9glage de votre \u00e9cran (ordinateur, t\u00e9l\u00e9phone, tablette, etc.), la couleur, la brillance et l\u2019aspect peuvent \u00eatre diff\u00e9rents du rendu r\u00e9el dans les conditions d&rsquo;\u00e9clairage de votre cuisine. Veuillez consid\u00e9rer ces images comme un guide approximatif uniquement.<\/p>\n<p>*Cette couleur n&rsquo;est pas disponible pour les portes U12 avec poign\u00e9es int\u00e9gr\u00e9es. Elle est uniquement propos\u00e9e dans notre mod\u00e8le \u00e0 surface lisse W28.<\/p>\n","protected":false},"featured_media":144673,"template":"","meta":[],"product_brand":[],"product_cat":[2673],"product_tag":[],"class_list":{"0":"post-135380","1":"product","2":"type-product","3":"status-publish","4":"has-post-thumbnail","6":"product_cat-gloss-samples-fr","7":"product_shipping_class-frakt35-fr","8":"sales-flash-overlay","9":"woocommerce-text-align-center","10":"woocommerce-image-align-center","11":"wc-has-gallery","13":"first","14":"instock","15":"sold-individually","16":"taxable","17":"shipping-taxable","18":"purchasable","19":"product-type-simple"},"exclude_global_add_ons":[],"addons":[],"yoast_head":"<!-- This site is optimized with the Yoast SEO Premium plugin v27.0 (Yoast SEO v27.0) - https:\/\/yoast.com\/product\/yoast-seo-premium-wordpress\/ -->\n<title>Sp\u00e9cimen* Alvic Luxe coloris en haute brillance \u201dMagnolia\u201d - Faktum online store<\/title>\n<meta name=\"robots\" content=\"index, follow, max-snippet:-1, max-image-preview:large, max-video-preview:-1\" \/>\n<link rel=\"canonical\" href=\"https:\/\/faktumonline.com\/fr\/produit\/specimen-de-coloris-white-high-gloss-copy-copy-copy-copy-copy-copy\/\" \/>\n<meta property=\"og:locale\" content=\"fr_FR\" \/>\n<meta property=\"og:type\" content=\"article\" \/>\n<meta property=\"og:title\" content=\"Sp\u00e9cimen* Alvic Luxe coloris en haute brillance \u201dMagnolia\u201d\" \/>\n<meta property=\"og:description\" content=\"Cet \u00e9chantillon de couleur illustre le produit fini avec la couleur appliqu\u00e9e sur un panneau MDF de qualit\u00e9 premium et sera tr\u00e8s fid\u00e8le au produit final.  Nous sommes heureux de pouvoir proposer \u00e0 nos clients ayant une cuisine IKEA, la gamme de couleurs premium en haute brillance \u00ab Luxe \u00bb de la marque Alvic.  Images: En fonction des param\u00e8tres de r\u00e9glage de votre \u00e9cran (ordinateur, t\u00e9l\u00e9phone, tablette, etc.), la couleur, la brillance et l\u2019aspect peuvent \u00eatre diff\u00e9rents du rendu r\u00e9el dans les conditions d&#039;\u00e9clairage de votre cuisine. Veuillez consid\u00e9rer ces images comme un guide approximatif uniquement.  *Cette couleur n&#039;est pas disponible pour les portes U12 avec poign\u00e9es int\u00e9gr\u00e9es. Elle est uniquement propos\u00e9e dans notre mod\u00e8le \u00e0 surface lisse W28.\" \/>\n<meta property=\"og:url\" content=\"https:\/\/faktumonline.com\/fr\/produit\/specimen-de-coloris-white-high-gloss-copy-copy-copy-copy-copy-copy\/\" \/>\n<meta property=\"og:site_name\" content=\"Faktum online store\" \/>\n<meta property=\"article:modified_time\" content=\"2025-02-06T20:48:43+00:00\" \/>\n<meta property=\"og:image\" content=\"https:\/\/faktumonline.com\/wp-content\/uploads\/2025\/02\/Alvic-Luxe-Magnolia-B.jpg\" \/>\n\t<meta property=\"og:image:width\" content=\"1200\" \/>\n\t<meta property=\"og:image:height\" content=\"675\" \/>\n\t<meta property=\"og:image:type\" content=\"image\/jpeg\" \/>\n<meta name=\"twitter:card\" content=\"summary_large_image\" \/>\n<meta name=\"twitter:label1\" content=\"Dur\u00e9e de lecture estim\u00e9e\" \/>\n\t<meta name=\"twitter:data1\" content=\"1 minute\" \/>\n<script type=\"application\/ld+json\" class=\"yoast-schema-graph\">{\"@context\":\"https:\/\/schema.org\",\"@graph\":[{\"@type\":\"WebPage\",\"@id\":\"https:\/\/faktumonline.com\/fr\/produit\/specimen-de-coloris-white-high-gloss-copy-copy-copy-copy-copy-copy\/\",\"url\":\"https:\/\/faktumonline.com\/fr\/produit\/specimen-de-coloris-white-high-gloss-copy-copy-copy-copy-copy-copy\/\",\"name\":\"Sp\u00e9cimen* Alvic Luxe coloris en haute brillance \u201dMagnolia\u201d - Faktum online store\",\"isPartOf\":{\"@id\":\"https:\/\/faktumonline.com\/da\/#website\"},\"primaryImageOfPage\":{\"@id\":\"https:\/\/faktumonline.com\/fr\/produit\/specimen-de-coloris-white-high-gloss-copy-copy-copy-copy-copy-copy\/#primaryimage\"},\"image\":{\"@id\":\"https:\/\/faktumonline.com\/fr\/produit\/specimen-de-coloris-white-high-gloss-copy-copy-copy-copy-copy-copy\/#primaryimage\"},\"thumbnailUrl\":\"https:\/\/faktumonline.com\/wp-content\/uploads\/2025\/05\/Alvic-Luxe-MAGNOLIA-uni.webp\",\"datePublished\":\"2025-01-31T18:33:00+00:00\",\"dateModified\":\"2025-02-06T20:48:43+00:00\",\"breadcrumb\":{\"@id\":\"https:\/\/faktumonline.com\/fr\/produit\/specimen-de-coloris-white-high-gloss-copy-copy-copy-copy-copy-copy\/#breadcrumb\"},\"inLanguage\":\"fr-FR\",\"potentialAction\":[{\"@type\":\"ReadAction\",\"target\":[\"https:\/\/faktumonline.com\/fr\/produit\/specimen-de-coloris-white-high-gloss-copy-copy-copy-copy-copy-copy\/\"]}]},{\"@type\":\"ImageObject\",\"inLanguage\":\"fr-FR\",\"@id\":\"https:\/\/faktumonline.com\/fr\/produit\/specimen-de-coloris-white-high-gloss-copy-copy-copy-copy-copy-copy\/#primaryimage\",\"url\":\"https:\/\/faktumonline.com\/wp-content\/uploads\/2025\/05\/Alvic-Luxe-MAGNOLIA-uni.webp\",\"contentUrl\":\"https:\/\/faktumonline.com\/wp-content\/uploads\/2025\/05\/Alvic-Luxe-MAGNOLIA-uni.webp\",\"width\":354,\"height\":510},{\"@type\":\"BreadcrumbList\",\"@id\":\"https:\/\/faktumonline.com\/fr\/produit\/specimen-de-coloris-white-high-gloss-copy-copy-copy-copy-copy-copy\/#breadcrumb\",\"itemListElement\":[{\"@type\":\"ListItem\",\"position\":1,\"name\":\"Hem\",\"item\":\"https:\/\/faktumonline.com\/fr\/\"},{\"@type\":\"ListItem\",\"position\":2,\"name\":\"Webshop\",\"item\":\"https:\/\/faktumonline.com\/fr\/webshop\/\"},{\"@type\":\"ListItem\",\"position\":3,\"name\":\"Sp\u00e9cimen* Alvic Luxe coloris en haute brillance \u201dMagnolia\u201d\"}]},{\"@type\":\"WebSite\",\"@id\":\"https:\/\/faktumonline.com\/da\/#website\",\"url\":\"https:\/\/faktumonline.com\/da\/\",\"name\":\"Faktum Online Store\",\"description\":\"Premium doors for IKEA kitchens\",\"potentialAction\":[{\"@type\":\"SearchAction\",\"target\":{\"@type\":\"EntryPoint\",\"urlTemplate\":\"https:\/\/faktumonline.com\/da\/?s={search_term_string}\"},\"query-input\":{\"@type\":\"PropertyValueSpecification\",\"valueRequired\":true,\"valueName\":\"search_term_string\"}}],\"inLanguage\":\"fr-FR\"}]}<\/script>\n<!-- \/ Yoast SEO Premium plugin. -->","yoast_head_json":{"title":"Sp\u00e9cimen* Alvic Luxe coloris en haute brillance \u201dMagnolia\u201d - Faktum online store","robots":{"index":"index","follow":"follow","max-snippet":"max-snippet:-1","max-image-preview":"max-image-preview:large","max-video-preview":"max-video-preview:-1"},"canonical":"https:\/\/faktumonline.com\/fr\/produit\/specimen-de-coloris-white-high-gloss-copy-copy-copy-copy-copy-copy\/","og_locale":"fr_FR","og_type":"article","og_title":"Sp\u00e9cimen* Alvic Luxe coloris en haute brillance \u201dMagnolia\u201d","og_description":"Cet \u00e9chantillon de couleur illustre le produit fini avec la couleur appliqu\u00e9e sur un panneau MDF de qualit\u00e9 premium et sera tr\u00e8s fid\u00e8le au produit final.  Nous sommes heureux de pouvoir proposer \u00e0 nos clients ayant une cuisine IKEA, la gamme de couleurs premium en haute brillance \u00ab Luxe \u00bb de la marque Alvic.  Images: En fonction des param\u00e8tres de r\u00e9glage de votre \u00e9cran (ordinateur, t\u00e9l\u00e9phone, tablette, etc.), la couleur, la brillance et l\u2019aspect peuvent \u00eatre diff\u00e9rents du rendu r\u00e9el dans les conditions d'\u00e9clairage de votre cuisine. Veuillez consid\u00e9rer ces images comme un guide approximatif uniquement.  *Cette couleur n'est pas disponible pour les portes U12 avec poign\u00e9es int\u00e9gr\u00e9es. Elle est uniquement propos\u00e9e dans notre mod\u00e8le \u00e0 surface lisse W28.","og_url":"https:\/\/faktumonline.com\/fr\/produit\/specimen-de-coloris-white-high-gloss-copy-copy-copy-copy-copy-copy\/","og_site_name":"Faktum online store","article_modified_time":"2025-02-06T20:48:43+00:00","og_image":[{"width":1200,"height":675,"url":"https:\/\/faktumonline.com\/wp-content\/uploads\/2025\/02\/Alvic-Luxe-Magnolia-B.jpg","type":"image\/jpeg"}],"twitter_card":"summary_large_image","twitter_misc":{"Dur\u00e9e de lecture estim\u00e9e":"1 minute"},"schema":{"@context":"https:\/\/schema.org","@graph":[{"@type":"WebPage","@id":"https:\/\/faktumonline.com\/fr\/produit\/specimen-de-coloris-white-high-gloss-copy-copy-copy-copy-copy-copy\/","url":"https:\/\/faktumonline.com\/fr\/produit\/specimen-de-coloris-white-high-gloss-copy-copy-copy-copy-copy-copy\/","name":"Sp\u00e9cimen* Alvic Luxe coloris en haute brillance \u201dMagnolia\u201d - Faktum online store","isPartOf":{"@id":"https:\/\/faktumonline.com\/da\/#website"},"primaryImageOfPage":{"@id":"https:\/\/faktumonline.com\/fr\/produit\/specimen-de-coloris-white-high-gloss-copy-copy-copy-copy-copy-copy\/#primaryimage"},"image":{"@id":"https:\/\/faktumonline.com\/fr\/produit\/specimen-de-coloris-white-high-gloss-copy-copy-copy-copy-copy-copy\/#primaryimage"},"thumbnailUrl":"https:\/\/faktumonline.com\/wp-content\/uploads\/2025\/05\/Alvic-Luxe-MAGNOLIA-uni.webp","datePublished":"2025-01-31T18:33:00+00:00","dateModified":"2025-02-06T20:48:43+00:00","breadcrumb":{"@id":"https:\/\/faktumonline.com\/fr\/produit\/specimen-de-coloris-white-high-gloss-copy-copy-copy-copy-copy-copy\/#breadcrumb"},"inLanguage":"fr-FR","potentialAction":[{"@type":"ReadAction","target":["https:\/\/faktumonline.com\/fr\/produit\/specimen-de-coloris-white-high-gloss-copy-copy-copy-copy-copy-copy\/"]}]},{"@type":"ImageObject","inLanguage":"fr-FR","@id":"https:\/\/faktumonline.com\/fr\/produit\/specimen-de-coloris-white-high-gloss-copy-copy-copy-copy-copy-copy\/#primaryimage","url":"https:\/\/faktumonline.com\/wp-content\/uploads\/2025\/05\/Alvic-Luxe-MAGNOLIA-uni.webp","contentUrl":"https:\/\/faktumonline.com\/wp-content\/uploads\/2025\/05\/Alvic-Luxe-MAGNOLIA-uni.webp","width":354,"height":510},{"@type":"BreadcrumbList","@id":"https:\/\/faktumonline.com\/fr\/produit\/specimen-de-coloris-white-high-gloss-copy-copy-copy-copy-copy-copy\/#breadcrumb","itemListElement":[{"@type":"ListItem","position":1,"name":"Hem","item":"https:\/\/faktumonline.com\/fr\/"},{"@type":"ListItem","position":2,"name":"Webshop","item":"https:\/\/faktumonline.com\/fr\/webshop\/"},{"@type":"ListItem","position":3,"name":"Sp\u00e9cimen* Alvic Luxe coloris en haute brillance \u201dMagnolia\u201d"}]},{"@type":"WebSite","@id":"https:\/\/faktumonline.com\/da\/#website","url":"https:\/\/faktumonline.com\/da\/","name":"Faktum Online Store","description":"Premium doors for IKEA kitchens","potentialAction":[{"@type":"SearchAction","target":{"@type":"EntryPoint","urlTemplate":"https:\/\/faktumonline.com\/da\/?s={search_term_string}"},"query-input":{"@type":"PropertyValueSpecification","valueRequired":true,"valueName":"search_term_string"}}],"inLanguage":"fr-FR"}]}},"_links":{"self":[{"href":"https:\/\/faktumonline.com\/fr\/wp-json\/wp\/v2\/product\/135380","targetHints":{"allow":["GET"]}}],"collection":[{"href":"https:\/\/faktumonline.com\/fr\/wp-json\/wp\/v2\/product"}],"about":[{"href":"https:\/\/faktumonline.com\/fr\/wp-json\/wp\/v2\/types\/product"}],"version-history":[{"count":3,"href":"https:\/\/faktumonline.com\/fr\/wp-json\/wp\/v2\/product\/135380\/revisions"}],"predecessor-version":[{"id":135700,"href":"https:\/\/faktumonline.com\/fr\/wp-json\/wp\/v2\/product\/135380\/revisions\/135700"}],"wp:featuredmedia":[{"embeddable":true,"href":"https:\/\/faktumonline.com\/fr\/wp-json\/wp\/v2\/media\/144673"}],"wp:attachment":[{"href":"https:\/\/faktumonline.com\/fr\/wp-json\/wp\/v2\/media?parent=135380"}],"wp:term":[{"taxonomy":"product_brand","embeddable":true,"href":"https:\/\/faktumonline.com\/fr\/wp-json\/wp\/v2\/product_brand?post=135380"},{"taxonomy":"product_cat","embeddable":true,"href":"https:\/\/faktumonline.com\/fr\/wp-json\/wp\/v2\/product_cat?post=135380"},{"taxonomy":"product_tag","embeddable":true,"href":"https:\/\/faktumonline.com\/fr\/wp-json\/wp\/v2\/product_tag?post=135380"}],"curies":[{"name":"wp","href":"https:\/\/api.w.org\/{rel}","templated":true}]}}