{"id":127013,"date":"2024-11-03T22:55:09","date_gmt":"2024-11-03T21:55:10","guid":{"rendered":"https:\/\/faktumonline.com\/?post_type=product&#038;p=127013"},"modified":"2024-11-03T23:09:06","modified_gmt":"2024-11-03T22:09:06","slug":"surmeuble-pour-refrigerateur-60x57-copy","status":"publish","type":"product","link":"https:\/\/faktumonline.com\/fr\/produit\/surmeuble-pour-refrigerateur-60x57-copy\/","title":{"rendered":"Surmeuble pour r\u00e9frig\u00e9rateur 60&#215;70"},"content":{"rendered":"","protected":false},"excerpt":{"rendered":"<p>Il s\u2019agit d\u2019une carcasse sup\u00e9rieure de r\u00e9frig\u00e9rateur\/cong\u00e9lateur ventil\u00e9e pour une cuisine IKEA Faktum. L=60, H=70, P=58 cm. Profondeur int\u00e9rieure = 52 cm. L\u2019\u00e9vent est cach\u00e9 derri\u00e8re le dos. La carcasse et l\u2019\u00e9tag\u00e8re seront en \u00ab blanc uni \u00bb et la fa\u00e7ade (le cas \u00e9ch\u00e9ant) sera de la m\u00eame couleur que les autres portes dans le m\u00eame ordre (le cas \u00e9ch\u00e9ant). Vous pouvez personnaliser votre carcasse en ajoutant quelques extras ci-dessous:<\/p>\n","protected":false},"featured_media":127022,"template":"","meta":[],"product_brand":[],"product_cat":[718],"product_tag":[],"class_list":{"0":"post-127013","1":"product","2":"type-product","3":"status-publish","4":"has-post-thumbnail","6":"product_cat-armoires-au-dessus-du-refrigerateur","7":"sales-flash-overlay","8":"woocommerce-text-align-center","9":"woocommerce-image-align-center","11":"first","12":"instock","13":"taxable","14":"shipping-taxable","15":"purchasable","16":"product-type-simple"},"exclude_global_add_ons":true,"addons":[{"name":"Accessoires:","type":"checkbox","position":0,"required":false,"title_format":"label","default":"","description_enable":false,"description":"","placeholder_enable":false,"placeholder":"","display":"select","restrictions_type":"any_text","adjust_price":false,"price":"","price_type":"flat_fee","restrictions":false,"min":"0","max":"0","options":[{"label":"1x \u00c9tag\u00e8re 60\u00d752","price":"32","price_type":"quantity_based","image":0}],"id":1730675075},{"name":"Accessoires: Configuration de la porte:","type":"checkbox","position":1,"required":false,"title_format":"label","default":"","description_enable":true,"description":"Une porte est mont\u00e9e sur un jeu de charni\u00e8res et s'ouvre sur le c\u00f4t\u00e9.","placeholder_enable":false,"placeholder":"","display":"radiobutton","restrictions_type":"any_text","adjust_price":false,"price":"","price_type":"flat_fee","restrictions":false,"min":"0","max":"0","options":[{"label":"2x Charni\u00e8res pour Faktum fermeture douce + fermeture automatique + 2x Plaques de montage pour les charni\u00e8res","price":"27","price_type":"quantity_based","image":0},{"label":"1x porte 60x70 (596x694 mm)","price":"86","price_type":"quantity_based","image":0}],"id":1730675076},{"name":"Accessoires (pour une configuration de volets):","type":"checkbox","position":2,"required":false,"title_format":"label","default":"","description_enable":true,"description":"Un volet est mont\u00e9 sur un jeu de charni\u00e8res + un m\u00e9canisme de levage de s\u00e9jour et s\u2019ouvre vers le plafond","placeholder_enable":false,"placeholder":"","display":"select","restrictions_type":"any_text","adjust_price":false,"price":"","price_type":"flat_fee","restrictions":false,"min":"0","max":"0","options":[{"label":"2x charni\u00e8res + plaques de montage + 1x Syst\u00e8me \u00abStay-Lift\u00bb","price":"63","price_type":"quantity_based","image":0},{"label":"1x Porte Horizontale 60\u00d770 (596\u00d7694 mm)","price":"86","price_type":"quantity_based","image":0}],"id":1730675077}],"yoast_head":"<!-- This site is optimized with the Yoast SEO Premium plugin v27.4 (Yoast SEO v27.4) - https:\/\/yoast.com\/product\/yoast-seo-premium-wordpress\/ -->\n<title>Surmeuble pour r\u00e9frig\u00e9rateur 60x70 - Faktum online store<\/title>\n<meta name=\"robots\" content=\"index, follow, max-snippet:-1, max-image-preview:large, max-video-preview:-1\" \/>\n<link rel=\"canonical\" href=\"https:\/\/faktumonline.com\/fr\/produit\/surmeuble-pour-refrigerateur-60x57-copy\/\" \/>\n<meta property=\"og:locale\" content=\"fr_FR\" \/>\n<meta property=\"og:type\" content=\"article\" \/>\n<meta property=\"og:title\" content=\"Surmeuble pour r\u00e9frig\u00e9rateur 60x70\" \/>\n<meta property=\"og:description\" content=\"Il s\u2019agit d\u2019une carcasse sup\u00e9rieure de r\u00e9frig\u00e9rateur\/cong\u00e9lateur ventil\u00e9e pour une cuisine IKEA Faktum. L=60, H=70, P=58 cm. Profondeur int\u00e9rieure = 52 cm. L\u2019\u00e9vent est cach\u00e9 derri\u00e8re le dos. La carcasse et l\u2019\u00e9tag\u00e8re seront en \u00ab blanc uni \u00bb et la fa\u00e7ade (le cas \u00e9ch\u00e9ant) sera de la m\u00eame couleur que les autres portes dans le m\u00eame ordre (le cas \u00e9ch\u00e9ant). Vous pouvez personnaliser votre carcasse en ajoutant quelques extras ci-dessous:\" \/>\n<meta property=\"og:url\" content=\"https:\/\/faktumonline.com\/fr\/produit\/surmeuble-pour-refrigerateur-60x57-copy\/\" \/>\n<meta property=\"og:site_name\" content=\"Faktum online store\" \/>\n<meta property=\"article:modified_time\" content=\"2024-11-03T22:09:06+00:00\" \/>\n<meta property=\"og:image\" content=\"https:\/\/faktumonline.com\/wp-content\/uploads\/2024\/11\/Fridge-Top-60x57-1.png\" \/>\n\t<meta property=\"og:image:width\" content=\"1554\" \/>\n\t<meta property=\"og:image:height\" content=\"1042\" \/>\n\t<meta property=\"og:image:type\" content=\"image\/png\" \/>\n<meta name=\"twitter:card\" content=\"summary_large_image\" \/>\n<script type=\"application\/ld+json\" class=\"yoast-schema-graph\">{\"@context\":\"https:\\\/\\\/schema.org\",\"@graph\":[{\"@type\":\"WebPage\",\"@id\":\"https:\\\/\\\/faktumonline.com\\\/fr\\\/produit\\\/surmeuble-pour-refrigerateur-60x57-copy\\\/\",\"url\":\"https:\\\/\\\/faktumonline.com\\\/fr\\\/produit\\\/surmeuble-pour-refrigerateur-60x57-copy\\\/\",\"name\":\"Surmeuble pour r\u00e9frig\u00e9rateur 60x70 - Faktum online store\",\"isPartOf\":{\"@id\":\"https:\\\/\\\/faktumonline.com\\\/da\\\/#website\"},\"primaryImageOfPage\":{\"@id\":\"https:\\\/\\\/faktumonline.com\\\/fr\\\/produit\\\/surmeuble-pour-refrigerateur-60x57-copy\\\/#primaryimage\"},\"image\":{\"@id\":\"https:\\\/\\\/faktumonline.com\\\/fr\\\/produit\\\/surmeuble-pour-refrigerateur-60x57-copy\\\/#primaryimage\"},\"thumbnailUrl\":\"https:\\\/\\\/faktumonline.com\\\/wp-content\\\/uploads\\\/2024\\\/11\\\/Fridge-Top-60x57-1.png\",\"datePublished\":\"2024-11-03T21:55:10+00:00\",\"dateModified\":\"2024-11-03T22:09:06+00:00\",\"breadcrumb\":{\"@id\":\"https:\\\/\\\/faktumonline.com\\\/fr\\\/produit\\\/surmeuble-pour-refrigerateur-60x57-copy\\\/#breadcrumb\"},\"inLanguage\":\"fr-FR\",\"potentialAction\":[{\"@type\":\"ReadAction\",\"target\":[\"https:\\\/\\\/faktumonline.com\\\/fr\\\/produit\\\/surmeuble-pour-refrigerateur-60x57-copy\\\/\"]}]},{\"@type\":\"ImageObject\",\"inLanguage\":\"fr-FR\",\"@id\":\"https:\\\/\\\/faktumonline.com\\\/fr\\\/produit\\\/surmeuble-pour-refrigerateur-60x57-copy\\\/#primaryimage\",\"url\":\"https:\\\/\\\/faktumonline.com\\\/wp-content\\\/uploads\\\/2024\\\/11\\\/Fridge-Top-60x57-1.png\",\"contentUrl\":\"https:\\\/\\\/faktumonline.com\\\/wp-content\\\/uploads\\\/2024\\\/11\\\/Fridge-Top-60x57-1.png\",\"width\":1554,\"height\":1042},{\"@type\":\"BreadcrumbList\",\"@id\":\"https:\\\/\\\/faktumonline.com\\\/fr\\\/produit\\\/surmeuble-pour-refrigerateur-60x57-copy\\\/#breadcrumb\",\"itemListElement\":[{\"@type\":\"ListItem\",\"position\":1,\"name\":\"Hem\",\"item\":\"https:\\\/\\\/faktumonline.com\\\/fr\\\/\"},{\"@type\":\"ListItem\",\"position\":2,\"name\":\"Webshop\",\"item\":\"https:\\\/\\\/faktumonline.com\\\/fr\\\/webshop\\\/\"},{\"@type\":\"ListItem\",\"position\":3,\"name\":\"Surmeuble pour r\u00e9frig\u00e9rateur 60&#215;70\"}]},{\"@type\":\"WebSite\",\"@id\":\"https:\\\/\\\/faktumonline.com\\\/da\\\/#website\",\"url\":\"https:\\\/\\\/faktumonline.com\\\/da\\\/\",\"name\":\"Faktum Online Store\",\"description\":\"Premium doors for IKEA kitchens\",\"potentialAction\":[{\"@type\":\"SearchAction\",\"target\":{\"@type\":\"EntryPoint\",\"urlTemplate\":\"https:\\\/\\\/faktumonline.com\\\/da\\\/?s={search_term_string}\"},\"query-input\":{\"@type\":\"PropertyValueSpecification\",\"valueRequired\":true,\"valueName\":\"search_term_string\"}}],\"inLanguage\":\"fr-FR\"}]}<\/script>\n<!-- \/ Yoast SEO Premium plugin. -->","yoast_head_json":{"title":"Surmeuble pour r\u00e9frig\u00e9rateur 60x70 - Faktum online store","robots":{"index":"index","follow":"follow","max-snippet":"max-snippet:-1","max-image-preview":"max-image-preview:large","max-video-preview":"max-video-preview:-1"},"canonical":"https:\/\/faktumonline.com\/fr\/produit\/surmeuble-pour-refrigerateur-60x57-copy\/","og_locale":"fr_FR","og_type":"article","og_title":"Surmeuble pour r\u00e9frig\u00e9rateur 60x70","og_description":"Il s\u2019agit d\u2019une carcasse sup\u00e9rieure de r\u00e9frig\u00e9rateur\/cong\u00e9lateur ventil\u00e9e pour une cuisine IKEA Faktum. L=60, H=70, P=58 cm. Profondeur int\u00e9rieure = 52 cm. L\u2019\u00e9vent est cach\u00e9 derri\u00e8re le dos. La carcasse et l\u2019\u00e9tag\u00e8re seront en \u00ab blanc uni \u00bb et la fa\u00e7ade (le cas \u00e9ch\u00e9ant) sera de la m\u00eame couleur que les autres portes dans le m\u00eame ordre (le cas \u00e9ch\u00e9ant). Vous pouvez personnaliser votre carcasse en ajoutant quelques extras ci-dessous:","og_url":"https:\/\/faktumonline.com\/fr\/produit\/surmeuble-pour-refrigerateur-60x57-copy\/","og_site_name":"Faktum online store","article_modified_time":"2024-11-03T22:09:06+00:00","og_image":[{"width":1554,"height":1042,"url":"https:\/\/faktumonline.com\/wp-content\/uploads\/2024\/11\/Fridge-Top-60x57-1.png","type":"image\/png"}],"twitter_card":"summary_large_image","schema":{"@context":"https:\/\/schema.org","@graph":[{"@type":"WebPage","@id":"https:\/\/faktumonline.com\/fr\/produit\/surmeuble-pour-refrigerateur-60x57-copy\/","url":"https:\/\/faktumonline.com\/fr\/produit\/surmeuble-pour-refrigerateur-60x57-copy\/","name":"Surmeuble pour r\u00e9frig\u00e9rateur 60x70 - Faktum online store","isPartOf":{"@id":"https:\/\/faktumonline.com\/da\/#website"},"primaryImageOfPage":{"@id":"https:\/\/faktumonline.com\/fr\/produit\/surmeuble-pour-refrigerateur-60x57-copy\/#primaryimage"},"image":{"@id":"https:\/\/faktumonline.com\/fr\/produit\/surmeuble-pour-refrigerateur-60x57-copy\/#primaryimage"},"thumbnailUrl":"https:\/\/faktumonline.com\/wp-content\/uploads\/2024\/11\/Fridge-Top-60x57-1.png","datePublished":"2024-11-03T21:55:10+00:00","dateModified":"2024-11-03T22:09:06+00:00","breadcrumb":{"@id":"https:\/\/faktumonline.com\/fr\/produit\/surmeuble-pour-refrigerateur-60x57-copy\/#breadcrumb"},"inLanguage":"fr-FR","potentialAction":[{"@type":"ReadAction","target":["https:\/\/faktumonline.com\/fr\/produit\/surmeuble-pour-refrigerateur-60x57-copy\/"]}]},{"@type":"ImageObject","inLanguage":"fr-FR","@id":"https:\/\/faktumonline.com\/fr\/produit\/surmeuble-pour-refrigerateur-60x57-copy\/#primaryimage","url":"https:\/\/faktumonline.com\/wp-content\/uploads\/2024\/11\/Fridge-Top-60x57-1.png","contentUrl":"https:\/\/faktumonline.com\/wp-content\/uploads\/2024\/11\/Fridge-Top-60x57-1.png","width":1554,"height":1042},{"@type":"BreadcrumbList","@id":"https:\/\/faktumonline.com\/fr\/produit\/surmeuble-pour-refrigerateur-60x57-copy\/#breadcrumb","itemListElement":[{"@type":"ListItem","position":1,"name":"Hem","item":"https:\/\/faktumonline.com\/fr\/"},{"@type":"ListItem","position":2,"name":"Webshop","item":"https:\/\/faktumonline.com\/fr\/webshop\/"},{"@type":"ListItem","position":3,"name":"Surmeuble pour r\u00e9frig\u00e9rateur 60&#215;70"}]},{"@type":"WebSite","@id":"https:\/\/faktumonline.com\/da\/#website","url":"https:\/\/faktumonline.com\/da\/","name":"Faktum Online Store","description":"Premium doors for IKEA kitchens","potentialAction":[{"@type":"SearchAction","target":{"@type":"EntryPoint","urlTemplate":"https:\/\/faktumonline.com\/da\/?s={search_term_string}"},"query-input":{"@type":"PropertyValueSpecification","valueRequired":true,"valueName":"search_term_string"}}],"inLanguage":"fr-FR"}]}},"_links":{"self":[{"href":"https:\/\/faktumonline.com\/fr\/wp-json\/wp\/v2\/product\/127013","targetHints":{"allow":["GET"]}}],"collection":[{"href":"https:\/\/faktumonline.com\/fr\/wp-json\/wp\/v2\/product"}],"about":[{"href":"https:\/\/faktumonline.com\/fr\/wp-json\/wp\/v2\/types\/product"}],"version-history":[{"count":2,"href":"https:\/\/faktumonline.com\/fr\/wp-json\/wp\/v2\/product\/127013\/revisions"}],"predecessor-version":[{"id":127028,"href":"https:\/\/faktumonline.com\/fr\/wp-json\/wp\/v2\/product\/127013\/revisions\/127028"}],"wp:featuredmedia":[{"embeddable":true,"href":"https:\/\/faktumonline.com\/fr\/wp-json\/wp\/v2\/media\/127022"}],"wp:attachment":[{"href":"https:\/\/faktumonline.com\/fr\/wp-json\/wp\/v2\/media?parent=127013"}],"wp:term":[{"taxonomy":"product_brand","embeddable":true,"href":"https:\/\/faktumonline.com\/fr\/wp-json\/wp\/v2\/product_brand?post=127013"},{"taxonomy":"product_cat","embeddable":true,"href":"https:\/\/faktumonline.com\/fr\/wp-json\/wp\/v2\/product_cat?post=127013"},{"taxonomy":"product_tag","embeddable":true,"href":"https:\/\/faktumonline.com\/fr\/wp-json\/wp\/v2\/product_tag?post=127013"}],"curies":[{"name":"wp","href":"https:\/\/api.w.org\/{rel}","templated":true}]}}