{"id":124636,"date":"2024-09-29T10:46:59","date_gmt":"2024-09-29T09:46:59","guid":{"rendered":"https:\/\/faktumonline.com\/product\/bandeaux-de-decors-sur-mesure\/"},"modified":"2024-09-29T10:46:59","modified_gmt":"2024-09-29T09:46:59","slug":"bandeaux-de-decors-sur-mesure","status":"publish","type":"product","link":"https:\/\/faktumonline.com\/fr\/produit\/bandeaux-de-decors-sur-mesure\/","title":{"rendered":"Bandeaux de d\u00e9cors sur mesure"},"content":{"rendered":"","protected":false},"excerpt":{"rendered":"<p><strong>Bandeaux de d\u00e9cors sur mesure.<\/strong> Hauteur 60 mm. Le bandeau de d\u00e9cor est install\u00e9 sous les meubles hauts afin de cacher les sources d\u2019\u00e9clairage du plan de travail. Ils sont fabriqu\u00e9s dans la m\u00eame qualit\u00e9 premium et la m\u00eame couleur que les nouvelles fa\u00e7ades de votre commande.<br \/>\nIls seront r\u00e9alis\u00e9s dans un mod\u00e8le \u00e0 surface lisse -sans structure avec les c\u00f4t\u00e9s arrondis d\u2019un rayon de 1 mm (notre mod\u00e8le W28) peu importe le mod\u00e8le choisi dans votre commande. Le dos du panneau sera toujours de couleur blanche standard. L\u2019\u00e9paisseur standard est de 18 mm et la hauteur de 60mm.<\/p>\n<p>Contrairement \u00e0 Ikea qui n\u2019avait que des bandeaux de taille unique, nous offrons des bandeaux de d\u00e9cor au millim\u00e8tre. Cela vous \u00e9vitera d\u2019avoir \u00e0 recouper sur place avec des chants apparent non recouvert de couleur. Comme nous livrons un produit pr\u00eat \u00e0 l&#8217;emploi, votre cuisine r\u00e9nov\u00e9e aura un aspect tr\u00e8s professionnel.<\/p>\n<p><strong>Longueur:<\/strong> 346 \u2013 1900 mm<br \/>\n<strong>Hauteur:<\/strong> 60 mm<br \/>\n<strong>\u00c9paisseur:<\/strong> 18 mm<\/p>\n<p><strong>Astuce:<\/strong> Si vous avez opt\u00e9 pour des bandeaux LED modernes, vous pouvez choisir d\u2019installer un panneau de 12 mm d&rsquo;\u00e9paisseur sous vos meubles muraux. Dans ce cas, veuillez passer votre commande dans le configurateur de \u00ab panneaux lat\u00e9raux \u00bb.<\/p>\n<p>&nbsp;<\/p>\n","protected":false},"featured_media":125283,"template":"","meta":[],"product_brand":[],"product_cat":[708],"product_tag":[],"class_list":{"0":"post-124636","1":"product","2":"type-product","3":"status-publish","4":"has-post-thumbnail","6":"product_cat-config-fr","7":"sales-flash-overlay","8":"woocommerce-text-align-center","9":"woocommerce-image-align-center","11":"first","12":"instock","13":"taxable","14":"shipping-taxable","15":"purchasable","16":"product-type-simple"},"exclude_global_add_ons":[],"addons":[],"yoast_head":"<!-- This site is optimized with the Yoast SEO Premium plugin v27.5 (Yoast SEO v27.5) - https:\/\/yoast.com\/product\/yoast-seo-premium-wordpress\/ -->\n<title>Bandeaux de d\u00e9cors sur mesure - Faktum online store<\/title>\n<meta name=\"robots\" content=\"index, follow, max-snippet:-1, max-image-preview:large, max-video-preview:-1\" \/>\n<link rel=\"canonical\" href=\"https:\/\/faktumonline.com\/fr\/produit\/bandeaux-de-decors-sur-mesure\/\" \/>\n<meta property=\"og:locale\" content=\"fr_FR\" \/>\n<meta property=\"og:type\" content=\"article\" \/>\n<meta property=\"og:title\" content=\"Bandeaux de d\u00e9cors sur mesure\" \/>\n<meta property=\"og:description\" content=\"Bandeaux de d\u00e9cors sur mesure. Hauteur 60 mm. Le bandeau de d\u00e9cor est install\u00e9 sous les meubles hauts afin de cacher les sources d\u2019\u00e9clairage du plan de travail. Ils sont fabriqu\u00e9s dans la m\u00eame qualit\u00e9 premium et la m\u00eame couleur que les nouvelles fa\u00e7ades de votre commande. Ils seront r\u00e9alis\u00e9s dans un mod\u00e8le \u00e0 surface lisse -sans structure avec les c\u00f4t\u00e9s arrondis d\u2019un rayon de 1 mm (notre mod\u00e8le W28) peu importe le mod\u00e8le choisi dans votre commande. Le dos du panneau sera toujours de couleur blanche standard. L\u2019\u00e9paisseur standard est de 18 mm et la hauteur de 60mm.  Contrairement \u00e0 Ikea qui n\u2019avait que des bandeaux de taille unique, nous offrons des bandeaux de d\u00e9cor au millim\u00e8tre. Cela vous \u00e9vitera d\u2019avoir \u00e0 recouper sur place avec des chants apparent non recouvert de couleur. Comme nous livrons un produit pr\u00eat \u00e0 l&#039;emploi, votre cuisine r\u00e9nov\u00e9e aura un aspect tr\u00e8s professionnel.  Longueur: 346 \u2013 1900 mm Hauteur: 60 mm \u00c9paisseur: 18 mm  Astuce: Si vous avez opt\u00e9 pour des bandeaux LED modernes, vous pouvez choisir d\u2019installer un panneau de 12 mm d&#039;\u00e9paisseur sous vos meubles muraux. Dans ce cas, veuillez passer votre commande dans le configurateur de \u00ab panneaux lat\u00e9raux \u00bb.  &nbsp;\" \/>\n<meta property=\"og:url\" content=\"https:\/\/faktumonline.com\/fr\/produit\/bandeaux-de-decors-sur-mesure\/\" \/>\n<meta property=\"og:site_name\" content=\"Faktum online store\" \/>\n<meta property=\"og:image\" content=\"https:\/\/faktumonline.com\/wp-content\/uploads\/2024\/10\/Pelmet.jpg\" \/>\n\t<meta property=\"og:image:width\" content=\"403\" \/>\n\t<meta property=\"og:image:height\" content=\"653\" \/>\n\t<meta property=\"og:image:type\" content=\"image\/jpeg\" \/>\n<meta name=\"twitter:card\" content=\"summary_large_image\" \/>\n<script type=\"application\/ld+json\" class=\"yoast-schema-graph\">{\"@context\":\"https:\\\/\\\/schema.org\",\"@graph\":[{\"@type\":\"WebPage\",\"@id\":\"https:\\\/\\\/faktumonline.com\\\/fr\\\/produit\\\/bandeaux-de-decors-sur-mesure\\\/\",\"url\":\"https:\\\/\\\/faktumonline.com\\\/fr\\\/produit\\\/bandeaux-de-decors-sur-mesure\\\/\",\"name\":\"Bandeaux de d\u00e9cors sur mesure - Faktum online store\",\"isPartOf\":{\"@id\":\"https:\\\/\\\/faktumonline.com\\\/da\\\/#website\"},\"primaryImageOfPage\":{\"@id\":\"https:\\\/\\\/faktumonline.com\\\/fr\\\/produit\\\/bandeaux-de-decors-sur-mesure\\\/#primaryimage\"},\"image\":{\"@id\":\"https:\\\/\\\/faktumonline.com\\\/fr\\\/produit\\\/bandeaux-de-decors-sur-mesure\\\/#primaryimage\"},\"thumbnailUrl\":\"https:\\\/\\\/faktumonline.com\\\/wp-content\\\/uploads\\\/2024\\\/10\\\/Pelmet.jpg\",\"datePublished\":\"2024-09-29T09:46:59+00:00\",\"breadcrumb\":{\"@id\":\"https:\\\/\\\/faktumonline.com\\\/fr\\\/produit\\\/bandeaux-de-decors-sur-mesure\\\/#breadcrumb\"},\"inLanguage\":\"fr-FR\",\"potentialAction\":[{\"@type\":\"ReadAction\",\"target\":[\"https:\\\/\\\/faktumonline.com\\\/fr\\\/produit\\\/bandeaux-de-decors-sur-mesure\\\/\"]}]},{\"@type\":\"ImageObject\",\"inLanguage\":\"fr-FR\",\"@id\":\"https:\\\/\\\/faktumonline.com\\\/fr\\\/produit\\\/bandeaux-de-decors-sur-mesure\\\/#primaryimage\",\"url\":\"https:\\\/\\\/faktumonline.com\\\/wp-content\\\/uploads\\\/2024\\\/10\\\/Pelmet.jpg\",\"contentUrl\":\"https:\\\/\\\/faktumonline.com\\\/wp-content\\\/uploads\\\/2024\\\/10\\\/Pelmet.jpg\",\"width\":403,\"height\":653,\"caption\":\"Bandeau dans une cuisine IKEA Faktum\"},{\"@type\":\"BreadcrumbList\",\"@id\":\"https:\\\/\\\/faktumonline.com\\\/fr\\\/produit\\\/bandeaux-de-decors-sur-mesure\\\/#breadcrumb\",\"itemListElement\":[{\"@type\":\"ListItem\",\"position\":1,\"name\":\"Hem\",\"item\":\"https:\\\/\\\/faktumonline.com\\\/fr\\\/\"},{\"@type\":\"ListItem\",\"position\":2,\"name\":\"Webshop\",\"item\":\"https:\\\/\\\/faktumonline.com\\\/fr\\\/webshop\\\/\"},{\"@type\":\"ListItem\",\"position\":3,\"name\":\"Bandeaux de d\u00e9cors sur mesure\"}]},{\"@type\":\"WebSite\",\"@id\":\"https:\\\/\\\/faktumonline.com\\\/da\\\/#website\",\"url\":\"https:\\\/\\\/faktumonline.com\\\/da\\\/\",\"name\":\"Faktum Online Store\",\"description\":\"Premium doors for IKEA kitchens\",\"potentialAction\":[{\"@type\":\"SearchAction\",\"target\":{\"@type\":\"EntryPoint\",\"urlTemplate\":\"https:\\\/\\\/faktumonline.com\\\/da\\\/?s={search_term_string}\"},\"query-input\":{\"@type\":\"PropertyValueSpecification\",\"valueRequired\":true,\"valueName\":\"search_term_string\"}}],\"inLanguage\":\"fr-FR\"}]}<\/script>\n<!-- \/ Yoast SEO Premium plugin. -->","yoast_head_json":{"title":"Bandeaux de d\u00e9cors sur mesure - Faktum online store","robots":{"index":"index","follow":"follow","max-snippet":"max-snippet:-1","max-image-preview":"max-image-preview:large","max-video-preview":"max-video-preview:-1"},"canonical":"https:\/\/faktumonline.com\/fr\/produit\/bandeaux-de-decors-sur-mesure\/","og_locale":"fr_FR","og_type":"article","og_title":"Bandeaux de d\u00e9cors sur mesure","og_description":"Bandeaux de d\u00e9cors sur mesure. Hauteur 60 mm. Le bandeau de d\u00e9cor est install\u00e9 sous les meubles hauts afin de cacher les sources d\u2019\u00e9clairage du plan de travail. Ils sont fabriqu\u00e9s dans la m\u00eame qualit\u00e9 premium et la m\u00eame couleur que les nouvelles fa\u00e7ades de votre commande. Ils seront r\u00e9alis\u00e9s dans un mod\u00e8le \u00e0 surface lisse -sans structure avec les c\u00f4t\u00e9s arrondis d\u2019un rayon de 1 mm (notre mod\u00e8le W28) peu importe le mod\u00e8le choisi dans votre commande. Le dos du panneau sera toujours de couleur blanche standard. L\u2019\u00e9paisseur standard est de 18 mm et la hauteur de 60mm.  Contrairement \u00e0 Ikea qui n\u2019avait que des bandeaux de taille unique, nous offrons des bandeaux de d\u00e9cor au millim\u00e8tre. Cela vous \u00e9vitera d\u2019avoir \u00e0 recouper sur place avec des chants apparent non recouvert de couleur. Comme nous livrons un produit pr\u00eat \u00e0 l'emploi, votre cuisine r\u00e9nov\u00e9e aura un aspect tr\u00e8s professionnel.  Longueur: 346 \u2013 1900 mm Hauteur: 60 mm \u00c9paisseur: 18 mm  Astuce: Si vous avez opt\u00e9 pour des bandeaux LED modernes, vous pouvez choisir d\u2019installer un panneau de 12 mm d'\u00e9paisseur sous vos meubles muraux. Dans ce cas, veuillez passer votre commande dans le configurateur de \u00ab panneaux lat\u00e9raux \u00bb.  &nbsp;","og_url":"https:\/\/faktumonline.com\/fr\/produit\/bandeaux-de-decors-sur-mesure\/","og_site_name":"Faktum online store","og_image":[{"width":403,"height":653,"url":"https:\/\/faktumonline.com\/wp-content\/uploads\/2024\/10\/Pelmet.jpg","type":"image\/jpeg"}],"twitter_card":"summary_large_image","schema":{"@context":"https:\/\/schema.org","@graph":[{"@type":"WebPage","@id":"https:\/\/faktumonline.com\/fr\/produit\/bandeaux-de-decors-sur-mesure\/","url":"https:\/\/faktumonline.com\/fr\/produit\/bandeaux-de-decors-sur-mesure\/","name":"Bandeaux de d\u00e9cors sur mesure - Faktum online store","isPartOf":{"@id":"https:\/\/faktumonline.com\/da\/#website"},"primaryImageOfPage":{"@id":"https:\/\/faktumonline.com\/fr\/produit\/bandeaux-de-decors-sur-mesure\/#primaryimage"},"image":{"@id":"https:\/\/faktumonline.com\/fr\/produit\/bandeaux-de-decors-sur-mesure\/#primaryimage"},"thumbnailUrl":"https:\/\/faktumonline.com\/wp-content\/uploads\/2024\/10\/Pelmet.jpg","datePublished":"2024-09-29T09:46:59+00:00","breadcrumb":{"@id":"https:\/\/faktumonline.com\/fr\/produit\/bandeaux-de-decors-sur-mesure\/#breadcrumb"},"inLanguage":"fr-FR","potentialAction":[{"@type":"ReadAction","target":["https:\/\/faktumonline.com\/fr\/produit\/bandeaux-de-decors-sur-mesure\/"]}]},{"@type":"ImageObject","inLanguage":"fr-FR","@id":"https:\/\/faktumonline.com\/fr\/produit\/bandeaux-de-decors-sur-mesure\/#primaryimage","url":"https:\/\/faktumonline.com\/wp-content\/uploads\/2024\/10\/Pelmet.jpg","contentUrl":"https:\/\/faktumonline.com\/wp-content\/uploads\/2024\/10\/Pelmet.jpg","width":403,"height":653,"caption":"Bandeau dans une cuisine IKEA Faktum"},{"@type":"BreadcrumbList","@id":"https:\/\/faktumonline.com\/fr\/produit\/bandeaux-de-decors-sur-mesure\/#breadcrumb","itemListElement":[{"@type":"ListItem","position":1,"name":"Hem","item":"https:\/\/faktumonline.com\/fr\/"},{"@type":"ListItem","position":2,"name":"Webshop","item":"https:\/\/faktumonline.com\/fr\/webshop\/"},{"@type":"ListItem","position":3,"name":"Bandeaux de d\u00e9cors sur mesure"}]},{"@type":"WebSite","@id":"https:\/\/faktumonline.com\/da\/#website","url":"https:\/\/faktumonline.com\/da\/","name":"Faktum Online Store","description":"Premium doors for IKEA kitchens","potentialAction":[{"@type":"SearchAction","target":{"@type":"EntryPoint","urlTemplate":"https:\/\/faktumonline.com\/da\/?s={search_term_string}"},"query-input":{"@type":"PropertyValueSpecification","valueRequired":true,"valueName":"search_term_string"}}],"inLanguage":"fr-FR"}]}},"_links":{"self":[{"href":"https:\/\/faktumonline.com\/fr\/wp-json\/wp\/v2\/product\/124636","targetHints":{"allow":["GET"]}}],"collection":[{"href":"https:\/\/faktumonline.com\/fr\/wp-json\/wp\/v2\/product"}],"about":[{"href":"https:\/\/faktumonline.com\/fr\/wp-json\/wp\/v2\/types\/product"}],"version-history":[{"count":0,"href":"https:\/\/faktumonline.com\/fr\/wp-json\/wp\/v2\/product\/124636\/revisions"}],"wp:featuredmedia":[{"embeddable":true,"href":"https:\/\/faktumonline.com\/fr\/wp-json\/wp\/v2\/media\/125283"}],"wp:attachment":[{"href":"https:\/\/faktumonline.com\/fr\/wp-json\/wp\/v2\/media?parent=124636"}],"wp:term":[{"taxonomy":"product_brand","embeddable":true,"href":"https:\/\/faktumonline.com\/fr\/wp-json\/wp\/v2\/product_brand?post=124636"},{"taxonomy":"product_cat","embeddable":true,"href":"https:\/\/faktumonline.com\/fr\/wp-json\/wp\/v2\/product_cat?post=124636"},{"taxonomy":"product_tag","embeddable":true,"href":"https:\/\/faktumonline.com\/fr\/wp-json\/wp\/v2\/product_tag?post=124636"}],"curies":[{"name":"wp","href":"https:\/\/api.w.org\/{rel}","templated":true}]}}