{"id":124624,"date":"2024-09-28T11:48:41","date_gmt":"2024-09-28T10:48:41","guid":{"rendered":"https:\/\/faktumonline.com\/product\/plinthes-sur-mesure-2\/"},"modified":"2024-10-07T16:26:28","modified_gmt":"2024-10-07T15:26:28","slug":"plinthes-sur-mesure-2","status":"publish","type":"product","link":"https:\/\/faktumonline.com\/fr\/produit\/plinthes-sur-mesure-2\/","title":{"rendered":"Plinthes sur mesure"},"content":{"rendered":"","protected":false},"excerpt":{"rendered":"<p><strong>Plinthes sur mesure<\/strong> (au millim\u00e8tre). La plinthe est un \u00e9l\u00e9ment de finition servant \u00e0 cacher les pieds des meubles du bas. Elles sont fabriqu\u00e9es dans la m\u00eame qualit\u00e9 premium et la m\u00eame couleur que les nouvelles fa\u00e7ades de votre commande. Elles seront r\u00e9alis\u00e9es dans un mod\u00e8le \u00e0 surface lisse -sans structure avec les c\u00f4t\u00e9s arrondis d\u2019un rayon de 1 mm (notre mod\u00e8le W28) peu importe le mod\u00e8le choisi dans votre commande. Le dos des plinthes sera toujours de couleur blanche standard. L\u2019\u00e9paisseur est de 18 mm.<\/p>\n<p>Contrairement \u00e0 Ikea qui n\u2019avait que des plinthes de longueur et de hauteur unique, nous offrons des plinthes au millim\u00e8tre. Cela vous \u00e9vitera d\u2019avoir \u00e0 recouper sur place avec des chants apparent non recouvert de couleur. Comme nous livrons un produit pr\u00eat \u00e0 l&#8217;emploi, votre cuisine r\u00e9nov\u00e9e aura un aspect tr\u00e8s professionnel.<\/p>\n<p><strong>Longueurs<\/strong> min\/max : 100 \u2013 2300 mm<br \/>\n<strong>Hauteurs<\/strong> min\/max : 130 \u2013 200 mm<br \/>\n<strong>\u00c9paisseur:<\/strong> 18 mm<\/p>\n<p>&nbsp;<\/p>\n","protected":false},"featured_media":125290,"template":"","meta":[],"product_brand":[],"product_cat":[708],"product_tag":[],"class_list":{"0":"post-124624","1":"product","2":"type-product","3":"status-publish","4":"has-post-thumbnail","6":"product_cat-config-fr","7":"sales-flash-overlay","8":"woocommerce-text-align-center","9":"woocommerce-image-align-center","11":"first","12":"instock","13":"taxable","14":"shipping-taxable","15":"purchasable","16":"product-type-simple"},"exclude_global_add_ons":[],"addons":[],"yoast_head":"<!-- This site is optimized with the Yoast SEO Premium plugin v27.5 (Yoast SEO v27.5) - https:\/\/yoast.com\/product\/yoast-seo-premium-wordpress\/ -->\n<title>Plinthes sur mesure - Faktum online store<\/title>\n<meta name=\"robots\" content=\"index, follow, max-snippet:-1, max-image-preview:large, max-video-preview:-1\" \/>\n<link rel=\"canonical\" href=\"https:\/\/faktumonline.com\/fr\/produit\/plinthes-sur-mesure-2\/\" \/>\n<meta property=\"og:locale\" content=\"fr_FR\" \/>\n<meta property=\"og:type\" content=\"article\" \/>\n<meta property=\"og:title\" content=\"Plinthes sur mesure\" \/>\n<meta property=\"og:description\" content=\"Plinthes sur mesure (au millim\u00e8tre). La plinthe est un \u00e9l\u00e9ment de finition servant \u00e0 cacher les pieds des meubles du bas. Elles sont fabriqu\u00e9es dans la m\u00eame qualit\u00e9 premium et la m\u00eame couleur que les nouvelles fa\u00e7ades de votre commande. Elles seront r\u00e9alis\u00e9es dans un mod\u00e8le \u00e0 surface lisse -sans structure avec les c\u00f4t\u00e9s arrondis d\u2019un rayon de 1 mm (notre mod\u00e8le W28) peu importe le mod\u00e8le choisi dans votre commande. Le dos des plinthes sera toujours de couleur blanche standard. L\u2019\u00e9paisseur est de 18 mm.  Contrairement \u00e0 Ikea qui n\u2019avait que des plinthes de longueur et de hauteur unique, nous offrons des plinthes au millim\u00e8tre. Cela vous \u00e9vitera d\u2019avoir \u00e0 recouper sur place avec des chants apparent non recouvert de couleur. Comme nous livrons un produit pr\u00eat \u00e0 l&#039;emploi, votre cuisine r\u00e9nov\u00e9e aura un aspect tr\u00e8s professionnel.  Longueurs min\/max : 100 \u2013 2300 mm Hauteurs min\/max : 130 \u2013 200 mm \u00c9paisseur: 18 mm  &nbsp;\" \/>\n<meta property=\"og:url\" content=\"https:\/\/faktumonline.com\/fr\/produit\/plinthes-sur-mesure-2\/\" \/>\n<meta property=\"og:site_name\" content=\"Faktum online store\" \/>\n<meta property=\"article:modified_time\" content=\"2024-10-07T15:26:28+00:00\" \/>\n<meta property=\"og:image\" content=\"https:\/\/faktumonline.com\/wp-content\/uploads\/2024\/10\/Plinth-1.jpg\" \/>\n\t<meta property=\"og:image:width\" content=\"404\" \/>\n\t<meta property=\"og:image:height\" content=\"654\" \/>\n\t<meta property=\"og:image:type\" content=\"image\/jpeg\" \/>\n<meta name=\"twitter:card\" content=\"summary_large_image\" \/>\n<script type=\"application\/ld+json\" class=\"yoast-schema-graph\">{\"@context\":\"https:\\\/\\\/schema.org\",\"@graph\":[{\"@type\":\"WebPage\",\"@id\":\"https:\\\/\\\/faktumonline.com\\\/fr\\\/produit\\\/plinthes-sur-mesure-2\\\/\",\"url\":\"https:\\\/\\\/faktumonline.com\\\/fr\\\/produit\\\/plinthes-sur-mesure-2\\\/\",\"name\":\"Plinthes sur mesure - Faktum online store\",\"isPartOf\":{\"@id\":\"https:\\\/\\\/faktumonline.com\\\/da\\\/#website\"},\"primaryImageOfPage\":{\"@id\":\"https:\\\/\\\/faktumonline.com\\\/fr\\\/produit\\\/plinthes-sur-mesure-2\\\/#primaryimage\"},\"image\":{\"@id\":\"https:\\\/\\\/faktumonline.com\\\/fr\\\/produit\\\/plinthes-sur-mesure-2\\\/#primaryimage\"},\"thumbnailUrl\":\"https:\\\/\\\/faktumonline.com\\\/wp-content\\\/uploads\\\/2024\\\/10\\\/Plinth-1.jpg\",\"datePublished\":\"2024-09-28T10:48:41+00:00\",\"dateModified\":\"2024-10-07T15:26:28+00:00\",\"breadcrumb\":{\"@id\":\"https:\\\/\\\/faktumonline.com\\\/fr\\\/produit\\\/plinthes-sur-mesure-2\\\/#breadcrumb\"},\"inLanguage\":\"fr-FR\",\"potentialAction\":[{\"@type\":\"ReadAction\",\"target\":[\"https:\\\/\\\/faktumonline.com\\\/fr\\\/produit\\\/plinthes-sur-mesure-2\\\/\"]}]},{\"@type\":\"ImageObject\",\"inLanguage\":\"fr-FR\",\"@id\":\"https:\\\/\\\/faktumonline.com\\\/fr\\\/produit\\\/plinthes-sur-mesure-2\\\/#primaryimage\",\"url\":\"https:\\\/\\\/faktumonline.com\\\/wp-content\\\/uploads\\\/2024\\\/10\\\/Plinth-1.jpg\",\"contentUrl\":\"https:\\\/\\\/faktumonline.com\\\/wp-content\\\/uploads\\\/2024\\\/10\\\/Plinth-1.jpg\",\"width\":404,\"height\":654,\"caption\":\"Plinthe pour une cuisine IKEA Faktum\"},{\"@type\":\"BreadcrumbList\",\"@id\":\"https:\\\/\\\/faktumonline.com\\\/fr\\\/produit\\\/plinthes-sur-mesure-2\\\/#breadcrumb\",\"itemListElement\":[{\"@type\":\"ListItem\",\"position\":1,\"name\":\"Hem\",\"item\":\"https:\\\/\\\/faktumonline.com\\\/fr\\\/\"},{\"@type\":\"ListItem\",\"position\":2,\"name\":\"Webshop\",\"item\":\"https:\\\/\\\/faktumonline.com\\\/fr\\\/webshop\\\/\"},{\"@type\":\"ListItem\",\"position\":3,\"name\":\"Plinthes sur mesure\"}]},{\"@type\":\"WebSite\",\"@id\":\"https:\\\/\\\/faktumonline.com\\\/da\\\/#website\",\"url\":\"https:\\\/\\\/faktumonline.com\\\/da\\\/\",\"name\":\"Faktum Online Store\",\"description\":\"Premium doors for IKEA kitchens\",\"potentialAction\":[{\"@type\":\"SearchAction\",\"target\":{\"@type\":\"EntryPoint\",\"urlTemplate\":\"https:\\\/\\\/faktumonline.com\\\/da\\\/?s={search_term_string}\"},\"query-input\":{\"@type\":\"PropertyValueSpecification\",\"valueRequired\":true,\"valueName\":\"search_term_string\"}}],\"inLanguage\":\"fr-FR\"}]}<\/script>\n<!-- \/ Yoast SEO Premium plugin. -->","yoast_head_json":{"title":"Plinthes sur mesure - Faktum online store","robots":{"index":"index","follow":"follow","max-snippet":"max-snippet:-1","max-image-preview":"max-image-preview:large","max-video-preview":"max-video-preview:-1"},"canonical":"https:\/\/faktumonline.com\/fr\/produit\/plinthes-sur-mesure-2\/","og_locale":"fr_FR","og_type":"article","og_title":"Plinthes sur mesure","og_description":"Plinthes sur mesure (au millim\u00e8tre). La plinthe est un \u00e9l\u00e9ment de finition servant \u00e0 cacher les pieds des meubles du bas. Elles sont fabriqu\u00e9es dans la m\u00eame qualit\u00e9 premium et la m\u00eame couleur que les nouvelles fa\u00e7ades de votre commande. Elles seront r\u00e9alis\u00e9es dans un mod\u00e8le \u00e0 surface lisse -sans structure avec les c\u00f4t\u00e9s arrondis d\u2019un rayon de 1 mm (notre mod\u00e8le W28) peu importe le mod\u00e8le choisi dans votre commande. Le dos des plinthes sera toujours de couleur blanche standard. L\u2019\u00e9paisseur est de 18 mm.  Contrairement \u00e0 Ikea qui n\u2019avait que des plinthes de longueur et de hauteur unique, nous offrons des plinthes au millim\u00e8tre. Cela vous \u00e9vitera d\u2019avoir \u00e0 recouper sur place avec des chants apparent non recouvert de couleur. Comme nous livrons un produit pr\u00eat \u00e0 l'emploi, votre cuisine r\u00e9nov\u00e9e aura un aspect tr\u00e8s professionnel.  Longueurs min\/max : 100 \u2013 2300 mm Hauteurs min\/max : 130 \u2013 200 mm \u00c9paisseur: 18 mm  &nbsp;","og_url":"https:\/\/faktumonline.com\/fr\/produit\/plinthes-sur-mesure-2\/","og_site_name":"Faktum online store","article_modified_time":"2024-10-07T15:26:28+00:00","og_image":[{"width":404,"height":654,"url":"https:\/\/faktumonline.com\/wp-content\/uploads\/2024\/10\/Plinth-1.jpg","type":"image\/jpeg"}],"twitter_card":"summary_large_image","schema":{"@context":"https:\/\/schema.org","@graph":[{"@type":"WebPage","@id":"https:\/\/faktumonline.com\/fr\/produit\/plinthes-sur-mesure-2\/","url":"https:\/\/faktumonline.com\/fr\/produit\/plinthes-sur-mesure-2\/","name":"Plinthes sur mesure - Faktum online store","isPartOf":{"@id":"https:\/\/faktumonline.com\/da\/#website"},"primaryImageOfPage":{"@id":"https:\/\/faktumonline.com\/fr\/produit\/plinthes-sur-mesure-2\/#primaryimage"},"image":{"@id":"https:\/\/faktumonline.com\/fr\/produit\/plinthes-sur-mesure-2\/#primaryimage"},"thumbnailUrl":"https:\/\/faktumonline.com\/wp-content\/uploads\/2024\/10\/Plinth-1.jpg","datePublished":"2024-09-28T10:48:41+00:00","dateModified":"2024-10-07T15:26:28+00:00","breadcrumb":{"@id":"https:\/\/faktumonline.com\/fr\/produit\/plinthes-sur-mesure-2\/#breadcrumb"},"inLanguage":"fr-FR","potentialAction":[{"@type":"ReadAction","target":["https:\/\/faktumonline.com\/fr\/produit\/plinthes-sur-mesure-2\/"]}]},{"@type":"ImageObject","inLanguage":"fr-FR","@id":"https:\/\/faktumonline.com\/fr\/produit\/plinthes-sur-mesure-2\/#primaryimage","url":"https:\/\/faktumonline.com\/wp-content\/uploads\/2024\/10\/Plinth-1.jpg","contentUrl":"https:\/\/faktumonline.com\/wp-content\/uploads\/2024\/10\/Plinth-1.jpg","width":404,"height":654,"caption":"Plinthe pour une cuisine IKEA Faktum"},{"@type":"BreadcrumbList","@id":"https:\/\/faktumonline.com\/fr\/produit\/plinthes-sur-mesure-2\/#breadcrumb","itemListElement":[{"@type":"ListItem","position":1,"name":"Hem","item":"https:\/\/faktumonline.com\/fr\/"},{"@type":"ListItem","position":2,"name":"Webshop","item":"https:\/\/faktumonline.com\/fr\/webshop\/"},{"@type":"ListItem","position":3,"name":"Plinthes sur mesure"}]},{"@type":"WebSite","@id":"https:\/\/faktumonline.com\/da\/#website","url":"https:\/\/faktumonline.com\/da\/","name":"Faktum Online Store","description":"Premium doors for IKEA kitchens","potentialAction":[{"@type":"SearchAction","target":{"@type":"EntryPoint","urlTemplate":"https:\/\/faktumonline.com\/da\/?s={search_term_string}"},"query-input":{"@type":"PropertyValueSpecification","valueRequired":true,"valueName":"search_term_string"}}],"inLanguage":"fr-FR"}]}},"_links":{"self":[{"href":"https:\/\/faktumonline.com\/fr\/wp-json\/wp\/v2\/product\/124624","targetHints":{"allow":["GET"]}}],"collection":[{"href":"https:\/\/faktumonline.com\/fr\/wp-json\/wp\/v2\/product"}],"about":[{"href":"https:\/\/faktumonline.com\/fr\/wp-json\/wp\/v2\/types\/product"}],"version-history":[{"count":1,"href":"https:\/\/faktumonline.com\/fr\/wp-json\/wp\/v2\/product\/124624\/revisions"}],"predecessor-version":[{"id":125416,"href":"https:\/\/faktumonline.com\/fr\/wp-json\/wp\/v2\/product\/124624\/revisions\/125416"}],"wp:featuredmedia":[{"embeddable":true,"href":"https:\/\/faktumonline.com\/fr\/wp-json\/wp\/v2\/media\/125290"}],"wp:attachment":[{"href":"https:\/\/faktumonline.com\/fr\/wp-json\/wp\/v2\/media?parent=124624"}],"wp:term":[{"taxonomy":"product_brand","embeddable":true,"href":"https:\/\/faktumonline.com\/fr\/wp-json\/wp\/v2\/product_brand?post=124624"},{"taxonomy":"product_cat","embeddable":true,"href":"https:\/\/faktumonline.com\/fr\/wp-json\/wp\/v2\/product_cat?post=124624"},{"taxonomy":"product_tag","embeddable":true,"href":"https:\/\/faktumonline.com\/fr\/wp-json\/wp\/v2\/product_tag?post=124624"}],"curies":[{"name":"wp","href":"https:\/\/api.w.org\/{rel}","templated":true}]}}