{"id":124619,"date":"2024-09-28T18:00:54","date_gmt":"2024-09-28T17:00:54","guid":{"rendered":"https:\/\/faktumonline.com\/product\/panneaux-lateraux-sur-mesure-3\/"},"modified":"2024-09-28T18:00:54","modified_gmt":"2024-09-28T17:00:54","slug":"panneaux-lateraux-sur-mesure-3","status":"publish","type":"product","link":"https:\/\/faktumonline.com\/fr\/produit\/panneaux-lateraux-sur-mesure-3\/","title":{"rendered":"Panneaux lat\u00e9raux sur mesure"},"content":{"rendered":"","protected":false},"excerpt":{"rendered":"<p>Panneaux lat\u00e9raux sur mesure (au millim\u00e8tre):\u00a0Les panneaux lat\u00e9raux recouvrent les c\u00f4t\u00e9s des caissons et apportent une finition plus \u00e9l\u00e9gante \u00e0 votre cuisine. Ils sont fabriqu\u00e9s dans la m\u00eame qualit\u00e9 premium et la m\u00eame couleur que les nouvelles fa\u00e7ades de votre commande. Ils seront r\u00e9alis\u00e9s dans un mod\u00e8le \u00e0 surface lisse -sans structure avec les c\u00f4t\u00e9s arrondis d\u2019un rayon de 1 mm (notre mod\u00e8le W28) peu importe le mod\u00e8le choisi dans votre commande. Le dos du panneau sera toujours de couleur blanche standard. L\u2019\u00e9paisseur de chaque panneau est de 18 mm par d\u00e9faut pour \u00eatre en harmonie avec l\u2019\u00e9paisseur des chants des caissons mais d&rsquo;autres mesures sont \u00e9galement disponibles.<\/p>\n<p>Contrairement \u00e0 Ikea qui n\u2019avait que des panneaux de taille unique, nous offrons des panneaux lat\u00e9raux au millim\u00e8tre. Cela vous \u00e9vitera d\u2019avoir \u00e0 recouper sur place avec des chants apparent non recouvert de couleur. Comme nous livrons un produit pr\u00eat \u00e0 l&#8217;emploi, votre cuisine r\u00e9nov\u00e9e aura un aspect tr\u00e8s professionnel.<\/p>\n<p><strong>\u00c9paisseurs disponibles:<\/strong>\u00a010 mm, 12 mm, 16 mm et 18 mm<br \/>\n<strong>Largeurs min\/max:<\/strong> 100 \u2013 750 mm<br \/>\n<strong>Hauteurs min\/max:<\/strong> 100 \u2013 2300 mm<\/p>\n<p><strong>Astuce:<\/strong> si votre mesure ne correspond pas aux restrictions ci-dessus, essayez d\u2019inverser la largeur et la hauteur. Cela fonctionne pour toutes les couleurs\/finitions sauf celles avec des motifs ou une direction d\u2019effet bois (par exemple, California Oak, etc.).<\/p>\n<p>&nbsp;<\/p>\n","protected":false},"featured_media":125297,"template":"","meta":[],"product_brand":[],"product_cat":[708],"product_tag":[],"class_list":{"0":"post-124619","1":"product","2":"type-product","3":"status-publish","4":"has-post-thumbnail","6":"product_cat-config-fr","7":"sales-flash-overlay","8":"woocommerce-text-align-center","9":"woocommerce-image-align-center","11":"first","12":"instock","13":"taxable","14":"shipping-taxable","15":"purchasable","16":"product-type-simple"},"exclude_global_add_ons":[],"addons":[],"yoast_head":"<!-- This site is optimized with the Yoast SEO Premium plugin v27.0 (Yoast SEO v27.0) - https:\/\/yoast.com\/product\/yoast-seo-premium-wordpress\/ -->\n<title>Panneaux lat\u00e9raux sur mesure - Faktum online store<\/title>\n<meta name=\"robots\" content=\"index, follow, max-snippet:-1, max-image-preview:large, max-video-preview:-1\" \/>\n<link rel=\"canonical\" href=\"https:\/\/faktumonline.com\/fr\/produit\/panneaux-lateraux-sur-mesure-3\/\" \/>\n<meta property=\"og:locale\" content=\"fr_FR\" \/>\n<meta property=\"og:type\" content=\"article\" \/>\n<meta property=\"og:title\" content=\"Panneaux lat\u00e9raux sur mesure\" \/>\n<meta property=\"og:description\" content=\"Panneaux lat\u00e9raux sur mesure (au millim\u00e8tre):\u00a0Les panneaux lat\u00e9raux recouvrent les c\u00f4t\u00e9s des caissons et apportent une finition plus \u00e9l\u00e9gante \u00e0 votre cuisine. Ils sont fabriqu\u00e9s dans la m\u00eame qualit\u00e9 premium et la m\u00eame couleur que les nouvelles fa\u00e7ades de votre commande. Ils seront r\u00e9alis\u00e9s dans un mod\u00e8le \u00e0 surface lisse -sans structure avec les c\u00f4t\u00e9s arrondis d\u2019un rayon de 1 mm (notre mod\u00e8le W28) peu importe le mod\u00e8le choisi dans votre commande. Le dos du panneau sera toujours de couleur blanche standard. L\u2019\u00e9paisseur de chaque panneau est de 18 mm par d\u00e9faut pour \u00eatre en harmonie avec l\u2019\u00e9paisseur des chants des caissons mais d&#039;autres mesures sont \u00e9galement disponibles.  Contrairement \u00e0 Ikea qui n\u2019avait que des panneaux de taille unique, nous offrons des panneaux lat\u00e9raux au millim\u00e8tre. Cela vous \u00e9vitera d\u2019avoir \u00e0 recouper sur place avec des chants apparent non recouvert de couleur. Comme nous livrons un produit pr\u00eat \u00e0 l&#039;emploi, votre cuisine r\u00e9nov\u00e9e aura un aspect tr\u00e8s professionnel.  \u00c9paisseurs disponibles:\u00a010 mm, 12 mm, 16 mm et 18 mm Largeurs min\/max: 100 \u2013 750 mm Hauteurs min\/max: 100 \u2013 2300 mm  Astuce: si votre mesure ne correspond pas aux restrictions ci-dessus, essayez d\u2019inverser la largeur et la hauteur. Cela fonctionne pour toutes les couleurs\/finitions sauf celles avec des motifs ou une direction d\u2019effet bois (par exemple, California Oak, etc.).  &nbsp;\" \/>\n<meta property=\"og:url\" content=\"https:\/\/faktumonline.com\/fr\/produit\/panneaux-lateraux-sur-mesure-3\/\" \/>\n<meta property=\"og:site_name\" content=\"Faktum online store\" \/>\n<meta property=\"og:image\" content=\"https:\/\/faktumonline.com\/wp-content\/uploads\/2024\/10\/Side-Panels.jpg\" \/>\n\t<meta property=\"og:image:width\" content=\"403\" \/>\n\t<meta property=\"og:image:height\" content=\"653\" \/>\n\t<meta property=\"og:image:type\" content=\"image\/jpeg\" \/>\n<meta name=\"twitter:card\" content=\"summary_large_image\" \/>\n<script type=\"application\/ld+json\" class=\"yoast-schema-graph\">{\"@context\":\"https:\/\/schema.org\",\"@graph\":[{\"@type\":\"WebPage\",\"@id\":\"https:\/\/faktumonline.com\/fr\/produit\/panneaux-lateraux-sur-mesure-3\/\",\"url\":\"https:\/\/faktumonline.com\/fr\/produit\/panneaux-lateraux-sur-mesure-3\/\",\"name\":\"Panneaux lat\u00e9raux sur mesure - Faktum online store\",\"isPartOf\":{\"@id\":\"https:\/\/faktumonline.com\/da\/#website\"},\"primaryImageOfPage\":{\"@id\":\"https:\/\/faktumonline.com\/fr\/produit\/panneaux-lateraux-sur-mesure-3\/#primaryimage\"},\"image\":{\"@id\":\"https:\/\/faktumonline.com\/fr\/produit\/panneaux-lateraux-sur-mesure-3\/#primaryimage\"},\"thumbnailUrl\":\"https:\/\/faktumonline.com\/wp-content\/uploads\/2024\/10\/Side-Panels.jpg\",\"datePublished\":\"2024-09-28T17:00:54+00:00\",\"breadcrumb\":{\"@id\":\"https:\/\/faktumonline.com\/fr\/produit\/panneaux-lateraux-sur-mesure-3\/#breadcrumb\"},\"inLanguage\":\"fr-FR\",\"potentialAction\":[{\"@type\":\"ReadAction\",\"target\":[\"https:\/\/faktumonline.com\/fr\/produit\/panneaux-lateraux-sur-mesure-3\/\"]}]},{\"@type\":\"ImageObject\",\"inLanguage\":\"fr-FR\",\"@id\":\"https:\/\/faktumonline.com\/fr\/produit\/panneaux-lateraux-sur-mesure-3\/#primaryimage\",\"url\":\"https:\/\/faktumonline.com\/wp-content\/uploads\/2024\/10\/Side-Panels.jpg\",\"contentUrl\":\"https:\/\/faktumonline.com\/wp-content\/uploads\/2024\/10\/Side-Panels.jpg\",\"width\":403,\"height\":653,\"caption\":\"Side Panels in an IKEA Kitchen\"},{\"@type\":\"BreadcrumbList\",\"@id\":\"https:\/\/faktumonline.com\/fr\/produit\/panneaux-lateraux-sur-mesure-3\/#breadcrumb\",\"itemListElement\":[{\"@type\":\"ListItem\",\"position\":1,\"name\":\"Hem\",\"item\":\"https:\/\/faktumonline.com\/fr\/\"},{\"@type\":\"ListItem\",\"position\":2,\"name\":\"Webshop\",\"item\":\"https:\/\/faktumonline.com\/fr\/webshop\/\"},{\"@type\":\"ListItem\",\"position\":3,\"name\":\"Panneaux lat\u00e9raux sur mesure\"}]},{\"@type\":\"WebSite\",\"@id\":\"https:\/\/faktumonline.com\/da\/#website\",\"url\":\"https:\/\/faktumonline.com\/da\/\",\"name\":\"Faktum Online Store\",\"description\":\"Premium doors for IKEA kitchens\",\"potentialAction\":[{\"@type\":\"SearchAction\",\"target\":{\"@type\":\"EntryPoint\",\"urlTemplate\":\"https:\/\/faktumonline.com\/da\/?s={search_term_string}\"},\"query-input\":{\"@type\":\"PropertyValueSpecification\",\"valueRequired\":true,\"valueName\":\"search_term_string\"}}],\"inLanguage\":\"fr-FR\"}]}<\/script>\n<!-- \/ Yoast SEO Premium plugin. -->","yoast_head_json":{"title":"Panneaux lat\u00e9raux sur mesure - Faktum online store","robots":{"index":"index","follow":"follow","max-snippet":"max-snippet:-1","max-image-preview":"max-image-preview:large","max-video-preview":"max-video-preview:-1"},"canonical":"https:\/\/faktumonline.com\/fr\/produit\/panneaux-lateraux-sur-mesure-3\/","og_locale":"fr_FR","og_type":"article","og_title":"Panneaux lat\u00e9raux sur mesure","og_description":"Panneaux lat\u00e9raux sur mesure (au millim\u00e8tre):\u00a0Les panneaux lat\u00e9raux recouvrent les c\u00f4t\u00e9s des caissons et apportent une finition plus \u00e9l\u00e9gante \u00e0 votre cuisine. Ils sont fabriqu\u00e9s dans la m\u00eame qualit\u00e9 premium et la m\u00eame couleur que les nouvelles fa\u00e7ades de votre commande. Ils seront r\u00e9alis\u00e9s dans un mod\u00e8le \u00e0 surface lisse -sans structure avec les c\u00f4t\u00e9s arrondis d\u2019un rayon de 1 mm (notre mod\u00e8le W28) peu importe le mod\u00e8le choisi dans votre commande. Le dos du panneau sera toujours de couleur blanche standard. L\u2019\u00e9paisseur de chaque panneau est de 18 mm par d\u00e9faut pour \u00eatre en harmonie avec l\u2019\u00e9paisseur des chants des caissons mais d'autres mesures sont \u00e9galement disponibles.  Contrairement \u00e0 Ikea qui n\u2019avait que des panneaux de taille unique, nous offrons des panneaux lat\u00e9raux au millim\u00e8tre. Cela vous \u00e9vitera d\u2019avoir \u00e0 recouper sur place avec des chants apparent non recouvert de couleur. Comme nous livrons un produit pr\u00eat \u00e0 l'emploi, votre cuisine r\u00e9nov\u00e9e aura un aspect tr\u00e8s professionnel.  \u00c9paisseurs disponibles:\u00a010 mm, 12 mm, 16 mm et 18 mm Largeurs min\/max: 100 \u2013 750 mm Hauteurs min\/max: 100 \u2013 2300 mm  Astuce: si votre mesure ne correspond pas aux restrictions ci-dessus, essayez d\u2019inverser la largeur et la hauteur. Cela fonctionne pour toutes les couleurs\/finitions sauf celles avec des motifs ou une direction d\u2019effet bois (par exemple, California Oak, etc.).  &nbsp;","og_url":"https:\/\/faktumonline.com\/fr\/produit\/panneaux-lateraux-sur-mesure-3\/","og_site_name":"Faktum online store","og_image":[{"width":403,"height":653,"url":"https:\/\/faktumonline.com\/wp-content\/uploads\/2024\/10\/Side-Panels.jpg","type":"image\/jpeg"}],"twitter_card":"summary_large_image","schema":{"@context":"https:\/\/schema.org","@graph":[{"@type":"WebPage","@id":"https:\/\/faktumonline.com\/fr\/produit\/panneaux-lateraux-sur-mesure-3\/","url":"https:\/\/faktumonline.com\/fr\/produit\/panneaux-lateraux-sur-mesure-3\/","name":"Panneaux lat\u00e9raux sur mesure - Faktum online store","isPartOf":{"@id":"https:\/\/faktumonline.com\/da\/#website"},"primaryImageOfPage":{"@id":"https:\/\/faktumonline.com\/fr\/produit\/panneaux-lateraux-sur-mesure-3\/#primaryimage"},"image":{"@id":"https:\/\/faktumonline.com\/fr\/produit\/panneaux-lateraux-sur-mesure-3\/#primaryimage"},"thumbnailUrl":"https:\/\/faktumonline.com\/wp-content\/uploads\/2024\/10\/Side-Panels.jpg","datePublished":"2024-09-28T17:00:54+00:00","breadcrumb":{"@id":"https:\/\/faktumonline.com\/fr\/produit\/panneaux-lateraux-sur-mesure-3\/#breadcrumb"},"inLanguage":"fr-FR","potentialAction":[{"@type":"ReadAction","target":["https:\/\/faktumonline.com\/fr\/produit\/panneaux-lateraux-sur-mesure-3\/"]}]},{"@type":"ImageObject","inLanguage":"fr-FR","@id":"https:\/\/faktumonline.com\/fr\/produit\/panneaux-lateraux-sur-mesure-3\/#primaryimage","url":"https:\/\/faktumonline.com\/wp-content\/uploads\/2024\/10\/Side-Panels.jpg","contentUrl":"https:\/\/faktumonline.com\/wp-content\/uploads\/2024\/10\/Side-Panels.jpg","width":403,"height":653,"caption":"Side Panels in an IKEA Kitchen"},{"@type":"BreadcrumbList","@id":"https:\/\/faktumonline.com\/fr\/produit\/panneaux-lateraux-sur-mesure-3\/#breadcrumb","itemListElement":[{"@type":"ListItem","position":1,"name":"Hem","item":"https:\/\/faktumonline.com\/fr\/"},{"@type":"ListItem","position":2,"name":"Webshop","item":"https:\/\/faktumonline.com\/fr\/webshop\/"},{"@type":"ListItem","position":3,"name":"Panneaux lat\u00e9raux sur mesure"}]},{"@type":"WebSite","@id":"https:\/\/faktumonline.com\/da\/#website","url":"https:\/\/faktumonline.com\/da\/","name":"Faktum Online Store","description":"Premium doors for IKEA kitchens","potentialAction":[{"@type":"SearchAction","target":{"@type":"EntryPoint","urlTemplate":"https:\/\/faktumonline.com\/da\/?s={search_term_string}"},"query-input":{"@type":"PropertyValueSpecification","valueRequired":true,"valueName":"search_term_string"}}],"inLanguage":"fr-FR"}]}},"_links":{"self":[{"href":"https:\/\/faktumonline.com\/fr\/wp-json\/wp\/v2\/product\/124619","targetHints":{"allow":["GET"]}}],"collection":[{"href":"https:\/\/faktumonline.com\/fr\/wp-json\/wp\/v2\/product"}],"about":[{"href":"https:\/\/faktumonline.com\/fr\/wp-json\/wp\/v2\/types\/product"}],"version-history":[{"count":0,"href":"https:\/\/faktumonline.com\/fr\/wp-json\/wp\/v2\/product\/124619\/revisions"}],"wp:featuredmedia":[{"embeddable":true,"href":"https:\/\/faktumonline.com\/fr\/wp-json\/wp\/v2\/media\/125297"}],"wp:attachment":[{"href":"https:\/\/faktumonline.com\/fr\/wp-json\/wp\/v2\/media?parent=124619"}],"wp:term":[{"taxonomy":"product_brand","embeddable":true,"href":"https:\/\/faktumonline.com\/fr\/wp-json\/wp\/v2\/product_brand?post=124619"},{"taxonomy":"product_cat","embeddable":true,"href":"https:\/\/faktumonline.com\/fr\/wp-json\/wp\/v2\/product_cat?post=124619"},{"taxonomy":"product_tag","embeddable":true,"href":"https:\/\/faktumonline.com\/fr\/wp-json\/wp\/v2\/product_tag?post=124619"}],"curies":[{"name":"wp","href":"https:\/\/api.w.org\/{rel}","templated":true}]}}