{"id":118594,"date":"2024-05-07T09:30:21","date_gmt":"2024-05-07T08:30:21","guid":{"rendered":"https:\/\/faktumonline.com\/?post_type=product&#038;p=118594"},"modified":"2024-06-16T14:23:33","modified_gmt":"2024-06-16T13:23:33","slug":"panneaux-lateraux-sur-mesure-2","status":"publish","type":"product","link":"https:\/\/faktumonline.com\/fr\/produit\/panneaux-lateraux-sur-mesure-2\/","title":{"rendered":"Panneaux lat\u00e9raux sur mesure:"},"content":{"rendered":"","protected":false},"excerpt":{"rendered":"<p>Les panneaux lat\u00e9reaux recouvrent les c\u00f4t\u00e9s visibles des caissons. Ils sont fabriqu\u00e9s dans la m\u00eame couleur et la m\u00eame finition que vos nouvelles fa\u00e7ades mais avec une surface lisse -sans structure. L\u2019\u00e9paisseur de chaque panneau est de 18 mm par d\u00e9faut pour \u00eatre en harmonie avec l\u2019\u00e9paisseur des chants des caissons.<\/p>\n<p>\u00c9paisseurs = 10 mm, 12 mm, 16 mm &amp; 18 mm<\/p>\n<p>Largeur minimale = 100 mm<br \/>\nHauteur minimale = 100 mm<\/p>\n<p>Largeur maximale = 750 mm<br \/>\nHauteur maximale = 2350 mm<\/p>\n<p>Astuce : si votre mesure pr\u00e9f\u00e9r\u00e9e ne correspond pas aux restrictions ci-dessus, essayez d\u2019inverser la largeur et la hauteur. Fonctionne pour toutes les finitions sauf celles avec un sens du grain (par exemple, California Oak, etc.).<\/p>\n","protected":false},"featured_media":43756,"template":"","meta":[],"product_brand":[],"product_cat":[777],"product_tag":[],"class_list":{"0":"post-118594","1":"product","2":"type-product","3":"status-publish","4":"has-post-thumbnail","6":"product_cat-sur-mesure","7":"sales-flash-overlay","8":"woocommerce-text-align-center","9":"woocommerce-image-align-center","11":"first","12":"instock","13":"taxable","14":"shipping-taxable","15":"purchasable","16":"product-type-simple"},"exclude_global_add_ons":[],"addons":[],"yoast_head":"<!-- This site is optimized with the Yoast SEO Premium plugin v27.4 (Yoast SEO v27.4) - https:\/\/yoast.com\/product\/yoast-seo-premium-wordpress\/ -->\n<title>Panneaux lat\u00e9raux sur mesure: - Faktum online store<\/title>\n<meta name=\"robots\" content=\"index, follow, max-snippet:-1, max-image-preview:large, max-video-preview:-1\" \/>\n<link rel=\"canonical\" href=\"https:\/\/faktumonline.com\/fr\/produit\/panneaux-lateraux-sur-mesure-2\/\" \/>\n<meta property=\"og:locale\" content=\"fr_FR\" \/>\n<meta property=\"og:type\" content=\"article\" \/>\n<meta property=\"og:title\" content=\"Panneaux lat\u00e9raux sur mesure:\" \/>\n<meta property=\"og:description\" content=\"Les panneaux lat\u00e9reaux recouvrent les c\u00f4t\u00e9s visibles des caissons. Ils sont fabriqu\u00e9s dans la m\u00eame couleur et la m\u00eame finition que vos nouvelles fa\u00e7ades mais avec une surface lisse -sans structure. L\u2019\u00e9paisseur de chaque panneau est de 18 mm par d\u00e9faut pour \u00eatre en harmonie avec l\u2019\u00e9paisseur des chants des caissons.  \u00c9paisseurs = 10 mm, 12 mm, 16 mm &amp; 18 mm  Largeur minimale = 100 mm Hauteur minimale = 100 mm  Largeur maximale = 750 mm Hauteur maximale = 2350 mm  Astuce : si votre mesure pr\u00e9f\u00e9r\u00e9e ne correspond pas aux restrictions ci-dessus, essayez d\u2019inverser la largeur et la hauteur. Fonctionne pour toutes les finitions sauf celles avec un sens du grain (par exemple, California Oak, etc.).\" \/>\n<meta property=\"og:url\" content=\"https:\/\/faktumonline.com\/fr\/produit\/panneaux-lateraux-sur-mesure-2\/\" \/>\n<meta property=\"og:site_name\" content=\"Faktum online store\" \/>\n<meta property=\"article:modified_time\" content=\"2024-06-16T13:23:33+00:00\" \/>\n<meta property=\"og:image\" content=\"https:\/\/faktumonline.com\/wp-content\/uploads\/2020\/08\/Panneaux-late\u0301raux-pour-cuisines-IKEA-Faktum.jpg\" \/>\n\t<meta property=\"og:image:width\" content=\"547\" \/>\n\t<meta property=\"og:image:height\" content=\"767\" \/>\n\t<meta property=\"og:image:type\" content=\"image\/jpeg\" \/>\n<meta name=\"twitter:card\" content=\"summary_large_image\" \/>\n<meta name=\"twitter:label1\" content=\"Dur\u00e9e de lecture estim\u00e9e\" \/>\n\t<meta name=\"twitter:data1\" content=\"1 minute\" \/>\n<script type=\"application\/ld+json\" class=\"yoast-schema-graph\">{\"@context\":\"https:\\\/\\\/schema.org\",\"@graph\":[{\"@type\":\"WebPage\",\"@id\":\"https:\\\/\\\/faktumonline.com\\\/fr\\\/produit\\\/panneaux-lateraux-sur-mesure-2\\\/\",\"url\":\"https:\\\/\\\/faktumonline.com\\\/fr\\\/produit\\\/panneaux-lateraux-sur-mesure-2\\\/\",\"name\":\"Panneaux lat\u00e9raux sur mesure: - Faktum online store\",\"isPartOf\":{\"@id\":\"https:\\\/\\\/faktumonline.com\\\/da\\\/#website\"},\"primaryImageOfPage\":{\"@id\":\"https:\\\/\\\/faktumonline.com\\\/fr\\\/produit\\\/panneaux-lateraux-sur-mesure-2\\\/#primaryimage\"},\"image\":{\"@id\":\"https:\\\/\\\/faktumonline.com\\\/fr\\\/produit\\\/panneaux-lateraux-sur-mesure-2\\\/#primaryimage\"},\"thumbnailUrl\":\"https:\\\/\\\/faktumonline.com\\\/wp-content\\\/uploads\\\/2020\\\/08\\\/Panneaux-late\u0301raux-pour-cuisines-IKEA-Faktum.jpg\",\"datePublished\":\"2024-05-07T08:30:21+00:00\",\"dateModified\":\"2024-06-16T13:23:33+00:00\",\"breadcrumb\":{\"@id\":\"https:\\\/\\\/faktumonline.com\\\/fr\\\/produit\\\/panneaux-lateraux-sur-mesure-2\\\/#breadcrumb\"},\"inLanguage\":\"fr-FR\",\"potentialAction\":[{\"@type\":\"ReadAction\",\"target\":[\"https:\\\/\\\/faktumonline.com\\\/fr\\\/produit\\\/panneaux-lateraux-sur-mesure-2\\\/\"]}]},{\"@type\":\"ImageObject\",\"inLanguage\":\"fr-FR\",\"@id\":\"https:\\\/\\\/faktumonline.com\\\/fr\\\/produit\\\/panneaux-lateraux-sur-mesure-2\\\/#primaryimage\",\"url\":\"https:\\\/\\\/faktumonline.com\\\/wp-content\\\/uploads\\\/2020\\\/08\\\/Panneaux-late\u0301raux-pour-cuisines-IKEA-Faktum.jpg\",\"contentUrl\":\"https:\\\/\\\/faktumonline.com\\\/wp-content\\\/uploads\\\/2020\\\/08\\\/Panneaux-late\u0301raux-pour-cuisines-IKEA-Faktum.jpg\",\"width\":547,\"height\":767,\"caption\":\"Panneaux late\u0301raux pour cuisines IKEA Faktum\"},{\"@type\":\"BreadcrumbList\",\"@id\":\"https:\\\/\\\/faktumonline.com\\\/fr\\\/produit\\\/panneaux-lateraux-sur-mesure-2\\\/#breadcrumb\",\"itemListElement\":[{\"@type\":\"ListItem\",\"position\":1,\"name\":\"Hem\",\"item\":\"https:\\\/\\\/faktumonline.com\\\/fr\\\/\"},{\"@type\":\"ListItem\",\"position\":2,\"name\":\"Webshop\",\"item\":\"https:\\\/\\\/faktumonline.com\\\/fr\\\/webshop\\\/\"},{\"@type\":\"ListItem\",\"position\":3,\"name\":\"Panneaux lat\u00e9raux sur mesure:\"}]},{\"@type\":\"WebSite\",\"@id\":\"https:\\\/\\\/faktumonline.com\\\/da\\\/#website\",\"url\":\"https:\\\/\\\/faktumonline.com\\\/da\\\/\",\"name\":\"Faktum Online Store\",\"description\":\"Premium doors for IKEA kitchens\",\"potentialAction\":[{\"@type\":\"SearchAction\",\"target\":{\"@type\":\"EntryPoint\",\"urlTemplate\":\"https:\\\/\\\/faktumonline.com\\\/da\\\/?s={search_term_string}\"},\"query-input\":{\"@type\":\"PropertyValueSpecification\",\"valueRequired\":true,\"valueName\":\"search_term_string\"}}],\"inLanguage\":\"fr-FR\"}]}<\/script>\n<!-- \/ Yoast SEO Premium plugin. -->","yoast_head_json":{"title":"Panneaux lat\u00e9raux sur mesure: - Faktum online store","robots":{"index":"index","follow":"follow","max-snippet":"max-snippet:-1","max-image-preview":"max-image-preview:large","max-video-preview":"max-video-preview:-1"},"canonical":"https:\/\/faktumonline.com\/fr\/produit\/panneaux-lateraux-sur-mesure-2\/","og_locale":"fr_FR","og_type":"article","og_title":"Panneaux lat\u00e9raux sur mesure:","og_description":"Les panneaux lat\u00e9reaux recouvrent les c\u00f4t\u00e9s visibles des caissons. Ils sont fabriqu\u00e9s dans la m\u00eame couleur et la m\u00eame finition que vos nouvelles fa\u00e7ades mais avec une surface lisse -sans structure. L\u2019\u00e9paisseur de chaque panneau est de 18 mm par d\u00e9faut pour \u00eatre en harmonie avec l\u2019\u00e9paisseur des chants des caissons.  \u00c9paisseurs = 10 mm, 12 mm, 16 mm &amp; 18 mm  Largeur minimale = 100 mm Hauteur minimale = 100 mm  Largeur maximale = 750 mm Hauteur maximale = 2350 mm  Astuce : si votre mesure pr\u00e9f\u00e9r\u00e9e ne correspond pas aux restrictions ci-dessus, essayez d\u2019inverser la largeur et la hauteur. Fonctionne pour toutes les finitions sauf celles avec un sens du grain (par exemple, California Oak, etc.).","og_url":"https:\/\/faktumonline.com\/fr\/produit\/panneaux-lateraux-sur-mesure-2\/","og_site_name":"Faktum online store","article_modified_time":"2024-06-16T13:23:33+00:00","og_image":[{"width":547,"height":767,"url":"https:\/\/faktumonline.com\/wp-content\/uploads\/2020\/08\/Panneaux-late\u0301raux-pour-cuisines-IKEA-Faktum.jpg","type":"image\/jpeg"}],"twitter_card":"summary_large_image","twitter_misc":{"Dur\u00e9e de lecture estim\u00e9e":"1 minute"},"schema":{"@context":"https:\/\/schema.org","@graph":[{"@type":"WebPage","@id":"https:\/\/faktumonline.com\/fr\/produit\/panneaux-lateraux-sur-mesure-2\/","url":"https:\/\/faktumonline.com\/fr\/produit\/panneaux-lateraux-sur-mesure-2\/","name":"Panneaux lat\u00e9raux sur mesure: - Faktum online store","isPartOf":{"@id":"https:\/\/faktumonline.com\/da\/#website"},"primaryImageOfPage":{"@id":"https:\/\/faktumonline.com\/fr\/produit\/panneaux-lateraux-sur-mesure-2\/#primaryimage"},"image":{"@id":"https:\/\/faktumonline.com\/fr\/produit\/panneaux-lateraux-sur-mesure-2\/#primaryimage"},"thumbnailUrl":"https:\/\/faktumonline.com\/wp-content\/uploads\/2020\/08\/Panneaux-late\u0301raux-pour-cuisines-IKEA-Faktum.jpg","datePublished":"2024-05-07T08:30:21+00:00","dateModified":"2024-06-16T13:23:33+00:00","breadcrumb":{"@id":"https:\/\/faktumonline.com\/fr\/produit\/panneaux-lateraux-sur-mesure-2\/#breadcrumb"},"inLanguage":"fr-FR","potentialAction":[{"@type":"ReadAction","target":["https:\/\/faktumonline.com\/fr\/produit\/panneaux-lateraux-sur-mesure-2\/"]}]},{"@type":"ImageObject","inLanguage":"fr-FR","@id":"https:\/\/faktumonline.com\/fr\/produit\/panneaux-lateraux-sur-mesure-2\/#primaryimage","url":"https:\/\/faktumonline.com\/wp-content\/uploads\/2020\/08\/Panneaux-late\u0301raux-pour-cuisines-IKEA-Faktum.jpg","contentUrl":"https:\/\/faktumonline.com\/wp-content\/uploads\/2020\/08\/Panneaux-late\u0301raux-pour-cuisines-IKEA-Faktum.jpg","width":547,"height":767,"caption":"Panneaux late\u0301raux pour cuisines IKEA Faktum"},{"@type":"BreadcrumbList","@id":"https:\/\/faktumonline.com\/fr\/produit\/panneaux-lateraux-sur-mesure-2\/#breadcrumb","itemListElement":[{"@type":"ListItem","position":1,"name":"Hem","item":"https:\/\/faktumonline.com\/fr\/"},{"@type":"ListItem","position":2,"name":"Webshop","item":"https:\/\/faktumonline.com\/fr\/webshop\/"},{"@type":"ListItem","position":3,"name":"Panneaux lat\u00e9raux sur mesure:"}]},{"@type":"WebSite","@id":"https:\/\/faktumonline.com\/da\/#website","url":"https:\/\/faktumonline.com\/da\/","name":"Faktum Online Store","description":"Premium doors for IKEA kitchens","potentialAction":[{"@type":"SearchAction","target":{"@type":"EntryPoint","urlTemplate":"https:\/\/faktumonline.com\/da\/?s={search_term_string}"},"query-input":{"@type":"PropertyValueSpecification","valueRequired":true,"valueName":"search_term_string"}}],"inLanguage":"fr-FR"}]}},"_links":{"self":[{"href":"https:\/\/faktumonline.com\/fr\/wp-json\/wp\/v2\/product\/118594","targetHints":{"allow":["GET"]}}],"collection":[{"href":"https:\/\/faktumonline.com\/fr\/wp-json\/wp\/v2\/product"}],"about":[{"href":"https:\/\/faktumonline.com\/fr\/wp-json\/wp\/v2\/types\/product"}],"version-history":[{"count":1,"href":"https:\/\/faktumonline.com\/fr\/wp-json\/wp\/v2\/product\/118594\/revisions"}],"predecessor-version":[{"id":118595,"href":"https:\/\/faktumonline.com\/fr\/wp-json\/wp\/v2\/product\/118594\/revisions\/118595"}],"wp:featuredmedia":[{"embeddable":true,"href":"https:\/\/faktumonline.com\/fr\/wp-json\/wp\/v2\/media\/43756"}],"wp:attachment":[{"href":"https:\/\/faktumonline.com\/fr\/wp-json\/wp\/v2\/media?parent=118594"}],"wp:term":[{"taxonomy":"product_brand","embeddable":true,"href":"https:\/\/faktumonline.com\/fr\/wp-json\/wp\/v2\/product_brand?post=118594"},{"taxonomy":"product_cat","embeddable":true,"href":"https:\/\/faktumonline.com\/fr\/wp-json\/wp\/v2\/product_cat?post=118594"},{"taxonomy":"product_tag","embeddable":true,"href":"https:\/\/faktumonline.com\/fr\/wp-json\/wp\/v2\/product_tag?post=118594"}],"curies":[{"name":"wp","href":"https:\/\/api.w.org\/{rel}","templated":true}]}}