{"id":114518,"date":"2024-03-09T11:45:28","date_gmt":"2024-03-09T10:45:28","guid":{"rendered":"https:\/\/faktumonline.com\/?post_type=product&#038;p=114518"},"modified":"2025-02-06T19:36:52","modified_gmt":"2025-02-06T18:36:52","slug":"porte-60x125-copy-2","status":"publish","type":"product","link":"https:\/\/faktumonline.com\/fr\/produit\/porte-60x125-copy-2\/","title":{"rendered":"Fa\u00e7ade plaqu\u00e9e bois Faktum 60&#215;125"},"content":{"rendered":"<p>596&#215;1245<\/p>\n","protected":false},"excerpt":{"rendered":"<p>Cette porte peut \u00eatre plac\u00e9e sur la partie basse du caisson ou sur la partie haute. La position du pr\u00e9-per\u00e7age pour les charni\u00e8res diff\u00e8re en fonction du positionnement de la porte sur le caisson.<\/p>\n<p>Voir les dessins #1 et #2.<\/p>\n<p>En plus de la position de la porte sur le caisson, vous devrez \u00e9galement nous indiquer si la porte a les charni\u00e8res \u00e0 droite ou \u00e0 gauche. Pour d\u00e9finir l\u2019emplacement des charni\u00e8res, vous devez vous positionner en face de la porte en position ferm\u00e9e. Si les charni\u00e8res se trouvent sur la gauche (au dos de la porte) alors la porte a des charni\u00e8res cot\u00e9es gauche. Si les charni\u00e8res se trouvent sur la droite alors la porte a des charni\u00e8res cot\u00e9es droit.<\/p>\n<p>Voir dessin #3<\/p>\n<p>Faites votre choix ci-dessous et ajouter au panier.<\/p>\n","protected":false},"featured_media":65041,"template":"","meta":[],"product_brand":[],"product_cat":[2326],"product_tag":[],"class_list":{"0":"post-114518","1":"product","2":"type-product","3":"status-publish","4":"has-post-thumbnail","6":"product_cat-tall-veneered-faktum-doors-w60-fr","7":"sales-flash-overlay","8":"woocommerce-text-align-center","9":"woocommerce-image-align-center","10":"wc-has-gallery","12":"first","13":"discontinued","14":"taxable","15":"shipping-taxable","16":"purchasable","17":"product-type-simple"},"exclude_global_add_ons":[],"addons":[],"yoast_head":"<!-- This site is optimized with the Yoast SEO Premium plugin v27.0 (Yoast SEO v27.0) - https:\/\/yoast.com\/product\/yoast-seo-premium-wordpress\/ -->\n<title>Fa\u00e7ade plaqu\u00e9e bois Faktum 60x125 - Faktum online store<\/title>\n<meta name=\"robots\" content=\"index, follow, max-snippet:-1, max-image-preview:large, max-video-preview:-1\" \/>\n<link rel=\"canonical\" href=\"https:\/\/faktumonline.com\/fr\/produit\/porte-60x125-copy-2\/\" \/>\n<meta property=\"og:locale\" content=\"fr_FR\" \/>\n<meta property=\"og:type\" content=\"article\" \/>\n<meta property=\"og:title\" content=\"Fa\u00e7ade plaqu\u00e9e bois Faktum 60x125\" \/>\n<meta property=\"og:description\" content=\"Cette porte peut \u00eatre plac\u00e9e sur la partie basse du caisson ou sur la partie haute. La position du pr\u00e9-per\u00e7age pour les charni\u00e8res diff\u00e8re en fonction du positionnement de la porte sur le caisson.  Voir les dessins #1 et #2.  En plus de la position de la porte sur le caisson, vous devrez \u00e9galement nous indiquer si la porte a les charni\u00e8res \u00e0 droite ou \u00e0 gauche. Pour d\u00e9finir l\u2019emplacement des charni\u00e8res, vous devez vous positionner en face de la porte en position ferm\u00e9e. Si les charni\u00e8res se trouvent sur la gauche (au dos de la porte) alors la porte a des charni\u00e8res cot\u00e9es gauche. Si les charni\u00e8res se trouvent sur la droite alors la porte a des charni\u00e8res cot\u00e9es droit.  Voir dessin #3  Faites votre choix ci-dessous et ajouter au panier.\" \/>\n<meta property=\"og:url\" content=\"https:\/\/faktumonline.com\/fr\/produit\/porte-60x125-copy-2\/\" \/>\n<meta property=\"og:site_name\" content=\"Faktum online store\" \/>\n<meta property=\"article:modified_time\" content=\"2025-02-06T18:36:52+00:00\" \/>\n<meta property=\"og:image\" content=\"https:\/\/faktumonline.com\/wp-content\/uploads\/2021\/12\/125-door-bottom.jpg\" \/>\n\t<meta property=\"og:image:width\" content=\"1048\" \/>\n\t<meta property=\"og:image:height\" content=\"1572\" \/>\n\t<meta property=\"og:image:type\" content=\"image\/jpeg\" \/>\n<meta name=\"twitter:card\" content=\"summary_large_image\" \/>\n<script type=\"application\/ld+json\" class=\"yoast-schema-graph\">{\"@context\":\"https:\/\/schema.org\",\"@graph\":[{\"@type\":\"WebPage\",\"@id\":\"https:\/\/faktumonline.com\/fr\/produit\/porte-60x125-copy-2\/\",\"url\":\"https:\/\/faktumonline.com\/fr\/produit\/porte-60x125-copy-2\/\",\"name\":\"Fa\u00e7ade plaqu\u00e9e bois Faktum 60x125 - Faktum online store\",\"isPartOf\":{\"@id\":\"https:\/\/faktumonline.com\/da\/#website\"},\"primaryImageOfPage\":{\"@id\":\"https:\/\/faktumonline.com\/fr\/produit\/porte-60x125-copy-2\/#primaryimage\"},\"image\":{\"@id\":\"https:\/\/faktumonline.com\/fr\/produit\/porte-60x125-copy-2\/#primaryimage\"},\"thumbnailUrl\":\"https:\/\/faktumonline.com\/wp-content\/uploads\/2021\/12\/125-door-bottom.jpg\",\"datePublished\":\"2024-03-09T10:45:28+00:00\",\"dateModified\":\"2025-02-06T18:36:52+00:00\",\"breadcrumb\":{\"@id\":\"https:\/\/faktumonline.com\/fr\/produit\/porte-60x125-copy-2\/#breadcrumb\"},\"inLanguage\":\"fr-FR\",\"potentialAction\":[{\"@type\":\"ReadAction\",\"target\":[\"https:\/\/faktumonline.com\/fr\/produit\/porte-60x125-copy-2\/\"]}]},{\"@type\":\"ImageObject\",\"inLanguage\":\"fr-FR\",\"@id\":\"https:\/\/faktumonline.com\/fr\/produit\/porte-60x125-copy-2\/#primaryimage\",\"url\":\"https:\/\/faktumonline.com\/wp-content\/uploads\/2021\/12\/125-door-bottom.jpg\",\"contentUrl\":\"https:\/\/faktumonline.com\/wp-content\/uploads\/2021\/12\/125-door-bottom.jpg\",\"width\":1048,\"height\":1572},{\"@type\":\"BreadcrumbList\",\"@id\":\"https:\/\/faktumonline.com\/fr\/produit\/porte-60x125-copy-2\/#breadcrumb\",\"itemListElement\":[{\"@type\":\"ListItem\",\"position\":1,\"name\":\"Hem\",\"item\":\"https:\/\/faktumonline.com\/fr\/\"},{\"@type\":\"ListItem\",\"position\":2,\"name\":\"Webshop\",\"item\":\"https:\/\/faktumonline.com\/fr\/webshop\/\"},{\"@type\":\"ListItem\",\"position\":3,\"name\":\"Fa\u00e7ade plaqu\u00e9e bois Faktum 60&#215;125\"}]},{\"@type\":\"WebSite\",\"@id\":\"https:\/\/faktumonline.com\/da\/#website\",\"url\":\"https:\/\/faktumonline.com\/da\/\",\"name\":\"Faktum Online Store\",\"description\":\"Premium doors for IKEA kitchens\",\"potentialAction\":[{\"@type\":\"SearchAction\",\"target\":{\"@type\":\"EntryPoint\",\"urlTemplate\":\"https:\/\/faktumonline.com\/da\/?s={search_term_string}\"},\"query-input\":{\"@type\":\"PropertyValueSpecification\",\"valueRequired\":true,\"valueName\":\"search_term_string\"}}],\"inLanguage\":\"fr-FR\"}]}<\/script>\n<!-- \/ Yoast SEO Premium plugin. -->","yoast_head_json":{"title":"Fa\u00e7ade plaqu\u00e9e bois Faktum 60x125 - Faktum online store","robots":{"index":"index","follow":"follow","max-snippet":"max-snippet:-1","max-image-preview":"max-image-preview:large","max-video-preview":"max-video-preview:-1"},"canonical":"https:\/\/faktumonline.com\/fr\/produit\/porte-60x125-copy-2\/","og_locale":"fr_FR","og_type":"article","og_title":"Fa\u00e7ade plaqu\u00e9e bois Faktum 60x125","og_description":"Cette porte peut \u00eatre plac\u00e9e sur la partie basse du caisson ou sur la partie haute. La position du pr\u00e9-per\u00e7age pour les charni\u00e8res diff\u00e8re en fonction du positionnement de la porte sur le caisson.  Voir les dessins #1 et #2.  En plus de la position de la porte sur le caisson, vous devrez \u00e9galement nous indiquer si la porte a les charni\u00e8res \u00e0 droite ou \u00e0 gauche. Pour d\u00e9finir l\u2019emplacement des charni\u00e8res, vous devez vous positionner en face de la porte en position ferm\u00e9e. Si les charni\u00e8res se trouvent sur la gauche (au dos de la porte) alors la porte a des charni\u00e8res cot\u00e9es gauche. Si les charni\u00e8res se trouvent sur la droite alors la porte a des charni\u00e8res cot\u00e9es droit.  Voir dessin #3  Faites votre choix ci-dessous et ajouter au panier.","og_url":"https:\/\/faktumonline.com\/fr\/produit\/porte-60x125-copy-2\/","og_site_name":"Faktum online store","article_modified_time":"2025-02-06T18:36:52+00:00","og_image":[{"width":1048,"height":1572,"url":"https:\/\/faktumonline.com\/wp-content\/uploads\/2021\/12\/125-door-bottom.jpg","type":"image\/jpeg"}],"twitter_card":"summary_large_image","schema":{"@context":"https:\/\/schema.org","@graph":[{"@type":"WebPage","@id":"https:\/\/faktumonline.com\/fr\/produit\/porte-60x125-copy-2\/","url":"https:\/\/faktumonline.com\/fr\/produit\/porte-60x125-copy-2\/","name":"Fa\u00e7ade plaqu\u00e9e bois Faktum 60x125 - Faktum online store","isPartOf":{"@id":"https:\/\/faktumonline.com\/da\/#website"},"primaryImageOfPage":{"@id":"https:\/\/faktumonline.com\/fr\/produit\/porte-60x125-copy-2\/#primaryimage"},"image":{"@id":"https:\/\/faktumonline.com\/fr\/produit\/porte-60x125-copy-2\/#primaryimage"},"thumbnailUrl":"https:\/\/faktumonline.com\/wp-content\/uploads\/2021\/12\/125-door-bottom.jpg","datePublished":"2024-03-09T10:45:28+00:00","dateModified":"2025-02-06T18:36:52+00:00","breadcrumb":{"@id":"https:\/\/faktumonline.com\/fr\/produit\/porte-60x125-copy-2\/#breadcrumb"},"inLanguage":"fr-FR","potentialAction":[{"@type":"ReadAction","target":["https:\/\/faktumonline.com\/fr\/produit\/porte-60x125-copy-2\/"]}]},{"@type":"ImageObject","inLanguage":"fr-FR","@id":"https:\/\/faktumonline.com\/fr\/produit\/porte-60x125-copy-2\/#primaryimage","url":"https:\/\/faktumonline.com\/wp-content\/uploads\/2021\/12\/125-door-bottom.jpg","contentUrl":"https:\/\/faktumonline.com\/wp-content\/uploads\/2021\/12\/125-door-bottom.jpg","width":1048,"height":1572},{"@type":"BreadcrumbList","@id":"https:\/\/faktumonline.com\/fr\/produit\/porte-60x125-copy-2\/#breadcrumb","itemListElement":[{"@type":"ListItem","position":1,"name":"Hem","item":"https:\/\/faktumonline.com\/fr\/"},{"@type":"ListItem","position":2,"name":"Webshop","item":"https:\/\/faktumonline.com\/fr\/webshop\/"},{"@type":"ListItem","position":3,"name":"Fa\u00e7ade plaqu\u00e9e bois Faktum 60&#215;125"}]},{"@type":"WebSite","@id":"https:\/\/faktumonline.com\/da\/#website","url":"https:\/\/faktumonline.com\/da\/","name":"Faktum Online Store","description":"Premium doors for IKEA kitchens","potentialAction":[{"@type":"SearchAction","target":{"@type":"EntryPoint","urlTemplate":"https:\/\/faktumonline.com\/da\/?s={search_term_string}"},"query-input":{"@type":"PropertyValueSpecification","valueRequired":true,"valueName":"search_term_string"}}],"inLanguage":"fr-FR"}]}},"_links":{"self":[{"href":"https:\/\/faktumonline.com\/fr\/wp-json\/wp\/v2\/product\/114518","targetHints":{"allow":["GET"]}}],"collection":[{"href":"https:\/\/faktumonline.com\/fr\/wp-json\/wp\/v2\/product"}],"about":[{"href":"https:\/\/faktumonline.com\/fr\/wp-json\/wp\/v2\/types\/product"}],"version-history":[{"count":3,"href":"https:\/\/faktumonline.com\/fr\/wp-json\/wp\/v2\/product\/114518\/revisions"}],"predecessor-version":[{"id":136056,"href":"https:\/\/faktumonline.com\/fr\/wp-json\/wp\/v2\/product\/114518\/revisions\/136056"}],"wp:featuredmedia":[{"embeddable":true,"href":"https:\/\/faktumonline.com\/fr\/wp-json\/wp\/v2\/media\/65041"}],"wp:attachment":[{"href":"https:\/\/faktumonline.com\/fr\/wp-json\/wp\/v2\/media?parent=114518"}],"wp:term":[{"taxonomy":"product_brand","embeddable":true,"href":"https:\/\/faktumonline.com\/fr\/wp-json\/wp\/v2\/product_brand?post=114518"},{"taxonomy":"product_cat","embeddable":true,"href":"https:\/\/faktumonline.com\/fr\/wp-json\/wp\/v2\/product_cat?post=114518"},{"taxonomy":"product_tag","embeddable":true,"href":"https:\/\/faktumonline.com\/fr\/wp-json\/wp\/v2\/product_tag?post=114518"}],"curies":[{"name":"wp","href":"https:\/\/api.w.org\/{rel}","templated":true}]}}