{"id":112039,"date":"2024-02-24T17:58:04","date_gmt":"2024-02-24T16:58:04","guid":{"rendered":"https:\/\/faktumonline.com\/?post_type=product&#038;p=112039"},"modified":"2024-03-13T21:02:37","modified_gmt":"2024-03-13T20:02:37","slug":"specimen-de-coloris-american-walnut-copy-copy-copy-copy","status":"publish","type":"product","link":"https:\/\/faktumonline.com\/fr\/produit\/specimen-de-coloris-american-walnut-copy-copy-copy-copy\/","title":{"rendered":"Sp\u00e9cimen Dark Brown Oak en plaqu\u00e9 bois*"},"content":{"rendered":"","protected":false},"excerpt":{"rendered":"<p>Il s&rsquo;agit d&rsquo;un sp\u00e9cimen de couleur en plaqu\u00e9 bois v\u00e9ritable. Environ de la taille d&rsquo;une petite fa\u00e7ade de tiroir 40\u00d715 cm. Ajouter au panier pour commander ce sp\u00e9cimen.<\/p>\n<p>Les portes en plaqu\u00e9 bois sont uniquement disponibles dans le mod\u00e8le \u00e0 surface lisse <strong>W28<\/strong>.<\/p>\n<p>Avis de non-responsabilit\u00e9 : le rendu de coloris peut varier en fonction du type d\u2019\u00e9cran utilis\u00e9 (\u00e9crans d&rsquo;ordinateur, les t\u00e9l\u00e9phones, tablettes, etc.\u2026). Veuillez consid\u00e9rer les images comme une indication approximative. C&rsquo;est l&rsquo;une des raisons pour lesquelles nous proposons un service de sp\u00e9cimen. Cela vous donne l&rsquo;opportunit\u00e9 de voir le rendu de la couleur et de notre qualit\u00e9 premium dans les conditions d&rsquo;\u00e9clairage de votre propre cuisine. De plus : l\u2019aspect du bois \u00e9tant diff\u00e9rents d\u2019un arbre \u00e0 l\u2019autre, il y aura des variations de teintes. C&rsquo;est ainsi que fonctionne Dame Nature et c\u2019est ce qui donne la beaut\u00e9 et l\u2019unicit\u00e9 du bois v\u00e9ritable.<\/p>\n","protected":false},"featured_media":157740,"template":"","meta":[],"product_brand":[],"product_cat":[1766],"product_tag":[],"class_list":{"0":"post-112039","1":"product","2":"type-product","3":"status-publish","4":"has-post-thumbnail","6":"product_cat-veneer-samples-fr","7":"product_shipping_class-frakt35-fr","8":"sales-flash-overlay","9":"woocommerce-text-align-center","10":"woocommerce-image-align-center","12":"first","13":"instock","14":"sold-individually","15":"taxable","16":"shipping-taxable","17":"purchasable","18":"product-type-simple"},"exclude_global_add_ons":[],"addons":[],"yoast_head":"<!-- This site is optimized with the Yoast SEO Premium plugin v27.0 (Yoast SEO v27.0) - https:\/\/yoast.com\/product\/yoast-seo-premium-wordpress\/ -->\n<title>Sp\u00e9cimen Dark Brown Oak en plaqu\u00e9 bois* - Faktum online store<\/title>\n<meta name=\"robots\" content=\"index, follow, max-snippet:-1, max-image-preview:large, max-video-preview:-1\" \/>\n<link rel=\"canonical\" href=\"https:\/\/faktumonline.com\/fr\/produit\/specimen-de-coloris-american-walnut-copy-copy-copy-copy\/\" \/>\n<meta property=\"og:locale\" content=\"fr_FR\" \/>\n<meta property=\"og:type\" content=\"article\" \/>\n<meta property=\"og:title\" content=\"Sp\u00e9cimen Dark Brown Oak en plaqu\u00e9 bois*\" \/>\n<meta property=\"og:description\" content=\"Il s&#039;agit d&#039;un sp\u00e9cimen de couleur en plaqu\u00e9 bois v\u00e9ritable. Environ de la taille d&#039;une petite fa\u00e7ade de tiroir 40\u00d715 cm. Ajouter au panier pour commander ce sp\u00e9cimen.  Les portes en plaqu\u00e9 bois sont uniquement disponibles dans le mod\u00e8le \u00e0 surface lisse W28.  Avis de non-responsabilit\u00e9 : le rendu de coloris peut varier en fonction du type d\u2019\u00e9cran utilis\u00e9 (\u00e9crans d&#039;ordinateur, les t\u00e9l\u00e9phones, tablettes, etc.\u2026). Veuillez consid\u00e9rer les images comme une indication approximative. C&#039;est l&#039;une des raisons pour lesquelles nous proposons un service de sp\u00e9cimen. Cela vous donne l&#039;opportunit\u00e9 de voir le rendu de la couleur et de notre qualit\u00e9 premium dans les conditions d&#039;\u00e9clairage de votre propre cuisine. De plus : l\u2019aspect du bois \u00e9tant diff\u00e9rents d\u2019un arbre \u00e0 l\u2019autre, il y aura des variations de teintes. C&#039;est ainsi que fonctionne Dame Nature et c\u2019est ce qui donne la beaut\u00e9 et l\u2019unicit\u00e9 du bois v\u00e9ritable.\" \/>\n<meta property=\"og:url\" content=\"https:\/\/faktumonline.com\/fr\/produit\/specimen-de-coloris-american-walnut-copy-copy-copy-copy\/\" \/>\n<meta property=\"og:site_name\" content=\"Faktum online store\" \/>\n<meta property=\"article:modified_time\" content=\"2024-03-13T20:02:37+00:00\" \/>\n<meta property=\"og:image\" content=\"https:\/\/faktumonline.com\/wp-content\/uploads\/2024\/02\/Dark-Brown-Veneer-Closeup.jpg\" \/>\n\t<meta property=\"og:image:width\" content=\"1200\" \/>\n\t<meta property=\"og:image:height\" content=\"1800\" \/>\n\t<meta property=\"og:image:type\" content=\"image\/jpeg\" \/>\n<meta name=\"twitter:card\" content=\"summary_large_image\" \/>\n<script type=\"application\/ld+json\" class=\"yoast-schema-graph\">{\"@context\":\"https:\/\/schema.org\",\"@graph\":[{\"@type\":\"WebPage\",\"@id\":\"https:\/\/faktumonline.com\/fr\/produit\/specimen-de-coloris-american-walnut-copy-copy-copy-copy\/\",\"url\":\"https:\/\/faktumonline.com\/fr\/produit\/specimen-de-coloris-american-walnut-copy-copy-copy-copy\/\",\"name\":\"Sp\u00e9cimen Dark Brown Oak en plaqu\u00e9 bois* - Faktum online store\",\"isPartOf\":{\"@id\":\"https:\/\/faktumonline.com\/da\/#website\"},\"primaryImageOfPage\":{\"@id\":\"https:\/\/faktumonline.com\/fr\/produit\/specimen-de-coloris-american-walnut-copy-copy-copy-copy\/#primaryimage\"},\"image\":{\"@id\":\"https:\/\/faktumonline.com\/fr\/produit\/specimen-de-coloris-american-walnut-copy-copy-copy-copy\/#primaryimage\"},\"thumbnailUrl\":\"https:\/\/faktumonline.com\/wp-content\/uploads\/2026\/02\/Dark-Brown-Veneer-Closeup.webp\",\"datePublished\":\"2024-02-24T16:58:04+00:00\",\"dateModified\":\"2024-03-13T20:02:37+00:00\",\"breadcrumb\":{\"@id\":\"https:\/\/faktumonline.com\/fr\/produit\/specimen-de-coloris-american-walnut-copy-copy-copy-copy\/#breadcrumb\"},\"inLanguage\":\"fr-FR\",\"potentialAction\":[{\"@type\":\"ReadAction\",\"target\":[\"https:\/\/faktumonline.com\/fr\/produit\/specimen-de-coloris-american-walnut-copy-copy-copy-copy\/\"]}]},{\"@type\":\"ImageObject\",\"inLanguage\":\"fr-FR\",\"@id\":\"https:\/\/faktumonline.com\/fr\/produit\/specimen-de-coloris-american-walnut-copy-copy-copy-copy\/#primaryimage\",\"url\":\"https:\/\/faktumonline.com\/wp-content\/uploads\/2026\/02\/Dark-Brown-Veneer-Closeup.webp\",\"contentUrl\":\"https:\/\/faktumonline.com\/wp-content\/uploads\/2026\/02\/Dark-Brown-Veneer-Closeup.webp\",\"width\":1200,\"height\":1800},{\"@type\":\"BreadcrumbList\",\"@id\":\"https:\/\/faktumonline.com\/fr\/produit\/specimen-de-coloris-american-walnut-copy-copy-copy-copy\/#breadcrumb\",\"itemListElement\":[{\"@type\":\"ListItem\",\"position\":1,\"name\":\"Hem\",\"item\":\"https:\/\/faktumonline.com\/fr\/\"},{\"@type\":\"ListItem\",\"position\":2,\"name\":\"Webshop\",\"item\":\"https:\/\/faktumonline.com\/fr\/webshop\/\"},{\"@type\":\"ListItem\",\"position\":3,\"name\":\"Sp\u00e9cimen Dark Brown Oak en plaqu\u00e9 bois*\"}]},{\"@type\":\"WebSite\",\"@id\":\"https:\/\/faktumonline.com\/da\/#website\",\"url\":\"https:\/\/faktumonline.com\/da\/\",\"name\":\"Faktum Online Store\",\"description\":\"Premium doors for IKEA kitchens\",\"potentialAction\":[{\"@type\":\"SearchAction\",\"target\":{\"@type\":\"EntryPoint\",\"urlTemplate\":\"https:\/\/faktumonline.com\/da\/?s={search_term_string}\"},\"query-input\":{\"@type\":\"PropertyValueSpecification\",\"valueRequired\":true,\"valueName\":\"search_term_string\"}}],\"inLanguage\":\"fr-FR\"}]}<\/script>\n<!-- \/ Yoast SEO Premium plugin. -->","yoast_head_json":{"title":"Sp\u00e9cimen Dark Brown Oak en plaqu\u00e9 bois* - Faktum online store","robots":{"index":"index","follow":"follow","max-snippet":"max-snippet:-1","max-image-preview":"max-image-preview:large","max-video-preview":"max-video-preview:-1"},"canonical":"https:\/\/faktumonline.com\/fr\/produit\/specimen-de-coloris-american-walnut-copy-copy-copy-copy\/","og_locale":"fr_FR","og_type":"article","og_title":"Sp\u00e9cimen Dark Brown Oak en plaqu\u00e9 bois*","og_description":"Il s'agit d'un sp\u00e9cimen de couleur en plaqu\u00e9 bois v\u00e9ritable. Environ de la taille d'une petite fa\u00e7ade de tiroir 40\u00d715 cm. Ajouter au panier pour commander ce sp\u00e9cimen.  Les portes en plaqu\u00e9 bois sont uniquement disponibles dans le mod\u00e8le \u00e0 surface lisse W28.  Avis de non-responsabilit\u00e9 : le rendu de coloris peut varier en fonction du type d\u2019\u00e9cran utilis\u00e9 (\u00e9crans d'ordinateur, les t\u00e9l\u00e9phones, tablettes, etc.\u2026). Veuillez consid\u00e9rer les images comme une indication approximative. C'est l'une des raisons pour lesquelles nous proposons un service de sp\u00e9cimen. Cela vous donne l'opportunit\u00e9 de voir le rendu de la couleur et de notre qualit\u00e9 premium dans les conditions d'\u00e9clairage de votre propre cuisine. De plus : l\u2019aspect du bois \u00e9tant diff\u00e9rents d\u2019un arbre \u00e0 l\u2019autre, il y aura des variations de teintes. C'est ainsi que fonctionne Dame Nature et c\u2019est ce qui donne la beaut\u00e9 et l\u2019unicit\u00e9 du bois v\u00e9ritable.","og_url":"https:\/\/faktumonline.com\/fr\/produit\/specimen-de-coloris-american-walnut-copy-copy-copy-copy\/","og_site_name":"Faktum online store","article_modified_time":"2024-03-13T20:02:37+00:00","og_image":[{"width":1200,"height":1800,"url":"https:\/\/faktumonline.com\/wp-content\/uploads\/2024\/02\/Dark-Brown-Veneer-Closeup.jpg","type":"image\/jpeg"}],"twitter_card":"summary_large_image","schema":{"@context":"https:\/\/schema.org","@graph":[{"@type":"WebPage","@id":"https:\/\/faktumonline.com\/fr\/produit\/specimen-de-coloris-american-walnut-copy-copy-copy-copy\/","url":"https:\/\/faktumonline.com\/fr\/produit\/specimen-de-coloris-american-walnut-copy-copy-copy-copy\/","name":"Sp\u00e9cimen Dark Brown Oak en plaqu\u00e9 bois* - Faktum online store","isPartOf":{"@id":"https:\/\/faktumonline.com\/da\/#website"},"primaryImageOfPage":{"@id":"https:\/\/faktumonline.com\/fr\/produit\/specimen-de-coloris-american-walnut-copy-copy-copy-copy\/#primaryimage"},"image":{"@id":"https:\/\/faktumonline.com\/fr\/produit\/specimen-de-coloris-american-walnut-copy-copy-copy-copy\/#primaryimage"},"thumbnailUrl":"https:\/\/faktumonline.com\/wp-content\/uploads\/2026\/02\/Dark-Brown-Veneer-Closeup.webp","datePublished":"2024-02-24T16:58:04+00:00","dateModified":"2024-03-13T20:02:37+00:00","breadcrumb":{"@id":"https:\/\/faktumonline.com\/fr\/produit\/specimen-de-coloris-american-walnut-copy-copy-copy-copy\/#breadcrumb"},"inLanguage":"fr-FR","potentialAction":[{"@type":"ReadAction","target":["https:\/\/faktumonline.com\/fr\/produit\/specimen-de-coloris-american-walnut-copy-copy-copy-copy\/"]}]},{"@type":"ImageObject","inLanguage":"fr-FR","@id":"https:\/\/faktumonline.com\/fr\/produit\/specimen-de-coloris-american-walnut-copy-copy-copy-copy\/#primaryimage","url":"https:\/\/faktumonline.com\/wp-content\/uploads\/2026\/02\/Dark-Brown-Veneer-Closeup.webp","contentUrl":"https:\/\/faktumonline.com\/wp-content\/uploads\/2026\/02\/Dark-Brown-Veneer-Closeup.webp","width":1200,"height":1800},{"@type":"BreadcrumbList","@id":"https:\/\/faktumonline.com\/fr\/produit\/specimen-de-coloris-american-walnut-copy-copy-copy-copy\/#breadcrumb","itemListElement":[{"@type":"ListItem","position":1,"name":"Hem","item":"https:\/\/faktumonline.com\/fr\/"},{"@type":"ListItem","position":2,"name":"Webshop","item":"https:\/\/faktumonline.com\/fr\/webshop\/"},{"@type":"ListItem","position":3,"name":"Sp\u00e9cimen Dark Brown Oak en plaqu\u00e9 bois*"}]},{"@type":"WebSite","@id":"https:\/\/faktumonline.com\/da\/#website","url":"https:\/\/faktumonline.com\/da\/","name":"Faktum Online Store","description":"Premium doors for IKEA kitchens","potentialAction":[{"@type":"SearchAction","target":{"@type":"EntryPoint","urlTemplate":"https:\/\/faktumonline.com\/da\/?s={search_term_string}"},"query-input":{"@type":"PropertyValueSpecification","valueRequired":true,"valueName":"search_term_string"}}],"inLanguage":"fr-FR"}]}},"_links":{"self":[{"href":"https:\/\/faktumonline.com\/fr\/wp-json\/wp\/v2\/product\/112039","targetHints":{"allow":["GET"]}}],"collection":[{"href":"https:\/\/faktumonline.com\/fr\/wp-json\/wp\/v2\/product"}],"about":[{"href":"https:\/\/faktumonline.com\/fr\/wp-json\/wp\/v2\/types\/product"}],"version-history":[{"count":2,"href":"https:\/\/faktumonline.com\/fr\/wp-json\/wp\/v2\/product\/112039\/revisions"}],"predecessor-version":[{"id":115136,"href":"https:\/\/faktumonline.com\/fr\/wp-json\/wp\/v2\/product\/112039\/revisions\/115136"}],"wp:featuredmedia":[{"embeddable":true,"href":"https:\/\/faktumonline.com\/fr\/wp-json\/wp\/v2\/media\/157740"}],"wp:attachment":[{"href":"https:\/\/faktumonline.com\/fr\/wp-json\/wp\/v2\/media?parent=112039"}],"wp:term":[{"taxonomy":"product_brand","embeddable":true,"href":"https:\/\/faktumonline.com\/fr\/wp-json\/wp\/v2\/product_brand?post=112039"},{"taxonomy":"product_cat","embeddable":true,"href":"https:\/\/faktumonline.com\/fr\/wp-json\/wp\/v2\/product_cat?post=112039"},{"taxonomy":"product_tag","embeddable":true,"href":"https:\/\/faktumonline.com\/fr\/wp-json\/wp\/v2\/product_tag?post=112039"}],"curies":[{"name":"wp","href":"https:\/\/api.w.org\/{rel}","templated":true}]}}