{"id":10626,"date":"2019-04-21T20:32:10","date_gmt":"2019-04-21T19:32:10","guid":{"rendered":"https:\/\/faktumonline.com\/product\/satin-glass-verre-satine\/"},"modified":"2019-04-21T20:32:10","modified_gmt":"2019-04-21T19:32:10","slug":"satin-glass-verre-satine","status":"publish","type":"product","link":"https:\/\/faktumonline.com\/fr\/produit\/satin-glass-verre-satine\/","title":{"rendered":"Satin glass \/ Verre satin\u00e9"},"content":{"rendered":"","protected":false},"excerpt":{"rendered":"<p>Ajoutez ceci au panier et toutes les portes \u00e0 panneaux de verre seront \u00e9quip\u00e9es de ce verre.<\/p>\n","protected":false},"featured_media":0,"template":"","meta":[],"product_brand":[],"product_cat":[594],"product_tag":[],"class_list":{"0":"post-10626","1":"product","2":"type-product","3":"status-publish","5":"product_cat-type-de-verre","6":"sales-flash-overlay","7":"woocommerce-text-align-center","8":"woocommerce-image-align-center","10":"first","11":"instock","12":"taxable","13":"shipping-taxable","14":"purchasable","15":"product-type-simple"},"exclude_global_add_ons":[],"addons":[],"yoast_head":"<!-- This site is optimized with the Yoast SEO Premium plugin v27.0 (Yoast SEO v27.0) - https:\/\/yoast.com\/product\/yoast-seo-premium-wordpress\/ -->\n<title>Satin glass \/ Verre satin\u00e9 - Faktum online store<\/title>\n<meta name=\"robots\" content=\"index, follow, max-snippet:-1, max-image-preview:large, max-video-preview:-1\" \/>\n<link rel=\"canonical\" href=\"https:\/\/faktumonline.com\/fr\/produit\/satin-glass-verre-satine\/\" \/>\n<meta property=\"og:locale\" content=\"fr_FR\" \/>\n<meta property=\"og:type\" content=\"article\" \/>\n<meta property=\"og:title\" content=\"Satin glass \/ Verre satin\u00e9\" \/>\n<meta property=\"og:description\" content=\"Ajoutez ceci au panier et toutes les portes \u00e0 panneaux de verre seront \u00e9quip\u00e9es de ce verre.\" \/>\n<meta property=\"og:url\" content=\"https:\/\/faktumonline.com\/fr\/produit\/satin-glass-verre-satine\/\" \/>\n<meta property=\"og:site_name\" content=\"Faktum online store\" \/>\n<meta name=\"twitter:card\" content=\"summary_large_image\" \/>\n<script type=\"application\/ld+json\" class=\"yoast-schema-graph\">{\"@context\":\"https:\/\/schema.org\",\"@graph\":[{\"@type\":\"WebPage\",\"@id\":\"https:\/\/faktumonline.com\/fr\/produit\/satin-glass-verre-satine\/\",\"url\":\"https:\/\/faktumonline.com\/fr\/produit\/satin-glass-verre-satine\/\",\"name\":\"Satin glass \/ Verre satin\u00e9 - Faktum online store\",\"isPartOf\":{\"@id\":\"https:\/\/faktumonline.com\/da\/#website\"},\"datePublished\":\"2019-04-21T19:32:10+00:00\",\"breadcrumb\":{\"@id\":\"https:\/\/faktumonline.com\/fr\/produit\/satin-glass-verre-satine\/#breadcrumb\"},\"inLanguage\":\"fr-FR\",\"potentialAction\":[{\"@type\":\"ReadAction\",\"target\":[\"https:\/\/faktumonline.com\/fr\/produit\/satin-glass-verre-satine\/\"]}]},{\"@type\":\"BreadcrumbList\",\"@id\":\"https:\/\/faktumonline.com\/fr\/produit\/satin-glass-verre-satine\/#breadcrumb\",\"itemListElement\":[{\"@type\":\"ListItem\",\"position\":1,\"name\":\"Hem\",\"item\":\"https:\/\/faktumonline.com\/fr\/\"},{\"@type\":\"ListItem\",\"position\":2,\"name\":\"Webshop\",\"item\":\"https:\/\/faktumonline.com\/fr\/webshop\/\"},{\"@type\":\"ListItem\",\"position\":3,\"name\":\"Satin glass \/ Verre satin\u00e9\"}]},{\"@type\":\"WebSite\",\"@id\":\"https:\/\/faktumonline.com\/da\/#website\",\"url\":\"https:\/\/faktumonline.com\/da\/\",\"name\":\"Faktum Online Store\",\"description\":\"Premium doors for IKEA kitchens\",\"potentialAction\":[{\"@type\":\"SearchAction\",\"target\":{\"@type\":\"EntryPoint\",\"urlTemplate\":\"https:\/\/faktumonline.com\/da\/?s={search_term_string}\"},\"query-input\":{\"@type\":\"PropertyValueSpecification\",\"valueRequired\":true,\"valueName\":\"search_term_string\"}}],\"inLanguage\":\"fr-FR\"}]}<\/script>\n<!-- \/ Yoast SEO Premium plugin. -->","yoast_head_json":{"title":"Satin glass \/ Verre satin\u00e9 - Faktum online store","robots":{"index":"index","follow":"follow","max-snippet":"max-snippet:-1","max-image-preview":"max-image-preview:large","max-video-preview":"max-video-preview:-1"},"canonical":"https:\/\/faktumonline.com\/fr\/produit\/satin-glass-verre-satine\/","og_locale":"fr_FR","og_type":"article","og_title":"Satin glass \/ Verre satin\u00e9","og_description":"Ajoutez ceci au panier et toutes les portes \u00e0 panneaux de verre seront \u00e9quip\u00e9es de ce verre.","og_url":"https:\/\/faktumonline.com\/fr\/produit\/satin-glass-verre-satine\/","og_site_name":"Faktum online store","twitter_card":"summary_large_image","schema":{"@context":"https:\/\/schema.org","@graph":[{"@type":"WebPage","@id":"https:\/\/faktumonline.com\/fr\/produit\/satin-glass-verre-satine\/","url":"https:\/\/faktumonline.com\/fr\/produit\/satin-glass-verre-satine\/","name":"Satin glass \/ Verre satin\u00e9 - Faktum online store","isPartOf":{"@id":"https:\/\/faktumonline.com\/da\/#website"},"datePublished":"2019-04-21T19:32:10+00:00","breadcrumb":{"@id":"https:\/\/faktumonline.com\/fr\/produit\/satin-glass-verre-satine\/#breadcrumb"},"inLanguage":"fr-FR","potentialAction":[{"@type":"ReadAction","target":["https:\/\/faktumonline.com\/fr\/produit\/satin-glass-verre-satine\/"]}]},{"@type":"BreadcrumbList","@id":"https:\/\/faktumonline.com\/fr\/produit\/satin-glass-verre-satine\/#breadcrumb","itemListElement":[{"@type":"ListItem","position":1,"name":"Hem","item":"https:\/\/faktumonline.com\/fr\/"},{"@type":"ListItem","position":2,"name":"Webshop","item":"https:\/\/faktumonline.com\/fr\/webshop\/"},{"@type":"ListItem","position":3,"name":"Satin glass \/ Verre satin\u00e9"}]},{"@type":"WebSite","@id":"https:\/\/faktumonline.com\/da\/#website","url":"https:\/\/faktumonline.com\/da\/","name":"Faktum Online Store","description":"Premium doors for IKEA kitchens","potentialAction":[{"@type":"SearchAction","target":{"@type":"EntryPoint","urlTemplate":"https:\/\/faktumonline.com\/da\/?s={search_term_string}"},"query-input":{"@type":"PropertyValueSpecification","valueRequired":true,"valueName":"search_term_string"}}],"inLanguage":"fr-FR"}]}},"_links":{"self":[{"href":"https:\/\/faktumonline.com\/fr\/wp-json\/wp\/v2\/product\/10626","targetHints":{"allow":["GET"]}}],"collection":[{"href":"https:\/\/faktumonline.com\/fr\/wp-json\/wp\/v2\/product"}],"about":[{"href":"https:\/\/faktumonline.com\/fr\/wp-json\/wp\/v2\/types\/product"}],"version-history":[{"count":0,"href":"https:\/\/faktumonline.com\/fr\/wp-json\/wp\/v2\/product\/10626\/revisions"}],"wp:attachment":[{"href":"https:\/\/faktumonline.com\/fr\/wp-json\/wp\/v2\/media?parent=10626"}],"wp:term":[{"taxonomy":"product_brand","embeddable":true,"href":"https:\/\/faktumonline.com\/fr\/wp-json\/wp\/v2\/product_brand?post=10626"},{"taxonomy":"product_cat","embeddable":true,"href":"https:\/\/faktumonline.com\/fr\/wp-json\/wp\/v2\/product_cat?post=10626"},{"taxonomy":"product_tag","embeddable":true,"href":"https:\/\/faktumonline.com\/fr\/wp-json\/wp\/v2\/product_tag?post=10626"}],"curies":[{"name":"wp","href":"https:\/\/api.w.org\/{rel}","templated":true}]}}