{"id":10597,"date":"2019-04-14T14:28:18","date_gmt":"2019-04-14T13:28:18","guid":{"rendered":"https:\/\/faktumonline.com\/product\/armoire-de-base-60x70\/"},"modified":"2024-11-11T19:10:32","modified_gmt":"2024-11-11T18:10:32","slug":"armoire-de-base-60x70","status":"publish","type":"product","link":"https:\/\/faktumonline.com\/fr\/produit\/armoire-de-base-60x70\/","title":{"rendered":"\u00c9l\u00e9ment bas 60\u00d770"},"content":{"rendered":"<p>60 x 70 x 58 cm<\/p>\n","protected":false},"excerpt":{"rendered":"<div class=\"product-short-description\">\n<p>\u00c9l\u00e9ment bas pour les cuisines IKEA Faktum. Il sera fabriqu\u00e9 en \u201cblanc standard\u201d quelle que soit la couleur choisie pour les fa\u00e7ades.<\/p>\n<p>Largeur : 60 cm \u2013 Hauteur : 70 cm \u2013 Profondeur : 58 cm.<\/p>\n<p>Combin\u00e9 \u00e0 des am\u00e9nagements int\u00e9rieurs, cet \u00e9l\u00e9ment bas offre un espace de rangement tr\u00e8s pratique. Notez que les portes et fa\u00e7ades de tiroirs doivent \u00eatre command\u00e9es s\u00e9par\u00e9ment.<\/p>\n<\/div>\n","protected":false},"featured_media":124021,"template":"","meta":[],"product_brand":[],"product_cat":[587],"product_tag":[],"class_list":{"0":"post-10597","1":"product","2":"type-product","3":"status-publish","4":"has-post-thumbnail","6":"product_cat-armoires-de-base","7":"sales-flash-overlay","8":"woocommerce-text-align-center","9":"woocommerce-image-align-center","11":"first","12":"instock","13":"taxable","14":"shipping-taxable","15":"purchasable","16":"product-type-simple"},"exclude_global_add_ons":[],"addons":[],"yoast_head":"<!-- This site is optimized with the Yoast SEO Premium plugin v27.4 (Yoast SEO v27.4) - https:\/\/yoast.com\/product\/yoast-seo-premium-wordpress\/ -->\n<title>\u00c9l\u00e9ment bas 60\u00d770 - Faktum online store<\/title>\n<meta name=\"robots\" content=\"index, follow, max-snippet:-1, max-image-preview:large, max-video-preview:-1\" \/>\n<link rel=\"canonical\" href=\"https:\/\/faktumonline.com\/fr\/produit\/armoire-de-base-60x70\/\" \/>\n<meta property=\"og:locale\" content=\"fr_FR\" \/>\n<meta property=\"og:type\" content=\"article\" \/>\n<meta property=\"og:title\" content=\"\u00c9l\u00e9ment bas 60\u00d770\" \/>\n<meta property=\"og:description\" content=\"\u00c9l\u00e9ment bas pour les cuisines IKEA Faktum. Il sera fabriqu\u00e9 en \u201cblanc standard\u201d quelle que soit la couleur choisie pour les fa\u00e7ades.  Largeur : 60 cm \u2013 Hauteur : 70 cm \u2013 Profondeur : 58 cm.  Combin\u00e9 \u00e0 des am\u00e9nagements int\u00e9rieurs, cet \u00e9l\u00e9ment bas offre un espace de rangement tr\u00e8s pratique. Notez que les portes et fa\u00e7ades de tiroirs doivent \u00eatre command\u00e9es s\u00e9par\u00e9ment.\" \/>\n<meta property=\"og:url\" content=\"https:\/\/faktumonline.com\/fr\/produit\/armoire-de-base-60x70\/\" \/>\n<meta property=\"og:site_name\" content=\"Faktum online store\" \/>\n<meta property=\"article:modified_time\" content=\"2024-11-11T18:10:32+00:00\" \/>\n<meta property=\"og:image\" content=\"https:\/\/faktumonline.com\/wp-content\/uploads\/2019\/04\/Base-Cabinet-60x70-1.png\" \/>\n\t<meta property=\"og:image:width\" content=\"510\" \/>\n\t<meta property=\"og:image:height\" content=\"825\" \/>\n\t<meta property=\"og:image:type\" content=\"image\/png\" \/>\n<meta name=\"twitter:card\" content=\"summary_large_image\" \/>\n<meta name=\"twitter:label1\" content=\"Dur\u00e9e de lecture estim\u00e9e\" \/>\n\t<meta name=\"twitter:data1\" content=\"1 minute\" \/>\n<script type=\"application\/ld+json\" class=\"yoast-schema-graph\">{\"@context\":\"https:\\\/\\\/schema.org\",\"@graph\":[{\"@type\":\"WebPage\",\"@id\":\"https:\\\/\\\/faktumonline.com\\\/fr\\\/produit\\\/armoire-de-base-60x70\\\/\",\"url\":\"https:\\\/\\\/faktumonline.com\\\/fr\\\/produit\\\/armoire-de-base-60x70\\\/\",\"name\":\"\u00c9l\u00e9ment bas 60\u00d770 - Faktum online store\",\"isPartOf\":{\"@id\":\"https:\\\/\\\/faktumonline.com\\\/da\\\/#website\"},\"primaryImageOfPage\":{\"@id\":\"https:\\\/\\\/faktumonline.com\\\/fr\\\/produit\\\/armoire-de-base-60x70\\\/#primaryimage\"},\"image\":{\"@id\":\"https:\\\/\\\/faktumonline.com\\\/fr\\\/produit\\\/armoire-de-base-60x70\\\/#primaryimage\"},\"thumbnailUrl\":\"https:\\\/\\\/faktumonline.com\\\/wp-content\\\/uploads\\\/2019\\\/04\\\/Base-Cabinet-60x70-1.png\",\"datePublished\":\"2019-04-14T13:28:18+00:00\",\"dateModified\":\"2024-11-11T18:10:32+00:00\",\"breadcrumb\":{\"@id\":\"https:\\\/\\\/faktumonline.com\\\/fr\\\/produit\\\/armoire-de-base-60x70\\\/#breadcrumb\"},\"inLanguage\":\"fr-FR\",\"potentialAction\":[{\"@type\":\"ReadAction\",\"target\":[\"https:\\\/\\\/faktumonline.com\\\/fr\\\/produit\\\/armoire-de-base-60x70\\\/\"]}]},{\"@type\":\"ImageObject\",\"inLanguage\":\"fr-FR\",\"@id\":\"https:\\\/\\\/faktumonline.com\\\/fr\\\/produit\\\/armoire-de-base-60x70\\\/#primaryimage\",\"url\":\"https:\\\/\\\/faktumonline.com\\\/wp-content\\\/uploads\\\/2019\\\/04\\\/Base-Cabinet-60x70-1.png\",\"contentUrl\":\"https:\\\/\\\/faktumonline.com\\\/wp-content\\\/uploads\\\/2019\\\/04\\\/Base-Cabinet-60x70-1.png\",\"width\":510,\"height\":825,\"caption\":\"IKEA Faktum Base Cabinet 60x70\"},{\"@type\":\"BreadcrumbList\",\"@id\":\"https:\\\/\\\/faktumonline.com\\\/fr\\\/produit\\\/armoire-de-base-60x70\\\/#breadcrumb\",\"itemListElement\":[{\"@type\":\"ListItem\",\"position\":1,\"name\":\"Hem\",\"item\":\"https:\\\/\\\/faktumonline.com\\\/fr\\\/\"},{\"@type\":\"ListItem\",\"position\":2,\"name\":\"Webshop\",\"item\":\"https:\\\/\\\/faktumonline.com\\\/fr\\\/webshop\\\/\"},{\"@type\":\"ListItem\",\"position\":3,\"name\":\"\u00c9l\u00e9ment bas 60\u00d770\"}]},{\"@type\":\"WebSite\",\"@id\":\"https:\\\/\\\/faktumonline.com\\\/da\\\/#website\",\"url\":\"https:\\\/\\\/faktumonline.com\\\/da\\\/\",\"name\":\"Faktum Online Store\",\"description\":\"Premium doors for IKEA kitchens\",\"potentialAction\":[{\"@type\":\"SearchAction\",\"target\":{\"@type\":\"EntryPoint\",\"urlTemplate\":\"https:\\\/\\\/faktumonline.com\\\/da\\\/?s={search_term_string}\"},\"query-input\":{\"@type\":\"PropertyValueSpecification\",\"valueRequired\":true,\"valueName\":\"search_term_string\"}}],\"inLanguage\":\"fr-FR\"}]}<\/script>\n<!-- \/ Yoast SEO Premium plugin. -->","yoast_head_json":{"title":"\u00c9l\u00e9ment bas 60\u00d770 - Faktum online store","robots":{"index":"index","follow":"follow","max-snippet":"max-snippet:-1","max-image-preview":"max-image-preview:large","max-video-preview":"max-video-preview:-1"},"canonical":"https:\/\/faktumonline.com\/fr\/produit\/armoire-de-base-60x70\/","og_locale":"fr_FR","og_type":"article","og_title":"\u00c9l\u00e9ment bas 60\u00d770","og_description":"\u00c9l\u00e9ment bas pour les cuisines IKEA Faktum. Il sera fabriqu\u00e9 en \u201cblanc standard\u201d quelle que soit la couleur choisie pour les fa\u00e7ades.  Largeur : 60 cm \u2013 Hauteur : 70 cm \u2013 Profondeur : 58 cm.  Combin\u00e9 \u00e0 des am\u00e9nagements int\u00e9rieurs, cet \u00e9l\u00e9ment bas offre un espace de rangement tr\u00e8s pratique. Notez que les portes et fa\u00e7ades de tiroirs doivent \u00eatre command\u00e9es s\u00e9par\u00e9ment.","og_url":"https:\/\/faktumonline.com\/fr\/produit\/armoire-de-base-60x70\/","og_site_name":"Faktum online store","article_modified_time":"2024-11-11T18:10:32+00:00","og_image":[{"width":510,"height":825,"url":"https:\/\/faktumonline.com\/wp-content\/uploads\/2019\/04\/Base-Cabinet-60x70-1.png","type":"image\/png"}],"twitter_card":"summary_large_image","twitter_misc":{"Dur\u00e9e de lecture estim\u00e9e":"1 minute"},"schema":{"@context":"https:\/\/schema.org","@graph":[{"@type":"WebPage","@id":"https:\/\/faktumonline.com\/fr\/produit\/armoire-de-base-60x70\/","url":"https:\/\/faktumonline.com\/fr\/produit\/armoire-de-base-60x70\/","name":"\u00c9l\u00e9ment bas 60\u00d770 - Faktum online store","isPartOf":{"@id":"https:\/\/faktumonline.com\/da\/#website"},"primaryImageOfPage":{"@id":"https:\/\/faktumonline.com\/fr\/produit\/armoire-de-base-60x70\/#primaryimage"},"image":{"@id":"https:\/\/faktumonline.com\/fr\/produit\/armoire-de-base-60x70\/#primaryimage"},"thumbnailUrl":"https:\/\/faktumonline.com\/wp-content\/uploads\/2019\/04\/Base-Cabinet-60x70-1.png","datePublished":"2019-04-14T13:28:18+00:00","dateModified":"2024-11-11T18:10:32+00:00","breadcrumb":{"@id":"https:\/\/faktumonline.com\/fr\/produit\/armoire-de-base-60x70\/#breadcrumb"},"inLanguage":"fr-FR","potentialAction":[{"@type":"ReadAction","target":["https:\/\/faktumonline.com\/fr\/produit\/armoire-de-base-60x70\/"]}]},{"@type":"ImageObject","inLanguage":"fr-FR","@id":"https:\/\/faktumonline.com\/fr\/produit\/armoire-de-base-60x70\/#primaryimage","url":"https:\/\/faktumonline.com\/wp-content\/uploads\/2019\/04\/Base-Cabinet-60x70-1.png","contentUrl":"https:\/\/faktumonline.com\/wp-content\/uploads\/2019\/04\/Base-Cabinet-60x70-1.png","width":510,"height":825,"caption":"IKEA Faktum Base Cabinet 60x70"},{"@type":"BreadcrumbList","@id":"https:\/\/faktumonline.com\/fr\/produit\/armoire-de-base-60x70\/#breadcrumb","itemListElement":[{"@type":"ListItem","position":1,"name":"Hem","item":"https:\/\/faktumonline.com\/fr\/"},{"@type":"ListItem","position":2,"name":"Webshop","item":"https:\/\/faktumonline.com\/fr\/webshop\/"},{"@type":"ListItem","position":3,"name":"\u00c9l\u00e9ment bas 60\u00d770"}]},{"@type":"WebSite","@id":"https:\/\/faktumonline.com\/da\/#website","url":"https:\/\/faktumonline.com\/da\/","name":"Faktum Online Store","description":"Premium doors for IKEA kitchens","potentialAction":[{"@type":"SearchAction","target":{"@type":"EntryPoint","urlTemplate":"https:\/\/faktumonline.com\/da\/?s={search_term_string}"},"query-input":{"@type":"PropertyValueSpecification","valueRequired":true,"valueName":"search_term_string"}}],"inLanguage":"fr-FR"}]}},"_links":{"self":[{"href":"https:\/\/faktumonline.com\/fr\/wp-json\/wp\/v2\/product\/10597","targetHints":{"allow":["GET"]}}],"collection":[{"href":"https:\/\/faktumonline.com\/fr\/wp-json\/wp\/v2\/product"}],"about":[{"href":"https:\/\/faktumonline.com\/fr\/wp-json\/wp\/v2\/types\/product"}],"version-history":[{"count":4,"href":"https:\/\/faktumonline.com\/fr\/wp-json\/wp\/v2\/product\/10597\/revisions"}],"predecessor-version":[{"id":62138,"href":"https:\/\/faktumonline.com\/fr\/wp-json\/wp\/v2\/product\/10597\/revisions\/62138"}],"wp:featuredmedia":[{"embeddable":true,"href":"https:\/\/faktumonline.com\/fr\/wp-json\/wp\/v2\/media\/124021"}],"wp:attachment":[{"href":"https:\/\/faktumonline.com\/fr\/wp-json\/wp\/v2\/media?parent=10597"}],"wp:term":[{"taxonomy":"product_brand","embeddable":true,"href":"https:\/\/faktumonline.com\/fr\/wp-json\/wp\/v2\/product_brand?post=10597"},{"taxonomy":"product_cat","embeddable":true,"href":"https:\/\/faktumonline.com\/fr\/wp-json\/wp\/v2\/product_cat?post=10597"},{"taxonomy":"product_tag","embeddable":true,"href":"https:\/\/faktumonline.com\/fr\/wp-json\/wp\/v2\/product_tag?post=10597"}],"curies":[{"name":"wp","href":"https:\/\/api.w.org\/{rel}","templated":true}]}}