{"id":10590,"date":"2019-04-14T14:57:20","date_gmt":"2019-04-14T13:57:20","guid":{"rendered":"https:\/\/faktumonline.com\/product\/armoire-murale-45x92\/"},"modified":"2021-05-25T16:13:32","modified_gmt":"2021-05-25T15:13:32","slug":"armoire-murale-45x92","status":"publish","type":"product","link":"https:\/\/faktumonline.com\/fr\/produit\/armoire-murale-45x92\/","title":{"rendered":"\u00c9l\u00e9ment mural 45\u00d792"},"content":{"rendered":"<p>45 x 92 x 35,5 cm<\/p>\n","protected":false},"excerpt":{"rendered":"<p>Ceci est une armoire murale pour les cuisines IKEA Faktum. Largeur = 45 cm x Hauteur 92 cm x Profondeur 35,5 cm. Sera fabriqu\u00e9 \u201cblanc standard\u201d quelle que soit la couleur choisie pour les fa\u00e7ades.<\/p>\n<p>Combin\u00e9 \u00e0 des am\u00e9nagements int\u00e9rieurs, cet \u00e9l\u00e9ment bas offre un espace de rangement tr\u00e8s pratique.<\/p>\n","protected":false},"featured_media":43440,"template":"","meta":[],"product_brand":[],"product_cat":[721],"product_tag":[],"class_list":{"0":"post-10590","1":"product","2":"type-product","3":"status-publish","4":"has-post-thumbnail","6":"product_cat-armoires-murales-hauteur-92-cm","7":"sales-flash-overlay","8":"woocommerce-text-align-center","9":"woocommerce-image-align-center","11":"first","12":"instock","13":"taxable","14":"shipping-taxable","15":"purchasable","16":"product-type-simple"},"exclude_global_add_ons":false,"addons":[{"name":"Door configuration","type":"checkbox","position":0,"required":false,"title_format":"heading","default":"","description_enable":false,"description":"","placeholder_enable":false,"placeholder":"","display":"select","restrictions_type":"any_text","adjust_price":false,"price":"","price_type":"flat_fee","restrictions":false,"min":"0","max":"0","options":[{"label":"Door 15x70","price":"69","price_type":"quantity_based","image":0},{"label":"Set of 2 hinges","price":"19","price_type":"quantity_based","image":0},{"label":"Set of 2 mounting plates","price":"9","price_type":"quantity_based","image":0}],"id":1738948690},{"name":"Pull Out Config","type":"checkbox","position":1,"required":false,"title_format":"heading","default":"","description_enable":false,"description":"","placeholder_enable":false,"placeholder":"","display":"select","restrictions_type":"any_text","adjust_price":false,"price":"","price_type":"flat_fee","restrictions":false,"min":"0","max":"0","options":[{"label":"Pull Out Draw Set","price":"159","price_type":"quantity_based","image":0},{"label":"Draw Front","price":"69","price_type":"quantity_based","image":0}],"id":1738948691},{"name":"Legs","type":"checkbox","position":2,"required":false,"title_format":"heading","default":"","description_enable":false,"description":"","placeholder_enable":false,"placeholder":"","display":"select","restrictions_type":"any_text","adjust_price":false,"price":"","price_type":"flat_fee","restrictions":false,"min":"0","max":"0","options":[{"label":"Set of 4 legs. 16 cm (14,5 - 17 cm)","price":"3.95","price_type":"quantity_based","image":0},{"label":"Set of 4 legs. 12 cm (11,5 - 14.4 cm)","price":"3.95","price_type":"quantity_based","image":0},{"label":"No legs","price":"","price_type":"quantity_based","image":0}],"id":1738948692},{"name":"Accessoires:","type":"checkbox","position":0,"required":false,"title_format":"heading","default":"","description_enable":false,"description":"","placeholder_enable":false,"placeholder":"","display":"select","restrictions_type":"any_text","adjust_price":false,"price":"","price_type":"flat_fee","restrictions":false,"min":"0","max":"0","options":[{"label":"2x Charni\u00e8res pour Faktum fermeture douce + fermeture automatique","price":"19","price_type":"quantity_based","image":0},{"label":"4x Charni\u00e8res pour Faktum fermeture douce + fermeture automatique","price":"37","price_type":"quantity_based","image":0},{"label":"2x Plaques de montage pour les charni\u00e8res","price":"9","price_type":"quantity_based","image":0},{"label":"4x Plaques de montage pour les charni\u00e8res","price":"17","price_type":"quantity_based","image":0},{"label":"2x \u00c9tag\u00e8res, blanc","price":"39","price_type":"quantity_based","image":0},{"label":"3x \u00c9tag\u00e8res, blanc","price":"49","price_type":"quantity_based","image":0}]}],"yoast_head":"<!-- This site is optimized with the Yoast SEO Premium plugin v27.4 (Yoast SEO v27.4) - https:\/\/yoast.com\/product\/yoast-seo-premium-wordpress\/ -->\n<title>\u00c9l\u00e9ment mural 45\u00d792 - Faktum online store<\/title>\n<meta name=\"robots\" content=\"index, follow, max-snippet:-1, max-image-preview:large, max-video-preview:-1\" \/>\n<link rel=\"canonical\" href=\"https:\/\/faktumonline.com\/fr\/produit\/armoire-murale-45x92\/\" \/>\n<meta property=\"og:locale\" content=\"fr_FR\" \/>\n<meta property=\"og:type\" content=\"article\" \/>\n<meta property=\"og:title\" content=\"\u00c9l\u00e9ment mural 45\u00d792\" \/>\n<meta property=\"og:description\" content=\"Ceci est une armoire murale pour les cuisines IKEA Faktum. Largeur = 45 cm x Hauteur 92 cm x Profondeur 35,5 cm. Sera fabriqu\u00e9 \u201cblanc standard\u201d quelle que soit la couleur choisie pour les fa\u00e7ades.  Combin\u00e9 \u00e0 des am\u00e9nagements int\u00e9rieurs, cet \u00e9l\u00e9ment bas offre un espace de rangement tr\u00e8s pratique.\" \/>\n<meta property=\"og:url\" content=\"https:\/\/faktumonline.com\/fr\/produit\/armoire-murale-45x92\/\" \/>\n<meta property=\"og:site_name\" content=\"Faktum online store\" \/>\n<meta property=\"article:modified_time\" content=\"2021-05-25T15:13:32+00:00\" \/>\n<meta property=\"og:image\" content=\"https:\/\/faktumonline.com\/wp-content\/uploads\/2020\/08\/Wall-cab-IKEA-Faktum-40.jpg\" \/>\n\t<meta property=\"og:image:width\" content=\"1507\" \/>\n\t<meta property=\"og:image:height\" content=\"1884\" \/>\n\t<meta property=\"og:image:type\" content=\"image\/jpeg\" \/>\n<meta name=\"twitter:card\" content=\"summary_large_image\" \/>\n<script type=\"application\/ld+json\" class=\"yoast-schema-graph\">{\"@context\":\"https:\\\/\\\/schema.org\",\"@graph\":[{\"@type\":\"WebPage\",\"@id\":\"https:\\\/\\\/faktumonline.com\\\/fr\\\/produit\\\/armoire-murale-45x92\\\/\",\"url\":\"https:\\\/\\\/faktumonline.com\\\/fr\\\/produit\\\/armoire-murale-45x92\\\/\",\"name\":\"\u00c9l\u00e9ment mural 45\u00d792 - Faktum online store\",\"isPartOf\":{\"@id\":\"https:\\\/\\\/faktumonline.com\\\/da\\\/#website\"},\"primaryImageOfPage\":{\"@id\":\"https:\\\/\\\/faktumonline.com\\\/fr\\\/produit\\\/armoire-murale-45x92\\\/#primaryimage\"},\"image\":{\"@id\":\"https:\\\/\\\/faktumonline.com\\\/fr\\\/produit\\\/armoire-murale-45x92\\\/#primaryimage\"},\"thumbnailUrl\":\"https:\\\/\\\/faktumonline.com\\\/wp-content\\\/uploads\\\/2020\\\/08\\\/Wall-cab-IKEA-Faktum-40.jpg\",\"datePublished\":\"2019-04-14T13:57:20+00:00\",\"dateModified\":\"2021-05-25T15:13:32+00:00\",\"breadcrumb\":{\"@id\":\"https:\\\/\\\/faktumonline.com\\\/fr\\\/produit\\\/armoire-murale-45x92\\\/#breadcrumb\"},\"inLanguage\":\"fr-FR\",\"potentialAction\":[{\"@type\":\"ReadAction\",\"target\":[\"https:\\\/\\\/faktumonline.com\\\/fr\\\/produit\\\/armoire-murale-45x92\\\/\"]}]},{\"@type\":\"ImageObject\",\"inLanguage\":\"fr-FR\",\"@id\":\"https:\\\/\\\/faktumonline.com\\\/fr\\\/produit\\\/armoire-murale-45x92\\\/#primaryimage\",\"url\":\"https:\\\/\\\/faktumonline.com\\\/wp-content\\\/uploads\\\/2020\\\/08\\\/Wall-cab-IKEA-Faktum-40.jpg\",\"contentUrl\":\"https:\\\/\\\/faktumonline.com\\\/wp-content\\\/uploads\\\/2020\\\/08\\\/Wall-cab-IKEA-Faktum-40.jpg\",\"width\":1507,\"height\":1884},{\"@type\":\"BreadcrumbList\",\"@id\":\"https:\\\/\\\/faktumonline.com\\\/fr\\\/produit\\\/armoire-murale-45x92\\\/#breadcrumb\",\"itemListElement\":[{\"@type\":\"ListItem\",\"position\":1,\"name\":\"Hem\",\"item\":\"https:\\\/\\\/faktumonline.com\\\/fr\\\/\"},{\"@type\":\"ListItem\",\"position\":2,\"name\":\"Webshop\",\"item\":\"https:\\\/\\\/faktumonline.com\\\/fr\\\/webshop\\\/\"},{\"@type\":\"ListItem\",\"position\":3,\"name\":\"\u00c9l\u00e9ment mural 45\u00d792\"}]},{\"@type\":\"WebSite\",\"@id\":\"https:\\\/\\\/faktumonline.com\\\/da\\\/#website\",\"url\":\"https:\\\/\\\/faktumonline.com\\\/da\\\/\",\"name\":\"Faktum Online Store\",\"description\":\"Premium doors for IKEA kitchens\",\"potentialAction\":[{\"@type\":\"SearchAction\",\"target\":{\"@type\":\"EntryPoint\",\"urlTemplate\":\"https:\\\/\\\/faktumonline.com\\\/da\\\/?s={search_term_string}\"},\"query-input\":{\"@type\":\"PropertyValueSpecification\",\"valueRequired\":true,\"valueName\":\"search_term_string\"}}],\"inLanguage\":\"fr-FR\"}]}<\/script>\n<!-- \/ Yoast SEO Premium plugin. -->","yoast_head_json":{"title":"\u00c9l\u00e9ment mural 45\u00d792 - Faktum online store","robots":{"index":"index","follow":"follow","max-snippet":"max-snippet:-1","max-image-preview":"max-image-preview:large","max-video-preview":"max-video-preview:-1"},"canonical":"https:\/\/faktumonline.com\/fr\/produit\/armoire-murale-45x92\/","og_locale":"fr_FR","og_type":"article","og_title":"\u00c9l\u00e9ment mural 45\u00d792","og_description":"Ceci est une armoire murale pour les cuisines IKEA Faktum. Largeur = 45 cm x Hauteur 92 cm x Profondeur 35,5 cm. Sera fabriqu\u00e9 \u201cblanc standard\u201d quelle que soit la couleur choisie pour les fa\u00e7ades.  Combin\u00e9 \u00e0 des am\u00e9nagements int\u00e9rieurs, cet \u00e9l\u00e9ment bas offre un espace de rangement tr\u00e8s pratique.","og_url":"https:\/\/faktumonline.com\/fr\/produit\/armoire-murale-45x92\/","og_site_name":"Faktum online store","article_modified_time":"2021-05-25T15:13:32+00:00","og_image":[{"width":1507,"height":1884,"url":"https:\/\/faktumonline.com\/wp-content\/uploads\/2020\/08\/Wall-cab-IKEA-Faktum-40.jpg","type":"image\/jpeg"}],"twitter_card":"summary_large_image","schema":{"@context":"https:\/\/schema.org","@graph":[{"@type":"WebPage","@id":"https:\/\/faktumonline.com\/fr\/produit\/armoire-murale-45x92\/","url":"https:\/\/faktumonline.com\/fr\/produit\/armoire-murale-45x92\/","name":"\u00c9l\u00e9ment mural 45\u00d792 - Faktum online store","isPartOf":{"@id":"https:\/\/faktumonline.com\/da\/#website"},"primaryImageOfPage":{"@id":"https:\/\/faktumonline.com\/fr\/produit\/armoire-murale-45x92\/#primaryimage"},"image":{"@id":"https:\/\/faktumonline.com\/fr\/produit\/armoire-murale-45x92\/#primaryimage"},"thumbnailUrl":"https:\/\/faktumonline.com\/wp-content\/uploads\/2020\/08\/Wall-cab-IKEA-Faktum-40.jpg","datePublished":"2019-04-14T13:57:20+00:00","dateModified":"2021-05-25T15:13:32+00:00","breadcrumb":{"@id":"https:\/\/faktumonline.com\/fr\/produit\/armoire-murale-45x92\/#breadcrumb"},"inLanguage":"fr-FR","potentialAction":[{"@type":"ReadAction","target":["https:\/\/faktumonline.com\/fr\/produit\/armoire-murale-45x92\/"]}]},{"@type":"ImageObject","inLanguage":"fr-FR","@id":"https:\/\/faktumonline.com\/fr\/produit\/armoire-murale-45x92\/#primaryimage","url":"https:\/\/faktumonline.com\/wp-content\/uploads\/2020\/08\/Wall-cab-IKEA-Faktum-40.jpg","contentUrl":"https:\/\/faktumonline.com\/wp-content\/uploads\/2020\/08\/Wall-cab-IKEA-Faktum-40.jpg","width":1507,"height":1884},{"@type":"BreadcrumbList","@id":"https:\/\/faktumonline.com\/fr\/produit\/armoire-murale-45x92\/#breadcrumb","itemListElement":[{"@type":"ListItem","position":1,"name":"Hem","item":"https:\/\/faktumonline.com\/fr\/"},{"@type":"ListItem","position":2,"name":"Webshop","item":"https:\/\/faktumonline.com\/fr\/webshop\/"},{"@type":"ListItem","position":3,"name":"\u00c9l\u00e9ment mural 45\u00d792"}]},{"@type":"WebSite","@id":"https:\/\/faktumonline.com\/da\/#website","url":"https:\/\/faktumonline.com\/da\/","name":"Faktum Online Store","description":"Premium doors for IKEA kitchens","potentialAction":[{"@type":"SearchAction","target":{"@type":"EntryPoint","urlTemplate":"https:\/\/faktumonline.com\/da\/?s={search_term_string}"},"query-input":{"@type":"PropertyValueSpecification","valueRequired":true,"valueName":"search_term_string"}}],"inLanguage":"fr-FR"}]}},"_links":{"self":[{"href":"https:\/\/faktumonline.com\/fr\/wp-json\/wp\/v2\/product\/10590","targetHints":{"allow":["GET"]}}],"collection":[{"href":"https:\/\/faktumonline.com\/fr\/wp-json\/wp\/v2\/product"}],"about":[{"href":"https:\/\/faktumonline.com\/fr\/wp-json\/wp\/v2\/types\/product"}],"version-history":[{"count":2,"href":"https:\/\/faktumonline.com\/fr\/wp-json\/wp\/v2\/product\/10590\/revisions"}],"predecessor-version":[{"id":56411,"href":"https:\/\/faktumonline.com\/fr\/wp-json\/wp\/v2\/product\/10590\/revisions\/56411"}],"wp:featuredmedia":[{"embeddable":true,"href":"https:\/\/faktumonline.com\/fr\/wp-json\/wp\/v2\/media\/43440"}],"wp:attachment":[{"href":"https:\/\/faktumonline.com\/fr\/wp-json\/wp\/v2\/media?parent=10590"}],"wp:term":[{"taxonomy":"product_brand","embeddable":true,"href":"https:\/\/faktumonline.com\/fr\/wp-json\/wp\/v2\/product_brand?post=10590"},{"taxonomy":"product_cat","embeddable":true,"href":"https:\/\/faktumonline.com\/fr\/wp-json\/wp\/v2\/product_cat?post=10590"},{"taxonomy":"product_tag","embeddable":true,"href":"https:\/\/faktumonline.com\/fr\/wp-json\/wp\/v2\/product_tag?post=10590"}],"curies":[{"name":"wp","href":"https:\/\/api.w.org\/{rel}","templated":true}]}}