{"id":10584,"date":"2019-04-14T15:15:23","date_gmt":"2019-04-14T14:15:23","guid":{"rendered":"https:\/\/faktumonline.com\/product\/armoire-murale-80x92\/"},"modified":"2024-09-26T11:44:08","modified_gmt":"2024-09-26T10:44:08","slug":"armoire-murale-80x92","status":"publish","type":"product","link":"https:\/\/faktumonline.com\/fr\/produit\/armoire-murale-80x92\/","title":{"rendered":"\u00c9l\u00e9ment mural 80\u00d792"},"content":{"rendered":"<p>80 x 92 x 35,5 cm<\/p>\n","protected":false},"excerpt":{"rendered":"<p>Ceci est une armoire murale pour les cuisines IKEA Faktum. Largeur = 80 cm x Hauteur 92 cm x Profondeur 35,5 cm. Sera fabriqu\u00e9 \u201cblanc standard\u201d quelle que soit la couleur choisie pour les fa\u00e7ades.<\/p>\n<p>Combin\u00e9 \u00e0 des am\u00e9nagements int\u00e9rieurs, cet \u00e9l\u00e9ment bas offre un espace de rangement tr\u00e8s pratique.<\/p>\n","protected":false},"featured_media":123933,"template":"","meta":[],"product_brand":[],"product_cat":[721],"product_tag":[],"class_list":{"0":"post-10584","1":"product","2":"type-product","3":"status-publish","4":"has-post-thumbnail","6":"product_cat-armoires-murales-hauteur-92-cm","7":"sales-flash-overlay","8":"woocommerce-text-align-center","9":"woocommerce-image-align-center","11":"first","12":"instock","13":"taxable","14":"shipping-taxable","15":"purchasable","16":"product-type-simple"},"exclude_global_add_ons":[],"addons":[],"yoast_head":"<!-- This site is optimized with the Yoast SEO Premium plugin v27.4 (Yoast SEO v27.4) - https:\/\/yoast.com\/product\/yoast-seo-premium-wordpress\/ -->\n<title>\u00c9l\u00e9ment mural 80\u00d792 - Faktum online store<\/title>\n<meta name=\"robots\" content=\"index, follow, max-snippet:-1, max-image-preview:large, max-video-preview:-1\" \/>\n<link rel=\"canonical\" href=\"https:\/\/faktumonline.com\/fr\/produit\/armoire-murale-80x92\/\" \/>\n<meta property=\"og:locale\" content=\"fr_FR\" \/>\n<meta property=\"og:type\" content=\"article\" \/>\n<meta property=\"og:title\" content=\"\u00c9l\u00e9ment mural 80\u00d792\" \/>\n<meta property=\"og:description\" content=\"Ceci est une armoire murale pour les cuisines IKEA Faktum. Largeur = 80 cm x Hauteur 92 cm x Profondeur 35,5 cm. Sera fabriqu\u00e9 \u201cblanc standard\u201d quelle que soit la couleur choisie pour les fa\u00e7ades.  Combin\u00e9 \u00e0 des am\u00e9nagements int\u00e9rieurs, cet \u00e9l\u00e9ment bas offre un espace de rangement tr\u00e8s pratique.\" \/>\n<meta property=\"og:url\" content=\"https:\/\/faktumonline.com\/fr\/produit\/armoire-murale-80x92\/\" \/>\n<meta property=\"og:site_name\" content=\"Faktum online store\" \/>\n<meta property=\"article:modified_time\" content=\"2024-09-26T10:44:08+00:00\" \/>\n<meta property=\"og:image\" content=\"https:\/\/faktumonline.com\/wp-content\/uploads\/2024\/09\/Wall-Cabinet-80x92-1.png\" \/>\n\t<meta property=\"og:image:width\" content=\"510\" \/>\n\t<meta property=\"og:image:height\" content=\"825\" \/>\n\t<meta property=\"og:image:type\" content=\"image\/png\" \/>\n<meta name=\"twitter:card\" content=\"summary_large_image\" \/>\n<script type=\"application\/ld+json\" class=\"yoast-schema-graph\">{\"@context\":\"https:\\\/\\\/schema.org\",\"@graph\":[{\"@type\":\"WebPage\",\"@id\":\"https:\\\/\\\/faktumonline.com\\\/fr\\\/produit\\\/armoire-murale-80x92\\\/\",\"url\":\"https:\\\/\\\/faktumonline.com\\\/fr\\\/produit\\\/armoire-murale-80x92\\\/\",\"name\":\"\u00c9l\u00e9ment mural 80\u00d792 - Faktum online store\",\"isPartOf\":{\"@id\":\"https:\\\/\\\/faktumonline.com\\\/da\\\/#website\"},\"primaryImageOfPage\":{\"@id\":\"https:\\\/\\\/faktumonline.com\\\/fr\\\/produit\\\/armoire-murale-80x92\\\/#primaryimage\"},\"image\":{\"@id\":\"https:\\\/\\\/faktumonline.com\\\/fr\\\/produit\\\/armoire-murale-80x92\\\/#primaryimage\"},\"thumbnailUrl\":\"https:\\\/\\\/faktumonline.com\\\/wp-content\\\/uploads\\\/2024\\\/09\\\/Wall-Cabinet-80x92-1.png\",\"datePublished\":\"2019-04-14T14:15:23+00:00\",\"dateModified\":\"2024-09-26T10:44:08+00:00\",\"breadcrumb\":{\"@id\":\"https:\\\/\\\/faktumonline.com\\\/fr\\\/produit\\\/armoire-murale-80x92\\\/#breadcrumb\"},\"inLanguage\":\"fr-FR\",\"potentialAction\":[{\"@type\":\"ReadAction\",\"target\":[\"https:\\\/\\\/faktumonline.com\\\/fr\\\/produit\\\/armoire-murale-80x92\\\/\"]}]},{\"@type\":\"ImageObject\",\"inLanguage\":\"fr-FR\",\"@id\":\"https:\\\/\\\/faktumonline.com\\\/fr\\\/produit\\\/armoire-murale-80x92\\\/#primaryimage\",\"url\":\"https:\\\/\\\/faktumonline.com\\\/wp-content\\\/uploads\\\/2024\\\/09\\\/Wall-Cabinet-80x92-1.png\",\"contentUrl\":\"https:\\\/\\\/faktumonline.com\\\/wp-content\\\/uploads\\\/2024\\\/09\\\/Wall-Cabinet-80x92-1.png\",\"width\":510,\"height\":825,\"caption\":\"IKEA Faktum Wall Cabinet 80x92\"},{\"@type\":\"BreadcrumbList\",\"@id\":\"https:\\\/\\\/faktumonline.com\\\/fr\\\/produit\\\/armoire-murale-80x92\\\/#breadcrumb\",\"itemListElement\":[{\"@type\":\"ListItem\",\"position\":1,\"name\":\"Hem\",\"item\":\"https:\\\/\\\/faktumonline.com\\\/fr\\\/\"},{\"@type\":\"ListItem\",\"position\":2,\"name\":\"Webshop\",\"item\":\"https:\\\/\\\/faktumonline.com\\\/fr\\\/webshop\\\/\"},{\"@type\":\"ListItem\",\"position\":3,\"name\":\"\u00c9l\u00e9ment mural 80\u00d792\"}]},{\"@type\":\"WebSite\",\"@id\":\"https:\\\/\\\/faktumonline.com\\\/da\\\/#website\",\"url\":\"https:\\\/\\\/faktumonline.com\\\/da\\\/\",\"name\":\"Faktum Online Store\",\"description\":\"Premium doors for IKEA kitchens\",\"potentialAction\":[{\"@type\":\"SearchAction\",\"target\":{\"@type\":\"EntryPoint\",\"urlTemplate\":\"https:\\\/\\\/faktumonline.com\\\/da\\\/?s={search_term_string}\"},\"query-input\":{\"@type\":\"PropertyValueSpecification\",\"valueRequired\":true,\"valueName\":\"search_term_string\"}}],\"inLanguage\":\"fr-FR\"}]}<\/script>\n<!-- \/ Yoast SEO Premium plugin. -->","yoast_head_json":{"title":"\u00c9l\u00e9ment mural 80\u00d792 - Faktum online store","robots":{"index":"index","follow":"follow","max-snippet":"max-snippet:-1","max-image-preview":"max-image-preview:large","max-video-preview":"max-video-preview:-1"},"canonical":"https:\/\/faktumonline.com\/fr\/produit\/armoire-murale-80x92\/","og_locale":"fr_FR","og_type":"article","og_title":"\u00c9l\u00e9ment mural 80\u00d792","og_description":"Ceci est une armoire murale pour les cuisines IKEA Faktum. Largeur = 80 cm x Hauteur 92 cm x Profondeur 35,5 cm. Sera fabriqu\u00e9 \u201cblanc standard\u201d quelle que soit la couleur choisie pour les fa\u00e7ades.  Combin\u00e9 \u00e0 des am\u00e9nagements int\u00e9rieurs, cet \u00e9l\u00e9ment bas offre un espace de rangement tr\u00e8s pratique.","og_url":"https:\/\/faktumonline.com\/fr\/produit\/armoire-murale-80x92\/","og_site_name":"Faktum online store","article_modified_time":"2024-09-26T10:44:08+00:00","og_image":[{"width":510,"height":825,"url":"https:\/\/faktumonline.com\/wp-content\/uploads\/2024\/09\/Wall-Cabinet-80x92-1.png","type":"image\/png"}],"twitter_card":"summary_large_image","schema":{"@context":"https:\/\/schema.org","@graph":[{"@type":"WebPage","@id":"https:\/\/faktumonline.com\/fr\/produit\/armoire-murale-80x92\/","url":"https:\/\/faktumonline.com\/fr\/produit\/armoire-murale-80x92\/","name":"\u00c9l\u00e9ment mural 80\u00d792 - Faktum online store","isPartOf":{"@id":"https:\/\/faktumonline.com\/da\/#website"},"primaryImageOfPage":{"@id":"https:\/\/faktumonline.com\/fr\/produit\/armoire-murale-80x92\/#primaryimage"},"image":{"@id":"https:\/\/faktumonline.com\/fr\/produit\/armoire-murale-80x92\/#primaryimage"},"thumbnailUrl":"https:\/\/faktumonline.com\/wp-content\/uploads\/2024\/09\/Wall-Cabinet-80x92-1.png","datePublished":"2019-04-14T14:15:23+00:00","dateModified":"2024-09-26T10:44:08+00:00","breadcrumb":{"@id":"https:\/\/faktumonline.com\/fr\/produit\/armoire-murale-80x92\/#breadcrumb"},"inLanguage":"fr-FR","potentialAction":[{"@type":"ReadAction","target":["https:\/\/faktumonline.com\/fr\/produit\/armoire-murale-80x92\/"]}]},{"@type":"ImageObject","inLanguage":"fr-FR","@id":"https:\/\/faktumonline.com\/fr\/produit\/armoire-murale-80x92\/#primaryimage","url":"https:\/\/faktumonline.com\/wp-content\/uploads\/2024\/09\/Wall-Cabinet-80x92-1.png","contentUrl":"https:\/\/faktumonline.com\/wp-content\/uploads\/2024\/09\/Wall-Cabinet-80x92-1.png","width":510,"height":825,"caption":"IKEA Faktum Wall Cabinet 80x92"},{"@type":"BreadcrumbList","@id":"https:\/\/faktumonline.com\/fr\/produit\/armoire-murale-80x92\/#breadcrumb","itemListElement":[{"@type":"ListItem","position":1,"name":"Hem","item":"https:\/\/faktumonline.com\/fr\/"},{"@type":"ListItem","position":2,"name":"Webshop","item":"https:\/\/faktumonline.com\/fr\/webshop\/"},{"@type":"ListItem","position":3,"name":"\u00c9l\u00e9ment mural 80\u00d792"}]},{"@type":"WebSite","@id":"https:\/\/faktumonline.com\/da\/#website","url":"https:\/\/faktumonline.com\/da\/","name":"Faktum Online Store","description":"Premium doors for IKEA kitchens","potentialAction":[{"@type":"SearchAction","target":{"@type":"EntryPoint","urlTemplate":"https:\/\/faktumonline.com\/da\/?s={search_term_string}"},"query-input":{"@type":"PropertyValueSpecification","valueRequired":true,"valueName":"search_term_string"}}],"inLanguage":"fr-FR"}]}},"_links":{"self":[{"href":"https:\/\/faktumonline.com\/fr\/wp-json\/wp\/v2\/product\/10584","targetHints":{"allow":["GET"]}}],"collection":[{"href":"https:\/\/faktumonline.com\/fr\/wp-json\/wp\/v2\/product"}],"about":[{"href":"https:\/\/faktumonline.com\/fr\/wp-json\/wp\/v2\/types\/product"}],"version-history":[{"count":2,"href":"https:\/\/faktumonline.com\/fr\/wp-json\/wp\/v2\/product\/10584\/revisions"}],"predecessor-version":[{"id":56408,"href":"https:\/\/faktumonline.com\/fr\/wp-json\/wp\/v2\/product\/10584\/revisions\/56408"}],"wp:featuredmedia":[{"embeddable":true,"href":"https:\/\/faktumonline.com\/fr\/wp-json\/wp\/v2\/media\/123933"}],"wp:attachment":[{"href":"https:\/\/faktumonline.com\/fr\/wp-json\/wp\/v2\/media?parent=10584"}],"wp:term":[{"taxonomy":"product_brand","embeddable":true,"href":"https:\/\/faktumonline.com\/fr\/wp-json\/wp\/v2\/product_brand?post=10584"},{"taxonomy":"product_cat","embeddable":true,"href":"https:\/\/faktumonline.com\/fr\/wp-json\/wp\/v2\/product_cat?post=10584"},{"taxonomy":"product_tag","embeddable":true,"href":"https:\/\/faktumonline.com\/fr\/wp-json\/wp\/v2\/product_tag?post=10584"}],"curies":[{"name":"wp","href":"https:\/\/api.w.org\/{rel}","templated":true}]}}