{"id":10576,"date":"2019-04-14T16:10:20","date_gmt":"2019-04-14T15:10:20","guid":{"rendered":"https:\/\/faktumonline.com\/product\/etageres-50x35-2pcs\/"},"modified":"2019-04-14T16:10:20","modified_gmt":"2019-04-14T15:10:20","slug":"etageres-50x35-2pcs","status":"publish","type":"product","link":"https:\/\/faktumonline.com\/fr\/produit\/etageres-50x35-2pcs\/","title":{"rendered":"\u00c9tag\u00e8res 50\u00d735 2pcs"},"content":{"rendered":"","protected":false},"excerpt":{"rendered":"<p>46,1 x 34,7 cm. Lot de 2 pi\u00e8ces. Supports d&rsquo;\u00e9tag\u00e8re inclus.<\/p>\n","protected":false},"featured_media":0,"template":"","meta":[],"product_brand":[],"product_cat":[589],"product_tag":[],"class_list":{"0":"post-10576","1":"product","2":"type-product","3":"status-publish","5":"product_cat-etageres","6":"sales-flash-overlay","7":"woocommerce-text-align-center","8":"woocommerce-image-align-center","10":"first","11":"instock","12":"taxable","13":"shipping-taxable","14":"purchasable","15":"product-type-simple"},"exclude_global_add_ons":[],"addons":[],"yoast_head":"<!-- This site is optimized with the Yoast SEO Premium plugin v27.4 (Yoast SEO v27.4) - https:\/\/yoast.com\/product\/yoast-seo-premium-wordpress\/ -->\n<title>\u00c9tag\u00e8res 50\u00d735 2pcs - Faktum online store<\/title>\n<meta name=\"robots\" content=\"index, follow, max-snippet:-1, max-image-preview:large, max-video-preview:-1\" \/>\n<link rel=\"canonical\" href=\"https:\/\/faktumonline.com\/fr\/produit\/etageres-50x35-2pcs\/\" \/>\n<meta property=\"og:locale\" content=\"fr_FR\" \/>\n<meta property=\"og:type\" content=\"article\" \/>\n<meta property=\"og:title\" content=\"\u00c9tag\u00e8res 50\u00d735 2pcs\" \/>\n<meta property=\"og:description\" content=\"46,1 x 34,7 cm. Lot de 2 pi\u00e8ces. Supports d&#039;\u00e9tag\u00e8re inclus.\" \/>\n<meta property=\"og:url\" content=\"https:\/\/faktumonline.com\/fr\/produit\/etageres-50x35-2pcs\/\" \/>\n<meta property=\"og:site_name\" content=\"Faktum online store\" \/>\n<meta name=\"twitter:card\" content=\"summary_large_image\" \/>\n<script type=\"application\/ld+json\" class=\"yoast-schema-graph\">{\"@context\":\"https:\\\/\\\/schema.org\",\"@graph\":[{\"@type\":\"WebPage\",\"@id\":\"https:\\\/\\\/faktumonline.com\\\/fr\\\/produit\\\/etageres-50x35-2pcs\\\/\",\"url\":\"https:\\\/\\\/faktumonline.com\\\/fr\\\/produit\\\/etageres-50x35-2pcs\\\/\",\"name\":\"\u00c9tag\u00e8res 50\u00d735 2pcs - Faktum online store\",\"isPartOf\":{\"@id\":\"https:\\\/\\\/faktumonline.com\\\/da\\\/#website\"},\"datePublished\":\"2019-04-14T15:10:20+00:00\",\"breadcrumb\":{\"@id\":\"https:\\\/\\\/faktumonline.com\\\/fr\\\/produit\\\/etageres-50x35-2pcs\\\/#breadcrumb\"},\"inLanguage\":\"fr-FR\",\"potentialAction\":[{\"@type\":\"ReadAction\",\"target\":[\"https:\\\/\\\/faktumonline.com\\\/fr\\\/produit\\\/etageres-50x35-2pcs\\\/\"]}]},{\"@type\":\"BreadcrumbList\",\"@id\":\"https:\\\/\\\/faktumonline.com\\\/fr\\\/produit\\\/etageres-50x35-2pcs\\\/#breadcrumb\",\"itemListElement\":[{\"@type\":\"ListItem\",\"position\":1,\"name\":\"Hem\",\"item\":\"https:\\\/\\\/faktumonline.com\\\/fr\\\/\"},{\"@type\":\"ListItem\",\"position\":2,\"name\":\"Webshop\",\"item\":\"https:\\\/\\\/faktumonline.com\\\/fr\\\/webshop\\\/\"},{\"@type\":\"ListItem\",\"position\":3,\"name\":\"\u00c9tag\u00e8res 50\u00d735 2pcs\"}]},{\"@type\":\"WebSite\",\"@id\":\"https:\\\/\\\/faktumonline.com\\\/da\\\/#website\",\"url\":\"https:\\\/\\\/faktumonline.com\\\/da\\\/\",\"name\":\"Faktum Online Store\",\"description\":\"Premium doors for IKEA kitchens\",\"potentialAction\":[{\"@type\":\"SearchAction\",\"target\":{\"@type\":\"EntryPoint\",\"urlTemplate\":\"https:\\\/\\\/faktumonline.com\\\/da\\\/?s={search_term_string}\"},\"query-input\":{\"@type\":\"PropertyValueSpecification\",\"valueRequired\":true,\"valueName\":\"search_term_string\"}}],\"inLanguage\":\"fr-FR\"}]}<\/script>\n<!-- \/ Yoast SEO Premium plugin. -->","yoast_head_json":{"title":"\u00c9tag\u00e8res 50\u00d735 2pcs - Faktum online store","robots":{"index":"index","follow":"follow","max-snippet":"max-snippet:-1","max-image-preview":"max-image-preview:large","max-video-preview":"max-video-preview:-1"},"canonical":"https:\/\/faktumonline.com\/fr\/produit\/etageres-50x35-2pcs\/","og_locale":"fr_FR","og_type":"article","og_title":"\u00c9tag\u00e8res 50\u00d735 2pcs","og_description":"46,1 x 34,7 cm. Lot de 2 pi\u00e8ces. Supports d'\u00e9tag\u00e8re inclus.","og_url":"https:\/\/faktumonline.com\/fr\/produit\/etageres-50x35-2pcs\/","og_site_name":"Faktum online store","twitter_card":"summary_large_image","schema":{"@context":"https:\/\/schema.org","@graph":[{"@type":"WebPage","@id":"https:\/\/faktumonline.com\/fr\/produit\/etageres-50x35-2pcs\/","url":"https:\/\/faktumonline.com\/fr\/produit\/etageres-50x35-2pcs\/","name":"\u00c9tag\u00e8res 50\u00d735 2pcs - Faktum online store","isPartOf":{"@id":"https:\/\/faktumonline.com\/da\/#website"},"datePublished":"2019-04-14T15:10:20+00:00","breadcrumb":{"@id":"https:\/\/faktumonline.com\/fr\/produit\/etageres-50x35-2pcs\/#breadcrumb"},"inLanguage":"fr-FR","potentialAction":[{"@type":"ReadAction","target":["https:\/\/faktumonline.com\/fr\/produit\/etageres-50x35-2pcs\/"]}]},{"@type":"BreadcrumbList","@id":"https:\/\/faktumonline.com\/fr\/produit\/etageres-50x35-2pcs\/#breadcrumb","itemListElement":[{"@type":"ListItem","position":1,"name":"Hem","item":"https:\/\/faktumonline.com\/fr\/"},{"@type":"ListItem","position":2,"name":"Webshop","item":"https:\/\/faktumonline.com\/fr\/webshop\/"},{"@type":"ListItem","position":3,"name":"\u00c9tag\u00e8res 50\u00d735 2pcs"}]},{"@type":"WebSite","@id":"https:\/\/faktumonline.com\/da\/#website","url":"https:\/\/faktumonline.com\/da\/","name":"Faktum Online Store","description":"Premium doors for IKEA kitchens","potentialAction":[{"@type":"SearchAction","target":{"@type":"EntryPoint","urlTemplate":"https:\/\/faktumonline.com\/da\/?s={search_term_string}"},"query-input":{"@type":"PropertyValueSpecification","valueRequired":true,"valueName":"search_term_string"}}],"inLanguage":"fr-FR"}]}},"_links":{"self":[{"href":"https:\/\/faktumonline.com\/fr\/wp-json\/wp\/v2\/product\/10576","targetHints":{"allow":["GET"]}}],"collection":[{"href":"https:\/\/faktumonline.com\/fr\/wp-json\/wp\/v2\/product"}],"about":[{"href":"https:\/\/faktumonline.com\/fr\/wp-json\/wp\/v2\/types\/product"}],"version-history":[{"count":0,"href":"https:\/\/faktumonline.com\/fr\/wp-json\/wp\/v2\/product\/10576\/revisions"}],"wp:attachment":[{"href":"https:\/\/faktumonline.com\/fr\/wp-json\/wp\/v2\/media?parent=10576"}],"wp:term":[{"taxonomy":"product_brand","embeddable":true,"href":"https:\/\/faktumonline.com\/fr\/wp-json\/wp\/v2\/product_brand?post=10576"},{"taxonomy":"product_cat","embeddable":true,"href":"https:\/\/faktumonline.com\/fr\/wp-json\/wp\/v2\/product_cat?post=10576"},{"taxonomy":"product_tag","embeddable":true,"href":"https:\/\/faktumonline.com\/fr\/wp-json\/wp\/v2\/product_tag?post=10576"}],"curies":[{"name":"wp","href":"https:\/\/api.w.org\/{rel}","templated":true}]}}