{"id":10567,"date":"2019-04-14T17:51:01","date_gmt":"2019-04-14T16:51:01","guid":{"rendered":"https:\/\/faktumonline.com\/product\/plaque-de-montage-1x\/"},"modified":"2025-05-23T18:54:34","modified_gmt":"2025-05-23T17:54:34","slug":"plaque-de-montage-1x","status":"publish","type":"product","link":"https:\/\/faktumonline.com\/fr\/produit\/plaque-de-montage-1x\/","title":{"rendered":"Patte de montage pour charni\u00e8re 1pcs"},"content":{"rendered":"","protected":false},"excerpt":{"rendered":"<p>Cette patte de montage doit \u00eatre viss\u00e9e dans les trous pr\u00e9 perc\u00e9s \u00e0 l\u2019int\u00e9rieur du caisson Faktum. La charni\u00e8re sera connect\u00e9e au caisson gr\u00e2ce \u00e0 cette plaque de montage.<\/p>\n<p>Elles sont vendues \u00e0 l\u2019unit\u00e9 et peuvent \u00eatre command\u00e9es en m\u00eame temps que les charni\u00e8res \u00e0 un prix r\u00e9duit. Ces pattes de montage seront compatibles avec toutes les charni\u00e8res vendues sur notre site ainsi que les charni\u00e8res Faktum et Rationell vendues par Ikea apr\u00e8s 2008.<\/p>\n","protected":false},"featured_media":10287,"template":"","meta":[],"product_brand":[],"product_cat":[595],"product_tag":[],"class_list":{"0":"post-10567","1":"product","2":"type-product","3":"status-publish","4":"has-post-thumbnail","6":"product_cat-charnieres-pour-cuisine-ikea-faktum","7":"product_shipping_class-expedition-et-manutention","8":"sales-flash-overlay","9":"woocommerce-text-align-center","10":"woocommerce-image-align-center","11":"wc-has-gallery","13":"first","14":"instock","15":"taxable","16":"shipping-taxable","17":"purchasable","18":"product-type-simple"},"exclude_global_add_ons":[],"addons":[],"yoast_head":"<!-- This site is optimized with the Yoast SEO Premium plugin v27.4 (Yoast SEO v27.4) - https:\/\/yoast.com\/product\/yoast-seo-premium-wordpress\/ -->\n<title>Patte de montage pour charni\u00e8re 1pcs - Faktum online store<\/title>\n<meta name=\"robots\" content=\"index, follow, max-snippet:-1, max-image-preview:large, max-video-preview:-1\" \/>\n<link rel=\"canonical\" href=\"https:\/\/faktumonline.com\/fr\/produit\/plaque-de-montage-1x\/\" \/>\n<meta property=\"og:locale\" content=\"fr_FR\" \/>\n<meta property=\"og:type\" content=\"article\" \/>\n<meta property=\"og:title\" content=\"Patte de montage pour charni\u00e8re 1pcs\" \/>\n<meta property=\"og:description\" content=\"Cette patte de montage doit \u00eatre viss\u00e9e dans les trous pr\u00e9 perc\u00e9s \u00e0 l\u2019int\u00e9rieur du caisson Faktum. La charni\u00e8re sera connect\u00e9e au caisson gr\u00e2ce \u00e0 cette plaque de montage.  Elles sont vendues \u00e0 l\u2019unit\u00e9 et peuvent \u00eatre command\u00e9es en m\u00eame temps que les charni\u00e8res \u00e0 un prix r\u00e9duit. Ces pattes de montage seront compatibles avec toutes les charni\u00e8res vendues sur notre site ainsi que les charni\u00e8res Faktum et Rationell vendues par Ikea apr\u00e8s 2008.\" \/>\n<meta property=\"og:url\" content=\"https:\/\/faktumonline.com\/fr\/produit\/plaque-de-montage-1x\/\" \/>\n<meta property=\"og:site_name\" content=\"Faktum online store\" \/>\n<meta property=\"article:modified_time\" content=\"2025-05-23T17:54:34+00:00\" \/>\n<meta property=\"og:image\" content=\"https:\/\/faktumonline.com\/wp-content\/uploads\/2019\/04\/image001_b.jpg\" \/>\n\t<meta property=\"og:image:width\" content=\"207\" \/>\n\t<meta property=\"og:image:height\" content=\"206\" \/>\n\t<meta property=\"og:image:type\" content=\"image\/jpeg\" \/>\n<meta name=\"twitter:card\" content=\"summary_large_image\" \/>\n<meta name=\"twitter:label1\" content=\"Dur\u00e9e de lecture estim\u00e9e\" \/>\n\t<meta name=\"twitter:data1\" content=\"1 minute\" \/>\n<script type=\"application\/ld+json\" class=\"yoast-schema-graph\">{\"@context\":\"https:\\\/\\\/schema.org\",\"@graph\":[{\"@type\":\"WebPage\",\"@id\":\"https:\\\/\\\/faktumonline.com\\\/fr\\\/produit\\\/plaque-de-montage-1x\\\/\",\"url\":\"https:\\\/\\\/faktumonline.com\\\/fr\\\/produit\\\/plaque-de-montage-1x\\\/\",\"name\":\"Patte de montage pour charni\u00e8re 1pcs - Faktum online store\",\"isPartOf\":{\"@id\":\"https:\\\/\\\/faktumonline.com\\\/da\\\/#website\"},\"primaryImageOfPage\":{\"@id\":\"https:\\\/\\\/faktumonline.com\\\/fr\\\/produit\\\/plaque-de-montage-1x\\\/#primaryimage\"},\"image\":{\"@id\":\"https:\\\/\\\/faktumonline.com\\\/fr\\\/produit\\\/plaque-de-montage-1x\\\/#primaryimage\"},\"thumbnailUrl\":\"https:\\\/\\\/faktumonline.com\\\/wp-content\\\/uploads\\\/2019\\\/04\\\/image001_b.jpg\",\"datePublished\":\"2019-04-14T16:51:01+00:00\",\"dateModified\":\"2025-05-23T17:54:34+00:00\",\"breadcrumb\":{\"@id\":\"https:\\\/\\\/faktumonline.com\\\/fr\\\/produit\\\/plaque-de-montage-1x\\\/#breadcrumb\"},\"inLanguage\":\"fr-FR\",\"potentialAction\":[{\"@type\":\"ReadAction\",\"target\":[\"https:\\\/\\\/faktumonline.com\\\/fr\\\/produit\\\/plaque-de-montage-1x\\\/\"]}]},{\"@type\":\"ImageObject\",\"inLanguage\":\"fr-FR\",\"@id\":\"https:\\\/\\\/faktumonline.com\\\/fr\\\/produit\\\/plaque-de-montage-1x\\\/#primaryimage\",\"url\":\"https:\\\/\\\/faktumonline.com\\\/wp-content\\\/uploads\\\/2019\\\/04\\\/image001_b.jpg\",\"contentUrl\":\"https:\\\/\\\/faktumonline.com\\\/wp-content\\\/uploads\\\/2019\\\/04\\\/image001_b.jpg\",\"width\":207,\"height\":206,\"caption\":\"Mounting plate\"},{\"@type\":\"BreadcrumbList\",\"@id\":\"https:\\\/\\\/faktumonline.com\\\/fr\\\/produit\\\/plaque-de-montage-1x\\\/#breadcrumb\",\"itemListElement\":[{\"@type\":\"ListItem\",\"position\":1,\"name\":\"Hem\",\"item\":\"https:\\\/\\\/faktumonline.com\\\/fr\\\/\"},{\"@type\":\"ListItem\",\"position\":2,\"name\":\"Webshop\",\"item\":\"https:\\\/\\\/faktumonline.com\\\/fr\\\/webshop\\\/\"},{\"@type\":\"ListItem\",\"position\":3,\"name\":\"Patte de montage pour charni\u00e8re 1pcs\"}]},{\"@type\":\"WebSite\",\"@id\":\"https:\\\/\\\/faktumonline.com\\\/da\\\/#website\",\"url\":\"https:\\\/\\\/faktumonline.com\\\/da\\\/\",\"name\":\"Faktum Online Store\",\"description\":\"Premium doors for IKEA kitchens\",\"potentialAction\":[{\"@type\":\"SearchAction\",\"target\":{\"@type\":\"EntryPoint\",\"urlTemplate\":\"https:\\\/\\\/faktumonline.com\\\/da\\\/?s={search_term_string}\"},\"query-input\":{\"@type\":\"PropertyValueSpecification\",\"valueRequired\":true,\"valueName\":\"search_term_string\"}}],\"inLanguage\":\"fr-FR\"}]}<\/script>\n<!-- \/ Yoast SEO Premium plugin. -->","yoast_head_json":{"title":"Patte de montage pour charni\u00e8re 1pcs - Faktum online store","robots":{"index":"index","follow":"follow","max-snippet":"max-snippet:-1","max-image-preview":"max-image-preview:large","max-video-preview":"max-video-preview:-1"},"canonical":"https:\/\/faktumonline.com\/fr\/produit\/plaque-de-montage-1x\/","og_locale":"fr_FR","og_type":"article","og_title":"Patte de montage pour charni\u00e8re 1pcs","og_description":"Cette patte de montage doit \u00eatre viss\u00e9e dans les trous pr\u00e9 perc\u00e9s \u00e0 l\u2019int\u00e9rieur du caisson Faktum. La charni\u00e8re sera connect\u00e9e au caisson gr\u00e2ce \u00e0 cette plaque de montage.  Elles sont vendues \u00e0 l\u2019unit\u00e9 et peuvent \u00eatre command\u00e9es en m\u00eame temps que les charni\u00e8res \u00e0 un prix r\u00e9duit. Ces pattes de montage seront compatibles avec toutes les charni\u00e8res vendues sur notre site ainsi que les charni\u00e8res Faktum et Rationell vendues par Ikea apr\u00e8s 2008.","og_url":"https:\/\/faktumonline.com\/fr\/produit\/plaque-de-montage-1x\/","og_site_name":"Faktum online store","article_modified_time":"2025-05-23T17:54:34+00:00","og_image":[{"width":207,"height":206,"url":"https:\/\/faktumonline.com\/wp-content\/uploads\/2019\/04\/image001_b.jpg","type":"image\/jpeg"}],"twitter_card":"summary_large_image","twitter_misc":{"Dur\u00e9e de lecture estim\u00e9e":"1 minute"},"schema":{"@context":"https:\/\/schema.org","@graph":[{"@type":"WebPage","@id":"https:\/\/faktumonline.com\/fr\/produit\/plaque-de-montage-1x\/","url":"https:\/\/faktumonline.com\/fr\/produit\/plaque-de-montage-1x\/","name":"Patte de montage pour charni\u00e8re 1pcs - Faktum online store","isPartOf":{"@id":"https:\/\/faktumonline.com\/da\/#website"},"primaryImageOfPage":{"@id":"https:\/\/faktumonline.com\/fr\/produit\/plaque-de-montage-1x\/#primaryimage"},"image":{"@id":"https:\/\/faktumonline.com\/fr\/produit\/plaque-de-montage-1x\/#primaryimage"},"thumbnailUrl":"https:\/\/faktumonline.com\/wp-content\/uploads\/2019\/04\/image001_b.jpg","datePublished":"2019-04-14T16:51:01+00:00","dateModified":"2025-05-23T17:54:34+00:00","breadcrumb":{"@id":"https:\/\/faktumonline.com\/fr\/produit\/plaque-de-montage-1x\/#breadcrumb"},"inLanguage":"fr-FR","potentialAction":[{"@type":"ReadAction","target":["https:\/\/faktumonline.com\/fr\/produit\/plaque-de-montage-1x\/"]}]},{"@type":"ImageObject","inLanguage":"fr-FR","@id":"https:\/\/faktumonline.com\/fr\/produit\/plaque-de-montage-1x\/#primaryimage","url":"https:\/\/faktumonline.com\/wp-content\/uploads\/2019\/04\/image001_b.jpg","contentUrl":"https:\/\/faktumonline.com\/wp-content\/uploads\/2019\/04\/image001_b.jpg","width":207,"height":206,"caption":"Mounting plate"},{"@type":"BreadcrumbList","@id":"https:\/\/faktumonline.com\/fr\/produit\/plaque-de-montage-1x\/#breadcrumb","itemListElement":[{"@type":"ListItem","position":1,"name":"Hem","item":"https:\/\/faktumonline.com\/fr\/"},{"@type":"ListItem","position":2,"name":"Webshop","item":"https:\/\/faktumonline.com\/fr\/webshop\/"},{"@type":"ListItem","position":3,"name":"Patte de montage pour charni\u00e8re 1pcs"}]},{"@type":"WebSite","@id":"https:\/\/faktumonline.com\/da\/#website","url":"https:\/\/faktumonline.com\/da\/","name":"Faktum Online Store","description":"Premium doors for IKEA kitchens","potentialAction":[{"@type":"SearchAction","target":{"@type":"EntryPoint","urlTemplate":"https:\/\/faktumonline.com\/da\/?s={search_term_string}"},"query-input":{"@type":"PropertyValueSpecification","valueRequired":true,"valueName":"search_term_string"}}],"inLanguage":"fr-FR"}]}},"_links":{"self":[{"href":"https:\/\/faktumonline.com\/fr\/wp-json\/wp\/v2\/product\/10567","targetHints":{"allow":["GET"]}}],"collection":[{"href":"https:\/\/faktumonline.com\/fr\/wp-json\/wp\/v2\/product"}],"about":[{"href":"https:\/\/faktumonline.com\/fr\/wp-json\/wp\/v2\/types\/product"}],"version-history":[{"count":5,"href":"https:\/\/faktumonline.com\/fr\/wp-json\/wp\/v2\/product\/10567\/revisions"}],"predecessor-version":[{"id":144981,"href":"https:\/\/faktumonline.com\/fr\/wp-json\/wp\/v2\/product\/10567\/revisions\/144981"}],"wp:featuredmedia":[{"embeddable":true,"href":"https:\/\/faktumonline.com\/fr\/wp-json\/wp\/v2\/media\/10287"}],"wp:attachment":[{"href":"https:\/\/faktumonline.com\/fr\/wp-json\/wp\/v2\/media?parent=10567"}],"wp:term":[{"taxonomy":"product_brand","embeddable":true,"href":"https:\/\/faktumonline.com\/fr\/wp-json\/wp\/v2\/product_brand?post=10567"},{"taxonomy":"product_cat","embeddable":true,"href":"https:\/\/faktumonline.com\/fr\/wp-json\/wp\/v2\/product_cat?post=10567"},{"taxonomy":"product_tag","embeddable":true,"href":"https:\/\/faktumonline.com\/fr\/wp-json\/wp\/v2\/product_tag?post=10567"}],"curies":[{"name":"wp","href":"https:\/\/api.w.org\/{rel}","templated":true}]}}