{"id":4554,"date":"2018-11-12T22:02:28","date_gmt":"2018-11-12T21:02:28","guid":{"rendered":"https:\/\/faktumonline.com\/a-propos-de-nous"},"modified":"2021-05-25T11:33:47","modified_gmt":"2021-05-25T10:33:47","slug":"a-propos-de-nous","status":"publish","type":"page","link":"https:\/\/faktumonline.com\/fr\/a-propos-de-nous\/","title":{"rendered":"\u00c0 propos de nous"},"content":{"rendered":"\t\t<div data-elementor-type=\"wp-page\" data-elementor-id=\"4554\" class=\"elementor elementor-4554\" data-elementor-settings=\"{&quot;ha_cmc_init_switcher&quot;:&quot;no&quot;}\" data-elementor-post-type=\"page\">\n\t\t\t\t\t\t<section class=\"elementor-section elementor-top-section elementor-element elementor-element-79d35a0a elementor-section-boxed elementor-section-height-default elementor-section-height-default\" data-id=\"79d35a0a\" data-element_type=\"section\" data-e-type=\"section\" data-settings=\"{&quot;_ha_eqh_enable&quot;:false}\">\n\t\t\t\t\t\t<div class=\"elementor-container elementor-column-gap-default\">\n\t\t\t\t\t<div class=\"elementor-column elementor-col-100 elementor-top-column elementor-element elementor-element-736a30f7\" data-id=\"736a30f7\" data-element_type=\"column\" data-e-type=\"column\">\n\t\t\t<div class=\"elementor-widget-wrap elementor-element-populated\">\n\t\t\t\t\t\t<div class=\"elementor-element elementor-element-3357aecf elementor-widget elementor-widget-shortcode\" data-id=\"3357aecf\" data-element_type=\"widget\" data-e-type=\"widget\" data-widget_type=\"shortcode.default\">\n\t\t\t\t<div class=\"elementor-widget-container\">\n\t\t\t\t\t\t\t<div class=\"elementor-shortcode\">[section bg_overlay=\"rgba(255, 255, 255, 0.5)\"]\r\n\r\n[row style=\"collapse\" col_bg=\"rgb(255, 255, 255)\" padding=\"30px 30px 30px 30px\"]\r\n\r\n[col span__sm=\"12\"]\r\n\r\n<strong>SPECIALEMENT CON\u00c7U POUR FAKTUM. DIMENSIONS CONFORMES AUX DESSINS ORIGINAUX D\u2019IKEA POUR UN AJUSTEMENT PARFAIT.<\/strong>\r\n<h3><strong>\u00c0 PROPOS DE NOUS<\/strong><\/h3>\r\n<span lang=\"FR\"><span style=\"color: #000000; font-family: Calibri;\">Notre entreprise EasyFront est l\u2019une des plus grandes entreprises scandinaves sp\u00e9cialis\u00e9es dans la fabrication de nouvelles portes d\u2019armoires de cuisine et de d\u00e9tails sp\u00e9cifiquement con\u00e7us pour la cuisine IKEA Faktum. La solution parfaite si vous voulez rafra\u00eechir et r\u00e9nover votre cuisine avec de nouvelles fa\u00e7ades, mais ne voulez pas d\u00e9penser d\u2019argent ou d\u2019\u00e9nergie pour remplacer l\u2019ensemble de la cuisine par de nouveaux caissons, charni\u00e8res, plans de travail, \u00e9vier, \u00e9lectricit\u00e9, eau, eaux us\u00e9es, poussi\u00e8re de r\u00e9novation, etc. Gardez votre cuisine, il suffit de changer les fa\u00e7ades\u2009!<\/span><\/span>\r\n\r\n<span lang=\"FR\"><span style=\"color: #000000; font-family: Calibri;\">Nous sommes des experts dans la conversion des anciennes cuisines IKEA et notre service client est bas\u00e9 \u00e0 Stockholm, en Su\u00e8de. Nous sommes heureux de vous aider et de r\u00e9pondre \u00e0 toutes vos questions concernant votre projet de mise \u00e0 jour de cuisine. Envoyez-nous un courriel (en anglais) \u00e0 hello@faktumonline.com<\/span><\/span>\r\n\r\n<span lang=\"FR\"><span style=\"color: #000000; font-family: Calibri;\">Nous livrons dans des emballages plats \u00e0 votre domicile dans un d\u00e9lai de 3 \u00e0 4 semaines et tout est parfait d\u00e8s la sortie de la bo\u00eete. Aucun ajustement sur place n\u2019est n\u00e9cessaire.<\/span><\/span>\r\n<h3><strong>NOS MARCH\u00c9S<\/strong><\/h3>\r\nIl est possible de commander nos produits \u00e0 partir de 3 sites diff\u00e9rents en ligne. Faktum.co.uk est destin\u00e9 aux livraisons au Royaume-Uni et aux commandes en \u00a3. Pour le reste de l'Europe et pour les euros, veuillez visiter <a href=\"https:\/\/faktumonline.com\/\">faktumonline.com<\/a>. Sur notre\u00a0 <a href=\"https:\/\/www.sm\u00e5landsluckan.se\/\" target=\"_blank\" rel=\"noopener\">site scandinave<\/a> vous trouverez plus de photos et d'informations. Bien que ce soit en su\u00e9dois et en monnaie SEK, vous pouvez trouver l'inspiration parmi toutes les images l\u00e0-bas.\r\n<h3><strong>FAKTUM vs METOD?\u00a0<\/strong><\/h3>\r\n<span lang=\"FR\"><span style=\"color: #000000; font-family: Calibri;\">Est-ce que ma cuisine est IKEA Faktum ou IKEA Metod\u2009?<\/span><\/span>\r\n\r\n<span lang=\"FR\"><span style=\"color: #000000; font-family: Calibri;\">Le plus simple est de regarder \u00e0 l\u2019int\u00e9rieur des armoires. Metod comporte 2 rang\u00e9es de trous \u00e0 l\u2019avant pour la fixation des charni\u00e8res, tandis que Faktum en comporte 1 rang\u00e9e.<\/span><\/span>\r\n\r\n<span lang=\"FR\"><span style=\"color: #000000; font-family: Calibri;\">Comment puis-je savoir que ma cuisine vient d\u2019IKEA et que c\u2019est une Faktum\u2009?<\/span><\/span>\r\n\r\n<span lang=\"FR\"><span style=\"color: #000000; font-family: Calibri;\">Parfois, \u00ab\u2009IKEA\u2009\u00bb est inscrit sur les c\u00f4t\u00e9s des tiroirs, \u00e0 l\u2019occasion ailleurs ou encore pas du tout. Le plus simple pour d\u00e9terminer s\u2019il s\u2019agit d\u2019une cuisine Faktum est de regarder les charni\u00e8res des portes. Ouvrez une porte. Mesurer la distance entre le bord sup\u00e9rieur et le bord inf\u00e9rieur de la porte. La distance entre le bord inf\u00e9rieur ou le bord sup\u00e9rieur et le centre de la charni\u00e8re doit \u00eatre de 59\u00a0mm, plus ou moins 2 \u00e0 3\u00a0mm. La valeur \u00e9quivalente pour IKEA Metod est de 49\u00a0mm. Souvent, les autres marques ont plut\u00f4t 75\u00a0mm, 80\u00a0mm ou 100\u00a0mm.<\/span><\/span>\r\n\r\n[ux_image id=\"3171\"]\r\n\r\n[\/col]\r\n\r\n[\/row]\r\n\r\n[\/section]<\/div>\n\t\t\t\t\t\t<\/div>\n\t\t\t\t<\/div>\n\t\t\t\t\t<\/div>\n\t\t<\/div>\n\t\t\t\t\t<\/div>\n\t\t<\/section>\n\t\t\t\t<\/div>\n\t\t","protected":false},"excerpt":{"rendered":"<p>[section bg_overlay=\u00a0\u00bbrgba(255, 255, 255, 0.5)\u00a0\u00bb] [row style=\u00a0\u00bbcollapse\u00a0\u00bb col_bg=\u00a0\u00bbrgb(255, 255, 255)\u00a0\u00bb padding=\u00a0\u00bb30px 30px 30px 30px\u00a0\u00bb] [col span__sm=\u00a0\u00bb12&Prime;] SPECIALEMENT CON\u00c7U POUR FAKTUM. DIMENSIONS CONFORMES AUX DESSINS ORIGINAUX D\u2019IKEA POUR UN AJUSTEMENT PARFAIT. \u00c0 PROPOS DE NOUS Notre entreprise EasyFront est l\u2019une des plus grandes entreprises scandinaves sp\u00e9cialis\u00e9es dans la fabrication de nouvelles portes d\u2019armoires de cuisine et &#8230; <a title=\"\u00c0 propos de nous\" class=\"read-more\" href=\"https:\/\/faktumonline.com\/fr\/a-propos-de-nous\/\" aria-label=\"En savoir plus sur \u00c0 propos de nous\">Lire la suite<\/a><\/p>\n","protected":false},"author":2,"featured_media":0,"parent":0,"menu_order":0,"comment_status":"closed","ping_status":"closed","template":"elementor_header_footer","meta":{"footnotes":""},"class_list":["post-4554","page","type-page","status-publish"],"yoast_head":"<!-- This site is optimized with the Yoast SEO Premium plugin v27.4 (Yoast SEO v27.4) - https:\/\/yoast.com\/product\/yoast-seo-premium-wordpress\/ -->\n<title>\u00c0 propos de nous - Faktum online store<\/title>\n<meta name=\"robots\" content=\"index, follow, max-snippet:-1, max-image-preview:large, max-video-preview:-1\" \/>\n<link rel=\"canonical\" href=\"https:\/\/faktumonline.com\/fr\/a-propos-de-nous\/\" \/>\n<meta property=\"og:locale\" content=\"fr_FR\" \/>\n<meta property=\"og:type\" content=\"article\" \/>\n<meta property=\"og:title\" content=\"\u00c0 propos de nous\" \/>\n<meta property=\"og:description\" content=\"[section bg_overlay=\u00a0\u00bbrgba(255, 255, 255, 0.5)\u00a0\u00bb] [row style=\u00a0\u00bbcollapse\u00a0\u00bb col_bg=\u00a0\u00bbrgb(255, 255, 255)\u00a0\u00bb padding=\u00a0\u00bb30px 30px 30px 30px\u00a0\u00bb] [col span__sm=\u00a0\u00bb12&Prime;] SPECIALEMENT CON\u00c7U POUR FAKTUM. DIMENSIONS CONFORMES AUX DESSINS ORIGINAUX D\u2019IKEA POUR UN AJUSTEMENT PARFAIT. \u00c0 PROPOS DE NOUS Notre entreprise EasyFront est l\u2019une des plus grandes entreprises scandinaves sp\u00e9cialis\u00e9es dans la fabrication de nouvelles portes d\u2019armoires de cuisine et ... Lire la suite\" \/>\n<meta property=\"og:url\" content=\"https:\/\/faktumonline.com\/fr\/a-propos-de-nous\/\" \/>\n<meta property=\"og:site_name\" content=\"Faktum online store\" \/>\n<meta property=\"article:modified_time\" content=\"2021-05-25T10:33:47+00:00\" \/>\n<meta name=\"twitter:card\" content=\"summary_large_image\" \/>\n<meta name=\"twitter:label1\" content=\"Dur\u00e9e de lecture estim\u00e9e\" \/>\n\t<meta name=\"twitter:data1\" content=\"3 minutes\" \/>\n<script type=\"application\/ld+json\" class=\"yoast-schema-graph\">{\"@context\":\"https:\\\/\\\/schema.org\",\"@graph\":[{\"@type\":\"WebPage\",\"@id\":\"https:\\\/\\\/faktumonline.com\\\/fr\\\/a-propos-de-nous\\\/\",\"url\":\"https:\\\/\\\/faktumonline.com\\\/fr\\\/a-propos-de-nous\\\/\",\"name\":\"\u00c0 propos de nous - Faktum online store\",\"isPartOf\":{\"@id\":\"https:\\\/\\\/faktumonline.com\\\/da\\\/#website\"},\"datePublished\":\"2018-11-12T21:02:28+00:00\",\"dateModified\":\"2021-05-25T10:33:47+00:00\",\"breadcrumb\":{\"@id\":\"https:\\\/\\\/faktumonline.com\\\/fr\\\/a-propos-de-nous\\\/#breadcrumb\"},\"inLanguage\":\"fr-FR\",\"potentialAction\":[{\"@type\":\"ReadAction\",\"target\":[\"https:\\\/\\\/faktumonline.com\\\/fr\\\/a-propos-de-nous\\\/\"]}]},{\"@type\":\"BreadcrumbList\",\"@id\":\"https:\\\/\\\/faktumonline.com\\\/fr\\\/a-propos-de-nous\\\/#breadcrumb\",\"itemListElement\":[{\"@type\":\"ListItem\",\"position\":1,\"name\":\"Hem\",\"item\":\"https:\\\/\\\/faktumonline.com\\\/fr\\\/\"},{\"@type\":\"ListItem\",\"position\":2,\"name\":\"\u00c0 propos de nous\"}]},{\"@type\":\"WebSite\",\"@id\":\"https:\\\/\\\/faktumonline.com\\\/da\\\/#website\",\"url\":\"https:\\\/\\\/faktumonline.com\\\/da\\\/\",\"name\":\"Faktum Online Store\",\"description\":\"Premium doors for IKEA kitchens\",\"potentialAction\":[{\"@type\":\"SearchAction\",\"target\":{\"@type\":\"EntryPoint\",\"urlTemplate\":\"https:\\\/\\\/faktumonline.com\\\/da\\\/?s={search_term_string}\"},\"query-input\":{\"@type\":\"PropertyValueSpecification\",\"valueRequired\":true,\"valueName\":\"search_term_string\"}}],\"inLanguage\":\"fr-FR\"}]}<\/script>\n<!-- \/ Yoast SEO Premium plugin. -->","yoast_head_json":{"title":"\u00c0 propos de nous - Faktum online store","robots":{"index":"index","follow":"follow","max-snippet":"max-snippet:-1","max-image-preview":"max-image-preview:large","max-video-preview":"max-video-preview:-1"},"canonical":"https:\/\/faktumonline.com\/fr\/a-propos-de-nous\/","og_locale":"fr_FR","og_type":"article","og_title":"\u00c0 propos de nous","og_description":"[section bg_overlay=\u00a0\u00bbrgba(255, 255, 255, 0.5)\u00a0\u00bb] [row style=\u00a0\u00bbcollapse\u00a0\u00bb col_bg=\u00a0\u00bbrgb(255, 255, 255)\u00a0\u00bb padding=\u00a0\u00bb30px 30px 30px 30px\u00a0\u00bb] [col span__sm=\u00a0\u00bb12&Prime;] SPECIALEMENT CON\u00c7U POUR FAKTUM. DIMENSIONS CONFORMES AUX DESSINS ORIGINAUX D\u2019IKEA POUR UN AJUSTEMENT PARFAIT. \u00c0 PROPOS DE NOUS Notre entreprise EasyFront est l\u2019une des plus grandes entreprises scandinaves sp\u00e9cialis\u00e9es dans la fabrication de nouvelles portes d\u2019armoires de cuisine et ... Lire la suite","og_url":"https:\/\/faktumonline.com\/fr\/a-propos-de-nous\/","og_site_name":"Faktum online store","article_modified_time":"2021-05-25T10:33:47+00:00","twitter_card":"summary_large_image","twitter_misc":{"Dur\u00e9e de lecture estim\u00e9e":"3 minutes"},"schema":{"@context":"https:\/\/schema.org","@graph":[{"@type":"WebPage","@id":"https:\/\/faktumonline.com\/fr\/a-propos-de-nous\/","url":"https:\/\/faktumonline.com\/fr\/a-propos-de-nous\/","name":"\u00c0 propos de nous - Faktum online store","isPartOf":{"@id":"https:\/\/faktumonline.com\/da\/#website"},"datePublished":"2018-11-12T21:02:28+00:00","dateModified":"2021-05-25T10:33:47+00:00","breadcrumb":{"@id":"https:\/\/faktumonline.com\/fr\/a-propos-de-nous\/#breadcrumb"},"inLanguage":"fr-FR","potentialAction":[{"@type":"ReadAction","target":["https:\/\/faktumonline.com\/fr\/a-propos-de-nous\/"]}]},{"@type":"BreadcrumbList","@id":"https:\/\/faktumonline.com\/fr\/a-propos-de-nous\/#breadcrumb","itemListElement":[{"@type":"ListItem","position":1,"name":"Hem","item":"https:\/\/faktumonline.com\/fr\/"},{"@type":"ListItem","position":2,"name":"\u00c0 propos de nous"}]},{"@type":"WebSite","@id":"https:\/\/faktumonline.com\/da\/#website","url":"https:\/\/faktumonline.com\/da\/","name":"Faktum Online Store","description":"Premium doors for IKEA kitchens","potentialAction":[{"@type":"SearchAction","target":{"@type":"EntryPoint","urlTemplate":"https:\/\/faktumonline.com\/da\/?s={search_term_string}"},"query-input":{"@type":"PropertyValueSpecification","valueRequired":true,"valueName":"search_term_string"}}],"inLanguage":"fr-FR"}]}},"_links":{"self":[{"href":"https:\/\/faktumonline.com\/fr\/wp-json\/wp\/v2\/pages\/4554","targetHints":{"allow":["GET"]}}],"collection":[{"href":"https:\/\/faktumonline.com\/fr\/wp-json\/wp\/v2\/pages"}],"about":[{"href":"https:\/\/faktumonline.com\/fr\/wp-json\/wp\/v2\/types\/page"}],"author":[{"embeddable":true,"href":"https:\/\/faktumonline.com\/fr\/wp-json\/wp\/v2\/users\/2"}],"replies":[{"embeddable":true,"href":"https:\/\/faktumonline.com\/fr\/wp-json\/wp\/v2\/comments?post=4554"}],"version-history":[{"count":4,"href":"https:\/\/faktumonline.com\/fr\/wp-json\/wp\/v2\/pages\/4554\/revisions"}],"predecessor-version":[{"id":56313,"href":"https:\/\/faktumonline.com\/fr\/wp-json\/wp\/v2\/pages\/4554\/revisions\/56313"}],"wp:attachment":[{"href":"https:\/\/faktumonline.com\/fr\/wp-json\/wp\/v2\/media?parent=4554"}],"curies":[{"name":"wp","href":"https:\/\/api.w.org\/{rel}","templated":true}]}}