{"id":141251,"date":"2025-04-23T17:40:55","date_gmt":"2025-04-23T16:40:55","guid":{"rendered":"https:\/\/faktumonline.com\/prix-et-commandes\/selection-des-facades-metod\/"},"modified":"2025-04-23T19:23:38","modified_gmt":"2025-04-23T18:23:38","slug":"selection-des-facades-metod","status":"publish","type":"page","link":"https:\/\/faktumonline.com\/fr\/prix-et-commandes\/selection-des-facades-metod\/","title":{"rendered":"S\u00e9lection des fa\u00e7ades Metod"},"content":{"rendered":"\t\t<div data-elementor-type=\"wp-page\" data-elementor-id=\"141251\" class=\"elementor elementor-141251 elementor-137246\" data-elementor-settings=\"{&quot;ha_cmc_init_switcher&quot;:&quot;no&quot;}\" data-elementor-post-type=\"page\">\n\t\t\t\t<div class=\"elementor-element elementor-element-bf4ce32 e-flex e-con-boxed e-con e-parent\" data-id=\"bf4ce32\" data-element_type=\"container\" data-e-type=\"container\" data-settings=\"{&quot;background_background&quot;:&quot;classic&quot;,&quot;_ha_eqh_enable&quot;:false}\">\n\t\t\t\t\t<div class=\"e-con-inner\">\n\t\t\t\t<div class=\"elementor-element elementor-element-e7ed2b5 elementor-widget elementor-widget-heading\" data-id=\"e7ed2b5\" data-element_type=\"widget\" data-e-type=\"widget\" data-widget_type=\"heading.default\">\n\t\t\t\t<div class=\"elementor-widget-container\">\n\t\t\t\t\t<h2 class=\"elementor-heading-title elementor-size-default\">S\u00e9lection des fa\u00e7ades Metod<\/h2>\t\t\t\t<\/div>\n\t\t\t\t<\/div>\n\t\t\t\t<div class=\"elementor-element elementor-element-d59af05 elementor-hidden-tablet elementor-hidden-mobile elementor-widget elementor-widget-text-editor\" data-id=\"d59af05\" data-element_type=\"widget\" data-e-type=\"widget\" data-widget_type=\"text-editor.default\">\n\t\t\t\t<div class=\"elementor-widget-container\">\n\t\t\t\t\t\t\t\t\t<p>Veuillez acc\u00e9der \u00e0 la page \u00ab Prix et Commandes \u00bb en s\u00e9lectionnant le type de fa\u00e7ades correspondant \u00e0 vos pr\u00e9f\u00e9rences.<\/p>\n\t\t\t\t\t\t\t\t<\/div>\n\t\t\t\t<\/div>\n\t\t\t\t\t<\/div>\n\t\t\t\t<\/div>\n\t\t<div class=\"elementor-element elementor-element-b4526f0 e-flex e-con-boxed e-con e-parent\" data-id=\"b4526f0\" data-element_type=\"container\" data-e-type=\"container\" data-settings=\"{&quot;_ha_eqh_enable&quot;:false}\">\n\t\t\t\t\t<div class=\"e-con-inner\">\n\t\t\t\t<div class=\"elementor-element elementor-element-19b43bd ha-mode--comfy ha-direction--right elementor-widget elementor-widget-ha-list-group happy-addon ha-list-group happy-addon-pro\" data-id=\"19b43bd\" data-element_type=\"widget\" data-e-type=\"widget\" data-widget_type=\"ha-list-group.default\">\n\t\t\t\t<div class=\"elementor-widget-container\">\n\t\t\t\t\t\n        <ul class=\"ha-list-wrap\">\n            \n                <li class=\"ha-list-item ha-list-item-custom elementor-repeater-item-01caf73\">\n\n                                        <a class=\"ha-link\" href=\"https:\/\/faktumonline.com\/fr\/ikea\/portes-et-facades-premium-pour-les-caissons-de-cuisine-ikea-metod\/\">\n                    \n                        <div class=\"ha-item-wrap\">\n\n\t\t\t\t\t\t\t                                <div class=\"ha-icon image\">\n                                    <img decoding=\"async\" src=\"https:\/\/faktumonline.com\/wp-content\/uploads\/2025\/01\/W028-Hero-Left-150x150.webp\" alt=\"Fa\u00e7ades traditionnelles pour poign\u00e9es\" \/>\n                                <\/div>\n\n                            \n                            <div class=\"ha-text\">\n\t\t\t\t\t\t\t\t\t<!-- title tag start -->\n                                    <h4 class=\"ha-list-title\">\n                                        Fa\u00e7ades traditionnelles pour poign\u00e9es                                                                                    <span class=\"ha-badge\">Menu Tarifs et Commandes<\/span>\n                                                                            <\/h4>\n\t\t\t\t\t\t\t\t\t<!-- title tag end -->\n\n                                                                    <p class=\"ha-list-detail\">\n                                        Portes et fa\u00e7ades de tiroir \u00e0 \u00e9quiper ult\u00e9rieurement de poign\u00e9es.                                    <\/p>\n                                                            <\/div>\n\n                                                            <div class=\"ha-direction\">\n\t\t\t\t\t\t\t\t\t<i aria-hidden=\"true\" class=\"huge huge-square-arrow-right-02-round\"><\/i>                                <\/div>\n                            \n                        <\/div>\n\n                                        <\/a>\n                    \n                <\/li>\n\n            \n                <li class=\"ha-list-item ha-list-item-custom elementor-repeater-item-fa2f2be\">\n\n                                        <a class=\"ha-link\" href=\"https:\/\/faktumonline.com\/fr\/portes-premium-a-poignees-integrees-pour-les-cuisines-ikea-metod-le-modele-u12\/\">\n                    \n                        <div class=\"ha-item-wrap\">\n\n\t\t\t\t\t\t\t                                <div class=\"ha-icon image\">\n                                    <img decoding=\"async\" src=\"https:\/\/faktumonline.com\/wp-content\/uploads\/2025\/01\/U12-Hero-White-150x150.webp\" alt=\"Fa\u00e7ades avec poign\u00e9es int\u00e9gr\u00e9es\" \/>\n                                <\/div>\n\n                            \n                            <div class=\"ha-text\">\n\t\t\t\t\t\t\t\t\t<!-- title tag start -->\n                                    <h4 class=\"ha-list-title\">\n                                        Fa\u00e7ades avec poign\u00e9es int\u00e9gr\u00e9es                                                                                    <span class=\"ha-badge\">Menu Tarifs et Commandes<\/span>\n                                                                            <\/h4>\n\t\t\t\t\t\t\t\t\t<!-- title tag end -->\n\n                                                                    <p class=\"ha-list-detail\">\n                                        Portes et fa\u00e7ades de tiroir avec poign\u00e9es int\u00e9gr\u00e9es.                                    <\/p>\n                                                            <\/div>\n\n                                                            <div class=\"ha-direction\">\n\t\t\t\t\t\t\t\t\t<i aria-hidden=\"true\" class=\"huge huge-square-arrow-right-02-round\"><\/i>                                <\/div>\n                            \n                        <\/div>\n\n                                        <\/a>\n                    \n                <\/li>\n\n            \n                <li class=\"ha-list-item ha-list-item-custom elementor-repeater-item-8031bcc\">\n\n                                        <a class=\"ha-link\" href=\"https:\/\/faktumonline.com\/fr\/prix-et-commandes\/portes-et-facades-metod-en-haute-brillance-tarifs-et-commandes\/\">\n                    \n                        <div class=\"ha-item-wrap\">\n\n\t\t\t\t\t\t\t                                <div class=\"ha-icon image\">\n                                    <img decoding=\"async\" src=\"https:\/\/faktumonline.com\/wp-content\/uploads\/2025\/01\/Gloss-HG9700-150x150.jpg\" alt=\"Fa\u00e7ades en coloris haute brillance\" \/>\n                                <\/div>\n\n                            \n                            <div class=\"ha-text\">\n\t\t\t\t\t\t\t\t\t<!-- title tag start -->\n                                    <h4 class=\"ha-list-title\">\n                                        Fa\u00e7ades en coloris haute brillance                                                                                    <span class=\"ha-badge\">Menu Tarifs et Commandes<\/span>\n                                                                            <\/h4>\n\t\t\t\t\t\t\t\t\t<!-- title tag end -->\n\n                                                                    <p class=\"ha-list-detail\">\n                                         Portes et fa\u00e7ades de tiroir en haute brillance \u00ab Alvic Luxe \u00bb (High Gloss).                                    <\/p>\n                                                            <\/div>\n\n                                                            <div class=\"ha-direction\">\n\t\t\t\t\t\t\t\t\t<i aria-hidden=\"true\" class=\"huge huge-square-arrow-right-02-round\"><\/i>                                <\/div>\n                            \n                        <\/div>\n\n                                        <\/a>\n                    \n                <\/li>\n\n            \n                <li class=\"ha-list-item ha-list-item-custom elementor-repeater-item-1517d06\">\n\n                                        <a class=\"ha-link\" href=\"https:\/\/faktumonline.com\/price-ordering\/veneered-doors-and-fronts-for-ikea-metod-kitchens-doors-in-real-wood-price-order\/\">\n                    \n                        <div class=\"ha-item-wrap\">\n\n\t\t\t\t\t\t\t                                <div class=\"ha-icon image\">\n                                    <img decoding=\"async\" src=\"https:\/\/faktumonline.com\/wp-content\/uploads\/2024\/02\/Veneer-Colage.jpg\" alt=\"Fa\u00e7ades en plaqu\u00e9 bois v\u00e9ritable\" \/>\n                                <\/div>\n\n                            \n                            <div class=\"ha-text\">\n\t\t\t\t\t\t\t\t\t<!-- title tag start -->\n                                    <h4 class=\"ha-list-title\">\n                                        Fa\u00e7ades en plaqu\u00e9 bois v\u00e9ritable                                                                                    <span class=\"ha-badge\">Menu Tarifs et Commandes (En anglais)<\/span>\n                                                                            <\/h4>\n\t\t\t\t\t\t\t\t\t<!-- title tag end -->\n\n                                                                    <p class=\"ha-list-detail\">\n                                        Portes et fa\u00e7ades de tiroir en bois (langue anglaise)                                    <\/p>\n                                                            <\/div>\n\n                                                            <div class=\"ha-direction\">\n\t\t\t\t\t\t\t\t\t<i aria-hidden=\"true\" class=\"huge huge-square-arrow-right-02-round\"><\/i>                                <\/div>\n                            \n                        <\/div>\n\n                                        <\/a>\n                    \n                <\/li>\n\n                    <\/ul>\n\n        \t\t\t\t<\/div>\n\t\t\t\t<\/div>\n\t\t\t\t\t<\/div>\n\t\t\t\t<\/div>\n\t\t\t\t<\/div>\n\t\t","protected":false},"excerpt":{"rendered":"<p>S\u00e9lection des fa\u00e7ades Metod Veuillez acc\u00e9der \u00e0 la page \u00ab Prix et Commandes \u00bb en s\u00e9lectionnant le type de fa\u00e7ades correspondant \u00e0 vos pr\u00e9f\u00e9rences. Fa\u00e7ades traditionnelles pour poign\u00e9es Menu Tarifs et Commandes Portes et fa\u00e7ades de tiroir \u00e0 \u00e9quiper ult\u00e9rieurement de poign\u00e9es. Fa\u00e7ades avec poign\u00e9es int\u00e9gr\u00e9es Menu Tarifs et Commandes Portes et fa\u00e7ades de tiroir &#8230; <a title=\"S\u00e9lection des fa\u00e7ades Metod\" class=\"read-more\" href=\"https:\/\/faktumonline.com\/fr\/prix-et-commandes\/selection-des-facades-metod\/\" aria-label=\"En savoir plus sur S\u00e9lection des fa\u00e7ades Metod\">Lire la suite<\/a><\/p>\n","protected":false},"author":2,"featured_media":0,"parent":80044,"menu_order":0,"comment_status":"closed","ping_status":"closed","template":"elementor_header_footer","meta":{"footnotes":""},"class_list":["post-141251","page","type-page","status-publish"],"yoast_head":"<!-- This site is optimized with the Yoast SEO Premium plugin v27.4 (Yoast SEO v27.4) - https:\/\/yoast.com\/product\/yoast-seo-premium-wordpress\/ -->\n<title>S\u00e9lection des fa\u00e7ades Metod - Faktum online store<\/title>\n<meta name=\"robots\" content=\"index, follow, max-snippet:-1, max-image-preview:large, max-video-preview:-1\" \/>\n<link rel=\"canonical\" href=\"https:\/\/faktumonline.com\/fr\/prix-et-commandes\/selection-des-facades-metod\/\" \/>\n<meta property=\"og:locale\" content=\"fr_FR\" \/>\n<meta property=\"og:type\" content=\"article\" \/>\n<meta property=\"og:title\" content=\"S\u00e9lection des fa\u00e7ades Metod\" \/>\n<meta property=\"og:description\" content=\"S\u00e9lection des fa\u00e7ades Metod Veuillez acc\u00e9der \u00e0 la page \u00ab Prix et Commandes \u00bb en s\u00e9lectionnant le type de fa\u00e7ades correspondant \u00e0 vos pr\u00e9f\u00e9rences. Fa\u00e7ades traditionnelles pour poign\u00e9es Menu Tarifs et Commandes Portes et fa\u00e7ades de tiroir \u00e0 \u00e9quiper ult\u00e9rieurement de poign\u00e9es. Fa\u00e7ades avec poign\u00e9es int\u00e9gr\u00e9es Menu Tarifs et Commandes Portes et fa\u00e7ades de tiroir ... Lire la suite\" \/>\n<meta property=\"og:url\" content=\"https:\/\/faktumonline.com\/fr\/prix-et-commandes\/selection-des-facades-metod\/\" \/>\n<meta property=\"og:site_name\" content=\"Faktum online store\" \/>\n<meta property=\"article:modified_time\" content=\"2025-04-23T18:23:38+00:00\" \/>\n<meta property=\"og:image\" content=\"https:\/\/faktumonline.com\/wp-content\/uploads\/2025\/01\/W028-Hero-Left-150x150.jpg\" \/>\n<meta name=\"twitter:card\" content=\"summary_large_image\" \/>\n<meta name=\"twitter:label1\" content=\"Dur\u00e9e de lecture estim\u00e9e\" \/>\n\t<meta name=\"twitter:data1\" content=\"2 minutes\" \/>\n<script type=\"application\/ld+json\" class=\"yoast-schema-graph\">{\"@context\":\"https:\\\/\\\/schema.org\",\"@graph\":[{\"@type\":\"WebPage\",\"@id\":\"https:\\\/\\\/faktumonline.com\\\/fr\\\/prix-et-commandes\\\/selection-des-facades-metod\\\/\",\"url\":\"https:\\\/\\\/faktumonline.com\\\/fr\\\/prix-et-commandes\\\/selection-des-facades-metod\\\/\",\"name\":\"S\u00e9lection des fa\u00e7ades Metod - Faktum online store\",\"isPartOf\":{\"@id\":\"https:\\\/\\\/faktumonline.com\\\/da\\\/#website\"},\"primaryImageOfPage\":{\"@id\":\"https:\\\/\\\/faktumonline.com\\\/fr\\\/prix-et-commandes\\\/selection-des-facades-metod\\\/#primaryimage\"},\"image\":{\"@id\":\"https:\\\/\\\/faktumonline.com\\\/fr\\\/prix-et-commandes\\\/selection-des-facades-metod\\\/#primaryimage\"},\"thumbnailUrl\":\"https:\\\/\\\/faktumonline.com\\\/wp-content\\\/uploads\\\/2025\\\/01\\\/W028-Hero-Left-150x150.jpg\",\"datePublished\":\"2025-04-23T16:40:55+00:00\",\"dateModified\":\"2025-04-23T18:23:38+00:00\",\"breadcrumb\":{\"@id\":\"https:\\\/\\\/faktumonline.com\\\/fr\\\/prix-et-commandes\\\/selection-des-facades-metod\\\/#breadcrumb\"},\"inLanguage\":\"fr-FR\",\"potentialAction\":[{\"@type\":\"ReadAction\",\"target\":[\"https:\\\/\\\/faktumonline.com\\\/fr\\\/prix-et-commandes\\\/selection-des-facades-metod\\\/\"]}]},{\"@type\":\"ImageObject\",\"inLanguage\":\"fr-FR\",\"@id\":\"https:\\\/\\\/faktumonline.com\\\/fr\\\/prix-et-commandes\\\/selection-des-facades-metod\\\/#primaryimage\",\"url\":\"https:\\\/\\\/faktumonline.com\\\/wp-content\\\/uploads\\\/2025\\\/01\\\/W028-Hero-Left-150x150.jpg\",\"contentUrl\":\"https:\\\/\\\/faktumonline.com\\\/wp-content\\\/uploads\\\/2025\\\/01\\\/W028-Hero-Left-150x150.jpg\"},{\"@type\":\"BreadcrumbList\",\"@id\":\"https:\\\/\\\/faktumonline.com\\\/fr\\\/prix-et-commandes\\\/selection-des-facades-metod\\\/#breadcrumb\",\"itemListElement\":[{\"@type\":\"ListItem\",\"position\":1,\"name\":\"Hem\",\"item\":\"https:\\\/\\\/faktumonline.com\\\/fr\\\/\"},{\"@type\":\"ListItem\",\"position\":2,\"name\":\"Prix et Commandes\",\"item\":\"https:\\\/\\\/faktumonline.com\\\/fr\\\/prix-et-commandes\\\/\"},{\"@type\":\"ListItem\",\"position\":3,\"name\":\"S\u00e9lection des fa\u00e7ades Metod\"}]},{\"@type\":\"WebSite\",\"@id\":\"https:\\\/\\\/faktumonline.com\\\/da\\\/#website\",\"url\":\"https:\\\/\\\/faktumonline.com\\\/da\\\/\",\"name\":\"Faktum Online Store\",\"description\":\"Premium doors for IKEA kitchens\",\"potentialAction\":[{\"@type\":\"SearchAction\",\"target\":{\"@type\":\"EntryPoint\",\"urlTemplate\":\"https:\\\/\\\/faktumonline.com\\\/da\\\/?s={search_term_string}\"},\"query-input\":{\"@type\":\"PropertyValueSpecification\",\"valueRequired\":true,\"valueName\":\"search_term_string\"}}],\"inLanguage\":\"fr-FR\"}]}<\/script>\n<!-- \/ Yoast SEO Premium plugin. -->","yoast_head_json":{"title":"S\u00e9lection des fa\u00e7ades Metod - Faktum online store","robots":{"index":"index","follow":"follow","max-snippet":"max-snippet:-1","max-image-preview":"max-image-preview:large","max-video-preview":"max-video-preview:-1"},"canonical":"https:\/\/faktumonline.com\/fr\/prix-et-commandes\/selection-des-facades-metod\/","og_locale":"fr_FR","og_type":"article","og_title":"S\u00e9lection des fa\u00e7ades Metod","og_description":"S\u00e9lection des fa\u00e7ades Metod Veuillez acc\u00e9der \u00e0 la page \u00ab Prix et Commandes \u00bb en s\u00e9lectionnant le type de fa\u00e7ades correspondant \u00e0 vos pr\u00e9f\u00e9rences. Fa\u00e7ades traditionnelles pour poign\u00e9es Menu Tarifs et Commandes Portes et fa\u00e7ades de tiroir \u00e0 \u00e9quiper ult\u00e9rieurement de poign\u00e9es. Fa\u00e7ades avec poign\u00e9es int\u00e9gr\u00e9es Menu Tarifs et Commandes Portes et fa\u00e7ades de tiroir ... Lire la suite","og_url":"https:\/\/faktumonline.com\/fr\/prix-et-commandes\/selection-des-facades-metod\/","og_site_name":"Faktum online store","article_modified_time":"2025-04-23T18:23:38+00:00","og_image":[{"url":"https:\/\/faktumonline.com\/wp-content\/uploads\/2025\/01\/W028-Hero-Left-150x150.jpg","type":"","width":"","height":""}],"twitter_card":"summary_large_image","twitter_misc":{"Dur\u00e9e de lecture estim\u00e9e":"2 minutes"},"schema":{"@context":"https:\/\/schema.org","@graph":[{"@type":"WebPage","@id":"https:\/\/faktumonline.com\/fr\/prix-et-commandes\/selection-des-facades-metod\/","url":"https:\/\/faktumonline.com\/fr\/prix-et-commandes\/selection-des-facades-metod\/","name":"S\u00e9lection des fa\u00e7ades Metod - Faktum online store","isPartOf":{"@id":"https:\/\/faktumonline.com\/da\/#website"},"primaryImageOfPage":{"@id":"https:\/\/faktumonline.com\/fr\/prix-et-commandes\/selection-des-facades-metod\/#primaryimage"},"image":{"@id":"https:\/\/faktumonline.com\/fr\/prix-et-commandes\/selection-des-facades-metod\/#primaryimage"},"thumbnailUrl":"https:\/\/faktumonline.com\/wp-content\/uploads\/2025\/01\/W028-Hero-Left-150x150.jpg","datePublished":"2025-04-23T16:40:55+00:00","dateModified":"2025-04-23T18:23:38+00:00","breadcrumb":{"@id":"https:\/\/faktumonline.com\/fr\/prix-et-commandes\/selection-des-facades-metod\/#breadcrumb"},"inLanguage":"fr-FR","potentialAction":[{"@type":"ReadAction","target":["https:\/\/faktumonline.com\/fr\/prix-et-commandes\/selection-des-facades-metod\/"]}]},{"@type":"ImageObject","inLanguage":"fr-FR","@id":"https:\/\/faktumonline.com\/fr\/prix-et-commandes\/selection-des-facades-metod\/#primaryimage","url":"https:\/\/faktumonline.com\/wp-content\/uploads\/2025\/01\/W028-Hero-Left-150x150.jpg","contentUrl":"https:\/\/faktumonline.com\/wp-content\/uploads\/2025\/01\/W028-Hero-Left-150x150.jpg"},{"@type":"BreadcrumbList","@id":"https:\/\/faktumonline.com\/fr\/prix-et-commandes\/selection-des-facades-metod\/#breadcrumb","itemListElement":[{"@type":"ListItem","position":1,"name":"Hem","item":"https:\/\/faktumonline.com\/fr\/"},{"@type":"ListItem","position":2,"name":"Prix et Commandes","item":"https:\/\/faktumonline.com\/fr\/prix-et-commandes\/"},{"@type":"ListItem","position":3,"name":"S\u00e9lection des fa\u00e7ades Metod"}]},{"@type":"WebSite","@id":"https:\/\/faktumonline.com\/da\/#website","url":"https:\/\/faktumonline.com\/da\/","name":"Faktum Online Store","description":"Premium doors for IKEA kitchens","potentialAction":[{"@type":"SearchAction","target":{"@type":"EntryPoint","urlTemplate":"https:\/\/faktumonline.com\/da\/?s={search_term_string}"},"query-input":{"@type":"PropertyValueSpecification","valueRequired":true,"valueName":"search_term_string"}}],"inLanguage":"fr-FR"}]}},"_links":{"self":[{"href":"https:\/\/faktumonline.com\/fr\/wp-json\/wp\/v2\/pages\/141251","targetHints":{"allow":["GET"]}}],"collection":[{"href":"https:\/\/faktumonline.com\/fr\/wp-json\/wp\/v2\/pages"}],"about":[{"href":"https:\/\/faktumonline.com\/fr\/wp-json\/wp\/v2\/types\/page"}],"author":[{"embeddable":true,"href":"https:\/\/faktumonline.com\/fr\/wp-json\/wp\/v2\/users\/2"}],"replies":[{"embeddable":true,"href":"https:\/\/faktumonline.com\/fr\/wp-json\/wp\/v2\/comments?post=141251"}],"version-history":[{"count":22,"href":"https:\/\/faktumonline.com\/fr\/wp-json\/wp\/v2\/pages\/141251\/revisions"}],"predecessor-version":[{"id":141912,"href":"https:\/\/faktumonline.com\/fr\/wp-json\/wp\/v2\/pages\/141251\/revisions\/141912"}],"up":[{"embeddable":true,"href":"https:\/\/faktumonline.com\/fr\/wp-json\/wp\/v2\/pages\/80044"}],"wp:attachment":[{"href":"https:\/\/faktumonline.com\/fr\/wp-json\/wp\/v2\/media?parent=141251"}],"curies":[{"name":"wp","href":"https:\/\/api.w.org\/{rel}","templated":true}]}}