{"id":135833,"date":"2025-02-03T22:16:55","date_gmt":"2025-02-03T21:16:55","guid":{"rendered":"https:\/\/faktumonline.com\/prix-et-commandes\/selection-des-facades-faktum\/"},"modified":"2025-02-03T22:27:35","modified_gmt":"2025-02-03T21:27:35","slug":"selection-des-facades-faktum","status":"publish","type":"page","link":"https:\/\/faktumonline.com\/fr\/prix-et-commandes\/selection-des-facades-faktum\/","title":{"rendered":"S\u00e9lection des fa\u00e7ades Faktum"},"content":{"rendered":"\t\t<div data-elementor-type=\"wp-page\" data-elementor-id=\"135833\" class=\"elementor elementor-135833 elementor-134227\" data-elementor-settings=\"{&quot;ha_cmc_init_switcher&quot;:&quot;no&quot;}\" data-elementor-post-type=\"page\">\n\t\t\t\t<div class=\"elementor-element elementor-element-bf4ce32 e-flex e-con-boxed e-con e-parent\" data-id=\"bf4ce32\" data-element_type=\"container\" data-e-type=\"container\" data-settings=\"{&quot;background_background&quot;:&quot;classic&quot;,&quot;_ha_eqh_enable&quot;:false}\">\n\t\t\t\t\t<div class=\"e-con-inner\">\n\t\t\t\t<div class=\"elementor-element elementor-element-e7ed2b5 elementor-widget elementor-widget-heading\" data-id=\"e7ed2b5\" data-element_type=\"widget\" data-e-type=\"widget\" data-widget_type=\"heading.default\">\n\t\t\t\t<div class=\"elementor-widget-container\">\n\t\t\t\t\t<h2 class=\"elementor-heading-title elementor-size-default\">S\u00e9lection des fa\u00e7ades Faktum<\/h2>\t\t\t\t<\/div>\n\t\t\t\t<\/div>\n\t\t\t\t<div class=\"elementor-element elementor-element-b8cd9b8 elementor-widget elementor-widget-heading\" data-id=\"b8cd9b8\" data-element_type=\"widget\" data-e-type=\"widget\" data-widget_type=\"heading.default\">\n\t\t\t\t<div class=\"elementor-widget-container\">\n\t\t\t\t\t<h2 class=\"elementor-heading-title elementor-size-default\">Veuillez acc\u00e9der \u00e0 la page \u00ab Prix et Commandes \u00bb en s\u00e9lectionnant le type de fa\u00e7ades correspondant \u00e0 vos pr\u00e9f\u00e9rences.<\/h2>\t\t\t\t<\/div>\n\t\t\t\t<\/div>\n\t\t\t\t\t<\/div>\n\t\t\t\t<\/div>\n\t\t<div class=\"elementor-element elementor-element-b4526f0 e-flex e-con-boxed e-con e-parent\" data-id=\"b4526f0\" data-element_type=\"container\" data-e-type=\"container\" data-settings=\"{&quot;_ha_eqh_enable&quot;:false}\">\n\t\t\t\t\t<div class=\"e-con-inner\">\n\t\t\t\t<div class=\"elementor-element elementor-element-19b43bd ha-mode--comfy ha-direction--right elementor-widget elementor-widget-ha-list-group happy-addon ha-list-group happy-addon-pro\" data-id=\"19b43bd\" data-element_type=\"widget\" data-e-type=\"widget\" data-widget_type=\"ha-list-group.default\">\n\t\t\t\t<div class=\"elementor-widget-container\">\n\t\t\t\t\t\n        <ul class=\"ha-list-wrap\">\n            \n                <li class=\"ha-list-item ha-list-item-custom elementor-repeater-item-01caf73\">\n\n                                        <a class=\"ha-link\" href=\"https:\/\/faktumonline.com\/fr\/configurateur\/\">\n                    \n                        <div class=\"ha-item-wrap\">\n\n\t\t\t\t\t\t\t                                <div class=\"ha-icon image\">\n                                    <img decoding=\"async\" src=\"https:\/\/faktumonline.com\/wp-content\/uploads\/2025\/01\/W028-Hero-Left-150x150.webp\" alt=\"Fa\u00e7ades traditionnelles pour poign\u00e9es\" \/>\n                                <\/div>\n\n                            \n                            <div class=\"ha-text\">\n\t\t\t\t\t\t\t\t\t<!-- title tag start -->\n                                    <h4 class=\"ha-list-title\">\n                                        Fa\u00e7ades traditionnelles pour poign\u00e9es                                                                                    <span class=\"ha-badge\">Menu Prix et Commandes<\/span>\n                                                                            <\/h4>\n\t\t\t\t\t\t\t\t\t<!-- title tag end -->\n\n                                                                    <p class=\"ha-list-detail\">\n                                        Portes et fa\u00e7ades de tiroir \u00e0 \u00e9quiper ult\u00e9rieurement de poign\u00e9es.                                    <\/p>\n                                                            <\/div>\n\n                                                            <div class=\"ha-direction\">\n\t\t\t\t\t\t\t\t\t<i aria-hidden=\"true\" class=\"huge huge-square-arrow-right-02-round\"><\/i>                                <\/div>\n                            \n                        <\/div>\n\n                                        <\/a>\n                    \n                <\/li>\n\n            \n                <li class=\"ha-list-item ha-list-item-custom elementor-repeater-item-fa2f2be\">\n\n                                        <a class=\"ha-link\" href=\"https:\/\/faktumonline.com\/fr\/portes-et-facades-avec-poignees-integrees-pour-les-cuisines-ikea-faktum\/\">\n                    \n                        <div class=\"ha-item-wrap\">\n\n\t\t\t\t\t\t\t                                <div class=\"ha-icon image\">\n                                    <img decoding=\"async\" src=\"https:\/\/faktumonline.com\/wp-content\/uploads\/2025\/01\/U12-Hero-White-150x150.webp\" alt=\"Fa\u00e7ades avec poign\u00e9es int\u00e9gr\u00e9es\" \/>\n                                <\/div>\n\n                            \n                            <div class=\"ha-text\">\n\t\t\t\t\t\t\t\t\t<!-- title tag start -->\n                                    <h4 class=\"ha-list-title\">\n                                        Fa\u00e7ades avec poign\u00e9es int\u00e9gr\u00e9es                                                                                    <span class=\"ha-badge\">Menu Prix et Commandes<\/span>\n                                                                            <\/h4>\n\t\t\t\t\t\t\t\t\t<!-- title tag end -->\n\n                                                                    <p class=\"ha-list-detail\">\n                                        Portes et fa\u00e7ades de tiroir avec poign\u00e9es int\u00e9gr\u00e9es.                                    <\/p>\n                                                            <\/div>\n\n                                                            <div class=\"ha-direction\">\n\t\t\t\t\t\t\t\t\t<i aria-hidden=\"true\" class=\"huge huge-square-arrow-right-02-round\"><\/i>                                <\/div>\n                            \n                        <\/div>\n\n                                        <\/a>\n                    \n                <\/li>\n\n            \n                <li class=\"ha-list-item ha-list-item-custom elementor-repeater-item-8031bcc\">\n\n                                        <a class=\"ha-link\" href=\"https:\/\/faktumonline.com\/fr\/prix-et-commandes\/prix-et-commande-portes-et-facades-faktum-en-haute-brillance-high-gloss\/\">\n                    \n                        <div class=\"ha-item-wrap\">\n\n\t\t\t\t\t\t\t                                <div class=\"ha-icon image\">\n                                    <img decoding=\"async\" src=\"https:\/\/faktumonline.com\/wp-content\/uploads\/2025\/01\/Gloss-HG9700-150x150.jpg\" alt=\"Fa\u00e7ades en coloris haute brillance\" \/>\n                                <\/div>\n\n                            \n                            <div class=\"ha-text\">\n\t\t\t\t\t\t\t\t\t<!-- title tag start -->\n                                    <h4 class=\"ha-list-title\">\n                                        Fa\u00e7ades en coloris haute brillance                                                                                    <span class=\"ha-badge\">Menu Prix et Commandes<\/span>\n                                                                            <\/h4>\n\t\t\t\t\t\t\t\t\t<!-- title tag end -->\n\n                                                                    <p class=\"ha-list-detail\">\n                                        Portes et fa\u00e7ades de tiroir en haute brillance \u00ab Alvic Luxe \u00bb (High Gloss).                                    <\/p>\n                                                            <\/div>\n\n                                                            <div class=\"ha-direction\">\n\t\t\t\t\t\t\t\t\t<i aria-hidden=\"true\" class=\"huge huge-square-arrow-right-02-round\"><\/i>                                <\/div>\n                            \n                        <\/div>\n\n                                        <\/a>\n                    \n                <\/li>\n\n            \n                <li class=\"ha-list-item ha-list-item-custom elementor-repeater-item-1517d06\">\n\n                                        <a class=\"ha-link\" href=\"https:\/\/faktumonline.com\/price-and-order-veneered-front-for-ikea-faktum-kitchens-real-wood-doors\/\">\n                    \n                        <div class=\"ha-item-wrap\">\n\n\t\t\t\t\t\t\t                                <div class=\"ha-icon image\">\n                                    <img decoding=\"async\" src=\"https:\/\/faktumonline.com\/wp-content\/uploads\/2024\/02\/Veneer-Colage.jpg\" alt=\"Fa\u00e7ades en plaqu\u00e9 bois v\u00e9ritable\" \/>\n                                <\/div>\n\n                            \n                            <div class=\"ha-text\">\n\t\t\t\t\t\t\t\t\t<!-- title tag start -->\n                                    <h4 class=\"ha-list-title\">\n                                        Fa\u00e7ades en plaqu\u00e9 bois v\u00e9ritable                                                                                    <span class=\"ha-badge\">Menu Prix et Commandes<\/span>\n                                                                            <\/h4>\n\t\t\t\t\t\t\t\t\t<!-- title tag end -->\n\n                                                                    <p class=\"ha-list-detail\">\n                                        Portes et fa\u00e7ades de tiroir en bois (langue anglaise)                                    <\/p>\n                                                            <\/div>\n\n                                                            <div class=\"ha-direction\">\n\t\t\t\t\t\t\t\t\t<i aria-hidden=\"true\" class=\"huge huge-square-arrow-right-02-round\"><\/i>                                <\/div>\n                            \n                        <\/div>\n\n                                        <\/a>\n                    \n                <\/li>\n\n            \n                <li class=\"ha-list-item ha-list-item-custom elementor-repeater-item-f65def0\">\n\n                                        <a class=\"ha-link\" href=\"https:\/\/faktumonline.com\/fr\/armoires-et-tiroirs-pour-cuisine-faktum-ikea-faktumonline-france\/\">\n                    \n                        <div class=\"ha-item-wrap\">\n\n\t\t\t\t\t\t\t                                <div class=\"ha-icon image\">\n                                    <img decoding=\"async\" src=\"https:\/\/faktumonline.com\/wp-content\/uploads\/2019\/08\/Base-Cabinet-80x70-1-150x150.png\" alt=\"Meubles et accessoires Faktum\" \/>\n                                <\/div>\n\n                            \n                            <div class=\"ha-text\">\n\t\t\t\t\t\t\t\t\t<!-- title tag start -->\n                                    <h4 class=\"ha-list-title\">\n                                        Meubles et accessoires Faktum                                                                                    <span class=\"ha-badge\">Menu Prix et Commandes<\/span>\n                                                                            <\/h4>\n\t\t\t\t\t\t\t\t\t<!-- title tag end -->\n\n                                                                    <p class=\"ha-list-detail\">\n                                        Caissons, tiroirs, \u00e9tag\u00e8res , charni\u00e8res,\u2026.                                    <\/p>\n                                                            <\/div>\n\n                                                            <div class=\"ha-direction\">\n\t\t\t\t\t\t\t\t\t<i aria-hidden=\"true\" class=\"huge huge-square-arrow-right-02-round\"><\/i>                                <\/div>\n                            \n                        <\/div>\n\n                                        <\/a>\n                    \n                <\/li>\n\n                    <\/ul>\n\n        \t\t\t\t<\/div>\n\t\t\t\t<\/div>\n\t\t\t\t\t<\/div>\n\t\t\t\t<\/div>\n\t\t\t\t<\/div>\n\t\t","protected":false},"excerpt":{"rendered":"<p>S\u00e9lection des fa\u00e7ades Faktum Veuillez acc\u00e9der \u00e0 la page \u00ab Prix et Commandes \u00bb en s\u00e9lectionnant le type de fa\u00e7ades correspondant \u00e0 vos pr\u00e9f\u00e9rences. Fa\u00e7ades traditionnelles pour poign\u00e9es Menu Prix et Commandes Portes et fa\u00e7ades de tiroir \u00e0 \u00e9quiper ult\u00e9rieurement de poign\u00e9es. Fa\u00e7ades avec poign\u00e9es int\u00e9gr\u00e9es Menu Prix et Commandes Portes et fa\u00e7ades de tiroir &#8230; <a title=\"S\u00e9lection des fa\u00e7ades Faktum\" class=\"read-more\" href=\"https:\/\/faktumonline.com\/fr\/prix-et-commandes\/selection-des-facades-faktum\/\" aria-label=\"En savoir plus sur S\u00e9lection des fa\u00e7ades Faktum\">Lire la suite<\/a><\/p>\n","protected":false},"author":2,"featured_media":0,"parent":80044,"menu_order":0,"comment_status":"closed","ping_status":"closed","template":"elementor_header_footer","meta":{"footnotes":""},"class_list":["post-135833","page","type-page","status-publish"],"yoast_head":"<!-- This site is optimized with the Yoast SEO Premium plugin v27.4 (Yoast SEO v27.4) - https:\/\/yoast.com\/product\/yoast-seo-premium-wordpress\/ -->\n<title>S\u00e9lection des fa\u00e7ades Faktum - Faktum online store<\/title>\n<meta name=\"robots\" content=\"index, follow, max-snippet:-1, max-image-preview:large, max-video-preview:-1\" \/>\n<link rel=\"canonical\" href=\"https:\/\/faktumonline.com\/fr\/prix-et-commandes\/selection-des-facades-faktum\/\" \/>\n<meta property=\"og:locale\" content=\"fr_FR\" \/>\n<meta property=\"og:type\" content=\"article\" \/>\n<meta property=\"og:title\" content=\"S\u00e9lection des fa\u00e7ades Faktum\" \/>\n<meta property=\"og:description\" content=\"S\u00e9lection des fa\u00e7ades Faktum Veuillez acc\u00e9der \u00e0 la page \u00ab Prix et Commandes \u00bb en s\u00e9lectionnant le type de fa\u00e7ades correspondant \u00e0 vos pr\u00e9f\u00e9rences. Fa\u00e7ades traditionnelles pour poign\u00e9es Menu Prix et Commandes Portes et fa\u00e7ades de tiroir \u00e0 \u00e9quiper ult\u00e9rieurement de poign\u00e9es. Fa\u00e7ades avec poign\u00e9es int\u00e9gr\u00e9es Menu Prix et Commandes Portes et fa\u00e7ades de tiroir ... Lire la suite\" \/>\n<meta property=\"og:url\" content=\"https:\/\/faktumonline.com\/fr\/prix-et-commandes\/selection-des-facades-faktum\/\" \/>\n<meta property=\"og:site_name\" content=\"Faktum online store\" \/>\n<meta property=\"article:modified_time\" content=\"2025-02-03T21:27:35+00:00\" \/>\n<meta property=\"og:image\" content=\"https:\/\/faktumonline.com\/wp-content\/uploads\/2025\/01\/W028-Hero-Left-150x150.jpg\" \/>\n<meta name=\"twitter:card\" content=\"summary_large_image\" \/>\n<meta name=\"twitter:label1\" content=\"Dur\u00e9e de lecture estim\u00e9e\" \/>\n\t<meta name=\"twitter:data1\" content=\"2 minutes\" \/>\n<script type=\"application\/ld+json\" class=\"yoast-schema-graph\">{\"@context\":\"https:\\\/\\\/schema.org\",\"@graph\":[{\"@type\":\"WebPage\",\"@id\":\"https:\\\/\\\/faktumonline.com\\\/fr\\\/prix-et-commandes\\\/selection-des-facades-faktum\\\/\",\"url\":\"https:\\\/\\\/faktumonline.com\\\/fr\\\/prix-et-commandes\\\/selection-des-facades-faktum\\\/\",\"name\":\"S\u00e9lection des fa\u00e7ades Faktum - Faktum online store\",\"isPartOf\":{\"@id\":\"https:\\\/\\\/faktumonline.com\\\/da\\\/#website\"},\"primaryImageOfPage\":{\"@id\":\"https:\\\/\\\/faktumonline.com\\\/fr\\\/prix-et-commandes\\\/selection-des-facades-faktum\\\/#primaryimage\"},\"image\":{\"@id\":\"https:\\\/\\\/faktumonline.com\\\/fr\\\/prix-et-commandes\\\/selection-des-facades-faktum\\\/#primaryimage\"},\"thumbnailUrl\":\"https:\\\/\\\/faktumonline.com\\\/wp-content\\\/uploads\\\/2025\\\/01\\\/W028-Hero-Left-150x150.jpg\",\"datePublished\":\"2025-02-03T21:16:55+00:00\",\"dateModified\":\"2025-02-03T21:27:35+00:00\",\"breadcrumb\":{\"@id\":\"https:\\\/\\\/faktumonline.com\\\/fr\\\/prix-et-commandes\\\/selection-des-facades-faktum\\\/#breadcrumb\"},\"inLanguage\":\"fr-FR\",\"potentialAction\":[{\"@type\":\"ReadAction\",\"target\":[\"https:\\\/\\\/faktumonline.com\\\/fr\\\/prix-et-commandes\\\/selection-des-facades-faktum\\\/\"]}]},{\"@type\":\"ImageObject\",\"inLanguage\":\"fr-FR\",\"@id\":\"https:\\\/\\\/faktumonline.com\\\/fr\\\/prix-et-commandes\\\/selection-des-facades-faktum\\\/#primaryimage\",\"url\":\"https:\\\/\\\/faktumonline.com\\\/wp-content\\\/uploads\\\/2025\\\/01\\\/W028-Hero-Left-150x150.jpg\",\"contentUrl\":\"https:\\\/\\\/faktumonline.com\\\/wp-content\\\/uploads\\\/2025\\\/01\\\/W028-Hero-Left-150x150.jpg\"},{\"@type\":\"BreadcrumbList\",\"@id\":\"https:\\\/\\\/faktumonline.com\\\/fr\\\/prix-et-commandes\\\/selection-des-facades-faktum\\\/#breadcrumb\",\"itemListElement\":[{\"@type\":\"ListItem\",\"position\":1,\"name\":\"Hem\",\"item\":\"https:\\\/\\\/faktumonline.com\\\/fr\\\/\"},{\"@type\":\"ListItem\",\"position\":2,\"name\":\"Prix et Commandes\",\"item\":\"https:\\\/\\\/faktumonline.com\\\/fr\\\/prix-et-commandes\\\/\"},{\"@type\":\"ListItem\",\"position\":3,\"name\":\"S\u00e9lection des fa\u00e7ades Faktum\"}]},{\"@type\":\"WebSite\",\"@id\":\"https:\\\/\\\/faktumonline.com\\\/da\\\/#website\",\"url\":\"https:\\\/\\\/faktumonline.com\\\/da\\\/\",\"name\":\"Faktum Online Store\",\"description\":\"Premium doors for IKEA kitchens\",\"potentialAction\":[{\"@type\":\"SearchAction\",\"target\":{\"@type\":\"EntryPoint\",\"urlTemplate\":\"https:\\\/\\\/faktumonline.com\\\/da\\\/?s={search_term_string}\"},\"query-input\":{\"@type\":\"PropertyValueSpecification\",\"valueRequired\":true,\"valueName\":\"search_term_string\"}}],\"inLanguage\":\"fr-FR\"}]}<\/script>\n<!-- \/ Yoast SEO Premium plugin. -->","yoast_head_json":{"title":"S\u00e9lection des fa\u00e7ades Faktum - Faktum online store","robots":{"index":"index","follow":"follow","max-snippet":"max-snippet:-1","max-image-preview":"max-image-preview:large","max-video-preview":"max-video-preview:-1"},"canonical":"https:\/\/faktumonline.com\/fr\/prix-et-commandes\/selection-des-facades-faktum\/","og_locale":"fr_FR","og_type":"article","og_title":"S\u00e9lection des fa\u00e7ades Faktum","og_description":"S\u00e9lection des fa\u00e7ades Faktum Veuillez acc\u00e9der \u00e0 la page \u00ab Prix et Commandes \u00bb en s\u00e9lectionnant le type de fa\u00e7ades correspondant \u00e0 vos pr\u00e9f\u00e9rences. Fa\u00e7ades traditionnelles pour poign\u00e9es Menu Prix et Commandes Portes et fa\u00e7ades de tiroir \u00e0 \u00e9quiper ult\u00e9rieurement de poign\u00e9es. Fa\u00e7ades avec poign\u00e9es int\u00e9gr\u00e9es Menu Prix et Commandes Portes et fa\u00e7ades de tiroir ... Lire la suite","og_url":"https:\/\/faktumonline.com\/fr\/prix-et-commandes\/selection-des-facades-faktum\/","og_site_name":"Faktum online store","article_modified_time":"2025-02-03T21:27:35+00:00","og_image":[{"url":"https:\/\/faktumonline.com\/wp-content\/uploads\/2025\/01\/W028-Hero-Left-150x150.jpg","type":"","width":"","height":""}],"twitter_card":"summary_large_image","twitter_misc":{"Dur\u00e9e de lecture estim\u00e9e":"2 minutes"},"schema":{"@context":"https:\/\/schema.org","@graph":[{"@type":"WebPage","@id":"https:\/\/faktumonline.com\/fr\/prix-et-commandes\/selection-des-facades-faktum\/","url":"https:\/\/faktumonline.com\/fr\/prix-et-commandes\/selection-des-facades-faktum\/","name":"S\u00e9lection des fa\u00e7ades Faktum - Faktum online store","isPartOf":{"@id":"https:\/\/faktumonline.com\/da\/#website"},"primaryImageOfPage":{"@id":"https:\/\/faktumonline.com\/fr\/prix-et-commandes\/selection-des-facades-faktum\/#primaryimage"},"image":{"@id":"https:\/\/faktumonline.com\/fr\/prix-et-commandes\/selection-des-facades-faktum\/#primaryimage"},"thumbnailUrl":"https:\/\/faktumonline.com\/wp-content\/uploads\/2025\/01\/W028-Hero-Left-150x150.jpg","datePublished":"2025-02-03T21:16:55+00:00","dateModified":"2025-02-03T21:27:35+00:00","breadcrumb":{"@id":"https:\/\/faktumonline.com\/fr\/prix-et-commandes\/selection-des-facades-faktum\/#breadcrumb"},"inLanguage":"fr-FR","potentialAction":[{"@type":"ReadAction","target":["https:\/\/faktumonline.com\/fr\/prix-et-commandes\/selection-des-facades-faktum\/"]}]},{"@type":"ImageObject","inLanguage":"fr-FR","@id":"https:\/\/faktumonline.com\/fr\/prix-et-commandes\/selection-des-facades-faktum\/#primaryimage","url":"https:\/\/faktumonline.com\/wp-content\/uploads\/2025\/01\/W028-Hero-Left-150x150.jpg","contentUrl":"https:\/\/faktumonline.com\/wp-content\/uploads\/2025\/01\/W028-Hero-Left-150x150.jpg"},{"@type":"BreadcrumbList","@id":"https:\/\/faktumonline.com\/fr\/prix-et-commandes\/selection-des-facades-faktum\/#breadcrumb","itemListElement":[{"@type":"ListItem","position":1,"name":"Hem","item":"https:\/\/faktumonline.com\/fr\/"},{"@type":"ListItem","position":2,"name":"Prix et Commandes","item":"https:\/\/faktumonline.com\/fr\/prix-et-commandes\/"},{"@type":"ListItem","position":3,"name":"S\u00e9lection des fa\u00e7ades Faktum"}]},{"@type":"WebSite","@id":"https:\/\/faktumonline.com\/da\/#website","url":"https:\/\/faktumonline.com\/da\/","name":"Faktum Online Store","description":"Premium doors for IKEA kitchens","potentialAction":[{"@type":"SearchAction","target":{"@type":"EntryPoint","urlTemplate":"https:\/\/faktumonline.com\/da\/?s={search_term_string}"},"query-input":{"@type":"PropertyValueSpecification","valueRequired":true,"valueName":"search_term_string"}}],"inLanguage":"fr-FR"}]}},"_links":{"self":[{"href":"https:\/\/faktumonline.com\/fr\/wp-json\/wp\/v2\/pages\/135833","targetHints":{"allow":["GET"]}}],"collection":[{"href":"https:\/\/faktumonline.com\/fr\/wp-json\/wp\/v2\/pages"}],"about":[{"href":"https:\/\/faktumonline.com\/fr\/wp-json\/wp\/v2\/types\/page"}],"author":[{"embeddable":true,"href":"https:\/\/faktumonline.com\/fr\/wp-json\/wp\/v2\/users\/2"}],"replies":[{"embeddable":true,"href":"https:\/\/faktumonline.com\/fr\/wp-json\/wp\/v2\/comments?post=135833"}],"version-history":[{"count":7,"href":"https:\/\/faktumonline.com\/fr\/wp-json\/wp\/v2\/pages\/135833\/revisions"}],"predecessor-version":[{"id":135843,"href":"https:\/\/faktumonline.com\/fr\/wp-json\/wp\/v2\/pages\/135833\/revisions\/135843"}],"up":[{"embeddable":true,"href":"https:\/\/faktumonline.com\/fr\/wp-json\/wp\/v2\/pages\/80044"}],"wp:attachment":[{"href":"https:\/\/faktumonline.com\/fr\/wp-json\/wp\/v2\/media?parent=135833"}],"curies":[{"name":"wp","href":"https:\/\/api.w.org\/{rel}","templated":true}]}}