{"id":124754,"date":"2024-09-29T10:46:59","date_gmt":"2024-09-29T09:46:59","guid":{"rendered":"https:\/\/faktumonline.com\/product\/cornisa-por-milimetro\/"},"modified":"2024-09-29T10:46:59","modified_gmt":"2024-09-29T09:46:59","slug":"cornisa-por-milimetro","status":"publish","type":"product","link":"https:\/\/faktumonline.com\/es\/producto\/cornisa-por-milimetro\/","title":{"rendered":"Cornisa por mil\u00edmetro"},"content":{"rendered":"","protected":false},"excerpt":{"rendered":"<p>Un panel que oculta la iluminaci\u00f3n puede instalarse debajo de los gabinetes de pared para ocultar la iluminaci\u00f3n de manera elegante. El panel se fabricar\u00e1 con el mismo material premium, color y acabado que las nuevas puertas del mismo carrito. El frente ser\u00e1 plano y los lados redondeados con un radio de solo 1 mm (como en nuestro Modelo W28). La parte trasera ser\u00e1 de color blanco liso. El grosor est\u00e1ndar es de 18 mm y la altura est\u00e1 fija en 60 mm.<\/p>\n<p>El m\u00e9todo de IKEA era proporcionar una longitud fija que deb\u00eda cortarse al tama\u00f1o necesario en el lugar. Esto se debe a que todas las cocinas son diferentes entre s\u00ed. Cortar o serrar deja bordes \u00e1speros sin color que deben ocultarse o disimularse de alguna manera. Nosotros ofrecemos cornisas por mil\u00edmetro, lo cual es posible porque producimos bajo pedido. Aplicamos el color en la f\u00e1brica una vez que el panel est\u00e1 cortado al tama\u00f1o correcto. Al entregar un producto listo, su cocina renovada tendr\u00e1 un aspecto muy profesional.<\/p>\n<p><strong>Anchos:<\/strong> 346 \u2013 1900 mm<br \/>\n<strong>Altura:<\/strong> 60 mm (fija)<br \/>\n<strong>Espesor:<\/strong> 18 mm<\/p>\n<p><strong>CONSEJO:<\/strong> Si ha actualizado a tiras de LED modernas, quiz\u00e1s prefiera instalar un panel lateral de 12 mm de grosor debajo de sus gabinetes de pared. Si es as\u00ed, consulte el configurador de paneles laterales.<\/p>\n<p>&nbsp;<\/p>\n","protected":false},"featured_media":125286,"template":"","meta":[],"product_brand":[],"product_cat":[722],"product_tag":[],"class_list":{"0":"post-124754","1":"product","2":"type-product","3":"status-publish","4":"has-post-thumbnail","6":"product_cat-config-es","7":"sales-flash-overlay","8":"woocommerce-text-align-center","9":"woocommerce-image-align-center","11":"first","12":"instock","13":"taxable","14":"shipping-taxable","15":"purchasable","16":"product-type-simple"},"exclude_global_add_ons":[],"addons":[],"yoast_head":"<!-- This site is optimized with the Yoast SEO Premium plugin v27.5 (Yoast SEO v27.5) - https:\/\/yoast.com\/product\/yoast-seo-premium-wordpress\/ -->\n<title>Cornisa por mil\u00edmetro - Faktum Online Store<\/title>\n<meta name=\"robots\" content=\"index, follow, max-snippet:-1, max-image-preview:large, max-video-preview:-1\" \/>\n<link rel=\"canonical\" href=\"https:\/\/faktumonline.com\/es\/producto\/cornisa-por-milimetro\/\" \/>\n<meta property=\"og:locale\" content=\"es_ES\" \/>\n<meta property=\"og:type\" content=\"article\" \/>\n<meta property=\"og:title\" content=\"Cornisa por mil\u00edmetro\" \/>\n<meta property=\"og:description\" content=\"Un panel que oculta la iluminaci\u00f3n puede instalarse debajo de los gabinetes de pared para ocultar la iluminaci\u00f3n de manera elegante. El panel se fabricar\u00e1 con el mismo material premium, color y acabado que las nuevas puertas del mismo carrito. El frente ser\u00e1 plano y los lados redondeados con un radio de solo 1 mm (como en nuestro Modelo W28). La parte trasera ser\u00e1 de color blanco liso. El grosor est\u00e1ndar es de 18 mm y la altura est\u00e1 fija en 60 mm.  El m\u00e9todo de IKEA era proporcionar una longitud fija que deb\u00eda cortarse al tama\u00f1o necesario en el lugar. Esto se debe a que todas las cocinas son diferentes entre s\u00ed. Cortar o serrar deja bordes \u00e1speros sin color que deben ocultarse o disimularse de alguna manera. Nosotros ofrecemos cornisas por mil\u00edmetro, lo cual es posible porque producimos bajo pedido. Aplicamos el color en la f\u00e1brica una vez que el panel est\u00e1 cortado al tama\u00f1o correcto. Al entregar un producto listo, su cocina renovada tendr\u00e1 un aspecto muy profesional.  Anchos: 346 \u2013 1900 mm Altura: 60 mm (fija) Espesor: 18 mm  CONSEJO: Si ha actualizado a tiras de LED modernas, quiz\u00e1s prefiera instalar un panel lateral de 12 mm de grosor debajo de sus gabinetes de pared. Si es as\u00ed, consulte el configurador de paneles laterales.  &nbsp;\" \/>\n<meta property=\"og:url\" content=\"https:\/\/faktumonline.com\/es\/producto\/cornisa-por-milimetro\/\" \/>\n<meta property=\"og:site_name\" content=\"Faktum Online Store\" \/>\n<meta property=\"og:image\" content=\"https:\/\/faktumonline.com\/wp-content\/uploads\/2024\/10\/Pelmet.jpg\" \/>\n\t<meta property=\"og:image:width\" content=\"403\" \/>\n\t<meta property=\"og:image:height\" content=\"653\" \/>\n\t<meta property=\"og:image:type\" content=\"image\/jpeg\" \/>\n<meta name=\"twitter:card\" content=\"summary_large_image\" \/>\n<script type=\"application\/ld+json\" class=\"yoast-schema-graph\">{\"@context\":\"https:\\\/\\\/schema.org\",\"@graph\":[{\"@type\":\"WebPage\",\"@id\":\"https:\\\/\\\/faktumonline.com\\\/es\\\/producto\\\/cornisa-por-milimetro\\\/\",\"url\":\"https:\\\/\\\/faktumonline.com\\\/es\\\/producto\\\/cornisa-por-milimetro\\\/\",\"name\":\"Cornisa por mil\u00edmetro - Faktum Online Store\",\"isPartOf\":{\"@id\":\"https:\\\/\\\/faktumonline.com\\\/da\\\/#website\"},\"primaryImageOfPage\":{\"@id\":\"https:\\\/\\\/faktumonline.com\\\/es\\\/producto\\\/cornisa-por-milimetro\\\/#primaryimage\"},\"image\":{\"@id\":\"https:\\\/\\\/faktumonline.com\\\/es\\\/producto\\\/cornisa-por-milimetro\\\/#primaryimage\"},\"thumbnailUrl\":\"https:\\\/\\\/faktumonline.com\\\/wp-content\\\/uploads\\\/2024\\\/10\\\/Pelmet.jpg\",\"datePublished\":\"2024-09-29T09:46:59+00:00\",\"breadcrumb\":{\"@id\":\"https:\\\/\\\/faktumonline.com\\\/es\\\/producto\\\/cornisa-por-milimetro\\\/#breadcrumb\"},\"inLanguage\":\"es\",\"potentialAction\":[{\"@type\":\"ReadAction\",\"target\":[\"https:\\\/\\\/faktumonline.com\\\/es\\\/producto\\\/cornisa-por-milimetro\\\/\"]}]},{\"@type\":\"ImageObject\",\"inLanguage\":\"es\",\"@id\":\"https:\\\/\\\/faktumonline.com\\\/es\\\/producto\\\/cornisa-por-milimetro\\\/#primaryimage\",\"url\":\"https:\\\/\\\/faktumonline.com\\\/wp-content\\\/uploads\\\/2024\\\/10\\\/Pelmet.jpg\",\"contentUrl\":\"https:\\\/\\\/faktumonline.com\\\/wp-content\\\/uploads\\\/2024\\\/10\\\/Pelmet.jpg\",\"width\":403,\"height\":653,\"caption\":\"Cenefa en una cocina IKEA Faktum\"},{\"@type\":\"BreadcrumbList\",\"@id\":\"https:\\\/\\\/faktumonline.com\\\/es\\\/producto\\\/cornisa-por-milimetro\\\/#breadcrumb\",\"itemListElement\":[{\"@type\":\"ListItem\",\"position\":1,\"name\":\"Hem\",\"item\":\"https:\\\/\\\/faktumonline.com\\\/es\\\/\"},{\"@type\":\"ListItem\",\"position\":2,\"name\":\"Webshop\",\"item\":\"https:\\\/\\\/faktumonline.com\\\/es\\\/webshop\\\/\"},{\"@type\":\"ListItem\",\"position\":3,\"name\":\"Cornisa por mil\u00edmetro\"}]},{\"@type\":\"WebSite\",\"@id\":\"https:\\\/\\\/faktumonline.com\\\/da\\\/#website\",\"url\":\"https:\\\/\\\/faktumonline.com\\\/da\\\/\",\"name\":\"Faktum Online Store\",\"description\":\"Premium doors for IKEA kitchens\",\"potentialAction\":[{\"@type\":\"SearchAction\",\"target\":{\"@type\":\"EntryPoint\",\"urlTemplate\":\"https:\\\/\\\/faktumonline.com\\\/da\\\/?s={search_term_string}\"},\"query-input\":{\"@type\":\"PropertyValueSpecification\",\"valueRequired\":true,\"valueName\":\"search_term_string\"}}],\"inLanguage\":\"es\"}]}<\/script>\n<!-- \/ Yoast SEO Premium plugin. -->","yoast_head_json":{"title":"Cornisa por mil\u00edmetro - Faktum Online Store","robots":{"index":"index","follow":"follow","max-snippet":"max-snippet:-1","max-image-preview":"max-image-preview:large","max-video-preview":"max-video-preview:-1"},"canonical":"https:\/\/faktumonline.com\/es\/producto\/cornisa-por-milimetro\/","og_locale":"es_ES","og_type":"article","og_title":"Cornisa por mil\u00edmetro","og_description":"Un panel que oculta la iluminaci\u00f3n puede instalarse debajo de los gabinetes de pared para ocultar la iluminaci\u00f3n de manera elegante. El panel se fabricar\u00e1 con el mismo material premium, color y acabado que las nuevas puertas del mismo carrito. El frente ser\u00e1 plano y los lados redondeados con un radio de solo 1 mm (como en nuestro Modelo W28). La parte trasera ser\u00e1 de color blanco liso. El grosor est\u00e1ndar es de 18 mm y la altura est\u00e1 fija en 60 mm.  El m\u00e9todo de IKEA era proporcionar una longitud fija que deb\u00eda cortarse al tama\u00f1o necesario en el lugar. Esto se debe a que todas las cocinas son diferentes entre s\u00ed. Cortar o serrar deja bordes \u00e1speros sin color que deben ocultarse o disimularse de alguna manera. Nosotros ofrecemos cornisas por mil\u00edmetro, lo cual es posible porque producimos bajo pedido. Aplicamos el color en la f\u00e1brica una vez que el panel est\u00e1 cortado al tama\u00f1o correcto. Al entregar un producto listo, su cocina renovada tendr\u00e1 un aspecto muy profesional.  Anchos: 346 \u2013 1900 mm Altura: 60 mm (fija) Espesor: 18 mm  CONSEJO: Si ha actualizado a tiras de LED modernas, quiz\u00e1s prefiera instalar un panel lateral de 12 mm de grosor debajo de sus gabinetes de pared. Si es as\u00ed, consulte el configurador de paneles laterales.  &nbsp;","og_url":"https:\/\/faktumonline.com\/es\/producto\/cornisa-por-milimetro\/","og_site_name":"Faktum Online Store","og_image":[{"width":403,"height":653,"url":"https:\/\/faktumonline.com\/wp-content\/uploads\/2024\/10\/Pelmet.jpg","type":"image\/jpeg"}],"twitter_card":"summary_large_image","schema":{"@context":"https:\/\/schema.org","@graph":[{"@type":"WebPage","@id":"https:\/\/faktumonline.com\/es\/producto\/cornisa-por-milimetro\/","url":"https:\/\/faktumonline.com\/es\/producto\/cornisa-por-milimetro\/","name":"Cornisa por mil\u00edmetro - Faktum Online Store","isPartOf":{"@id":"https:\/\/faktumonline.com\/da\/#website"},"primaryImageOfPage":{"@id":"https:\/\/faktumonline.com\/es\/producto\/cornisa-por-milimetro\/#primaryimage"},"image":{"@id":"https:\/\/faktumonline.com\/es\/producto\/cornisa-por-milimetro\/#primaryimage"},"thumbnailUrl":"https:\/\/faktumonline.com\/wp-content\/uploads\/2024\/10\/Pelmet.jpg","datePublished":"2024-09-29T09:46:59+00:00","breadcrumb":{"@id":"https:\/\/faktumonline.com\/es\/producto\/cornisa-por-milimetro\/#breadcrumb"},"inLanguage":"es","potentialAction":[{"@type":"ReadAction","target":["https:\/\/faktumonline.com\/es\/producto\/cornisa-por-milimetro\/"]}]},{"@type":"ImageObject","inLanguage":"es","@id":"https:\/\/faktumonline.com\/es\/producto\/cornisa-por-milimetro\/#primaryimage","url":"https:\/\/faktumonline.com\/wp-content\/uploads\/2024\/10\/Pelmet.jpg","contentUrl":"https:\/\/faktumonline.com\/wp-content\/uploads\/2024\/10\/Pelmet.jpg","width":403,"height":653,"caption":"Cenefa en una cocina IKEA Faktum"},{"@type":"BreadcrumbList","@id":"https:\/\/faktumonline.com\/es\/producto\/cornisa-por-milimetro\/#breadcrumb","itemListElement":[{"@type":"ListItem","position":1,"name":"Hem","item":"https:\/\/faktumonline.com\/es\/"},{"@type":"ListItem","position":2,"name":"Webshop","item":"https:\/\/faktumonline.com\/es\/webshop\/"},{"@type":"ListItem","position":3,"name":"Cornisa por mil\u00edmetro"}]},{"@type":"WebSite","@id":"https:\/\/faktumonline.com\/da\/#website","url":"https:\/\/faktumonline.com\/da\/","name":"Faktum Online Store","description":"Premium doors for IKEA kitchens","potentialAction":[{"@type":"SearchAction","target":{"@type":"EntryPoint","urlTemplate":"https:\/\/faktumonline.com\/da\/?s={search_term_string}"},"query-input":{"@type":"PropertyValueSpecification","valueRequired":true,"valueName":"search_term_string"}}],"inLanguage":"es"}]}},"_links":{"self":[{"href":"https:\/\/faktumonline.com\/es\/wp-json\/wp\/v2\/product\/124754","targetHints":{"allow":["GET"]}}],"collection":[{"href":"https:\/\/faktumonline.com\/es\/wp-json\/wp\/v2\/product"}],"about":[{"href":"https:\/\/faktumonline.com\/es\/wp-json\/wp\/v2\/types\/product"}],"version-history":[{"count":0,"href":"https:\/\/faktumonline.com\/es\/wp-json\/wp\/v2\/product\/124754\/revisions"}],"wp:featuredmedia":[{"embeddable":true,"href":"https:\/\/faktumonline.com\/es\/wp-json\/wp\/v2\/media\/125286"}],"wp:attachment":[{"href":"https:\/\/faktumonline.com\/es\/wp-json\/wp\/v2\/media?parent=124754"}],"wp:term":[{"taxonomy":"product_brand","embeddable":true,"href":"https:\/\/faktumonline.com\/es\/wp-json\/wp\/v2\/product_brand?post=124754"},{"taxonomy":"product_cat","embeddable":true,"href":"https:\/\/faktumonline.com\/es\/wp-json\/wp\/v2\/product_cat?post=124754"},{"taxonomy":"product_tag","embeddable":true,"href":"https:\/\/faktumonline.com\/es\/wp-json\/wp\/v2\/product_tag?post=124754"}],"curies":[{"name":"wp","href":"https:\/\/api.w.org\/{rel}","templated":true}]}}