{"id":124699,"date":"2024-09-28T18:00:54","date_gmt":"2024-09-28T17:00:54","guid":{"rendered":"https:\/\/faktumonline.com\/product\/panel-lateral-por-milimetro\/"},"modified":"2024-09-28T18:00:54","modified_gmt":"2024-09-28T17:00:54","slug":"panel-lateral-por-milimetro","status":"publish","type":"product","link":"https:\/\/faktumonline.com\/es\/producto\/panel-lateral-por-milimetro\/","title":{"rendered":"Panel lateral por mil\u00edmetro"},"content":{"rendered":"","protected":false},"excerpt":{"rendered":"<p>Un panel lateral puede instalarse para cubrir el costado de un gabinete y darle a su cocina un aspecto m\u00e1s elegante e integrado. El panel se fabricar\u00e1 con el mismo material premium, color y acabado que las nuevas puertas del mismo carrito. El frente ser\u00e1 plano y los bordes redondeados con un radio de solo 1 mm (como en nuestro Modelo W28). El reverso, que est\u00e1 destinado a ir contra el marco del gabinete, ser\u00e1 siempre blanco. El grosor est\u00e1ndar es de 18 mm para imitar el costado de los gabinetes, aunque tambi\u00e9n se ofrecen otros grosores.<\/p>\n<p>El m\u00e9todo de IKEA es proporcionar solo algunas medidas fijas de paneles que deben cortarse a medida en el lugar. Esto se debe a que todas las cocinas son diferentes entre s\u00ed. Y cortar o serrar deja algunos bordes \u00e1speros sin color, los cuales deben ocultarse de alguna manera. Nosotros ofrecemos paneles laterales por mil\u00edmetro, lo cual es posible ya que producimos por encargo. Aplicaremos el color en la f\u00e1brica una vez que el panel haya sido cortado a la medida exacta. Como entregamos un producto listo, su cocina renovada tendr\u00e1 un aspecto muy profesional.<\/p>\n<p><strong>Grosores:<\/strong> 10, 12, 16 y 18 mm<br \/>\n<strong>Anchos:<\/strong> 100 \u2013 750 mm<br \/>\n<strong>Alturas:<\/strong> 100 \u2013 2300 mm<\/p>\n<p><strong>Consejo:<\/strong> Si las dimensiones deseadas no \u00abencajan\u00bb dentro de las medidas m\u00ednimas anteriores, intente intercambiar el ancho y la altura. Funciona para todos los colores y acabados, excepto aquellos con patrones o direcci\u00f3n de veta, como el roble de California.<\/p>\n<p>&nbsp;<\/p>\n","protected":false},"featured_media":125300,"template":"","meta":[],"product_brand":[],"product_cat":[722],"product_tag":[],"class_list":{"0":"post-124699","1":"product","2":"type-product","3":"status-publish","4":"has-post-thumbnail","6":"product_cat-config-es","7":"sales-flash-overlay","8":"woocommerce-text-align-center","9":"woocommerce-image-align-center","11":"first","12":"instock","13":"taxable","14":"shipping-taxable","15":"purchasable","16":"product-type-simple"},"exclude_global_add_ons":[],"addons":[],"yoast_head":"<!-- This site is optimized with the Yoast SEO Premium plugin v27.4 (Yoast SEO v27.4) - https:\/\/yoast.com\/product\/yoast-seo-premium-wordpress\/ -->\n<title>Panel lateral por mil\u00edmetro - Faktum Online Store<\/title>\n<meta name=\"robots\" content=\"index, follow, max-snippet:-1, max-image-preview:large, max-video-preview:-1\" \/>\n<link rel=\"canonical\" href=\"https:\/\/faktumonline.com\/es\/producto\/panel-lateral-por-milimetro\/\" \/>\n<meta property=\"og:locale\" content=\"es_ES\" \/>\n<meta property=\"og:type\" content=\"article\" \/>\n<meta property=\"og:title\" content=\"Panel lateral por mil\u00edmetro\" \/>\n<meta property=\"og:description\" content=\"Un panel lateral puede instalarse para cubrir el costado de un gabinete y darle a su cocina un aspecto m\u00e1s elegante e integrado. El panel se fabricar\u00e1 con el mismo material premium, color y acabado que las nuevas puertas del mismo carrito. El frente ser\u00e1 plano y los bordes redondeados con un radio de solo 1 mm (como en nuestro Modelo W28). El reverso, que est\u00e1 destinado a ir contra el marco del gabinete, ser\u00e1 siempre blanco. El grosor est\u00e1ndar es de 18 mm para imitar el costado de los gabinetes, aunque tambi\u00e9n se ofrecen otros grosores.  El m\u00e9todo de IKEA es proporcionar solo algunas medidas fijas de paneles que deben cortarse a medida en el lugar. Esto se debe a que todas las cocinas son diferentes entre s\u00ed. Y cortar o serrar deja algunos bordes \u00e1speros sin color, los cuales deben ocultarse de alguna manera. Nosotros ofrecemos paneles laterales por mil\u00edmetro, lo cual es posible ya que producimos por encargo. Aplicaremos el color en la f\u00e1brica una vez que el panel haya sido cortado a la medida exacta. Como entregamos un producto listo, su cocina renovada tendr\u00e1 un aspecto muy profesional.  Grosores: 10, 12, 16 y 18 mm Anchos: 100 \u2013 750 mm Alturas: 100 \u2013 2300 mm  Consejo: Si las dimensiones deseadas no &quot;encajan&quot; dentro de las medidas m\u00ednimas anteriores, intente intercambiar el ancho y la altura. Funciona para todos los colores y acabados, excepto aquellos con patrones o direcci\u00f3n de veta, como el roble de California.  &nbsp;\" \/>\n<meta property=\"og:url\" content=\"https:\/\/faktumonline.com\/es\/producto\/panel-lateral-por-milimetro\/\" \/>\n<meta property=\"og:site_name\" content=\"Faktum Online Store\" \/>\n<meta property=\"og:image\" content=\"https:\/\/faktumonline.com\/wp-content\/uploads\/2024\/10\/Side-Panels.jpg\" \/>\n\t<meta property=\"og:image:width\" content=\"403\" \/>\n\t<meta property=\"og:image:height\" content=\"653\" \/>\n\t<meta property=\"og:image:type\" content=\"image\/jpeg\" \/>\n<meta name=\"twitter:card\" content=\"summary_large_image\" \/>\n<script type=\"application\/ld+json\" class=\"yoast-schema-graph\">{\"@context\":\"https:\\\/\\\/schema.org\",\"@graph\":[{\"@type\":\"WebPage\",\"@id\":\"https:\\\/\\\/faktumonline.com\\\/es\\\/producto\\\/panel-lateral-por-milimetro\\\/\",\"url\":\"https:\\\/\\\/faktumonline.com\\\/es\\\/producto\\\/panel-lateral-por-milimetro\\\/\",\"name\":\"Panel lateral por mil\u00edmetro - Faktum Online Store\",\"isPartOf\":{\"@id\":\"https:\\\/\\\/faktumonline.com\\\/da\\\/#website\"},\"primaryImageOfPage\":{\"@id\":\"https:\\\/\\\/faktumonline.com\\\/es\\\/producto\\\/panel-lateral-por-milimetro\\\/#primaryimage\"},\"image\":{\"@id\":\"https:\\\/\\\/faktumonline.com\\\/es\\\/producto\\\/panel-lateral-por-milimetro\\\/#primaryimage\"},\"thumbnailUrl\":\"https:\\\/\\\/faktumonline.com\\\/wp-content\\\/uploads\\\/2024\\\/10\\\/Side-Panels.jpg\",\"datePublished\":\"2024-09-28T17:00:54+00:00\",\"breadcrumb\":{\"@id\":\"https:\\\/\\\/faktumonline.com\\\/es\\\/producto\\\/panel-lateral-por-milimetro\\\/#breadcrumb\"},\"inLanguage\":\"es\",\"potentialAction\":[{\"@type\":\"ReadAction\",\"target\":[\"https:\\\/\\\/faktumonline.com\\\/es\\\/producto\\\/panel-lateral-por-milimetro\\\/\"]}]},{\"@type\":\"ImageObject\",\"inLanguage\":\"es\",\"@id\":\"https:\\\/\\\/faktumonline.com\\\/es\\\/producto\\\/panel-lateral-por-milimetro\\\/#primaryimage\",\"url\":\"https:\\\/\\\/faktumonline.com\\\/wp-content\\\/uploads\\\/2024\\\/10\\\/Side-Panels.jpg\",\"contentUrl\":\"https:\\\/\\\/faktumonline.com\\\/wp-content\\\/uploads\\\/2024\\\/10\\\/Side-Panels.jpg\",\"width\":403,\"height\":653,\"caption\":\"Paneles laterales en una cocina IKEA\"},{\"@type\":\"BreadcrumbList\",\"@id\":\"https:\\\/\\\/faktumonline.com\\\/es\\\/producto\\\/panel-lateral-por-milimetro\\\/#breadcrumb\",\"itemListElement\":[{\"@type\":\"ListItem\",\"position\":1,\"name\":\"Hem\",\"item\":\"https:\\\/\\\/faktumonline.com\\\/es\\\/\"},{\"@type\":\"ListItem\",\"position\":2,\"name\":\"Webshop\",\"item\":\"https:\\\/\\\/faktumonline.com\\\/es\\\/webshop\\\/\"},{\"@type\":\"ListItem\",\"position\":3,\"name\":\"Panel lateral por mil\u00edmetro\"}]},{\"@type\":\"WebSite\",\"@id\":\"https:\\\/\\\/faktumonline.com\\\/da\\\/#website\",\"url\":\"https:\\\/\\\/faktumonline.com\\\/da\\\/\",\"name\":\"Faktum Online Store\",\"description\":\"Premium doors for IKEA kitchens\",\"potentialAction\":[{\"@type\":\"SearchAction\",\"target\":{\"@type\":\"EntryPoint\",\"urlTemplate\":\"https:\\\/\\\/faktumonline.com\\\/da\\\/?s={search_term_string}\"},\"query-input\":{\"@type\":\"PropertyValueSpecification\",\"valueRequired\":true,\"valueName\":\"search_term_string\"}}],\"inLanguage\":\"es\"}]}<\/script>\n<!-- \/ Yoast SEO Premium plugin. -->","yoast_head_json":{"title":"Panel lateral por mil\u00edmetro - Faktum Online Store","robots":{"index":"index","follow":"follow","max-snippet":"max-snippet:-1","max-image-preview":"max-image-preview:large","max-video-preview":"max-video-preview:-1"},"canonical":"https:\/\/faktumonline.com\/es\/producto\/panel-lateral-por-milimetro\/","og_locale":"es_ES","og_type":"article","og_title":"Panel lateral por mil\u00edmetro","og_description":"Un panel lateral puede instalarse para cubrir el costado de un gabinete y darle a su cocina un aspecto m\u00e1s elegante e integrado. El panel se fabricar\u00e1 con el mismo material premium, color y acabado que las nuevas puertas del mismo carrito. El frente ser\u00e1 plano y los bordes redondeados con un radio de solo 1 mm (como en nuestro Modelo W28). El reverso, que est\u00e1 destinado a ir contra el marco del gabinete, ser\u00e1 siempre blanco. El grosor est\u00e1ndar es de 18 mm para imitar el costado de los gabinetes, aunque tambi\u00e9n se ofrecen otros grosores.  El m\u00e9todo de IKEA es proporcionar solo algunas medidas fijas de paneles que deben cortarse a medida en el lugar. Esto se debe a que todas las cocinas son diferentes entre s\u00ed. Y cortar o serrar deja algunos bordes \u00e1speros sin color, los cuales deben ocultarse de alguna manera. Nosotros ofrecemos paneles laterales por mil\u00edmetro, lo cual es posible ya que producimos por encargo. Aplicaremos el color en la f\u00e1brica una vez que el panel haya sido cortado a la medida exacta. Como entregamos un producto listo, su cocina renovada tendr\u00e1 un aspecto muy profesional.  Grosores: 10, 12, 16 y 18 mm Anchos: 100 \u2013 750 mm Alturas: 100 \u2013 2300 mm  Consejo: Si las dimensiones deseadas no \"encajan\" dentro de las medidas m\u00ednimas anteriores, intente intercambiar el ancho y la altura. Funciona para todos los colores y acabados, excepto aquellos con patrones o direcci\u00f3n de veta, como el roble de California.  &nbsp;","og_url":"https:\/\/faktumonline.com\/es\/producto\/panel-lateral-por-milimetro\/","og_site_name":"Faktum Online Store","og_image":[{"width":403,"height":653,"url":"https:\/\/faktumonline.com\/wp-content\/uploads\/2024\/10\/Side-Panels.jpg","type":"image\/jpeg"}],"twitter_card":"summary_large_image","schema":{"@context":"https:\/\/schema.org","@graph":[{"@type":"WebPage","@id":"https:\/\/faktumonline.com\/es\/producto\/panel-lateral-por-milimetro\/","url":"https:\/\/faktumonline.com\/es\/producto\/panel-lateral-por-milimetro\/","name":"Panel lateral por mil\u00edmetro - Faktum Online Store","isPartOf":{"@id":"https:\/\/faktumonline.com\/da\/#website"},"primaryImageOfPage":{"@id":"https:\/\/faktumonline.com\/es\/producto\/panel-lateral-por-milimetro\/#primaryimage"},"image":{"@id":"https:\/\/faktumonline.com\/es\/producto\/panel-lateral-por-milimetro\/#primaryimage"},"thumbnailUrl":"https:\/\/faktumonline.com\/wp-content\/uploads\/2024\/10\/Side-Panels.jpg","datePublished":"2024-09-28T17:00:54+00:00","breadcrumb":{"@id":"https:\/\/faktumonline.com\/es\/producto\/panel-lateral-por-milimetro\/#breadcrumb"},"inLanguage":"es","potentialAction":[{"@type":"ReadAction","target":["https:\/\/faktumonline.com\/es\/producto\/panel-lateral-por-milimetro\/"]}]},{"@type":"ImageObject","inLanguage":"es","@id":"https:\/\/faktumonline.com\/es\/producto\/panel-lateral-por-milimetro\/#primaryimage","url":"https:\/\/faktumonline.com\/wp-content\/uploads\/2024\/10\/Side-Panels.jpg","contentUrl":"https:\/\/faktumonline.com\/wp-content\/uploads\/2024\/10\/Side-Panels.jpg","width":403,"height":653,"caption":"Paneles laterales en una cocina IKEA"},{"@type":"BreadcrumbList","@id":"https:\/\/faktumonline.com\/es\/producto\/panel-lateral-por-milimetro\/#breadcrumb","itemListElement":[{"@type":"ListItem","position":1,"name":"Hem","item":"https:\/\/faktumonline.com\/es\/"},{"@type":"ListItem","position":2,"name":"Webshop","item":"https:\/\/faktumonline.com\/es\/webshop\/"},{"@type":"ListItem","position":3,"name":"Panel lateral por mil\u00edmetro"}]},{"@type":"WebSite","@id":"https:\/\/faktumonline.com\/da\/#website","url":"https:\/\/faktumonline.com\/da\/","name":"Faktum Online Store","description":"Premium doors for IKEA kitchens","potentialAction":[{"@type":"SearchAction","target":{"@type":"EntryPoint","urlTemplate":"https:\/\/faktumonline.com\/da\/?s={search_term_string}"},"query-input":{"@type":"PropertyValueSpecification","valueRequired":true,"valueName":"search_term_string"}}],"inLanguage":"es"}]}},"_links":{"self":[{"href":"https:\/\/faktumonline.com\/es\/wp-json\/wp\/v2\/product\/124699","targetHints":{"allow":["GET"]}}],"collection":[{"href":"https:\/\/faktumonline.com\/es\/wp-json\/wp\/v2\/product"}],"about":[{"href":"https:\/\/faktumonline.com\/es\/wp-json\/wp\/v2\/types\/product"}],"version-history":[{"count":0,"href":"https:\/\/faktumonline.com\/es\/wp-json\/wp\/v2\/product\/124699\/revisions"}],"wp:featuredmedia":[{"embeddable":true,"href":"https:\/\/faktumonline.com\/es\/wp-json\/wp\/v2\/media\/125300"}],"wp:attachment":[{"href":"https:\/\/faktumonline.com\/es\/wp-json\/wp\/v2\/media?parent=124699"}],"wp:term":[{"taxonomy":"product_brand","embeddable":true,"href":"https:\/\/faktumonline.com\/es\/wp-json\/wp\/v2\/product_brand?post=124699"},{"taxonomy":"product_cat","embeddable":true,"href":"https:\/\/faktumonline.com\/es\/wp-json\/wp\/v2\/product_cat?post=124699"},{"taxonomy":"product_tag","embeddable":true,"href":"https:\/\/faktumonline.com\/es\/wp-json\/wp\/v2\/product_tag?post=124699"}],"curies":[{"name":"wp","href":"https:\/\/api.w.org\/{rel}","templated":true}]}}