{"id":5102,"date":"2018-11-20T21:52:18","date_gmt":"2018-11-20T20:52:18","guid":{"rendered":"https:\/\/faktumonline.com\/sobre-nostros"},"modified":"2019-01-20T14:38:41","modified_gmt":"2019-01-20T13:38:41","slug":"sobre-nostros","status":"publish","type":"page","link":"https:\/\/faktumonline.com\/es\/sobre-nostros\/","title":{"rendered":"Sobre nostros"},"content":{"rendered":"<p>[section bg_overlay=\u00bbrgba(255, 255, 255, 0.5)\u00bb]<\/p>\n<p>[row style=\u00bbcollapse\u00bb col_bg=\u00bbrgb(255, 255, 255)\u00bb padding=\u00bb30px 30px 30px 30px\u00bb]<\/p>\n<p>[col span__sm=\u00bb12&#8243;]<\/p>\n<h4>FABRICADO ESPEC\u00cdFICAMENTE PARA FAKTUM. DIMENSIONES ADAPTADAS A LOS DISE\u00d1OS ORIGINALES DE IKEA CON UN AJUSTE PERFECTO.<\/h4>\n<h3><strong>SOBRE NOSTROS<\/strong><\/h3>\n<p>Somos EasyFront, una de las empresas m\u00e1s grandes de Escandinavia especializadas en la fabricaci\u00f3n de nuevas puertas para los armarios de la cocina y detalles espec\u00edficamente para la cocina IKEA Faktum. Esto es perfecto para aquellas personas que quieren actualizar y renovar su cocina con un nuevo aspecto exterior, pero no quieren gastarse demasiado dinero ni energ\u00eda cambiando toda la cocina con nuevos m\u00f3dulos, bisagras, la encimera, el fregadero, electricidad, agua, el desag\u00fce y el polvo que se hace cuando hay obras, entre otras cosas. Conserva tu cocina y cambia \u00fanicamente los frentes!<br \/>\nTe enviaremos un paquete plano a tu casa en un plazo de 3-4 semanas y todo estar\u00e1 listo para usarse directamente de la caja. No es necesario hacer ning\u00fan tipo de ajuste local despu\u00e9s. Somos expertos en la transformaci\u00f3n de antiguas cocinas de IKEA y nuestro Servicio de atenci\u00f3n al cliente tiene su sede en Estocolmo, Suecia. Estamos encantados de echarte una mano y te ayudaremos con cualquier pregunta que te pueda surgir sobre tu proyecto de renovaci\u00f3n de la cocina. Env\u00edanos un mensaje de correo electr\u00f3nico (en ingl\u00e9s) a la direcci\u00f3n hello@faktumonline.com<\/p>\n<h3><strong>D\u00d3NDE ESTAMOS<br \/>\n<\/strong><\/h3>\n<p><span id=\"result_box\" lang=\"es\">Es posible ordenar nuestros productos desde 3 sitios web diferentes en l\u00ednea. Faktum.co.uk es para entregas en el Reino Unido y pedidos en \u00a3. Para el resto de Europa y para el euro, visite <\/span><a href=\"https:\/\/faktumonline.com\/\">faktumonline.com<\/a>. <span id=\"result_box\" lang=\"es\">En nuestro sitio web escandinavo<\/span> <a href=\"https:\/\/www.xn--smlandsluckan-qfb.se\/\" target=\"_blank\" rel=\"noopener\">Scandinavian\u00a0site<\/a> <span id=\"result_box\" lang=\"es\">encontrar\u00e1s m\u00e1s fotos y informaci\u00f3n. Aunque est\u00e1 en la moneda sueca y SEK, puedes encontrar inspiraci\u00f3n en todas las im\u00e1genes all\u00ed.<\/span><\/p>\n<h3><strong>FAKTUM vs METOD?\u00a0<\/strong><\/h3>\n<p>C\u00f3mo puedo saber que mi cocina es de IKEA y que es una cocina Faktum?<br \/>\nA veces en el lateral de los cajones pone \u00abIKEA\u00bb, otras lo pone en otros sitios y, otras veces, no pone nada. Lo m\u00e1s sencillo para determinar si se trata de una cocina Faktum es echar un vistazo a las bisagras de las puertas. Abre una puerta. Mide la distancia desde el borde superior de la puerta y el inferior. La distancia desde el borde superior y el inferior al CENTRO de la bisagra debe ser de 59 mm (+\/- 2-3 mm). El valor correspondiente en las cocinas IKEA Metod es de 49 mm. El valor que suelen tener otras marcas es de 75, 80 o 100 mm. No dudes en ponerte en contacto con nuestro Servicio de atenci\u00f3n al cliente en Estocolmo, Suecia, en caso de que te surja alguna pregunta sobre tu proyecto. Somos expertos en renovar cocinas de IKEA y estaremos encantados de ayudarte. Env\u00edanos un mensaje de correo electr\u00f3nico (en ingl\u00e9s) a la direcci\u00f3n hello@faktumonline.com !<\/p>\n<p>[ux_image id=\u00bb3171&#8243;]<\/p>\n<p>C\u00f3mo puedo saber si mis gabineto de IKEA est\u00e1n en el Metod o en el rango de Faktum? Por favor vea las perforaciones para las bisagras. Metod (izquierda) = 2 columnas y Faktum (derecha) = 1 columna en la parte frontal del gabineto.<\/p>\n<h2><strong>C\u00f3mo puedo saber que mi cocina es de IKEA y que es una cocina IKEA Faktum o IKEA Metod?<\/strong><\/h2>\n<div id=\"content\" class=\"site-content\">\n<div class=\"corp-container\">\n<div class=\"elementor elementor-742\">\n<div class=\"elementor-inner\">\n<div class=\"elementor-section-wrap\">\n<section class=\"elementor-element elementor-element-cd3a634 elementor-section-boxed elementor-section-height-default elementor-section-height-default elementor-section elementor-top-section\" data-id=\"cd3a634\" data-element_type=\"section\">\n<div class=\"elementor-container elementor-column-gap-default\">\n<div class=\"elementor-row\">\n<div class=\"elementor-element elementor-element-673132a elementor-column elementor-col-100 elementor-top-column\" data-id=\"673132a\" data-element_type=\"column\">\n<div class=\"elementor-column-wrap elementor-element-populated\">\n<div class=\"elementor-widget-wrap\">\n<div class=\"elementor-element elementor-element-2c04e42 elementor-widget elementor-widget-text-editor\" data-id=\"2c04e42\" data-element_type=\"text-editor.default\">\n<div class=\"elementor-widget-container\">\n<div class=\"elementor-text-editor elementor-clearfix\">\n<p>La mejor forma para salir de dudas es echar un vistazo dentro de los armarios. La cocina Metod tiene dos l\u00edneas con orificios en la parte delantera para el herraje de las bisagras, mientras que la cocina Faktum tiene solo una.<\/p>\n<\/div>\n<\/div>\n<\/div>\n<\/div>\n<\/div>\n<\/div>\n<\/div>\n<\/div>\n<\/section>\n<\/div>\n<\/div>\n<\/div>\n<\/div>\n<\/div>\n<footer id=\"colophon\" class=\"site-footer\">\n<div class=\"corp-container\">\n<div class=\"widgets widgets-1\" aria-label=\"Footer Widgets\"><\/div>\n<\/div>\n<\/footer>\n<p>[\/col]<\/p>\n<p>[\/row]<\/p>\n<p>[\/section]<\/p>\n","protected":false},"excerpt":{"rendered":"<p>[section bg_overlay=\u00bbrgba(255, 255, 255, 0.5)\u00bb] [row style=\u00bbcollapse\u00bb col_bg=\u00bbrgb(255, 255, 255)\u00bb padding=\u00bb30px 30px 30px 30px\u00bb] [col span__sm=\u00bb12&#8243;] FABRICADO ESPEC\u00cdFICAMENTE PARA FAKTUM. DIMENSIONES ADAPTADAS A LOS DISE\u00d1OS ORIGINALES DE IKEA CON UN AJUSTE PERFECTO. SOBRE NOSTROS Somos EasyFront, una de las empresas m\u00e1s grandes de Escandinavia especializadas en la fabricaci\u00f3n de nuevas puertas para los armarios de &#8230; <a title=\"Sobre nostros\" class=\"read-more\" href=\"https:\/\/faktumonline.com\/es\/sobre-nostros\/\" aria-label=\"Leer m\u00e1s sobre Sobre nostros\">Leer m\u00e1s<\/a><\/p>\n","protected":false},"author":2,"featured_media":0,"parent":0,"menu_order":0,"comment_status":"closed","ping_status":"closed","template":"elementor_header_footer","meta":{"footnotes":""},"class_list":["post-5102","page","type-page","status-publish"],"yoast_head":"<!-- This site is optimized with the Yoast SEO Premium plugin v27.4 (Yoast SEO v27.4) - https:\/\/yoast.com\/product\/yoast-seo-premium-wordpress\/ -->\n<title>Sobre nostros - Faktum Online Store<\/title>\n<meta name=\"robots\" content=\"index, follow, max-snippet:-1, max-image-preview:large, max-video-preview:-1\" \/>\n<link rel=\"canonical\" href=\"https:\/\/faktumonline.com\/es\/sobre-nostros\/\" \/>\n<meta property=\"og:locale\" content=\"es_ES\" \/>\n<meta property=\"og:type\" content=\"article\" \/>\n<meta property=\"og:title\" content=\"Sobre nostros\" \/>\n<meta property=\"og:description\" content=\"[section bg_overlay=\u00bbrgba(255, 255, 255, 0.5)\u00bb] [row style=\u00bbcollapse\u00bb col_bg=\u00bbrgb(255, 255, 255)\u00bb padding=\u00bb30px 30px 30px 30px\u00bb] [col span__sm=\u00bb12&#8243;] FABRICADO ESPEC\u00cdFICAMENTE PARA FAKTUM. DIMENSIONES ADAPTADAS A LOS DISE\u00d1OS ORIGINALES DE IKEA CON UN AJUSTE PERFECTO. SOBRE NOSTROS Somos EasyFront, una de las empresas m\u00e1s grandes de Escandinavia especializadas en la fabricaci\u00f3n de nuevas puertas para los armarios de ... Leer m\u00e1s\" \/>\n<meta property=\"og:url\" content=\"https:\/\/faktumonline.com\/es\/sobre-nostros\/\" \/>\n<meta property=\"og:site_name\" content=\"Faktum Online Store\" \/>\n<meta property=\"article:modified_time\" content=\"2019-01-20T13:38:41+00:00\" \/>\n<meta name=\"twitter:card\" content=\"summary_large_image\" \/>\n<meta name=\"twitter:label1\" content=\"Tiempo de lectura\" \/>\n\t<meta name=\"twitter:data1\" content=\"3 minutos\" \/>\n<script type=\"application\/ld+json\" class=\"yoast-schema-graph\">{\"@context\":\"https:\\\/\\\/schema.org\",\"@graph\":[{\"@type\":\"WebPage\",\"@id\":\"https:\\\/\\\/faktumonline.com\\\/es\\\/sobre-nostros\\\/\",\"url\":\"https:\\\/\\\/faktumonline.com\\\/es\\\/sobre-nostros\\\/\",\"name\":\"Sobre nostros - Faktum Online Store\",\"isPartOf\":{\"@id\":\"https:\\\/\\\/faktumonline.com\\\/da\\\/#website\"},\"datePublished\":\"2018-11-20T20:52:18+00:00\",\"dateModified\":\"2019-01-20T13:38:41+00:00\",\"breadcrumb\":{\"@id\":\"https:\\\/\\\/faktumonline.com\\\/es\\\/sobre-nostros\\\/#breadcrumb\"},\"inLanguage\":\"es\",\"potentialAction\":[{\"@type\":\"ReadAction\",\"target\":[\"https:\\\/\\\/faktumonline.com\\\/es\\\/sobre-nostros\\\/\"]}]},{\"@type\":\"BreadcrumbList\",\"@id\":\"https:\\\/\\\/faktumonline.com\\\/es\\\/sobre-nostros\\\/#breadcrumb\",\"itemListElement\":[{\"@type\":\"ListItem\",\"position\":1,\"name\":\"Hem\",\"item\":\"https:\\\/\\\/faktumonline.com\\\/es\\\/\"},{\"@type\":\"ListItem\",\"position\":2,\"name\":\"Sobre nostros\"}]},{\"@type\":\"WebSite\",\"@id\":\"https:\\\/\\\/faktumonline.com\\\/da\\\/#website\",\"url\":\"https:\\\/\\\/faktumonline.com\\\/da\\\/\",\"name\":\"Faktum Online Store\",\"description\":\"Premium doors for IKEA kitchens\",\"potentialAction\":[{\"@type\":\"SearchAction\",\"target\":{\"@type\":\"EntryPoint\",\"urlTemplate\":\"https:\\\/\\\/faktumonline.com\\\/da\\\/?s={search_term_string}\"},\"query-input\":{\"@type\":\"PropertyValueSpecification\",\"valueRequired\":true,\"valueName\":\"search_term_string\"}}],\"inLanguage\":\"es\"}]}<\/script>\n<!-- \/ Yoast SEO Premium plugin. -->","yoast_head_json":{"title":"Sobre nostros - Faktum Online Store","robots":{"index":"index","follow":"follow","max-snippet":"max-snippet:-1","max-image-preview":"max-image-preview:large","max-video-preview":"max-video-preview:-1"},"canonical":"https:\/\/faktumonline.com\/es\/sobre-nostros\/","og_locale":"es_ES","og_type":"article","og_title":"Sobre nostros","og_description":"[section bg_overlay=\u00bbrgba(255, 255, 255, 0.5)\u00bb] [row style=\u00bbcollapse\u00bb col_bg=\u00bbrgb(255, 255, 255)\u00bb padding=\u00bb30px 30px 30px 30px\u00bb] [col span__sm=\u00bb12&#8243;] FABRICADO ESPEC\u00cdFICAMENTE PARA FAKTUM. DIMENSIONES ADAPTADAS A LOS DISE\u00d1OS ORIGINALES DE IKEA CON UN AJUSTE PERFECTO. SOBRE NOSTROS Somos EasyFront, una de las empresas m\u00e1s grandes de Escandinavia especializadas en la fabricaci\u00f3n de nuevas puertas para los armarios de ... Leer m\u00e1s","og_url":"https:\/\/faktumonline.com\/es\/sobre-nostros\/","og_site_name":"Faktum Online Store","article_modified_time":"2019-01-20T13:38:41+00:00","twitter_card":"summary_large_image","twitter_misc":{"Tiempo de lectura":"3 minutos"},"schema":{"@context":"https:\/\/schema.org","@graph":[{"@type":"WebPage","@id":"https:\/\/faktumonline.com\/es\/sobre-nostros\/","url":"https:\/\/faktumonline.com\/es\/sobre-nostros\/","name":"Sobre nostros - Faktum Online Store","isPartOf":{"@id":"https:\/\/faktumonline.com\/da\/#website"},"datePublished":"2018-11-20T20:52:18+00:00","dateModified":"2019-01-20T13:38:41+00:00","breadcrumb":{"@id":"https:\/\/faktumonline.com\/es\/sobre-nostros\/#breadcrumb"},"inLanguage":"es","potentialAction":[{"@type":"ReadAction","target":["https:\/\/faktumonline.com\/es\/sobre-nostros\/"]}]},{"@type":"BreadcrumbList","@id":"https:\/\/faktumonline.com\/es\/sobre-nostros\/#breadcrumb","itemListElement":[{"@type":"ListItem","position":1,"name":"Hem","item":"https:\/\/faktumonline.com\/es\/"},{"@type":"ListItem","position":2,"name":"Sobre nostros"}]},{"@type":"WebSite","@id":"https:\/\/faktumonline.com\/da\/#website","url":"https:\/\/faktumonline.com\/da\/","name":"Faktum Online Store","description":"Premium doors for IKEA kitchens","potentialAction":[{"@type":"SearchAction","target":{"@type":"EntryPoint","urlTemplate":"https:\/\/faktumonline.com\/da\/?s={search_term_string}"},"query-input":{"@type":"PropertyValueSpecification","valueRequired":true,"valueName":"search_term_string"}}],"inLanguage":"es"}]}},"_links":{"self":[{"href":"https:\/\/faktumonline.com\/es\/wp-json\/wp\/v2\/pages\/5102","targetHints":{"allow":["GET"]}}],"collection":[{"href":"https:\/\/faktumonline.com\/es\/wp-json\/wp\/v2\/pages"}],"about":[{"href":"https:\/\/faktumonline.com\/es\/wp-json\/wp\/v2\/types\/page"}],"author":[{"embeddable":true,"href":"https:\/\/faktumonline.com\/es\/wp-json\/wp\/v2\/users\/2"}],"replies":[{"embeddable":true,"href":"https:\/\/faktumonline.com\/es\/wp-json\/wp\/v2\/comments?post=5102"}],"version-history":[{"count":0,"href":"https:\/\/faktumonline.com\/es\/wp-json\/wp\/v2\/pages\/5102\/revisions"}],"wp:attachment":[{"href":"https:\/\/faktumonline.com\/es\/wp-json\/wp\/v2\/media?parent=5102"}],"curies":[{"name":"wp","href":"https:\/\/api.w.org\/{rel}","templated":true}]}}