{"id":98174,"date":"2023-11-01T14:43:16","date_gmt":"2023-11-01T13:43:16","guid":{"rendered":"https:\/\/faktumonline.com\/product\/hohe-schublade-b40-ohne-front-gleitschienen-mit-soft-close\/"},"modified":"2023-11-03T18:36:18","modified_gmt":"2023-11-03T17:36:18","slug":"hohe-schublade-b40-ohne-front-gleitschienen-mit-soft-close","status":"publish","type":"product","link":"https:\/\/faktumonline.com\/de\/produkt\/hohe-schublade-b40-ohne-front-gleitschienen-mit-soft-close\/","title":{"rendered":"Hohe Schublade, B=40 (ohne Front). Gleitschienen mit Soft-Close"},"content":{"rendered":"","protected":false},"excerpt":{"rendered":"<p style=\"font-weight: 400;\">Normalerweise verkaufen wir Schubladen im 3 und 5-Set. Dieses ist eine einzelne Schublade (1x). Hochwertige, leichtg\u00e4ngige Gleitschienen mit Soft-Close sind inkludiert. Fronten werden separat und \u00fcber die Hauptseite \u201ePreis &amp; Bestellung\u201c f\u00fcr bestellt. Da k\u00f6nnen Sie auch die Farbe w\u00e4hlen.<\/p>\n<p style=\"font-weight: 400;\">\u201eB\u201c bezieht sich auf die Au\u00dfenbreite des Schranks, in dem die Schublade montiert wird. Die Schublade selbst ist etwas kleiner, um in den Schrank zu passen.<\/p>\n","protected":false},"featured_media":0,"template":"","meta":[],"product_brand":[],"product_cat":[1547],"product_tag":[],"class_list":{"0":"post-98174","1":"product","2":"type-product","3":"status-publish","5":"product_cat-einzelne-hohe-schubladen","6":"product_shipping_class-frakt-59-de","7":"sales-flash-overlay","8":"woocommerce-text-align-center","9":"woocommerce-image-align-center","11":"first","12":"instock","13":"taxable","14":"shipping-taxable","15":"purchasable","16":"product-type-simple"},"exclude_global_add_ons":[],"addons":[],"yoast_head":"<!-- This site is optimized with the Yoast SEO Premium plugin v27.0 (Yoast SEO v27.0) - https:\/\/yoast.com\/product\/yoast-seo-premium-wordpress\/ -->\n<title>Hohe Schublade, B=40 (ohne Front). Gleitschienen mit Soft-Close - Faktum Online Store<\/title>\n<meta name=\"robots\" content=\"index, follow, max-snippet:-1, max-image-preview:large, max-video-preview:-1\" \/>\n<link rel=\"canonical\" href=\"https:\/\/faktumonline.com\/de\/produkt\/hohe-schublade-b40-ohne-front-gleitschienen-mit-soft-close\/\" \/>\n<meta property=\"og:locale\" content=\"de_DE\" \/>\n<meta property=\"og:type\" content=\"article\" \/>\n<meta property=\"og:title\" content=\"Hohe Schublade, B=40 (ohne Front). Gleitschienen mit Soft-Close\" \/>\n<meta property=\"og:description\" content=\"Normalerweise verkaufen wir Schubladen im 3 und 5-Set. Dieses ist eine einzelne Schublade (1x). Hochwertige, leichtg\u00e4ngige Gleitschienen mit Soft-Close sind inkludiert. Fronten werden separat und \u00fcber die Hauptseite \u201ePreis &amp; Bestellung\u201c f\u00fcr bestellt. Da k\u00f6nnen Sie auch die Farbe w\u00e4hlen. \u201eB\u201c bezieht sich auf die Au\u00dfenbreite des Schranks, in dem die Schublade montiert wird. Die Schublade selbst ist etwas kleiner, um in den Schrank zu passen.\" \/>\n<meta property=\"og:url\" content=\"https:\/\/faktumonline.com\/de\/produkt\/hohe-schublade-b40-ohne-front-gleitschienen-mit-soft-close\/\" \/>\n<meta property=\"og:site_name\" content=\"Faktum Online Store\" \/>\n<meta property=\"article:modified_time\" content=\"2023-11-03T17:36:18+00:00\" \/>\n<meta name=\"twitter:card\" content=\"summary_large_image\" \/>\n<script type=\"application\/ld+json\" class=\"yoast-schema-graph\">{\"@context\":\"https:\/\/schema.org\",\"@graph\":[{\"@type\":\"WebPage\",\"@id\":\"https:\/\/faktumonline.com\/de\/produkt\/hohe-schublade-b40-ohne-front-gleitschienen-mit-soft-close\/\",\"url\":\"https:\/\/faktumonline.com\/de\/produkt\/hohe-schublade-b40-ohne-front-gleitschienen-mit-soft-close\/\",\"name\":\"Hohe Schublade, B=40 (ohne Front). Gleitschienen mit Soft-Close - Faktum Online Store\",\"isPartOf\":{\"@id\":\"https:\/\/faktumonline.com\/da\/#website\"},\"datePublished\":\"2023-11-01T13:43:16+00:00\",\"dateModified\":\"2023-11-03T17:36:18+00:00\",\"breadcrumb\":{\"@id\":\"https:\/\/faktumonline.com\/de\/produkt\/hohe-schublade-b40-ohne-front-gleitschienen-mit-soft-close\/#breadcrumb\"},\"inLanguage\":\"de\",\"potentialAction\":[{\"@type\":\"ReadAction\",\"target\":[\"https:\/\/faktumonline.com\/de\/produkt\/hohe-schublade-b40-ohne-front-gleitschienen-mit-soft-close\/\"]}]},{\"@type\":\"BreadcrumbList\",\"@id\":\"https:\/\/faktumonline.com\/de\/produkt\/hohe-schublade-b40-ohne-front-gleitschienen-mit-soft-close\/#breadcrumb\",\"itemListElement\":[{\"@type\":\"ListItem\",\"position\":1,\"name\":\"Hem\",\"item\":\"https:\/\/faktumonline.com\/de\/\"},{\"@type\":\"ListItem\",\"position\":2,\"name\":\"Webshop\",\"item\":\"https:\/\/faktumonline.com\/de\/webshop\/\"},{\"@type\":\"ListItem\",\"position\":3,\"name\":\"Hohe Schublade, B=40 (ohne Front). Gleitschienen mit Soft-Close\"}]},{\"@type\":\"WebSite\",\"@id\":\"https:\/\/faktumonline.com\/da\/#website\",\"url\":\"https:\/\/faktumonline.com\/da\/\",\"name\":\"Faktum Online Store\",\"description\":\"Premium doors for IKEA kitchens\",\"potentialAction\":[{\"@type\":\"SearchAction\",\"target\":{\"@type\":\"EntryPoint\",\"urlTemplate\":\"https:\/\/faktumonline.com\/da\/?s={search_term_string}\"},\"query-input\":{\"@type\":\"PropertyValueSpecification\",\"valueRequired\":true,\"valueName\":\"search_term_string\"}}],\"inLanguage\":\"de\"}]}<\/script>\n<!-- \/ Yoast SEO Premium plugin. -->","yoast_head_json":{"title":"Hohe Schublade, B=40 (ohne Front). Gleitschienen mit Soft-Close - Faktum Online Store","robots":{"index":"index","follow":"follow","max-snippet":"max-snippet:-1","max-image-preview":"max-image-preview:large","max-video-preview":"max-video-preview:-1"},"canonical":"https:\/\/faktumonline.com\/de\/produkt\/hohe-schublade-b40-ohne-front-gleitschienen-mit-soft-close\/","og_locale":"de_DE","og_type":"article","og_title":"Hohe Schublade, B=40 (ohne Front). Gleitschienen mit Soft-Close","og_description":"Normalerweise verkaufen wir Schubladen im 3 und 5-Set. Dieses ist eine einzelne Schublade (1x). Hochwertige, leichtg\u00e4ngige Gleitschienen mit Soft-Close sind inkludiert. Fronten werden separat und \u00fcber die Hauptseite \u201ePreis &amp; Bestellung\u201c f\u00fcr bestellt. Da k\u00f6nnen Sie auch die Farbe w\u00e4hlen. \u201eB\u201c bezieht sich auf die Au\u00dfenbreite des Schranks, in dem die Schublade montiert wird. Die Schublade selbst ist etwas kleiner, um in den Schrank zu passen.","og_url":"https:\/\/faktumonline.com\/de\/produkt\/hohe-schublade-b40-ohne-front-gleitschienen-mit-soft-close\/","og_site_name":"Faktum Online Store","article_modified_time":"2023-11-03T17:36:18+00:00","twitter_card":"summary_large_image","schema":{"@context":"https:\/\/schema.org","@graph":[{"@type":"WebPage","@id":"https:\/\/faktumonline.com\/de\/produkt\/hohe-schublade-b40-ohne-front-gleitschienen-mit-soft-close\/","url":"https:\/\/faktumonline.com\/de\/produkt\/hohe-schublade-b40-ohne-front-gleitschienen-mit-soft-close\/","name":"Hohe Schublade, B=40 (ohne Front). Gleitschienen mit Soft-Close - Faktum Online Store","isPartOf":{"@id":"https:\/\/faktumonline.com\/da\/#website"},"datePublished":"2023-11-01T13:43:16+00:00","dateModified":"2023-11-03T17:36:18+00:00","breadcrumb":{"@id":"https:\/\/faktumonline.com\/de\/produkt\/hohe-schublade-b40-ohne-front-gleitschienen-mit-soft-close\/#breadcrumb"},"inLanguage":"de","potentialAction":[{"@type":"ReadAction","target":["https:\/\/faktumonline.com\/de\/produkt\/hohe-schublade-b40-ohne-front-gleitschienen-mit-soft-close\/"]}]},{"@type":"BreadcrumbList","@id":"https:\/\/faktumonline.com\/de\/produkt\/hohe-schublade-b40-ohne-front-gleitschienen-mit-soft-close\/#breadcrumb","itemListElement":[{"@type":"ListItem","position":1,"name":"Hem","item":"https:\/\/faktumonline.com\/de\/"},{"@type":"ListItem","position":2,"name":"Webshop","item":"https:\/\/faktumonline.com\/de\/webshop\/"},{"@type":"ListItem","position":3,"name":"Hohe Schublade, B=40 (ohne Front). Gleitschienen mit Soft-Close"}]},{"@type":"WebSite","@id":"https:\/\/faktumonline.com\/da\/#website","url":"https:\/\/faktumonline.com\/da\/","name":"Faktum Online Store","description":"Premium doors for IKEA kitchens","potentialAction":[{"@type":"SearchAction","target":{"@type":"EntryPoint","urlTemplate":"https:\/\/faktumonline.com\/da\/?s={search_term_string}"},"query-input":{"@type":"PropertyValueSpecification","valueRequired":true,"valueName":"search_term_string"}}],"inLanguage":"de"}]}},"_links":{"self":[{"href":"https:\/\/faktumonline.com\/de\/wp-json\/wp\/v2\/product\/98174","targetHints":{"allow":["GET"]}}],"collection":[{"href":"https:\/\/faktumonline.com\/de\/wp-json\/wp\/v2\/product"}],"about":[{"href":"https:\/\/faktumonline.com\/de\/wp-json\/wp\/v2\/types\/product"}],"version-history":[{"count":1,"href":"https:\/\/faktumonline.com\/de\/wp-json\/wp\/v2\/product\/98174\/revisions"}],"predecessor-version":[{"id":98180,"href":"https:\/\/faktumonline.com\/de\/wp-json\/wp\/v2\/product\/98174\/revisions\/98180"}],"wp:attachment":[{"href":"https:\/\/faktumonline.com\/de\/wp-json\/wp\/v2\/media?parent=98174"}],"wp:term":[{"taxonomy":"product_brand","embeddable":true,"href":"https:\/\/faktumonline.com\/de\/wp-json\/wp\/v2\/product_brand?post=98174"},{"taxonomy":"product_cat","embeddable":true,"href":"https:\/\/faktumonline.com\/de\/wp-json\/wp\/v2\/product_cat?post=98174"},{"taxonomy":"product_tag","embeddable":true,"href":"https:\/\/faktumonline.com\/de\/wp-json\/wp\/v2\/product_tag?post=98174"}],"curies":[{"name":"wp","href":"https:\/\/api.w.org\/{rel}","templated":true}]}}