{"id":94902,"date":"2020-08-02T20:42:14","date_gmt":"2020-08-02T19:42:14","guid":{"rendered":"https:\/\/faktumonline.com\/product\/wandschrankboeden-3x-50x35\/"},"modified":"2023-08-18T19:52:05","modified_gmt":"2023-08-18T18:52:05","slug":"wandschrankboeden-3x-50x35","status":"publish","type":"product","link":"https:\/\/faktumonline.com\/de\/produkt\/wandschrankboeden-3x-50x35\/","title":{"rendered":"Wandschrankb\u00f6den 3x 50&#215;35"},"content":{"rendered":"","protected":false},"excerpt":{"rendered":"<p>Set mit 3 B\u00f6den f\u00fcr IKEA Faktum und IKEA Rationell Wandschr\u00e4nke. Die Gr\u00f6\u00dfe bezieht sich auf die AUSSEN Breite x Tiefe des Schranks, in dem diese Regale untergebracht werden sollen. Das Regal selbst ist etwas kleiner, damit es hineinpasst.<\/p>\n<p>Unter jedem Fachboden befindet sich eine Aussparung f\u00fcr die Auflagestifte des Fachbodens. Eine sehr elegante L\u00f6sung, die das Regal eher \u201eeingebaut\u201c aussehen l\u00e4sst.<\/p>\n","protected":false},"featured_media":69931,"template":"","meta":[],"product_brand":[],"product_cat":[1530],"product_tag":[],"class_list":{"0":"post-94902","1":"product","2":"type-product","3":"status-publish","4":"has-post-thumbnail","6":"product_cat-wandschrankboden-3stk","7":"product_shipping_class-frakt-59-de","8":"sales-flash-overlay","9":"woocommerce-text-align-center","10":"woocommerce-image-align-center","12":"first","13":"instock","14":"taxable","15":"shipping-taxable","16":"purchasable","17":"product-type-simple"},"exclude_global_add_ons":[],"addons":[],"yoast_head":"<!-- This site is optimized with the Yoast SEO Premium plugin v27.4 (Yoast SEO v27.4) - https:\/\/yoast.com\/product\/yoast-seo-premium-wordpress\/ -->\n<title>Wandschrankb\u00f6den 3x 50x35 - Faktum Online Store<\/title>\n<meta name=\"robots\" content=\"index, follow, max-snippet:-1, max-image-preview:large, max-video-preview:-1\" \/>\n<link rel=\"canonical\" href=\"https:\/\/faktumonline.com\/de\/produkt\/wandschrankboeden-3x-50x35\/\" \/>\n<meta property=\"og:locale\" content=\"de_DE\" \/>\n<meta property=\"og:type\" content=\"article\" \/>\n<meta property=\"og:title\" content=\"Wandschrankb\u00f6den 3x 50x35\" \/>\n<meta property=\"og:description\" content=\"Set mit 3 B\u00f6den f\u00fcr IKEA Faktum und IKEA Rationell Wandschr\u00e4nke. Die Gr\u00f6\u00dfe bezieht sich auf die AUSSEN Breite x Tiefe des Schranks, in dem diese Regale untergebracht werden sollen. Das Regal selbst ist etwas kleiner, damit es hineinpasst.  Unter jedem Fachboden befindet sich eine Aussparung f\u00fcr die Auflagestifte des Fachbodens. Eine sehr elegante L\u00f6sung, die das Regal eher \u201eeingebaut\u201c aussehen l\u00e4sst.\" \/>\n<meta property=\"og:url\" content=\"https:\/\/faktumonline.com\/de\/produkt\/wandschrankboeden-3x-50x35\/\" \/>\n<meta property=\"og:site_name\" content=\"Faktum Online Store\" \/>\n<meta property=\"article:modified_time\" content=\"2023-08-18T18:52:05+00:00\" \/>\n<meta property=\"og:image\" content=\"https:\/\/faktumonline.com\/wp-content\/uploads\/2020\/08\/Shelves-IKEA-Faktum-cabinets.jpg\" \/>\n\t<meta property=\"og:image:width\" content=\"1200\" \/>\n\t<meta property=\"og:image:height\" content=\"1075\" \/>\n\t<meta property=\"og:image:type\" content=\"image\/jpeg\" \/>\n<meta name=\"twitter:card\" content=\"summary_large_image\" \/>\n<script type=\"application\/ld+json\" class=\"yoast-schema-graph\">{\"@context\":\"https:\\\/\\\/schema.org\",\"@graph\":[{\"@type\":\"WebPage\",\"@id\":\"https:\\\/\\\/faktumonline.com\\\/de\\\/produkt\\\/wandschrankboeden-3x-50x35\\\/\",\"url\":\"https:\\\/\\\/faktumonline.com\\\/de\\\/produkt\\\/wandschrankboeden-3x-50x35\\\/\",\"name\":\"Wandschrankb\u00f6den 3x 50x35 - Faktum Online Store\",\"isPartOf\":{\"@id\":\"https:\\\/\\\/faktumonline.com\\\/da\\\/#website\"},\"primaryImageOfPage\":{\"@id\":\"https:\\\/\\\/faktumonline.com\\\/de\\\/produkt\\\/wandschrankboeden-3x-50x35\\\/#primaryimage\"},\"image\":{\"@id\":\"https:\\\/\\\/faktumonline.com\\\/de\\\/produkt\\\/wandschrankboeden-3x-50x35\\\/#primaryimage\"},\"thumbnailUrl\":\"https:\\\/\\\/faktumonline.com\\\/wp-content\\\/uploads\\\/2020\\\/08\\\/Shelves-IKEA-Faktum-cabinets.jpg\",\"datePublished\":\"2020-08-02T19:42:14+00:00\",\"dateModified\":\"2023-08-18T18:52:05+00:00\",\"breadcrumb\":{\"@id\":\"https:\\\/\\\/faktumonline.com\\\/de\\\/produkt\\\/wandschrankboeden-3x-50x35\\\/#breadcrumb\"},\"inLanguage\":\"de\",\"potentialAction\":[{\"@type\":\"ReadAction\",\"target\":[\"https:\\\/\\\/faktumonline.com\\\/de\\\/produkt\\\/wandschrankboeden-3x-50x35\\\/\"]}]},{\"@type\":\"ImageObject\",\"inLanguage\":\"de\",\"@id\":\"https:\\\/\\\/faktumonline.com\\\/de\\\/produkt\\\/wandschrankboeden-3x-50x35\\\/#primaryimage\",\"url\":\"https:\\\/\\\/faktumonline.com\\\/wp-content\\\/uploads\\\/2020\\\/08\\\/Shelves-IKEA-Faktum-cabinets.jpg\",\"contentUrl\":\"https:\\\/\\\/faktumonline.com\\\/wp-content\\\/uploads\\\/2020\\\/08\\\/Shelves-IKEA-Faktum-cabinets.jpg\",\"width\":1200,\"height\":1075},{\"@type\":\"BreadcrumbList\",\"@id\":\"https:\\\/\\\/faktumonline.com\\\/de\\\/produkt\\\/wandschrankboeden-3x-50x35\\\/#breadcrumb\",\"itemListElement\":[{\"@type\":\"ListItem\",\"position\":1,\"name\":\"Hem\",\"item\":\"https:\\\/\\\/faktumonline.com\\\/de\\\/\"},{\"@type\":\"ListItem\",\"position\":2,\"name\":\"Webshop\",\"item\":\"https:\\\/\\\/faktumonline.com\\\/de\\\/webshop\\\/\"},{\"@type\":\"ListItem\",\"position\":3,\"name\":\"Wandschrankb\u00f6den 3x 50&#215;35\"}]},{\"@type\":\"WebSite\",\"@id\":\"https:\\\/\\\/faktumonline.com\\\/da\\\/#website\",\"url\":\"https:\\\/\\\/faktumonline.com\\\/da\\\/\",\"name\":\"Faktum Online Store\",\"description\":\"Premium doors for IKEA kitchens\",\"potentialAction\":[{\"@type\":\"SearchAction\",\"target\":{\"@type\":\"EntryPoint\",\"urlTemplate\":\"https:\\\/\\\/faktumonline.com\\\/da\\\/?s={search_term_string}\"},\"query-input\":{\"@type\":\"PropertyValueSpecification\",\"valueRequired\":true,\"valueName\":\"search_term_string\"}}],\"inLanguage\":\"de\"}]}<\/script>\n<!-- \/ Yoast SEO Premium plugin. -->","yoast_head_json":{"title":"Wandschrankb\u00f6den 3x 50x35 - Faktum Online Store","robots":{"index":"index","follow":"follow","max-snippet":"max-snippet:-1","max-image-preview":"max-image-preview:large","max-video-preview":"max-video-preview:-1"},"canonical":"https:\/\/faktumonline.com\/de\/produkt\/wandschrankboeden-3x-50x35\/","og_locale":"de_DE","og_type":"article","og_title":"Wandschrankb\u00f6den 3x 50x35","og_description":"Set mit 3 B\u00f6den f\u00fcr IKEA Faktum und IKEA Rationell Wandschr\u00e4nke. Die Gr\u00f6\u00dfe bezieht sich auf die AUSSEN Breite x Tiefe des Schranks, in dem diese Regale untergebracht werden sollen. Das Regal selbst ist etwas kleiner, damit es hineinpasst.  Unter jedem Fachboden befindet sich eine Aussparung f\u00fcr die Auflagestifte des Fachbodens. Eine sehr elegante L\u00f6sung, die das Regal eher \u201eeingebaut\u201c aussehen l\u00e4sst.","og_url":"https:\/\/faktumonline.com\/de\/produkt\/wandschrankboeden-3x-50x35\/","og_site_name":"Faktum Online Store","article_modified_time":"2023-08-18T18:52:05+00:00","og_image":[{"width":1200,"height":1075,"url":"https:\/\/faktumonline.com\/wp-content\/uploads\/2020\/08\/Shelves-IKEA-Faktum-cabinets.jpg","type":"image\/jpeg"}],"twitter_card":"summary_large_image","schema":{"@context":"https:\/\/schema.org","@graph":[{"@type":"WebPage","@id":"https:\/\/faktumonline.com\/de\/produkt\/wandschrankboeden-3x-50x35\/","url":"https:\/\/faktumonline.com\/de\/produkt\/wandschrankboeden-3x-50x35\/","name":"Wandschrankb\u00f6den 3x 50x35 - Faktum Online Store","isPartOf":{"@id":"https:\/\/faktumonline.com\/da\/#website"},"primaryImageOfPage":{"@id":"https:\/\/faktumonline.com\/de\/produkt\/wandschrankboeden-3x-50x35\/#primaryimage"},"image":{"@id":"https:\/\/faktumonline.com\/de\/produkt\/wandschrankboeden-3x-50x35\/#primaryimage"},"thumbnailUrl":"https:\/\/faktumonline.com\/wp-content\/uploads\/2020\/08\/Shelves-IKEA-Faktum-cabinets.jpg","datePublished":"2020-08-02T19:42:14+00:00","dateModified":"2023-08-18T18:52:05+00:00","breadcrumb":{"@id":"https:\/\/faktumonline.com\/de\/produkt\/wandschrankboeden-3x-50x35\/#breadcrumb"},"inLanguage":"de","potentialAction":[{"@type":"ReadAction","target":["https:\/\/faktumonline.com\/de\/produkt\/wandschrankboeden-3x-50x35\/"]}]},{"@type":"ImageObject","inLanguage":"de","@id":"https:\/\/faktumonline.com\/de\/produkt\/wandschrankboeden-3x-50x35\/#primaryimage","url":"https:\/\/faktumonline.com\/wp-content\/uploads\/2020\/08\/Shelves-IKEA-Faktum-cabinets.jpg","contentUrl":"https:\/\/faktumonline.com\/wp-content\/uploads\/2020\/08\/Shelves-IKEA-Faktum-cabinets.jpg","width":1200,"height":1075},{"@type":"BreadcrumbList","@id":"https:\/\/faktumonline.com\/de\/produkt\/wandschrankboeden-3x-50x35\/#breadcrumb","itemListElement":[{"@type":"ListItem","position":1,"name":"Hem","item":"https:\/\/faktumonline.com\/de\/"},{"@type":"ListItem","position":2,"name":"Webshop","item":"https:\/\/faktumonline.com\/de\/webshop\/"},{"@type":"ListItem","position":3,"name":"Wandschrankb\u00f6den 3x 50&#215;35"}]},{"@type":"WebSite","@id":"https:\/\/faktumonline.com\/da\/#website","url":"https:\/\/faktumonline.com\/da\/","name":"Faktum Online Store","description":"Premium doors for IKEA kitchens","potentialAction":[{"@type":"SearchAction","target":{"@type":"EntryPoint","urlTemplate":"https:\/\/faktumonline.com\/da\/?s={search_term_string}"},"query-input":{"@type":"PropertyValueSpecification","valueRequired":true,"valueName":"search_term_string"}}],"inLanguage":"de"}]}},"_links":{"self":[{"href":"https:\/\/faktumonline.com\/de\/wp-json\/wp\/v2\/product\/94902","targetHints":{"allow":["GET"]}}],"collection":[{"href":"https:\/\/faktumonline.com\/de\/wp-json\/wp\/v2\/product"}],"about":[{"href":"https:\/\/faktumonline.com\/de\/wp-json\/wp\/v2\/types\/product"}],"version-history":[{"count":1,"href":"https:\/\/faktumonline.com\/de\/wp-json\/wp\/v2\/product\/94902\/revisions"}],"predecessor-version":[{"id":94907,"href":"https:\/\/faktumonline.com\/de\/wp-json\/wp\/v2\/product\/94902\/revisions\/94907"}],"wp:featuredmedia":[{"embeddable":true,"href":"https:\/\/faktumonline.com\/de\/wp-json\/wp\/v2\/media\/69931"}],"wp:attachment":[{"href":"https:\/\/faktumonline.com\/de\/wp-json\/wp\/v2\/media?parent=94902"}],"wp:term":[{"taxonomy":"product_brand","embeddable":true,"href":"https:\/\/faktumonline.com\/de\/wp-json\/wp\/v2\/product_brand?post=94902"},{"taxonomy":"product_cat","embeddable":true,"href":"https:\/\/faktumonline.com\/de\/wp-json\/wp\/v2\/product_cat?post=94902"},{"taxonomy":"product_tag","embeddable":true,"href":"https:\/\/faktumonline.com\/de\/wp-json\/wp\/v2\/product_tag?post=94902"}],"curies":[{"name":"wp","href":"https:\/\/api.w.org\/{rel}","templated":true}]}}