{"id":94802,"date":"2020-08-02T20:18:58","date_gmt":"2020-08-02T19:18:58","guid":{"rendered":"https:\/\/faktumonline.com\/product\/unterschrankboden-2x-80x58\/"},"modified":"2020-08-02T20:18:58","modified_gmt":"2020-08-02T19:18:58","slug":"unterschrankboden-2x-80x58","status":"publish","type":"product","link":"https:\/\/faktumonline.com\/de\/produkt\/unterschrankboden-2x-80x58\/","title":{"rendered":"Unterschrankb\u00f6den 2x 80&#215;58"},"content":{"rendered":"","protected":false},"excerpt":{"rendered":"<p>Set mit 2 B\u00f6den f\u00fcr IKEA Faktum und IKEA Rationell Unterschr\u00e4nke. Die Gr\u00f6\u00dfe bezieht sich auf die AUSSEN Breite x Tiefe des Schranks, in dem diese Regale untergebracht werden sollen. Das Regal selbst ist etwas kleiner, damit es hineinpasst.<\/p>\n<p>Unter jedem Fachboden befindet sich eine Aussparung f\u00fcr die Auflagestifte des Fachbodens. Eine sehr elegante L\u00f6sung, die das Regal eher \u201eeingebaut\u201c aussehen l\u00e4sst.<\/p>\n","protected":false},"featured_media":94547,"template":"","meta":[],"product_brand":[],"product_cat":[1523],"product_tag":[],"class_list":{"0":"post-94802","1":"product","2":"type-product","3":"status-publish","4":"has-post-thumbnail","6":"product_cat-base-boden","7":"product_shipping_class-frakt-59-de","8":"sales-flash-overlay","9":"woocommerce-text-align-center","10":"woocommerce-image-align-center","12":"first","13":"instock","14":"taxable","15":"shipping-taxable","16":"purchasable","17":"product-type-simple"},"exclude_global_add_ons":[],"addons":[],"yoast_head":"<!-- This site is optimized with the Yoast SEO Premium plugin v27.4 (Yoast SEO v27.4) - https:\/\/yoast.com\/product\/yoast-seo-premium-wordpress\/ -->\n<title>Unterschrankb\u00f6den 2x 80x58 - Faktum Online Store<\/title>\n<meta name=\"robots\" content=\"index, follow, max-snippet:-1, max-image-preview:large, max-video-preview:-1\" \/>\n<link rel=\"canonical\" href=\"https:\/\/faktumonline.com\/de\/produkt\/unterschrankboden-2x-80x58\/\" \/>\n<meta property=\"og:locale\" content=\"de_DE\" \/>\n<meta property=\"og:type\" content=\"article\" \/>\n<meta property=\"og:title\" content=\"Unterschrankb\u00f6den 2x 80x58\" \/>\n<meta property=\"og:description\" content=\"Set mit 2 B\u00f6den f\u00fcr IKEA Faktum und IKEA Rationell Unterschr\u00e4nke. Die Gr\u00f6\u00dfe bezieht sich auf die AUSSEN Breite x Tiefe des Schranks, in dem diese Regale untergebracht werden sollen. Das Regal selbst ist etwas kleiner, damit es hineinpasst.  Unter jedem Fachboden befindet sich eine Aussparung f\u00fcr die Auflagestifte des Fachbodens. Eine sehr elegante L\u00f6sung, die das Regal eher \u201eeingebaut\u201c aussehen l\u00e4sst.\" \/>\n<meta property=\"og:url\" content=\"https:\/\/faktumonline.com\/de\/produkt\/unterschrankboden-2x-80x58\/\" \/>\n<meta property=\"og:site_name\" content=\"Faktum Online Store\" \/>\n<meta property=\"og:image\" content=\"https:\/\/faktumonline.com\/wp-content\/uploads\/2023\/08\/Hyllplan-Bankskap-IKEA-Faktum-kok.jpg\" \/>\n\t<meta property=\"og:image:width\" content=\"1400\" \/>\n\t<meta property=\"og:image:height\" content=\"1072\" \/>\n\t<meta property=\"og:image:type\" content=\"image\/jpeg\" \/>\n<meta name=\"twitter:card\" content=\"summary_large_image\" \/>\n<script type=\"application\/ld+json\" class=\"yoast-schema-graph\">{\"@context\":\"https:\\\/\\\/schema.org\",\"@graph\":[{\"@type\":\"WebPage\",\"@id\":\"https:\\\/\\\/faktumonline.com\\\/de\\\/produkt\\\/unterschrankboden-2x-80x58\\\/\",\"url\":\"https:\\\/\\\/faktumonline.com\\\/de\\\/produkt\\\/unterschrankboden-2x-80x58\\\/\",\"name\":\"Unterschrankb\u00f6den 2x 80x58 - Faktum Online Store\",\"isPartOf\":{\"@id\":\"https:\\\/\\\/faktumonline.com\\\/da\\\/#website\"},\"primaryImageOfPage\":{\"@id\":\"https:\\\/\\\/faktumonline.com\\\/de\\\/produkt\\\/unterschrankboden-2x-80x58\\\/#primaryimage\"},\"image\":{\"@id\":\"https:\\\/\\\/faktumonline.com\\\/de\\\/produkt\\\/unterschrankboden-2x-80x58\\\/#primaryimage\"},\"thumbnailUrl\":\"https:\\\/\\\/faktumonline.com\\\/wp-content\\\/uploads\\\/2023\\\/08\\\/Hyllplan-Bankskap-IKEA-Faktum-kok.jpg\",\"datePublished\":\"2020-08-02T19:18:58+00:00\",\"breadcrumb\":{\"@id\":\"https:\\\/\\\/faktumonline.com\\\/de\\\/produkt\\\/unterschrankboden-2x-80x58\\\/#breadcrumb\"},\"inLanguage\":\"de\",\"potentialAction\":[{\"@type\":\"ReadAction\",\"target\":[\"https:\\\/\\\/faktumonline.com\\\/de\\\/produkt\\\/unterschrankboden-2x-80x58\\\/\"]}]},{\"@type\":\"ImageObject\",\"inLanguage\":\"de\",\"@id\":\"https:\\\/\\\/faktumonline.com\\\/de\\\/produkt\\\/unterschrankboden-2x-80x58\\\/#primaryimage\",\"url\":\"https:\\\/\\\/faktumonline.com\\\/wp-content\\\/uploads\\\/2023\\\/08\\\/Hyllplan-Bankskap-IKEA-Faktum-kok.jpg\",\"contentUrl\":\"https:\\\/\\\/faktumonline.com\\\/wp-content\\\/uploads\\\/2023\\\/08\\\/Hyllplan-Bankskap-IKEA-Faktum-kok.jpg\",\"width\":1400,\"height\":1072},{\"@type\":\"BreadcrumbList\",\"@id\":\"https:\\\/\\\/faktumonline.com\\\/de\\\/produkt\\\/unterschrankboden-2x-80x58\\\/#breadcrumb\",\"itemListElement\":[{\"@type\":\"ListItem\",\"position\":1,\"name\":\"Hem\",\"item\":\"https:\\\/\\\/faktumonline.com\\\/de\\\/\"},{\"@type\":\"ListItem\",\"position\":2,\"name\":\"Webshop\",\"item\":\"https:\\\/\\\/faktumonline.com\\\/de\\\/webshop\\\/\"},{\"@type\":\"ListItem\",\"position\":3,\"name\":\"Unterschrankb\u00f6den 2x 80&#215;58\"}]},{\"@type\":\"WebSite\",\"@id\":\"https:\\\/\\\/faktumonline.com\\\/da\\\/#website\",\"url\":\"https:\\\/\\\/faktumonline.com\\\/da\\\/\",\"name\":\"Faktum Online Store\",\"description\":\"Premium doors for IKEA kitchens\",\"potentialAction\":[{\"@type\":\"SearchAction\",\"target\":{\"@type\":\"EntryPoint\",\"urlTemplate\":\"https:\\\/\\\/faktumonline.com\\\/da\\\/?s={search_term_string}\"},\"query-input\":{\"@type\":\"PropertyValueSpecification\",\"valueRequired\":true,\"valueName\":\"search_term_string\"}}],\"inLanguage\":\"de\"}]}<\/script>\n<!-- \/ Yoast SEO Premium plugin. -->","yoast_head_json":{"title":"Unterschrankb\u00f6den 2x 80x58 - Faktum Online Store","robots":{"index":"index","follow":"follow","max-snippet":"max-snippet:-1","max-image-preview":"max-image-preview:large","max-video-preview":"max-video-preview:-1"},"canonical":"https:\/\/faktumonline.com\/de\/produkt\/unterschrankboden-2x-80x58\/","og_locale":"de_DE","og_type":"article","og_title":"Unterschrankb\u00f6den 2x 80x58","og_description":"Set mit 2 B\u00f6den f\u00fcr IKEA Faktum und IKEA Rationell Unterschr\u00e4nke. Die Gr\u00f6\u00dfe bezieht sich auf die AUSSEN Breite x Tiefe des Schranks, in dem diese Regale untergebracht werden sollen. Das Regal selbst ist etwas kleiner, damit es hineinpasst.  Unter jedem Fachboden befindet sich eine Aussparung f\u00fcr die Auflagestifte des Fachbodens. Eine sehr elegante L\u00f6sung, die das Regal eher \u201eeingebaut\u201c aussehen l\u00e4sst.","og_url":"https:\/\/faktumonline.com\/de\/produkt\/unterschrankboden-2x-80x58\/","og_site_name":"Faktum Online Store","og_image":[{"width":1400,"height":1072,"url":"https:\/\/faktumonline.com\/wp-content\/uploads\/2023\/08\/Hyllplan-Bankskap-IKEA-Faktum-kok.jpg","type":"image\/jpeg"}],"twitter_card":"summary_large_image","schema":{"@context":"https:\/\/schema.org","@graph":[{"@type":"WebPage","@id":"https:\/\/faktumonline.com\/de\/produkt\/unterschrankboden-2x-80x58\/","url":"https:\/\/faktumonline.com\/de\/produkt\/unterschrankboden-2x-80x58\/","name":"Unterschrankb\u00f6den 2x 80x58 - Faktum Online Store","isPartOf":{"@id":"https:\/\/faktumonline.com\/da\/#website"},"primaryImageOfPage":{"@id":"https:\/\/faktumonline.com\/de\/produkt\/unterschrankboden-2x-80x58\/#primaryimage"},"image":{"@id":"https:\/\/faktumonline.com\/de\/produkt\/unterschrankboden-2x-80x58\/#primaryimage"},"thumbnailUrl":"https:\/\/faktumonline.com\/wp-content\/uploads\/2023\/08\/Hyllplan-Bankskap-IKEA-Faktum-kok.jpg","datePublished":"2020-08-02T19:18:58+00:00","breadcrumb":{"@id":"https:\/\/faktumonline.com\/de\/produkt\/unterschrankboden-2x-80x58\/#breadcrumb"},"inLanguage":"de","potentialAction":[{"@type":"ReadAction","target":["https:\/\/faktumonline.com\/de\/produkt\/unterschrankboden-2x-80x58\/"]}]},{"@type":"ImageObject","inLanguage":"de","@id":"https:\/\/faktumonline.com\/de\/produkt\/unterschrankboden-2x-80x58\/#primaryimage","url":"https:\/\/faktumonline.com\/wp-content\/uploads\/2023\/08\/Hyllplan-Bankskap-IKEA-Faktum-kok.jpg","contentUrl":"https:\/\/faktumonline.com\/wp-content\/uploads\/2023\/08\/Hyllplan-Bankskap-IKEA-Faktum-kok.jpg","width":1400,"height":1072},{"@type":"BreadcrumbList","@id":"https:\/\/faktumonline.com\/de\/produkt\/unterschrankboden-2x-80x58\/#breadcrumb","itemListElement":[{"@type":"ListItem","position":1,"name":"Hem","item":"https:\/\/faktumonline.com\/de\/"},{"@type":"ListItem","position":2,"name":"Webshop","item":"https:\/\/faktumonline.com\/de\/webshop\/"},{"@type":"ListItem","position":3,"name":"Unterschrankb\u00f6den 2x 80&#215;58"}]},{"@type":"WebSite","@id":"https:\/\/faktumonline.com\/da\/#website","url":"https:\/\/faktumonline.com\/da\/","name":"Faktum Online Store","description":"Premium doors for IKEA kitchens","potentialAction":[{"@type":"SearchAction","target":{"@type":"EntryPoint","urlTemplate":"https:\/\/faktumonline.com\/da\/?s={search_term_string}"},"query-input":{"@type":"PropertyValueSpecification","valueRequired":true,"valueName":"search_term_string"}}],"inLanguage":"de"}]}},"_links":{"self":[{"href":"https:\/\/faktumonline.com\/de\/wp-json\/wp\/v2\/product\/94802","targetHints":{"allow":["GET"]}}],"collection":[{"href":"https:\/\/faktumonline.com\/de\/wp-json\/wp\/v2\/product"}],"about":[{"href":"https:\/\/faktumonline.com\/de\/wp-json\/wp\/v2\/types\/product"}],"version-history":[{"count":0,"href":"https:\/\/faktumonline.com\/de\/wp-json\/wp\/v2\/product\/94802\/revisions"}],"wp:featuredmedia":[{"embeddable":true,"href":"https:\/\/faktumonline.com\/de\/wp-json\/wp\/v2\/media\/94547"}],"wp:attachment":[{"href":"https:\/\/faktumonline.com\/de\/wp-json\/wp\/v2\/media?parent=94802"}],"wp:term":[{"taxonomy":"product_brand","embeddable":true,"href":"https:\/\/faktumonline.com\/de\/wp-json\/wp\/v2\/product_brand?post=94802"},{"taxonomy":"product_cat","embeddable":true,"href":"https:\/\/faktumonline.com\/de\/wp-json\/wp\/v2\/product_cat?post=94802"},{"taxonomy":"product_tag","embeddable":true,"href":"https:\/\/faktumonline.com\/de\/wp-json\/wp\/v2\/product_tag?post=94802"}],"curies":[{"name":"wp","href":"https:\/\/api.w.org\/{rel}","templated":true}]}}