{"id":89958,"date":"2023-04-17T07:28:22","date_gmt":"2023-04-17T06:28:22","guid":{"rendered":"https:\/\/faktumonline.com\/?post_type=product&#038;p=89958"},"modified":"2026-03-01T10:53:42","modified_gmt":"2026-03-01T09:53:42","slug":"tur-50x195","status":"publish","type":"product","link":"https:\/\/faktumonline.com\/de\/produkt\/tur-50x195\/","title":{"rendered":"T\u00fcr Faktum 50&#215;195"},"content":{"rendered":"<p>496&#215;1942<\/p>\n","protected":false},"excerpt":{"rendered":"<p>Diese T\u00fcr wird mit 3 Scharnieren am Schrank befestigt. Das mittlere Scharnier ist nicht genau in der Mitte. Aus diesem Grund bieten wir die T\u00fcr als links angeschlagen oder rechts angeschlagen an.<\/p>\n<p><strong>Die T\u00fcr links angeschlagen oder rechts angeschlagen?<\/strong> Bitte stehen Sie vor die geschlossene T\u00fcr. Sind die Scharniere links (auf der R\u00fcckseite der geschlossenen T\u00fcr) ist die T\u00fcr links angeschlagen. Sind die Scharniere rechts, ist die T\u00fcr rechts angeschlagen. Bitte sehen Sie die Bilder als Hinweis.<\/p>\n<p>Bitte treffen Sie unten Ihre Auswahl und legen Sie die in den Warenkorb.<\/p>\n","protected":false},"featured_media":60634,"template":"","meta":[],"product_brand":[],"product_cat":[2189],"product_tag":[],"class_list":{"0":"post-89958","1":"product","2":"type-product","3":"status-publish","4":"has-post-thumbnail","6":"product_cat-tall-doors-width-50-cm-de","7":"product_shipping_class-lang-de","8":"sales-flash-overlay","9":"woocommerce-text-align-center","10":"woocommerce-image-align-center","12":"first","13":"instock","14":"taxable","15":"shipping-taxable","16":"purchasable","17":"product-type-variable"},"exclude_global_add_ons":[],"addons":[],"yoast_head":"<!-- This site is optimized with the Yoast SEO Premium plugin v27.4 (Yoast SEO v27.4) - https:\/\/yoast.com\/product\/yoast-seo-premium-wordpress\/ -->\n<title>T\u00fcr Faktum 50x195 - Faktum Online Store<\/title>\n<meta name=\"robots\" content=\"index, follow, max-snippet:-1, max-image-preview:large, max-video-preview:-1\" \/>\n<link rel=\"canonical\" href=\"https:\/\/faktumonline.com\/de\/produkt\/tur-50x195\/\" \/>\n<meta property=\"og:locale\" content=\"de_DE\" \/>\n<meta property=\"og:type\" content=\"article\" \/>\n<meta property=\"og:title\" content=\"T\u00fcr Faktum 50x195\" \/>\n<meta property=\"og:description\" content=\"Diese T\u00fcr wird mit 3 Scharnieren am Schrank befestigt. Das mittlere Scharnier ist nicht genau in der Mitte. Aus diesem Grund bieten wir die T\u00fcr als links angeschlagen oder rechts angeschlagen an.  Die T\u00fcr links angeschlagen oder rechts angeschlagen? Bitte stehen Sie vor die geschlossene T\u00fcr. Sind die Scharniere links (auf der R\u00fcckseite der geschlossenen T\u00fcr) ist die T\u00fcr links angeschlagen. Sind die Scharniere rechts, ist die T\u00fcr rechts angeschlagen. Bitte sehen Sie die Bilder als Hinweis.  Bitte treffen Sie unten Ihre Auswahl und legen Sie die in den Warenkorb.\" \/>\n<meta property=\"og:url\" content=\"https:\/\/faktumonline.com\/de\/produkt\/tur-50x195\/\" \/>\n<meta property=\"og:site_name\" content=\"Faktum Online Store\" \/>\n<meta property=\"article:modified_time\" content=\"2026-03-01T09:53:42+00:00\" \/>\n<meta property=\"og:image\" content=\"https:\/\/faktumonline.com\/wp-content\/uploads\/2021\/08\/Links-Rechts-1.jpg\" \/>\n\t<meta property=\"og:image:width\" content=\"652\" \/>\n\t<meta property=\"og:image:height\" content=\"458\" \/>\n\t<meta property=\"og:image:type\" content=\"image\/jpeg\" \/>\n<meta name=\"twitter:card\" content=\"summary_large_image\" \/>\n<script type=\"application\/ld+json\" class=\"yoast-schema-graph\">{\"@context\":\"https:\\\/\\\/schema.org\",\"@graph\":[{\"@type\":\"WebPage\",\"@id\":\"https:\\\/\\\/faktumonline.com\\\/de\\\/produkt\\\/tur-50x195\\\/\",\"url\":\"https:\\\/\\\/faktumonline.com\\\/de\\\/produkt\\\/tur-50x195\\\/\",\"name\":\"T\u00fcr Faktum 50x195 - Faktum Online Store\",\"isPartOf\":{\"@id\":\"https:\\\/\\\/faktumonline.com\\\/da\\\/#website\"},\"primaryImageOfPage\":{\"@id\":\"https:\\\/\\\/faktumonline.com\\\/de\\\/produkt\\\/tur-50x195\\\/#primaryimage\"},\"image\":{\"@id\":\"https:\\\/\\\/faktumonline.com\\\/de\\\/produkt\\\/tur-50x195\\\/#primaryimage\"},\"thumbnailUrl\":\"https:\\\/\\\/faktumonline.com\\\/wp-content\\\/uploads\\\/2021\\\/08\\\/Links-Rechts-1.jpg\",\"datePublished\":\"2023-04-17T06:28:22+00:00\",\"dateModified\":\"2026-03-01T09:53:42+00:00\",\"breadcrumb\":{\"@id\":\"https:\\\/\\\/faktumonline.com\\\/de\\\/produkt\\\/tur-50x195\\\/#breadcrumb\"},\"inLanguage\":\"de\",\"potentialAction\":[{\"@type\":\"ReadAction\",\"target\":[\"https:\\\/\\\/faktumonline.com\\\/de\\\/produkt\\\/tur-50x195\\\/\"]}]},{\"@type\":\"ImageObject\",\"inLanguage\":\"de\",\"@id\":\"https:\\\/\\\/faktumonline.com\\\/de\\\/produkt\\\/tur-50x195\\\/#primaryimage\",\"url\":\"https:\\\/\\\/faktumonline.com\\\/wp-content\\\/uploads\\\/2021\\\/08\\\/Links-Rechts-1.jpg\",\"contentUrl\":\"https:\\\/\\\/faktumonline.com\\\/wp-content\\\/uploads\\\/2021\\\/08\\\/Links-Rechts-1.jpg\",\"width\":652,\"height\":458},{\"@type\":\"BreadcrumbList\",\"@id\":\"https:\\\/\\\/faktumonline.com\\\/de\\\/produkt\\\/tur-50x195\\\/#breadcrumb\",\"itemListElement\":[{\"@type\":\"ListItem\",\"position\":1,\"name\":\"Hem\",\"item\":\"https:\\\/\\\/faktumonline.com\\\/de\\\/\"},{\"@type\":\"ListItem\",\"position\":2,\"name\":\"Webshop\",\"item\":\"https:\\\/\\\/faktumonline.com\\\/de\\\/webshop\\\/\"},{\"@type\":\"ListItem\",\"position\":3,\"name\":\"T\u00fcr Faktum 50&#215;195\"}]},{\"@type\":\"WebSite\",\"@id\":\"https:\\\/\\\/faktumonline.com\\\/da\\\/#website\",\"url\":\"https:\\\/\\\/faktumonline.com\\\/da\\\/\",\"name\":\"Faktum Online Store\",\"description\":\"Premium doors for IKEA kitchens\",\"potentialAction\":[{\"@type\":\"SearchAction\",\"target\":{\"@type\":\"EntryPoint\",\"urlTemplate\":\"https:\\\/\\\/faktumonline.com\\\/da\\\/?s={search_term_string}\"},\"query-input\":{\"@type\":\"PropertyValueSpecification\",\"valueRequired\":true,\"valueName\":\"search_term_string\"}}],\"inLanguage\":\"de\"}]}<\/script>\n<!-- \/ Yoast SEO Premium plugin. -->","yoast_head_json":{"title":"T\u00fcr Faktum 50x195 - Faktum Online Store","robots":{"index":"index","follow":"follow","max-snippet":"max-snippet:-1","max-image-preview":"max-image-preview:large","max-video-preview":"max-video-preview:-1"},"canonical":"https:\/\/faktumonline.com\/de\/produkt\/tur-50x195\/","og_locale":"de_DE","og_type":"article","og_title":"T\u00fcr Faktum 50x195","og_description":"Diese T\u00fcr wird mit 3 Scharnieren am Schrank befestigt. Das mittlere Scharnier ist nicht genau in der Mitte. Aus diesem Grund bieten wir die T\u00fcr als links angeschlagen oder rechts angeschlagen an.  Die T\u00fcr links angeschlagen oder rechts angeschlagen? Bitte stehen Sie vor die geschlossene T\u00fcr. Sind die Scharniere links (auf der R\u00fcckseite der geschlossenen T\u00fcr) ist die T\u00fcr links angeschlagen. Sind die Scharniere rechts, ist die T\u00fcr rechts angeschlagen. Bitte sehen Sie die Bilder als Hinweis.  Bitte treffen Sie unten Ihre Auswahl und legen Sie die in den Warenkorb.","og_url":"https:\/\/faktumonline.com\/de\/produkt\/tur-50x195\/","og_site_name":"Faktum Online Store","article_modified_time":"2026-03-01T09:53:42+00:00","og_image":[{"width":652,"height":458,"url":"https:\/\/faktumonline.com\/wp-content\/uploads\/2021\/08\/Links-Rechts-1.jpg","type":"image\/jpeg"}],"twitter_card":"summary_large_image","schema":{"@context":"https:\/\/schema.org","@graph":[{"@type":"WebPage","@id":"https:\/\/faktumonline.com\/de\/produkt\/tur-50x195\/","url":"https:\/\/faktumonline.com\/de\/produkt\/tur-50x195\/","name":"T\u00fcr Faktum 50x195 - Faktum Online Store","isPartOf":{"@id":"https:\/\/faktumonline.com\/da\/#website"},"primaryImageOfPage":{"@id":"https:\/\/faktumonline.com\/de\/produkt\/tur-50x195\/#primaryimage"},"image":{"@id":"https:\/\/faktumonline.com\/de\/produkt\/tur-50x195\/#primaryimage"},"thumbnailUrl":"https:\/\/faktumonline.com\/wp-content\/uploads\/2021\/08\/Links-Rechts-1.jpg","datePublished":"2023-04-17T06:28:22+00:00","dateModified":"2026-03-01T09:53:42+00:00","breadcrumb":{"@id":"https:\/\/faktumonline.com\/de\/produkt\/tur-50x195\/#breadcrumb"},"inLanguage":"de","potentialAction":[{"@type":"ReadAction","target":["https:\/\/faktumonline.com\/de\/produkt\/tur-50x195\/"]}]},{"@type":"ImageObject","inLanguage":"de","@id":"https:\/\/faktumonline.com\/de\/produkt\/tur-50x195\/#primaryimage","url":"https:\/\/faktumonline.com\/wp-content\/uploads\/2021\/08\/Links-Rechts-1.jpg","contentUrl":"https:\/\/faktumonline.com\/wp-content\/uploads\/2021\/08\/Links-Rechts-1.jpg","width":652,"height":458},{"@type":"BreadcrumbList","@id":"https:\/\/faktumonline.com\/de\/produkt\/tur-50x195\/#breadcrumb","itemListElement":[{"@type":"ListItem","position":1,"name":"Hem","item":"https:\/\/faktumonline.com\/de\/"},{"@type":"ListItem","position":2,"name":"Webshop","item":"https:\/\/faktumonline.com\/de\/webshop\/"},{"@type":"ListItem","position":3,"name":"T\u00fcr Faktum 50&#215;195"}]},{"@type":"WebSite","@id":"https:\/\/faktumonline.com\/da\/#website","url":"https:\/\/faktumonline.com\/da\/","name":"Faktum Online Store","description":"Premium doors for IKEA kitchens","potentialAction":[{"@type":"SearchAction","target":{"@type":"EntryPoint","urlTemplate":"https:\/\/faktumonline.com\/da\/?s={search_term_string}"},"query-input":{"@type":"PropertyValueSpecification","valueRequired":true,"valueName":"search_term_string"}}],"inLanguage":"de"}]}},"_links":{"self":[{"href":"https:\/\/faktumonline.com\/de\/wp-json\/wp\/v2\/product\/89958","targetHints":{"allow":["GET"]}}],"collection":[{"href":"https:\/\/faktumonline.com\/de\/wp-json\/wp\/v2\/product"}],"about":[{"href":"https:\/\/faktumonline.com\/de\/wp-json\/wp\/v2\/types\/product"}],"version-history":[{"count":3,"href":"https:\/\/faktumonline.com\/de\/wp-json\/wp\/v2\/product\/89958\/revisions"}],"predecessor-version":[{"id":132951,"href":"https:\/\/faktumonline.com\/de\/wp-json\/wp\/v2\/product\/89958\/revisions\/132951"}],"wp:featuredmedia":[{"embeddable":true,"href":"https:\/\/faktumonline.com\/de\/wp-json\/wp\/v2\/media\/60634"}],"wp:attachment":[{"href":"https:\/\/faktumonline.com\/de\/wp-json\/wp\/v2\/media?parent=89958"}],"wp:term":[{"taxonomy":"product_brand","embeddable":true,"href":"https:\/\/faktumonline.com\/de\/wp-json\/wp\/v2\/product_brand?post=89958"},{"taxonomy":"product_cat","embeddable":true,"href":"https:\/\/faktumonline.com\/de\/wp-json\/wp\/v2\/product_cat?post=89958"},{"taxonomy":"product_tag","embeddable":true,"href":"https:\/\/faktumonline.com\/de\/wp-json\/wp\/v2\/product_tag?post=89958"}],"curies":[{"name":"wp","href":"https:\/\/api.w.org\/{rel}","templated":true}]}}