{"id":88416,"date":"2019-07-06T19:53:53","date_gmt":"2019-07-06T18:53:53","guid":{"rendered":"https:\/\/faktumonline.com\/product\/karussell-fur-den-90x90-eckunterschrank-2-schwenkrader-aus-stahl\/"},"modified":"2023-08-18T21:14:29","modified_gmt":"2023-08-18T20:14:29","slug":"karussell-fur-90x90-eckunterschrank","status":"publish","type":"product","link":"https:\/\/faktumonline.com\/de\/produkt\/karussell-fur-90x90-eckunterschrank\/","title":{"rendered":"Karussell f\u00fcr 90\u00d790 Eckunterschrank."},"content":{"rendered":"","protected":false},"excerpt":{"rendered":"<p>Ein \u201ekuchengeschnittenes\u201c Karussell mit 2 B\u00f6den f\u00fcr den Eckschrank mit 90 x 90 cm f\u00fcr eine IKEA Faktum-K\u00fcche. 2 Stahlregale. Maximale Belastung 20 kg pro Regal. Sie nutzen den Eckraum optimal aus und machen den Inhalt des Schranks mit den 2 schwenkbaren Regalen gut sichtbar und erreichbar. Ideal zum Aufbewahren von Dingen wie T\u00f6pfen, Kuchenformen und Trockenwaren.<\/p>\n","protected":false},"featured_media":14839,"template":"","meta":[],"product_brand":[],"product_cat":[1500],"product_tag":[],"class_list":{"0":"post-88416","1":"product","2":"type-product","3":"status-publish","4":"has-post-thumbnail","6":"product_cat-carousels-de","7":"sales-flash-overlay","8":"woocommerce-text-align-center","9":"woocommerce-image-align-center","11":"first","12":"instock","13":"taxable","14":"shipping-taxable","15":"purchasable","16":"product-type-simple"},"exclude_global_add_ons":[],"addons":[],"yoast_head":"<!-- This site is optimized with the Yoast SEO Premium plugin v27.5 (Yoast SEO v27.5) - https:\/\/yoast.com\/product\/yoast-seo-premium-wordpress\/ -->\n<title>Karussell f\u00fcr 90\u00d790 Eckunterschrank. - Faktum Online Store<\/title>\n<meta name=\"robots\" content=\"index, follow, max-snippet:-1, max-image-preview:large, max-video-preview:-1\" \/>\n<link rel=\"canonical\" href=\"https:\/\/faktumonline.com\/de\/produkt\/karussell-fur-90x90-eckunterschrank\/\" \/>\n<meta property=\"og:locale\" content=\"de_DE\" \/>\n<meta property=\"og:type\" content=\"article\" \/>\n<meta property=\"og:title\" content=\"Karussell f\u00fcr 90\u00d790 Eckunterschrank.\" \/>\n<meta property=\"og:description\" content=\"Ein \u201ekuchengeschnittenes\u201c Karussell mit 2 B\u00f6den f\u00fcr den Eckschrank mit 90 x 90 cm f\u00fcr eine IKEA Faktum-K\u00fcche. 2 Stahlregale. Maximale Belastung 20 kg pro Regal. Sie nutzen den Eckraum optimal aus und machen den Inhalt des Schranks mit den 2 schwenkbaren Regalen gut sichtbar und erreichbar. Ideal zum Aufbewahren von Dingen wie T\u00f6pfen, Kuchenformen und Trockenwaren.\" \/>\n<meta property=\"og:url\" content=\"https:\/\/faktumonline.com\/de\/produkt\/karussell-fur-90x90-eckunterschrank\/\" \/>\n<meta property=\"og:site_name\" content=\"Faktum Online Store\" \/>\n<meta property=\"article:modified_time\" content=\"2023-08-18T20:14:29+00:00\" \/>\n<meta property=\"og:image\" content=\"https:\/\/faktumonline.com\/wp-content\/uploads\/2019\/07\/Karusell-silver-till-golvsko\u0308p-fo\u0308r-ko\u0308k-IKEA-Faktum.jpg\" \/>\n\t<meta property=\"og:image:width\" content=\"1980\" \/>\n\t<meta property=\"og:image:height\" content=\"1493\" \/>\n\t<meta property=\"og:image:type\" content=\"image\/jpeg\" \/>\n<meta name=\"twitter:card\" content=\"summary_large_image\" \/>\n<script type=\"application\/ld+json\" class=\"yoast-schema-graph\">{\"@context\":\"https:\\\/\\\/schema.org\",\"@graph\":[{\"@type\":\"WebPage\",\"@id\":\"https:\\\/\\\/faktumonline.com\\\/de\\\/produkt\\\/karussell-fur-90x90-eckunterschrank\\\/\",\"url\":\"https:\\\/\\\/faktumonline.com\\\/de\\\/produkt\\\/karussell-fur-90x90-eckunterschrank\\\/\",\"name\":\"Karussell f\u00fcr 90\u00d790 Eckunterschrank. - Faktum Online Store\",\"isPartOf\":{\"@id\":\"https:\\\/\\\/faktumonline.com\\\/da\\\/#website\"},\"primaryImageOfPage\":{\"@id\":\"https:\\\/\\\/faktumonline.com\\\/de\\\/produkt\\\/karussell-fur-90x90-eckunterschrank\\\/#primaryimage\"},\"image\":{\"@id\":\"https:\\\/\\\/faktumonline.com\\\/de\\\/produkt\\\/karussell-fur-90x90-eckunterschrank\\\/#primaryimage\"},\"thumbnailUrl\":\"https:\\\/\\\/faktumonline.com\\\/wp-content\\\/uploads\\\/2019\\\/07\\\/Karusell-silver-till-golvsko\u0308p-fo\u0308r-ko\u0308k-IKEA-Faktum.jpg\",\"datePublished\":\"2019-07-06T18:53:53+00:00\",\"dateModified\":\"2023-08-18T20:14:29+00:00\",\"breadcrumb\":{\"@id\":\"https:\\\/\\\/faktumonline.com\\\/de\\\/produkt\\\/karussell-fur-90x90-eckunterschrank\\\/#breadcrumb\"},\"inLanguage\":\"de\",\"potentialAction\":[{\"@type\":\"ReadAction\",\"target\":[\"https:\\\/\\\/faktumonline.com\\\/de\\\/produkt\\\/karussell-fur-90x90-eckunterschrank\\\/\"]}]},{\"@type\":\"ImageObject\",\"inLanguage\":\"de\",\"@id\":\"https:\\\/\\\/faktumonline.com\\\/de\\\/produkt\\\/karussell-fur-90x90-eckunterschrank\\\/#primaryimage\",\"url\":\"https:\\\/\\\/faktumonline.com\\\/wp-content\\\/uploads\\\/2019\\\/07\\\/Karusell-silver-till-golvsko\u0308p-fo\u0308r-ko\u0308k-IKEA-Faktum.jpg\",\"contentUrl\":\"https:\\\/\\\/faktumonline.com\\\/wp-content\\\/uploads\\\/2019\\\/07\\\/Karusell-silver-till-golvsko\u0308p-fo\u0308r-ko\u0308k-IKEA-Faktum.jpg\",\"width\":1980,\"height\":1493},{\"@type\":\"BreadcrumbList\",\"@id\":\"https:\\\/\\\/faktumonline.com\\\/de\\\/produkt\\\/karussell-fur-90x90-eckunterschrank\\\/#breadcrumb\",\"itemListElement\":[{\"@type\":\"ListItem\",\"position\":1,\"name\":\"Hem\",\"item\":\"https:\\\/\\\/faktumonline.com\\\/de\\\/front\\\/\"},{\"@type\":\"ListItem\",\"position\":2,\"name\":\"Webshop\",\"item\":\"https:\\\/\\\/faktumonline.com\\\/de\\\/webshop\\\/\"},{\"@type\":\"ListItem\",\"position\":3,\"name\":\"Karussell f\u00fcr 90\u00d790 Eckunterschrank.\"}]},{\"@type\":\"WebSite\",\"@id\":\"https:\\\/\\\/faktumonline.com\\\/da\\\/#website\",\"url\":\"https:\\\/\\\/faktumonline.com\\\/da\\\/\",\"name\":\"Faktum Online Store\",\"description\":\"Premium doors for IKEA kitchens\",\"potentialAction\":[{\"@type\":\"SearchAction\",\"target\":{\"@type\":\"EntryPoint\",\"urlTemplate\":\"https:\\\/\\\/faktumonline.com\\\/da\\\/?s={search_term_string}\"},\"query-input\":{\"@type\":\"PropertyValueSpecification\",\"valueRequired\":true,\"valueName\":\"search_term_string\"}}],\"inLanguage\":\"de\"}]}<\/script>\n<!-- \/ Yoast SEO Premium plugin. -->","yoast_head_json":{"title":"Karussell f\u00fcr 90\u00d790 Eckunterschrank. - Faktum Online Store","robots":{"index":"index","follow":"follow","max-snippet":"max-snippet:-1","max-image-preview":"max-image-preview:large","max-video-preview":"max-video-preview:-1"},"canonical":"https:\/\/faktumonline.com\/de\/produkt\/karussell-fur-90x90-eckunterschrank\/","og_locale":"de_DE","og_type":"article","og_title":"Karussell f\u00fcr 90\u00d790 Eckunterschrank.","og_description":"Ein \u201ekuchengeschnittenes\u201c Karussell mit 2 B\u00f6den f\u00fcr den Eckschrank mit 90 x 90 cm f\u00fcr eine IKEA Faktum-K\u00fcche. 2 Stahlregale. Maximale Belastung 20 kg pro Regal. Sie nutzen den Eckraum optimal aus und machen den Inhalt des Schranks mit den 2 schwenkbaren Regalen gut sichtbar und erreichbar. Ideal zum Aufbewahren von Dingen wie T\u00f6pfen, Kuchenformen und Trockenwaren.","og_url":"https:\/\/faktumonline.com\/de\/produkt\/karussell-fur-90x90-eckunterschrank\/","og_site_name":"Faktum Online Store","article_modified_time":"2023-08-18T20:14:29+00:00","og_image":[{"width":1980,"height":1493,"url":"https:\/\/faktumonline.com\/wp-content\/uploads\/2019\/07\/Karusell-silver-till-golvsko\u0308p-fo\u0308r-ko\u0308k-IKEA-Faktum.jpg","type":"image\/jpeg"}],"twitter_card":"summary_large_image","schema":{"@context":"https:\/\/schema.org","@graph":[{"@type":"WebPage","@id":"https:\/\/faktumonline.com\/de\/produkt\/karussell-fur-90x90-eckunterschrank\/","url":"https:\/\/faktumonline.com\/de\/produkt\/karussell-fur-90x90-eckunterschrank\/","name":"Karussell f\u00fcr 90\u00d790 Eckunterschrank. - Faktum Online Store","isPartOf":{"@id":"https:\/\/faktumonline.com\/da\/#website"},"primaryImageOfPage":{"@id":"https:\/\/faktumonline.com\/de\/produkt\/karussell-fur-90x90-eckunterschrank\/#primaryimage"},"image":{"@id":"https:\/\/faktumonline.com\/de\/produkt\/karussell-fur-90x90-eckunterschrank\/#primaryimage"},"thumbnailUrl":"https:\/\/faktumonline.com\/wp-content\/uploads\/2019\/07\/Karusell-silver-till-golvsko\u0308p-fo\u0308r-ko\u0308k-IKEA-Faktum.jpg","datePublished":"2019-07-06T18:53:53+00:00","dateModified":"2023-08-18T20:14:29+00:00","breadcrumb":{"@id":"https:\/\/faktumonline.com\/de\/produkt\/karussell-fur-90x90-eckunterschrank\/#breadcrumb"},"inLanguage":"de","potentialAction":[{"@type":"ReadAction","target":["https:\/\/faktumonline.com\/de\/produkt\/karussell-fur-90x90-eckunterschrank\/"]}]},{"@type":"ImageObject","inLanguage":"de","@id":"https:\/\/faktumonline.com\/de\/produkt\/karussell-fur-90x90-eckunterschrank\/#primaryimage","url":"https:\/\/faktumonline.com\/wp-content\/uploads\/2019\/07\/Karusell-silver-till-golvsko\u0308p-fo\u0308r-ko\u0308k-IKEA-Faktum.jpg","contentUrl":"https:\/\/faktumonline.com\/wp-content\/uploads\/2019\/07\/Karusell-silver-till-golvsko\u0308p-fo\u0308r-ko\u0308k-IKEA-Faktum.jpg","width":1980,"height":1493},{"@type":"BreadcrumbList","@id":"https:\/\/faktumonline.com\/de\/produkt\/karussell-fur-90x90-eckunterschrank\/#breadcrumb","itemListElement":[{"@type":"ListItem","position":1,"name":"Hem","item":"https:\/\/faktumonline.com\/de\/front\/"},{"@type":"ListItem","position":2,"name":"Webshop","item":"https:\/\/faktumonline.com\/de\/webshop\/"},{"@type":"ListItem","position":3,"name":"Karussell f\u00fcr 90\u00d790 Eckunterschrank."}]},{"@type":"WebSite","@id":"https:\/\/faktumonline.com\/da\/#website","url":"https:\/\/faktumonline.com\/da\/","name":"Faktum Online Store","description":"Premium doors for IKEA kitchens","potentialAction":[{"@type":"SearchAction","target":{"@type":"EntryPoint","urlTemplate":"https:\/\/faktumonline.com\/da\/?s={search_term_string}"},"query-input":{"@type":"PropertyValueSpecification","valueRequired":true,"valueName":"search_term_string"}}],"inLanguage":"de"}]}},"_links":{"self":[{"href":"https:\/\/faktumonline.com\/de\/wp-json\/wp\/v2\/product\/88416","targetHints":{"allow":["GET"]}}],"collection":[{"href":"https:\/\/faktumonline.com\/de\/wp-json\/wp\/v2\/product"}],"about":[{"href":"https:\/\/faktumonline.com\/de\/wp-json\/wp\/v2\/types\/product"}],"version-history":[{"count":1,"href":"https:\/\/faktumonline.com\/de\/wp-json\/wp\/v2\/product\/88416\/revisions"}],"predecessor-version":[{"id":94946,"href":"https:\/\/faktumonline.com\/de\/wp-json\/wp\/v2\/product\/88416\/revisions\/94946"}],"wp:featuredmedia":[{"embeddable":true,"href":"https:\/\/faktumonline.com\/de\/wp-json\/wp\/v2\/media\/14839"}],"wp:attachment":[{"href":"https:\/\/faktumonline.com\/de\/wp-json\/wp\/v2\/media?parent=88416"}],"wp:term":[{"taxonomy":"product_brand","embeddable":true,"href":"https:\/\/faktumonline.com\/de\/wp-json\/wp\/v2\/product_brand?post=88416"},{"taxonomy":"product_cat","embeddable":true,"href":"https:\/\/faktumonline.com\/de\/wp-json\/wp\/v2\/product_cat?post=88416"},{"taxonomy":"product_tag","embeddable":true,"href":"https:\/\/faktumonline.com\/de\/wp-json\/wp\/v2\/product_tag?post=88416"}],"curies":[{"name":"wp","href":"https:\/\/api.w.org\/{rel}","templated":true}]}}