{"id":88415,"date":"2023-03-16T22:39:35","date_gmt":"2023-03-16T21:39:35","guid":{"rendered":"https:\/\/faktumonline.com\/product\/karussell-half-moon-fur-einen-120x70-eckschrank-2-schwenkrader-aus-stahl\/"},"modified":"2023-08-18T21:12:34","modified_gmt":"2023-08-18T20:12:34","slug":"karussell-halbmond-fur-120x70-eckschrank","status":"publish","type":"product","link":"https:\/\/faktumonline.com\/de\/produkt\/karussell-halbmond-fur-120x70-eckschrank\/","title":{"rendered":"Karussell \u201eHalbmond\u201c f\u00fcr 120\u00d770 Eckschrank"},"content":{"rendered":"","protected":false},"excerpt":{"rendered":"<p>Ein halbmondf\u00f6rmiges ausschwenkbares Karussell f\u00fcr einen IKEA Faktum Eckschrank. Maximale Belastung 20 kg pro Regal. Sie nutzen den Eckraum optimal aus und machen den Inhalt des Schranks mit den 2 herausschwenkbaren Regalen leicht einsehbar und erreichbar. Ideal zum Aufbewahren von Dingen wie T\u00f6pfen, Kuchenformen und Trockenwaren.<\/p>\n","protected":false},"featured_media":86142,"template":"","meta":[],"product_brand":[],"product_cat":[1500],"product_tag":[],"class_list":{"0":"post-88415","1":"product","2":"type-product","3":"status-publish","4":"has-post-thumbnail","6":"product_cat-carousels-de","7":"sales-flash-overlay","8":"woocommerce-text-align-center","9":"woocommerce-image-align-center","11":"first","12":"instock","13":"taxable","14":"shipping-taxable","15":"purchasable","16":"product-type-simple"},"exclude_global_add_ons":[],"addons":[],"yoast_head":"<!-- This site is optimized with the Yoast SEO Premium plugin v27.4 (Yoast SEO v27.4) - https:\/\/yoast.com\/product\/yoast-seo-premium-wordpress\/ -->\n<title>Ein ausschwenkbares Karussell f\u00fcr einen IKEA Faktum Eckschrank 120x70<\/title>\n<meta name=\"robots\" content=\"index, follow, max-snippet:-1, max-image-preview:large, max-video-preview:-1\" \/>\n<link rel=\"canonical\" href=\"https:\/\/faktumonline.com\/de\/produkt\/karussell-halbmond-fur-120x70-eckschrank\/\" \/>\n<meta property=\"og:locale\" content=\"de_DE\" \/>\n<meta property=\"og:type\" content=\"article\" \/>\n<meta property=\"og:title\" content=\"Karussell \u201eHalbmond\u201c f\u00fcr 120\u00d770 Eckschrank\" \/>\n<meta property=\"og:description\" content=\"Ein halbmondf\u00f6rmiges ausschwenkbares Karussell f\u00fcr einen IKEA Faktum Eckschrank. Maximale Belastung 20 kg pro Regal. Sie nutzen den Eckraum optimal aus und machen den Inhalt des Schranks mit den 2 herausschwenkbaren Regalen leicht einsehbar und erreichbar. Ideal zum Aufbewahren von Dingen wie T\u00f6pfen, Kuchenformen und Trockenwaren.\" \/>\n<meta property=\"og:url\" content=\"https:\/\/faktumonline.com\/de\/produkt\/karussell-halbmond-fur-120x70-eckschrank\/\" \/>\n<meta property=\"og:site_name\" content=\"Faktum Online Store\" \/>\n<meta property=\"article:modified_time\" content=\"2023-08-18T20:12:34+00:00\" \/>\n<meta property=\"og:image\" content=\"https:\/\/faktumonline.com\/wp-content\/uploads\/2019\/07\/Carousel-Chrome-for-120x70-IKEA-Faktum.jpg\" \/>\n\t<meta property=\"og:image:width\" content=\"900\" \/>\n\t<meta property=\"og:image:height\" content=\"1204\" \/>\n\t<meta property=\"og:image:type\" content=\"image\/jpeg\" \/>\n<meta name=\"twitter:card\" content=\"summary_large_image\" \/>\n<script type=\"application\/ld+json\" class=\"yoast-schema-graph\">{\"@context\":\"https:\\\/\\\/schema.org\",\"@graph\":[{\"@type\":\"WebPage\",\"@id\":\"https:\\\/\\\/faktumonline.com\\\/de\\\/produkt\\\/karussell-halbmond-fur-120x70-eckschrank\\\/\",\"url\":\"https:\\\/\\\/faktumonline.com\\\/de\\\/produkt\\\/karussell-halbmond-fur-120x70-eckschrank\\\/\",\"name\":\"Ein ausschwenkbares Karussell f\u00fcr einen IKEA Faktum Eckschrank 120x70\",\"isPartOf\":{\"@id\":\"https:\\\/\\\/faktumonline.com\\\/da\\\/#website\"},\"primaryImageOfPage\":{\"@id\":\"https:\\\/\\\/faktumonline.com\\\/de\\\/produkt\\\/karussell-halbmond-fur-120x70-eckschrank\\\/#primaryimage\"},\"image\":{\"@id\":\"https:\\\/\\\/faktumonline.com\\\/de\\\/produkt\\\/karussell-halbmond-fur-120x70-eckschrank\\\/#primaryimage\"},\"thumbnailUrl\":\"https:\\\/\\\/faktumonline.com\\\/wp-content\\\/uploads\\\/2019\\\/07\\\/Carousel-Chrome-for-120x70-IKEA-Faktum.jpg\",\"datePublished\":\"2023-03-16T21:39:35+00:00\",\"dateModified\":\"2023-08-18T20:12:34+00:00\",\"breadcrumb\":{\"@id\":\"https:\\\/\\\/faktumonline.com\\\/de\\\/produkt\\\/karussell-halbmond-fur-120x70-eckschrank\\\/#breadcrumb\"},\"inLanguage\":\"de\",\"potentialAction\":[{\"@type\":\"ReadAction\",\"target\":[\"https:\\\/\\\/faktumonline.com\\\/de\\\/produkt\\\/karussell-halbmond-fur-120x70-eckschrank\\\/\"]}]},{\"@type\":\"ImageObject\",\"inLanguage\":\"de\",\"@id\":\"https:\\\/\\\/faktumonline.com\\\/de\\\/produkt\\\/karussell-halbmond-fur-120x70-eckschrank\\\/#primaryimage\",\"url\":\"https:\\\/\\\/faktumonline.com\\\/wp-content\\\/uploads\\\/2019\\\/07\\\/Carousel-Chrome-for-120x70-IKEA-Faktum.jpg\",\"contentUrl\":\"https:\\\/\\\/faktumonline.com\\\/wp-content\\\/uploads\\\/2019\\\/07\\\/Carousel-Chrome-for-120x70-IKEA-Faktum.jpg\",\"width\":900,\"height\":1204},{\"@type\":\"BreadcrumbList\",\"@id\":\"https:\\\/\\\/faktumonline.com\\\/de\\\/produkt\\\/karussell-halbmond-fur-120x70-eckschrank\\\/#breadcrumb\",\"itemListElement\":[{\"@type\":\"ListItem\",\"position\":1,\"name\":\"Hem\",\"item\":\"https:\\\/\\\/faktumonline.com\\\/de\\\/\"},{\"@type\":\"ListItem\",\"position\":2,\"name\":\"Webshop\",\"item\":\"https:\\\/\\\/faktumonline.com\\\/de\\\/webshop\\\/\"},{\"@type\":\"ListItem\",\"position\":3,\"name\":\"Karussell \u201eHalbmond\u201c f\u00fcr 120\u00d770 Eckschrank\"}]},{\"@type\":\"WebSite\",\"@id\":\"https:\\\/\\\/faktumonline.com\\\/da\\\/#website\",\"url\":\"https:\\\/\\\/faktumonline.com\\\/da\\\/\",\"name\":\"Faktum Online Store\",\"description\":\"Premium doors for IKEA kitchens\",\"potentialAction\":[{\"@type\":\"SearchAction\",\"target\":{\"@type\":\"EntryPoint\",\"urlTemplate\":\"https:\\\/\\\/faktumonline.com\\\/da\\\/?s={search_term_string}\"},\"query-input\":{\"@type\":\"PropertyValueSpecification\",\"valueRequired\":true,\"valueName\":\"search_term_string\"}}],\"inLanguage\":\"de\"}]}<\/script>\n<!-- \/ Yoast SEO Premium plugin. -->","yoast_head_json":{"title":"Ein ausschwenkbares Karussell f\u00fcr einen IKEA Faktum Eckschrank 120x70","robots":{"index":"index","follow":"follow","max-snippet":"max-snippet:-1","max-image-preview":"max-image-preview:large","max-video-preview":"max-video-preview:-1"},"canonical":"https:\/\/faktumonline.com\/de\/produkt\/karussell-halbmond-fur-120x70-eckschrank\/","og_locale":"de_DE","og_type":"article","og_title":"Karussell \u201eHalbmond\u201c f\u00fcr 120\u00d770 Eckschrank","og_description":"Ein halbmondf\u00f6rmiges ausschwenkbares Karussell f\u00fcr einen IKEA Faktum Eckschrank. Maximale Belastung 20 kg pro Regal. Sie nutzen den Eckraum optimal aus und machen den Inhalt des Schranks mit den 2 herausschwenkbaren Regalen leicht einsehbar und erreichbar. Ideal zum Aufbewahren von Dingen wie T\u00f6pfen, Kuchenformen und Trockenwaren.","og_url":"https:\/\/faktumonline.com\/de\/produkt\/karussell-halbmond-fur-120x70-eckschrank\/","og_site_name":"Faktum Online Store","article_modified_time":"2023-08-18T20:12:34+00:00","og_image":[{"width":900,"height":1204,"url":"https:\/\/faktumonline.com\/wp-content\/uploads\/2019\/07\/Carousel-Chrome-for-120x70-IKEA-Faktum.jpg","type":"image\/jpeg"}],"twitter_card":"summary_large_image","schema":{"@context":"https:\/\/schema.org","@graph":[{"@type":"WebPage","@id":"https:\/\/faktumonline.com\/de\/produkt\/karussell-halbmond-fur-120x70-eckschrank\/","url":"https:\/\/faktumonline.com\/de\/produkt\/karussell-halbmond-fur-120x70-eckschrank\/","name":"Ein ausschwenkbares Karussell f\u00fcr einen IKEA Faktum Eckschrank 120x70","isPartOf":{"@id":"https:\/\/faktumonline.com\/da\/#website"},"primaryImageOfPage":{"@id":"https:\/\/faktumonline.com\/de\/produkt\/karussell-halbmond-fur-120x70-eckschrank\/#primaryimage"},"image":{"@id":"https:\/\/faktumonline.com\/de\/produkt\/karussell-halbmond-fur-120x70-eckschrank\/#primaryimage"},"thumbnailUrl":"https:\/\/faktumonline.com\/wp-content\/uploads\/2019\/07\/Carousel-Chrome-for-120x70-IKEA-Faktum.jpg","datePublished":"2023-03-16T21:39:35+00:00","dateModified":"2023-08-18T20:12:34+00:00","breadcrumb":{"@id":"https:\/\/faktumonline.com\/de\/produkt\/karussell-halbmond-fur-120x70-eckschrank\/#breadcrumb"},"inLanguage":"de","potentialAction":[{"@type":"ReadAction","target":["https:\/\/faktumonline.com\/de\/produkt\/karussell-halbmond-fur-120x70-eckschrank\/"]}]},{"@type":"ImageObject","inLanguage":"de","@id":"https:\/\/faktumonline.com\/de\/produkt\/karussell-halbmond-fur-120x70-eckschrank\/#primaryimage","url":"https:\/\/faktumonline.com\/wp-content\/uploads\/2019\/07\/Carousel-Chrome-for-120x70-IKEA-Faktum.jpg","contentUrl":"https:\/\/faktumonline.com\/wp-content\/uploads\/2019\/07\/Carousel-Chrome-for-120x70-IKEA-Faktum.jpg","width":900,"height":1204},{"@type":"BreadcrumbList","@id":"https:\/\/faktumonline.com\/de\/produkt\/karussell-halbmond-fur-120x70-eckschrank\/#breadcrumb","itemListElement":[{"@type":"ListItem","position":1,"name":"Hem","item":"https:\/\/faktumonline.com\/de\/"},{"@type":"ListItem","position":2,"name":"Webshop","item":"https:\/\/faktumonline.com\/de\/webshop\/"},{"@type":"ListItem","position":3,"name":"Karussell \u201eHalbmond\u201c f\u00fcr 120\u00d770 Eckschrank"}]},{"@type":"WebSite","@id":"https:\/\/faktumonline.com\/da\/#website","url":"https:\/\/faktumonline.com\/da\/","name":"Faktum Online Store","description":"Premium doors for IKEA kitchens","potentialAction":[{"@type":"SearchAction","target":{"@type":"EntryPoint","urlTemplate":"https:\/\/faktumonline.com\/da\/?s={search_term_string}"},"query-input":{"@type":"PropertyValueSpecification","valueRequired":true,"valueName":"search_term_string"}}],"inLanguage":"de"}]}},"_links":{"self":[{"href":"https:\/\/faktumonline.com\/de\/wp-json\/wp\/v2\/product\/88415","targetHints":{"allow":["GET"]}}],"collection":[{"href":"https:\/\/faktumonline.com\/de\/wp-json\/wp\/v2\/product"}],"about":[{"href":"https:\/\/faktumonline.com\/de\/wp-json\/wp\/v2\/types\/product"}],"version-history":[{"count":1,"href":"https:\/\/faktumonline.com\/de\/wp-json\/wp\/v2\/product\/88415\/revisions"}],"predecessor-version":[{"id":94945,"href":"https:\/\/faktumonline.com\/de\/wp-json\/wp\/v2\/product\/88415\/revisions\/94945"}],"wp:featuredmedia":[{"embeddable":true,"href":"https:\/\/faktumonline.com\/de\/wp-json\/wp\/v2\/media\/86142"}],"wp:attachment":[{"href":"https:\/\/faktumonline.com\/de\/wp-json\/wp\/v2\/media?parent=88415"}],"wp:term":[{"taxonomy":"product_brand","embeddable":true,"href":"https:\/\/faktumonline.com\/de\/wp-json\/wp\/v2\/product_brand?post=88415"},{"taxonomy":"product_cat","embeddable":true,"href":"https:\/\/faktumonline.com\/de\/wp-json\/wp\/v2\/product_cat?post=88415"},{"taxonomy":"product_tag","embeddable":true,"href":"https:\/\/faktumonline.com\/de\/wp-json\/wp\/v2\/product_tag?post=88415"}],"curies":[{"name":"wp","href":"https:\/\/api.w.org\/{rel}","templated":true}]}}