{"id":85211,"date":"2023-02-05T17:43:34","date_gmt":"2023-02-05T16:43:35","guid":{"rendered":"https:\/\/faktumonline.com\/?post_type=product&#038;p=85211"},"modified":"2023-02-05T18:59:08","modified_gmt":"2023-02-05T17:59:08","slug":"muster-w03","status":"publish","type":"product","link":"https:\/\/faktumonline.com\/de\/produkt\/muster-w03\/","title":{"rendered":"Muster W03"},"content":{"rendered":"","protected":false},"excerpt":{"rendered":"<p>Dieses ist ein Muster von einem Modellfront von W03-Modell. Bitte markieren Sie \u201eIn den Warenkorb\u201c um das Muster zu bestellen. Das Muster stellt das fertige Produkt mit seinem Design\/Muster dar und ist dem Endprodukt \u00e4hnlich, obwohl es sich um eine Miniatur handelt. Genau wie unsere Premium-T\u00fcren ist das Muster von Modellfronten aus einem einzigen St\u00fcck Premium-MDF geschnitten und wird in unseren angebotenen Farben zu Ihnen geschickt.<\/p>\n<p>Abh\u00e4ngig von den individuellen Einstellungen Ihres Computerbildschirms (Telefon oder Tablet usw.) k\u00f6nnen Farbe, Glanz und Oberfl\u00e4che im wirklichen Leben und in den Lichtverh\u00e4ltnissen Ihrer eigenen K\u00fcche etwas anders aussehen. Bitte betrachten Sie diese Bilder nur als eine grobe Richtlinie.<\/p>\n","protected":false},"featured_media":85197,"template":"","meta":[],"product_brand":[],"product_cat":[1376],"product_tag":[],"class_list":{"0":"post-85211","1":"product","2":"type-product","3":"status-publish","4":"has-post-thumbnail","6":"product_cat-muster-modell","7":"product_shipping_class-frakt35-de","8":"sales-flash-overlay","9":"woocommerce-text-align-center","10":"woocommerce-image-align-center","11":"wc-has-gallery","13":"first","14":"instock","15":"sold-individually","16":"taxable","17":"shipping-taxable","18":"purchasable","19":"product-type-simple"},"exclude_global_add_ons":[],"addons":[],"yoast_head":"<!-- This site is optimized with the Yoast SEO Premium plugin v27.0 (Yoast SEO v27.0) - https:\/\/yoast.com\/product\/yoast-seo-premium-wordpress\/ -->\n<title>Muster W03 - Faktum Online Store<\/title>\n<meta name=\"robots\" content=\"index, follow, max-snippet:-1, max-image-preview:large, max-video-preview:-1\" \/>\n<link rel=\"canonical\" href=\"https:\/\/faktumonline.com\/de\/produkt\/muster-w03\/\" \/>\n<meta property=\"og:locale\" content=\"de_DE\" \/>\n<meta property=\"og:type\" content=\"article\" \/>\n<meta property=\"og:title\" content=\"Muster W03\" \/>\n<meta property=\"og:description\" content=\"Dieses ist ein Muster von einem Modellfront von W03-Modell. Bitte markieren Sie \u201eIn den Warenkorb\u201c um das Muster zu bestellen. Das Muster stellt das fertige Produkt mit seinem Design\/Muster dar und ist dem Endprodukt \u00e4hnlich, obwohl es sich um eine Miniatur handelt. Genau wie unsere Premium-T\u00fcren ist das Muster von Modellfronten aus einem einzigen St\u00fcck Premium-MDF geschnitten und wird in unseren angebotenen Farben zu Ihnen geschickt.  Abh\u00e4ngig von den individuellen Einstellungen Ihres Computerbildschirms (Telefon oder Tablet usw.) k\u00f6nnen Farbe, Glanz und Oberfl\u00e4che im wirklichen Leben und in den Lichtverh\u00e4ltnissen Ihrer eigenen K\u00fcche etwas anders aussehen. Bitte betrachten Sie diese Bilder nur als eine grobe Richtlinie.\" \/>\n<meta property=\"og:url\" content=\"https:\/\/faktumonline.com\/de\/produkt\/muster-w03\/\" \/>\n<meta property=\"og:site_name\" content=\"Faktum Online Store\" \/>\n<meta property=\"article:modified_time\" content=\"2023-02-05T17:59:08+00:00\" \/>\n<meta property=\"og:image\" content=\"https:\/\/faktumonline.com\/wp-content\/uploads\/2023\/02\/W03-UN3503.jpg\" \/>\n\t<meta property=\"og:image:width\" content=\"354\" \/>\n\t<meta property=\"og:image:height\" content=\"510\" \/>\n\t<meta property=\"og:image:type\" content=\"image\/jpeg\" \/>\n<meta name=\"twitter:card\" content=\"summary_large_image\" \/>\n<script type=\"application\/ld+json\" class=\"yoast-schema-graph\">{\"@context\":\"https:\/\/schema.org\",\"@graph\":[{\"@type\":\"WebPage\",\"@id\":\"https:\/\/faktumonline.com\/de\/produkt\/muster-w03\/\",\"url\":\"https:\/\/faktumonline.com\/de\/produkt\/muster-w03\/\",\"name\":\"Muster W03 - Faktum Online Store\",\"isPartOf\":{\"@id\":\"https:\/\/faktumonline.com\/da\/#website\"},\"primaryImageOfPage\":{\"@id\":\"https:\/\/faktumonline.com\/de\/produkt\/muster-w03\/#primaryimage\"},\"image\":{\"@id\":\"https:\/\/faktumonline.com\/de\/produkt\/muster-w03\/#primaryimage\"},\"thumbnailUrl\":\"https:\/\/faktumonline.com\/wp-content\/uploads\/2023\/02\/W03-UN3503.jpg\",\"datePublished\":\"2023-02-05T16:43:35+00:00\",\"dateModified\":\"2023-02-05T17:59:08+00:00\",\"breadcrumb\":{\"@id\":\"https:\/\/faktumonline.com\/de\/produkt\/muster-w03\/#breadcrumb\"},\"inLanguage\":\"de\",\"potentialAction\":[{\"@type\":\"ReadAction\",\"target\":[\"https:\/\/faktumonline.com\/de\/produkt\/muster-w03\/\"]}]},{\"@type\":\"ImageObject\",\"inLanguage\":\"de\",\"@id\":\"https:\/\/faktumonline.com\/de\/produkt\/muster-w03\/#primaryimage\",\"url\":\"https:\/\/faktumonline.com\/wp-content\/uploads\/2023\/02\/W03-UN3503.jpg\",\"contentUrl\":\"https:\/\/faktumonline.com\/wp-content\/uploads\/2023\/02\/W03-UN3503.jpg\",\"width\":354,\"height\":510,\"caption\":\"W03\"},{\"@type\":\"BreadcrumbList\",\"@id\":\"https:\/\/faktumonline.com\/de\/produkt\/muster-w03\/#breadcrumb\",\"itemListElement\":[{\"@type\":\"ListItem\",\"position\":1,\"name\":\"Hem\",\"item\":\"https:\/\/faktumonline.com\/de\/\"},{\"@type\":\"ListItem\",\"position\":2,\"name\":\"Webshop\",\"item\":\"https:\/\/faktumonline.com\/de\/webshop\/\"},{\"@type\":\"ListItem\",\"position\":3,\"name\":\"Muster W03\"}]},{\"@type\":\"WebSite\",\"@id\":\"https:\/\/faktumonline.com\/da\/#website\",\"url\":\"https:\/\/faktumonline.com\/da\/\",\"name\":\"Faktum Online Store\",\"description\":\"Premium doors for IKEA kitchens\",\"potentialAction\":[{\"@type\":\"SearchAction\",\"target\":{\"@type\":\"EntryPoint\",\"urlTemplate\":\"https:\/\/faktumonline.com\/da\/?s={search_term_string}\"},\"query-input\":{\"@type\":\"PropertyValueSpecification\",\"valueRequired\":true,\"valueName\":\"search_term_string\"}}],\"inLanguage\":\"de\"}]}<\/script>\n<!-- \/ Yoast SEO Premium plugin. -->","yoast_head_json":{"title":"Muster W03 - Faktum Online Store","robots":{"index":"index","follow":"follow","max-snippet":"max-snippet:-1","max-image-preview":"max-image-preview:large","max-video-preview":"max-video-preview:-1"},"canonical":"https:\/\/faktumonline.com\/de\/produkt\/muster-w03\/","og_locale":"de_DE","og_type":"article","og_title":"Muster W03","og_description":"Dieses ist ein Muster von einem Modellfront von W03-Modell. Bitte markieren Sie \u201eIn den Warenkorb\u201c um das Muster zu bestellen. Das Muster stellt das fertige Produkt mit seinem Design\/Muster dar und ist dem Endprodukt \u00e4hnlich, obwohl es sich um eine Miniatur handelt. Genau wie unsere Premium-T\u00fcren ist das Muster von Modellfronten aus einem einzigen St\u00fcck Premium-MDF geschnitten und wird in unseren angebotenen Farben zu Ihnen geschickt.  Abh\u00e4ngig von den individuellen Einstellungen Ihres Computerbildschirms (Telefon oder Tablet usw.) k\u00f6nnen Farbe, Glanz und Oberfl\u00e4che im wirklichen Leben und in den Lichtverh\u00e4ltnissen Ihrer eigenen K\u00fcche etwas anders aussehen. Bitte betrachten Sie diese Bilder nur als eine grobe Richtlinie.","og_url":"https:\/\/faktumonline.com\/de\/produkt\/muster-w03\/","og_site_name":"Faktum Online Store","article_modified_time":"2023-02-05T17:59:08+00:00","og_image":[{"width":354,"height":510,"url":"https:\/\/faktumonline.com\/wp-content\/uploads\/2023\/02\/W03-UN3503.jpg","type":"image\/jpeg"}],"twitter_card":"summary_large_image","schema":{"@context":"https:\/\/schema.org","@graph":[{"@type":"WebPage","@id":"https:\/\/faktumonline.com\/de\/produkt\/muster-w03\/","url":"https:\/\/faktumonline.com\/de\/produkt\/muster-w03\/","name":"Muster W03 - Faktum Online Store","isPartOf":{"@id":"https:\/\/faktumonline.com\/da\/#website"},"primaryImageOfPage":{"@id":"https:\/\/faktumonline.com\/de\/produkt\/muster-w03\/#primaryimage"},"image":{"@id":"https:\/\/faktumonline.com\/de\/produkt\/muster-w03\/#primaryimage"},"thumbnailUrl":"https:\/\/faktumonline.com\/wp-content\/uploads\/2023\/02\/W03-UN3503.jpg","datePublished":"2023-02-05T16:43:35+00:00","dateModified":"2023-02-05T17:59:08+00:00","breadcrumb":{"@id":"https:\/\/faktumonline.com\/de\/produkt\/muster-w03\/#breadcrumb"},"inLanguage":"de","potentialAction":[{"@type":"ReadAction","target":["https:\/\/faktumonline.com\/de\/produkt\/muster-w03\/"]}]},{"@type":"ImageObject","inLanguage":"de","@id":"https:\/\/faktumonline.com\/de\/produkt\/muster-w03\/#primaryimage","url":"https:\/\/faktumonline.com\/wp-content\/uploads\/2023\/02\/W03-UN3503.jpg","contentUrl":"https:\/\/faktumonline.com\/wp-content\/uploads\/2023\/02\/W03-UN3503.jpg","width":354,"height":510,"caption":"W03"},{"@type":"BreadcrumbList","@id":"https:\/\/faktumonline.com\/de\/produkt\/muster-w03\/#breadcrumb","itemListElement":[{"@type":"ListItem","position":1,"name":"Hem","item":"https:\/\/faktumonline.com\/de\/"},{"@type":"ListItem","position":2,"name":"Webshop","item":"https:\/\/faktumonline.com\/de\/webshop\/"},{"@type":"ListItem","position":3,"name":"Muster W03"}]},{"@type":"WebSite","@id":"https:\/\/faktumonline.com\/da\/#website","url":"https:\/\/faktumonline.com\/da\/","name":"Faktum Online Store","description":"Premium doors for IKEA kitchens","potentialAction":[{"@type":"SearchAction","target":{"@type":"EntryPoint","urlTemplate":"https:\/\/faktumonline.com\/da\/?s={search_term_string}"},"query-input":{"@type":"PropertyValueSpecification","valueRequired":true,"valueName":"search_term_string"}}],"inLanguage":"de"}]}},"_links":{"self":[{"href":"https:\/\/faktumonline.com\/de\/wp-json\/wp\/v2\/product\/85211","targetHints":{"allow":["GET"]}}],"collection":[{"href":"https:\/\/faktumonline.com\/de\/wp-json\/wp\/v2\/product"}],"about":[{"href":"https:\/\/faktumonline.com\/de\/wp-json\/wp\/v2\/types\/product"}],"version-history":[{"count":2,"href":"https:\/\/faktumonline.com\/de\/wp-json\/wp\/v2\/product\/85211\/revisions"}],"predecessor-version":[{"id":85265,"href":"https:\/\/faktumonline.com\/de\/wp-json\/wp\/v2\/product\/85211\/revisions\/85265"}],"wp:featuredmedia":[{"embeddable":true,"href":"https:\/\/faktumonline.com\/de\/wp-json\/wp\/v2\/media\/85197"}],"wp:attachment":[{"href":"https:\/\/faktumonline.com\/de\/wp-json\/wp\/v2\/media?parent=85211"}],"wp:term":[{"taxonomy":"product_brand","embeddable":true,"href":"https:\/\/faktumonline.com\/de\/wp-json\/wp\/v2\/product_brand?post=85211"},{"taxonomy":"product_cat","embeddable":true,"href":"https:\/\/faktumonline.com\/de\/wp-json\/wp\/v2\/product_cat?post=85211"},{"taxonomy":"product_tag","embeddable":true,"href":"https:\/\/faktumonline.com\/de\/wp-json\/wp\/v2\/product_tag?post=85211"}],"curies":[{"name":"wp","href":"https:\/\/api.w.org\/{rel}","templated":true}]}}