{"id":76924,"date":"2022-08-25T21:30:09","date_gmt":"2022-08-25T20:30:09","guid":{"rendered":"https:\/\/faktumonline.com\/product\/parisian-blue-farbmuster\/"},"modified":"2022-08-25T21:30:09","modified_gmt":"2022-08-25T20:30:09","slug":"parisian-blue-farbmuster","status":"publish","type":"product","link":"https:\/\/faktumonline.com\/de\/produkt\/parisian-blue-farbmuster\/","title":{"rendered":"Parisian Blue Farbmuster"},"content":{"rendered":"","protected":false},"excerpt":{"rendered":"<p>Dieses ist ein Farbmuster. Bitte markieren Sie \u201eIn den Warenkorb\u201c, um das Muster zu bestellen. Das Muster stellt das fertige Produkt mit der Farbe auf einen Premium MDF dar und ist dem Endprodukt \u00e4hnlich.<\/p>\n<p>Nicht alle Computerbildschirme (Tablets oder Telefone usw.) sind gleich und die in diesem Dialogfeld angezeigten Bilder zeigen m\u00f6glicherweise andere Farben als die im wirklichen Leben und unter den Lichtverh\u00e4ltnissen Ihrer eigenen K\u00fcche. Bitte betrachten Sie diese Bilder nur als eine grobe Richtlinie.<\/p>\n","protected":false},"featured_media":157579,"template":"","meta":[],"product_brand":[],"product_cat":[1380],"product_tag":[],"class_list":{"0":"post-76924","1":"product","2":"type-product","3":"status-publish","4":"has-post-thumbnail","6":"product_cat-farbmuster","7":"product_shipping_class-frakt35-de","8":"sales-flash-overlay","9":"woocommerce-text-align-center","10":"woocommerce-image-align-center","11":"wc-has-gallery","13":"first","14":"instock","15":"sold-individually","16":"taxable","17":"shipping-taxable","18":"purchasable","19":"product-type-simple"},"exclude_global_add_ons":[],"addons":[],"yoast_head":"<!-- This site is optimized with the Yoast SEO Premium plugin v27.0 (Yoast SEO v27.0) - https:\/\/yoast.com\/product\/yoast-seo-premium-wordpress\/ -->\n<title>Parisian Blue Farbmuster - Faktum Online Store<\/title>\n<meta name=\"robots\" content=\"index, follow, max-snippet:-1, max-image-preview:large, max-video-preview:-1\" \/>\n<link rel=\"canonical\" href=\"https:\/\/faktumonline.com\/de\/produkt\/parisian-blue-farbmuster\/\" \/>\n<meta property=\"og:locale\" content=\"de_DE\" \/>\n<meta property=\"og:type\" content=\"article\" \/>\n<meta property=\"og:title\" content=\"Parisian Blue Farbmuster\" \/>\n<meta property=\"og:description\" content=\"Dieses ist ein Farbmuster. Bitte markieren Sie \u201eIn den Warenkorb\u201c, um das Muster zu bestellen. Das Muster stellt das fertige Produkt mit der Farbe auf einen Premium MDF dar und ist dem Endprodukt \u00e4hnlich.  Nicht alle Computerbildschirme (Tablets oder Telefone usw.) sind gleich und die in diesem Dialogfeld angezeigten Bilder zeigen m\u00f6glicherweise andere Farben als die im wirklichen Leben und unter den Lichtverh\u00e4ltnissen Ihrer eigenen K\u00fcche. Bitte betrachten Sie diese Bilder nur als eine grobe Richtlinie.\" \/>\n<meta property=\"og:url\" content=\"https:\/\/faktumonline.com\/de\/produkt\/parisian-blue-farbmuster\/\" \/>\n<meta property=\"og:site_name\" content=\"Faktum Online Store\" \/>\n<meta property=\"og:image\" content=\"https:\/\/faktumonline.com\/wp-content\/uploads\/2020\/11\/W08-PT5024.jpg\" \/>\n\t<meta property=\"og:image:width\" content=\"354\" \/>\n\t<meta property=\"og:image:height\" content=\"510\" \/>\n\t<meta property=\"og:image:type\" content=\"image\/jpeg\" \/>\n<meta name=\"twitter:card\" content=\"summary_large_image\" \/>\n<script type=\"application\/ld+json\" class=\"yoast-schema-graph\">{\"@context\":\"https:\/\/schema.org\",\"@graph\":[{\"@type\":\"WebPage\",\"@id\":\"https:\/\/faktumonline.com\/de\/produkt\/parisian-blue-farbmuster\/\",\"url\":\"https:\/\/faktumonline.com\/de\/produkt\/parisian-blue-farbmuster\/\",\"name\":\"Parisian Blue Farbmuster - Faktum Online Store\",\"isPartOf\":{\"@id\":\"https:\/\/faktumonline.com\/da\/#website\"},\"primaryImageOfPage\":{\"@id\":\"https:\/\/faktumonline.com\/de\/produkt\/parisian-blue-farbmuster\/#primaryimage\"},\"image\":{\"@id\":\"https:\/\/faktumonline.com\/de\/produkt\/parisian-blue-farbmuster\/#primaryimage\"},\"thumbnailUrl\":\"https:\/\/faktumonline.com\/wp-content\/uploads\/2022\/08\/PT-5024.webp\",\"datePublished\":\"2022-08-25T20:30:09+00:00\",\"breadcrumb\":{\"@id\":\"https:\/\/faktumonline.com\/de\/produkt\/parisian-blue-farbmuster\/#breadcrumb\"},\"inLanguage\":\"de\",\"potentialAction\":[{\"@type\":\"ReadAction\",\"target\":[\"https:\/\/faktumonline.com\/de\/produkt\/parisian-blue-farbmuster\/\"]}]},{\"@type\":\"ImageObject\",\"inLanguage\":\"de\",\"@id\":\"https:\/\/faktumonline.com\/de\/produkt\/parisian-blue-farbmuster\/#primaryimage\",\"url\":\"https:\/\/faktumonline.com\/wp-content\/uploads\/2022\/08\/PT-5024.webp\",\"contentUrl\":\"https:\/\/faktumonline.com\/wp-content\/uploads\/2022\/08\/PT-5024.webp\",\"width\":510,\"height\":510,\"caption\":\"Parisian Blue\"},{\"@type\":\"BreadcrumbList\",\"@id\":\"https:\/\/faktumonline.com\/de\/produkt\/parisian-blue-farbmuster\/#breadcrumb\",\"itemListElement\":[{\"@type\":\"ListItem\",\"position\":1,\"name\":\"Hem\",\"item\":\"https:\/\/faktumonline.com\/de\/\"},{\"@type\":\"ListItem\",\"position\":2,\"name\":\"Webshop\",\"item\":\"https:\/\/faktumonline.com\/de\/webshop\/\"},{\"@type\":\"ListItem\",\"position\":3,\"name\":\"Parisian Blue Farbmuster\"}]},{\"@type\":\"WebSite\",\"@id\":\"https:\/\/faktumonline.com\/da\/#website\",\"url\":\"https:\/\/faktumonline.com\/da\/\",\"name\":\"Faktum Online Store\",\"description\":\"Premium doors for IKEA kitchens\",\"potentialAction\":[{\"@type\":\"SearchAction\",\"target\":{\"@type\":\"EntryPoint\",\"urlTemplate\":\"https:\/\/faktumonline.com\/da\/?s={search_term_string}\"},\"query-input\":{\"@type\":\"PropertyValueSpecification\",\"valueRequired\":true,\"valueName\":\"search_term_string\"}}],\"inLanguage\":\"de\"}]}<\/script>\n<!-- \/ Yoast SEO Premium plugin. -->","yoast_head_json":{"title":"Parisian Blue Farbmuster - Faktum Online Store","robots":{"index":"index","follow":"follow","max-snippet":"max-snippet:-1","max-image-preview":"max-image-preview:large","max-video-preview":"max-video-preview:-1"},"canonical":"https:\/\/faktumonline.com\/de\/produkt\/parisian-blue-farbmuster\/","og_locale":"de_DE","og_type":"article","og_title":"Parisian Blue Farbmuster","og_description":"Dieses ist ein Farbmuster. Bitte markieren Sie \u201eIn den Warenkorb\u201c, um das Muster zu bestellen. Das Muster stellt das fertige Produkt mit der Farbe auf einen Premium MDF dar und ist dem Endprodukt \u00e4hnlich.  Nicht alle Computerbildschirme (Tablets oder Telefone usw.) sind gleich und die in diesem Dialogfeld angezeigten Bilder zeigen m\u00f6glicherweise andere Farben als die im wirklichen Leben und unter den Lichtverh\u00e4ltnissen Ihrer eigenen K\u00fcche. Bitte betrachten Sie diese Bilder nur als eine grobe Richtlinie.","og_url":"https:\/\/faktumonline.com\/de\/produkt\/parisian-blue-farbmuster\/","og_site_name":"Faktum Online Store","og_image":[{"width":354,"height":510,"url":"https:\/\/faktumonline.com\/wp-content\/uploads\/2020\/11\/W08-PT5024.jpg","type":"image\/jpeg"}],"twitter_card":"summary_large_image","schema":{"@context":"https:\/\/schema.org","@graph":[{"@type":"WebPage","@id":"https:\/\/faktumonline.com\/de\/produkt\/parisian-blue-farbmuster\/","url":"https:\/\/faktumonline.com\/de\/produkt\/parisian-blue-farbmuster\/","name":"Parisian Blue Farbmuster - Faktum Online Store","isPartOf":{"@id":"https:\/\/faktumonline.com\/da\/#website"},"primaryImageOfPage":{"@id":"https:\/\/faktumonline.com\/de\/produkt\/parisian-blue-farbmuster\/#primaryimage"},"image":{"@id":"https:\/\/faktumonline.com\/de\/produkt\/parisian-blue-farbmuster\/#primaryimage"},"thumbnailUrl":"https:\/\/faktumonline.com\/wp-content\/uploads\/2022\/08\/PT-5024.webp","datePublished":"2022-08-25T20:30:09+00:00","breadcrumb":{"@id":"https:\/\/faktumonline.com\/de\/produkt\/parisian-blue-farbmuster\/#breadcrumb"},"inLanguage":"de","potentialAction":[{"@type":"ReadAction","target":["https:\/\/faktumonline.com\/de\/produkt\/parisian-blue-farbmuster\/"]}]},{"@type":"ImageObject","inLanguage":"de","@id":"https:\/\/faktumonline.com\/de\/produkt\/parisian-blue-farbmuster\/#primaryimage","url":"https:\/\/faktumonline.com\/wp-content\/uploads\/2022\/08\/PT-5024.webp","contentUrl":"https:\/\/faktumonline.com\/wp-content\/uploads\/2022\/08\/PT-5024.webp","width":510,"height":510,"caption":"Parisian Blue"},{"@type":"BreadcrumbList","@id":"https:\/\/faktumonline.com\/de\/produkt\/parisian-blue-farbmuster\/#breadcrumb","itemListElement":[{"@type":"ListItem","position":1,"name":"Hem","item":"https:\/\/faktumonline.com\/de\/"},{"@type":"ListItem","position":2,"name":"Webshop","item":"https:\/\/faktumonline.com\/de\/webshop\/"},{"@type":"ListItem","position":3,"name":"Parisian Blue Farbmuster"}]},{"@type":"WebSite","@id":"https:\/\/faktumonline.com\/da\/#website","url":"https:\/\/faktumonline.com\/da\/","name":"Faktum Online Store","description":"Premium doors for IKEA kitchens","potentialAction":[{"@type":"SearchAction","target":{"@type":"EntryPoint","urlTemplate":"https:\/\/faktumonline.com\/da\/?s={search_term_string}"},"query-input":{"@type":"PropertyValueSpecification","valueRequired":true,"valueName":"search_term_string"}}],"inLanguage":"de"}]}},"_links":{"self":[{"href":"https:\/\/faktumonline.com\/de\/wp-json\/wp\/v2\/product\/76924","targetHints":{"allow":["GET"]}}],"collection":[{"href":"https:\/\/faktumonline.com\/de\/wp-json\/wp\/v2\/product"}],"about":[{"href":"https:\/\/faktumonline.com\/de\/wp-json\/wp\/v2\/types\/product"}],"version-history":[{"count":0,"href":"https:\/\/faktumonline.com\/de\/wp-json\/wp\/v2\/product\/76924\/revisions"}],"wp:featuredmedia":[{"embeddable":true,"href":"https:\/\/faktumonline.com\/de\/wp-json\/wp\/v2\/media\/157579"}],"wp:attachment":[{"href":"https:\/\/faktumonline.com\/de\/wp-json\/wp\/v2\/media?parent=76924"}],"wp:term":[{"taxonomy":"product_brand","embeddable":true,"href":"https:\/\/faktumonline.com\/de\/wp-json\/wp\/v2\/product_brand?post=76924"},{"taxonomy":"product_cat","embeddable":true,"href":"https:\/\/faktumonline.com\/de\/wp-json\/wp\/v2\/product_cat?post=76924"},{"taxonomy":"product_tag","embeddable":true,"href":"https:\/\/faktumonline.com\/de\/wp-json\/wp\/v2\/product_tag?post=76924"}],"curies":[{"name":"wp","href":"https:\/\/api.w.org\/{rel}","templated":true}]}}