{"id":68621,"date":"2020-04-18T21:03:48","date_gmt":"2020-04-18T20:03:48","guid":{"rendered":"https:\/\/faktumonline.com\/product\/hochstellmechanismus-fur-klappen-horizontalturen\/"},"modified":"2022-02-27T09:57:09","modified_gmt":"2022-02-27T08:57:09","slug":"hochstellmechanismus-fur-klappen-horizontalturen","status":"publish","type":"product","link":"https:\/\/faktumonline.com\/de\/produkt\/hochstellmechanismus-fur-klappen-horizontalturen\/","title":{"rendered":"Hochstellmechanismus f\u00fcr Klappen\/ Horizontalt\u00fcren"},"content":{"rendered":"","protected":false},"excerpt":{"rendered":"<p>Dieser Hochstellmechanismus sorgt daf\u00fcr, dass Ihre Klappe oder horizontale T\u00fcr offenbleibt. Klammern sind enthalten. Pro Klappe oder horizontaler T\u00fcr wird normalerweise nur einer Hochstellmechanismus ben\u00f6tigt.<\/p>\n<p>Scharniere sind separat erh\u00e4ltlich. Bitte markieren Sie in dem Feld unten, um Ihrem Warenkorb ein Paket mit 2x Scharnieren + 2x Montageplatten pro Hochstellmechanismus zu einem reduzierten Preis im Vergleich zur Einzelbestellung hinzuzuf\u00fcgen.<\/p>\n","protected":false},"featured_media":37551,"template":"","meta":[],"product_brand":[],"product_cat":[1261],"product_tag":[],"class_list":{"0":"post-68621","1":"product","2":"type-product","3":"status-publish","4":"has-post-thumbnail","6":"product_cat-spezial-scharniere-fur-faktum","7":"product_shipping_class-versand-bearbeitung","8":"sales-flash-overlay","9":"woocommerce-text-align-center","10":"woocommerce-image-align-center","12":"first","13":"instock","14":"taxable","15":"shipping-taxable","16":"purchasable","17":"product-type-simple"},"exclude_global_add_ons":true,"addons":[{"name":"Zubeh\u00f6r","type":"checkbox","position":0,"required":false,"title_format":"hide","default":"","description_enable":true,"description":"","placeholder_enable":false,"placeholder":"","display":"select","restrictions_type":"any_text","adjust_price":false,"price":"","price_type":"flat_fee","restrictions":false,"min":"0","max":"0","options":[{"label":"2x Scharniere + 2x Montageplatten","price":"21","price_type":"quantity_based","image":0}]}],"yoast_head":"<!-- This site is optimized with the Yoast SEO Premium plugin v27.4 (Yoast SEO v27.4) - https:\/\/yoast.com\/product\/yoast-seo-premium-wordpress\/ -->\n<title>Hochstellmechanismus f\u00fcr Klappen\/ Horizontalt\u00fcren - Faktum Online Store<\/title>\n<meta name=\"robots\" content=\"index, follow, max-snippet:-1, max-image-preview:large, max-video-preview:-1\" \/>\n<link rel=\"canonical\" href=\"https:\/\/faktumonline.com\/de\/produkt\/hochstellmechanismus-fur-klappen-horizontalturen\/\" \/>\n<meta property=\"og:locale\" content=\"de_DE\" \/>\n<meta property=\"og:type\" content=\"article\" \/>\n<meta property=\"og:title\" content=\"Hochstellmechanismus f\u00fcr Klappen\/ Horizontalt\u00fcren\" \/>\n<meta property=\"og:description\" content=\"Dieser Hochstellmechanismus sorgt daf\u00fcr, dass Ihre Klappe oder horizontale T\u00fcr offenbleibt. Klammern sind enthalten. Pro Klappe oder horizontaler T\u00fcr wird normalerweise nur einer Hochstellmechanismus ben\u00f6tigt.  Scharniere sind separat erh\u00e4ltlich. Bitte markieren Sie in dem Feld unten, um Ihrem Warenkorb ein Paket mit 2x Scharnieren + 2x Montageplatten pro Hochstellmechanismus zu einem reduzierten Preis im Vergleich zur Einzelbestellung hinzuzuf\u00fcgen.\" \/>\n<meta property=\"og:url\" content=\"https:\/\/faktumonline.com\/de\/produkt\/hochstellmechanismus-fur-klappen-horizontalturen\/\" \/>\n<meta property=\"og:site_name\" content=\"Faktum Online Store\" \/>\n<meta property=\"article:modified_time\" content=\"2022-02-27T08:57:09+00:00\" \/>\n<meta property=\"og:image\" content=\"https:\/\/faktumonline.com\/wp-content\/uploads\/2020\/04\/Steglo\u0308st-stag-fo\u0308r-o\u0308verha\u0308ngd-lucka_besk.jpg\" \/>\n\t<meta property=\"og:image:width\" content=\"1758\" \/>\n\t<meta property=\"og:image:height\" content=\"1810\" \/>\n\t<meta property=\"og:image:type\" content=\"image\/jpeg\" \/>\n<meta name=\"twitter:card\" content=\"summary_large_image\" \/>\n<script type=\"application\/ld+json\" class=\"yoast-schema-graph\">{\"@context\":\"https:\\\/\\\/schema.org\",\"@graph\":[{\"@type\":\"WebPage\",\"@id\":\"https:\\\/\\\/faktumonline.com\\\/de\\\/produkt\\\/hochstellmechanismus-fur-klappen-horizontalturen\\\/\",\"url\":\"https:\\\/\\\/faktumonline.com\\\/de\\\/produkt\\\/hochstellmechanismus-fur-klappen-horizontalturen\\\/\",\"name\":\"Hochstellmechanismus f\u00fcr Klappen\\\/ Horizontalt\u00fcren - Faktum Online Store\",\"isPartOf\":{\"@id\":\"https:\\\/\\\/faktumonline.com\\\/da\\\/#website\"},\"primaryImageOfPage\":{\"@id\":\"https:\\\/\\\/faktumonline.com\\\/de\\\/produkt\\\/hochstellmechanismus-fur-klappen-horizontalturen\\\/#primaryimage\"},\"image\":{\"@id\":\"https:\\\/\\\/faktumonline.com\\\/de\\\/produkt\\\/hochstellmechanismus-fur-klappen-horizontalturen\\\/#primaryimage\"},\"thumbnailUrl\":\"https:\\\/\\\/faktumonline.com\\\/wp-content\\\/uploads\\\/2020\\\/04\\\/Steglo\u0308st-stag-fo\u0308r-o\u0308verha\u0308ngd-lucka_besk.jpg\",\"datePublished\":\"2020-04-18T20:03:48+00:00\",\"dateModified\":\"2022-02-27T08:57:09+00:00\",\"breadcrumb\":{\"@id\":\"https:\\\/\\\/faktumonline.com\\\/de\\\/produkt\\\/hochstellmechanismus-fur-klappen-horizontalturen\\\/#breadcrumb\"},\"inLanguage\":\"de\",\"potentialAction\":[{\"@type\":\"ReadAction\",\"target\":[\"https:\\\/\\\/faktumonline.com\\\/de\\\/produkt\\\/hochstellmechanismus-fur-klappen-horizontalturen\\\/\"]}]},{\"@type\":\"ImageObject\",\"inLanguage\":\"de\",\"@id\":\"https:\\\/\\\/faktumonline.com\\\/de\\\/produkt\\\/hochstellmechanismus-fur-klappen-horizontalturen\\\/#primaryimage\",\"url\":\"https:\\\/\\\/faktumonline.com\\\/wp-content\\\/uploads\\\/2020\\\/04\\\/Steglo\u0308st-stag-fo\u0308r-o\u0308verha\u0308ngd-lucka_besk.jpg\",\"contentUrl\":\"https:\\\/\\\/faktumonline.com\\\/wp-content\\\/uploads\\\/2020\\\/04\\\/Steglo\u0308st-stag-fo\u0308r-o\u0308verha\u0308ngd-lucka_besk.jpg\",\"width\":1758,\"height\":1810,\"caption\":\"Hebemechanismus \\\"Stay Lift\\\" f\u00fcr horizontale IKEA Faktum-T\u00fcr und -Klappen\"},{\"@type\":\"BreadcrumbList\",\"@id\":\"https:\\\/\\\/faktumonline.com\\\/de\\\/produkt\\\/hochstellmechanismus-fur-klappen-horizontalturen\\\/#breadcrumb\",\"itemListElement\":[{\"@type\":\"ListItem\",\"position\":1,\"name\":\"Hem\",\"item\":\"https:\\\/\\\/faktumonline.com\\\/de\\\/\"},{\"@type\":\"ListItem\",\"position\":2,\"name\":\"Webshop\",\"item\":\"https:\\\/\\\/faktumonline.com\\\/de\\\/webshop\\\/\"},{\"@type\":\"ListItem\",\"position\":3,\"name\":\"Hochstellmechanismus f\u00fcr Klappen\\\/ Horizontalt\u00fcren\"}]},{\"@type\":\"WebSite\",\"@id\":\"https:\\\/\\\/faktumonline.com\\\/da\\\/#website\",\"url\":\"https:\\\/\\\/faktumonline.com\\\/da\\\/\",\"name\":\"Faktum Online Store\",\"description\":\"Premium doors for IKEA kitchens\",\"potentialAction\":[{\"@type\":\"SearchAction\",\"target\":{\"@type\":\"EntryPoint\",\"urlTemplate\":\"https:\\\/\\\/faktumonline.com\\\/da\\\/?s={search_term_string}\"},\"query-input\":{\"@type\":\"PropertyValueSpecification\",\"valueRequired\":true,\"valueName\":\"search_term_string\"}}],\"inLanguage\":\"de\"}]}<\/script>\n<!-- \/ Yoast SEO Premium plugin. -->","yoast_head_json":{"title":"Hochstellmechanismus f\u00fcr Klappen\/ Horizontalt\u00fcren - Faktum Online Store","robots":{"index":"index","follow":"follow","max-snippet":"max-snippet:-1","max-image-preview":"max-image-preview:large","max-video-preview":"max-video-preview:-1"},"canonical":"https:\/\/faktumonline.com\/de\/produkt\/hochstellmechanismus-fur-klappen-horizontalturen\/","og_locale":"de_DE","og_type":"article","og_title":"Hochstellmechanismus f\u00fcr Klappen\/ Horizontalt\u00fcren","og_description":"Dieser Hochstellmechanismus sorgt daf\u00fcr, dass Ihre Klappe oder horizontale T\u00fcr offenbleibt. Klammern sind enthalten. Pro Klappe oder horizontaler T\u00fcr wird normalerweise nur einer Hochstellmechanismus ben\u00f6tigt.  Scharniere sind separat erh\u00e4ltlich. Bitte markieren Sie in dem Feld unten, um Ihrem Warenkorb ein Paket mit 2x Scharnieren + 2x Montageplatten pro Hochstellmechanismus zu einem reduzierten Preis im Vergleich zur Einzelbestellung hinzuzuf\u00fcgen.","og_url":"https:\/\/faktumonline.com\/de\/produkt\/hochstellmechanismus-fur-klappen-horizontalturen\/","og_site_name":"Faktum Online Store","article_modified_time":"2022-02-27T08:57:09+00:00","og_image":[{"width":1758,"height":1810,"url":"https:\/\/faktumonline.com\/wp-content\/uploads\/2020\/04\/Steglo\u0308st-stag-fo\u0308r-o\u0308verha\u0308ngd-lucka_besk.jpg","type":"image\/jpeg"}],"twitter_card":"summary_large_image","schema":{"@context":"https:\/\/schema.org","@graph":[{"@type":"WebPage","@id":"https:\/\/faktumonline.com\/de\/produkt\/hochstellmechanismus-fur-klappen-horizontalturen\/","url":"https:\/\/faktumonline.com\/de\/produkt\/hochstellmechanismus-fur-klappen-horizontalturen\/","name":"Hochstellmechanismus f\u00fcr Klappen\/ Horizontalt\u00fcren - Faktum Online Store","isPartOf":{"@id":"https:\/\/faktumonline.com\/da\/#website"},"primaryImageOfPage":{"@id":"https:\/\/faktumonline.com\/de\/produkt\/hochstellmechanismus-fur-klappen-horizontalturen\/#primaryimage"},"image":{"@id":"https:\/\/faktumonline.com\/de\/produkt\/hochstellmechanismus-fur-klappen-horizontalturen\/#primaryimage"},"thumbnailUrl":"https:\/\/faktumonline.com\/wp-content\/uploads\/2020\/04\/Steglo\u0308st-stag-fo\u0308r-o\u0308verha\u0308ngd-lucka_besk.jpg","datePublished":"2020-04-18T20:03:48+00:00","dateModified":"2022-02-27T08:57:09+00:00","breadcrumb":{"@id":"https:\/\/faktumonline.com\/de\/produkt\/hochstellmechanismus-fur-klappen-horizontalturen\/#breadcrumb"},"inLanguage":"de","potentialAction":[{"@type":"ReadAction","target":["https:\/\/faktumonline.com\/de\/produkt\/hochstellmechanismus-fur-klappen-horizontalturen\/"]}]},{"@type":"ImageObject","inLanguage":"de","@id":"https:\/\/faktumonline.com\/de\/produkt\/hochstellmechanismus-fur-klappen-horizontalturen\/#primaryimage","url":"https:\/\/faktumonline.com\/wp-content\/uploads\/2020\/04\/Steglo\u0308st-stag-fo\u0308r-o\u0308verha\u0308ngd-lucka_besk.jpg","contentUrl":"https:\/\/faktumonline.com\/wp-content\/uploads\/2020\/04\/Steglo\u0308st-stag-fo\u0308r-o\u0308verha\u0308ngd-lucka_besk.jpg","width":1758,"height":1810,"caption":"Hebemechanismus \"Stay Lift\" f\u00fcr horizontale IKEA Faktum-T\u00fcr und -Klappen"},{"@type":"BreadcrumbList","@id":"https:\/\/faktumonline.com\/de\/produkt\/hochstellmechanismus-fur-klappen-horizontalturen\/#breadcrumb","itemListElement":[{"@type":"ListItem","position":1,"name":"Hem","item":"https:\/\/faktumonline.com\/de\/"},{"@type":"ListItem","position":2,"name":"Webshop","item":"https:\/\/faktumonline.com\/de\/webshop\/"},{"@type":"ListItem","position":3,"name":"Hochstellmechanismus f\u00fcr Klappen\/ Horizontalt\u00fcren"}]},{"@type":"WebSite","@id":"https:\/\/faktumonline.com\/da\/#website","url":"https:\/\/faktumonline.com\/da\/","name":"Faktum Online Store","description":"Premium doors for IKEA kitchens","potentialAction":[{"@type":"SearchAction","target":{"@type":"EntryPoint","urlTemplate":"https:\/\/faktumonline.com\/da\/?s={search_term_string}"},"query-input":{"@type":"PropertyValueSpecification","valueRequired":true,"valueName":"search_term_string"}}],"inLanguage":"de"}]}},"_links":{"self":[{"href":"https:\/\/faktumonline.com\/de\/wp-json\/wp\/v2\/product\/68621","targetHints":{"allow":["GET"]}}],"collection":[{"href":"https:\/\/faktumonline.com\/de\/wp-json\/wp\/v2\/product"}],"about":[{"href":"https:\/\/faktumonline.com\/de\/wp-json\/wp\/v2\/types\/product"}],"version-history":[{"count":1,"href":"https:\/\/faktumonline.com\/de\/wp-json\/wp\/v2\/product\/68621\/revisions"}],"predecessor-version":[{"id":68623,"href":"https:\/\/faktumonline.com\/de\/wp-json\/wp\/v2\/product\/68621\/revisions\/68623"}],"wp:featuredmedia":[{"embeddable":true,"href":"https:\/\/faktumonline.com\/de\/wp-json\/wp\/v2\/media\/37551"}],"wp:attachment":[{"href":"https:\/\/faktumonline.com\/de\/wp-json\/wp\/v2\/media?parent=68621"}],"wp:term":[{"taxonomy":"product_brand","embeddable":true,"href":"https:\/\/faktumonline.com\/de\/wp-json\/wp\/v2\/product_brand?post=68621"},{"taxonomy":"product_cat","embeddable":true,"href":"https:\/\/faktumonline.com\/de\/wp-json\/wp\/v2\/product_cat?post=68621"},{"taxonomy":"product_tag","embeddable":true,"href":"https:\/\/faktumonline.com\/de\/wp-json\/wp\/v2\/product_tag?post=68621"}],"curies":[{"name":"wp","href":"https:\/\/api.w.org\/{rel}","templated":true}]}}